{"id":90848,"date":"2017-12-09T11:32:39","date_gmt":"2017-12-09T10:32:39","guid":{"rendered":"https:\/\/www.paneurouni.com\/en\/why-peu\/"},"modified":"2026-03-26T14:30:02","modified_gmt":"2026-03-26T13:30:02","slug":"why-peu","status":"publish","type":"page","link":"https:\/\/www.paneurouni.com\/en\/about-us\/study-offer\/why-peu\/","title":{"rendered":"Why PEU (10 reasons)"},"content":{"rendered":"\t\t<div data-elementor-type=\"wp-page\" data-elementor-id=\"90848\" class=\"elementor elementor-90848\" data-elementor-post-type=\"page\">\n\t\t\t\t<div class=\"elementor-element elementor-element-85ee0f8 e-flex e-con-boxed e-con e-parent\" data-id=\"85ee0f8\" data-element_type=\"container\" data-e-type=\"container\">\n\t\t\t\t\t<div class=\"e-con-inner\">\n\t\t\t\t<div class=\"elementor-element elementor-element-5d662c3d elementor-widget elementor-widget-text-editor\" data-id=\"5d662c3d\" data-element_type=\"widget\" data-e-type=\"widget\" data-widget_type=\"text-editor.default\">\n\t\t\t\t<div class=\"elementor-widget-container\">\n\t\t\t\t\t\t\t\t\t<ol>\n \t<li style=\"text-align: justify;\"><strong>High quality programs of studies in all 3 university cycles (bachelor&#8217;s, master\u00b4s and PhD.)<\/strong>. Opportunity to achieve a\u00a0professional\u00a0doctoral degree (PhD.) and to\u00a0undertake studies in a\u00a0total of 20 accredited programs at 5 different faculties, with 13 various specialisations. <strong>\u00a0<\/strong><\/li>\n \t<li style=\"text-align: justify;\"><strong>Practice-oriented education <\/strong>aiming at real projects in cooperation with clients, supervised by a\u00a0practically oriented team of university lecturers.<\/li>\n \t<li style=\"text-align: justify;\"><strong>Individualised approach <\/strong>towards its students, both in direct tuition and administration of studies. Tuition in <em>small study<\/em> and project groups.<strong>\u00a0<\/strong><\/li>\n \t<li style=\"text-align: justify;\"><strong>An up-to-date technical standard of equipment,<\/strong> comprising modern facilities and specialised laboratories in selected fields (Media Centre, Moot Court room, 3D IT laboratories)<\/li>\n \t<li style=\"text-align: justify;\"><strong>Strong strategic partnerships <\/strong>in delivering education and practical study experience, counting corporate partners such as <strong>IBM, Slovak Football Association, News and Media Holding, NARKS \u2013 National Association of Real Estate Agents, Asseco Central Europe<\/strong>, etc.<\/li>\n \t<li style=\"text-align: justify;\">A\u00a0constantly renewed innovation of softwares available for <strong>students \u2013 free subscriptions<\/strong>\u00a0to\u00a0<strong>Microsoft Office 365<\/strong>, professional\u00a0<strong>IBM software <\/strong>and access to the most prestigeous <strong>scientific online databases<\/strong>. For <strong>Law students<\/strong>\u00a0there is a\u00a0free subscription\u00a0to an automatised tool of legal information (<strong>ASPI<\/strong>).<\/li>\n \t<li style=\"text-align: justify;\">Opportunity to gain an international experience through Erasmus+ studies at one of more than <strong>60 partner universities within Europe<\/strong> and <strong>more than 20 partner universities outside the EU<\/strong>.<\/li>\n \t<li style=\"text-align: justify;\">Opportunity to obtain a\u00a0<strong>grant for special needs (social scholarship) and a\u00a0grant based on extraordinary study merit<\/strong>. The tuition fees may be paid in <strong>monthly or semester-based instalments<\/strong>.<\/li>\n \t<li style=\"text-align: justify;\"><strong>Cross-faculty studies <\/strong>\u2013 opportunity to\u00a0pursue studies parallelly at 2 different faculties at a\u00a0reduced tuition fee.<\/li>\n \t<li style=\"text-align: justify;\"><strong>Varied extra-curricular life, <\/strong>including discussion seminars, workshops, exhibitions, sports events, movie and cinema production presentations and student parties.<\/li>\n<\/ol>\n\t\t\t\t\t\t\t\t<\/div>\n\t\t\t\t<\/div>\n\t\t\t\t\t<\/div>\n\t\t\t\t<\/div>\n\t\t<div class=\"elementor-element elementor-element-4273125 e-flex e-con-boxed e-con e-parent\" data-id=\"4273125\" data-element_type=\"container\" data-e-type=\"container\">\n\t\t\t\t\t<div class=\"e-con-inner\">\n\t\t\t\t<div class=\"elementor-element elementor-element-c0532a5 dce_masking-none elementor-widget elementor-widget-image\" data-id=\"c0532a5\" data-element_type=\"widget\" data-e-type=\"widget\" data-widget_type=\"image.default\">\n\t\t\t\t<div class=\"elementor-widget-container\">\n\t\t\t\t\t\t\t\t\t\t\t\t\t\t\t<img fetchpriority=\"high\" decoding=\"async\" width=\"800\" height=\"533\" src=\"https:\/\/www.paneurouni.com\/en\/wp-content\/uploads\/2026\/02\/unnamed7-1024x682.jpg\" class=\"attachment-large size-large wp-image-90853\" alt=\"\" srcset=\"https:\/\/www.paneurouni.com\/en\/wp-content\/uploads\/2026\/02\/unnamed7-1024x682.jpg 1024w, https:\/\/www.paneurouni.com\/en\/wp-content\/uploads\/2026\/02\/unnamed7-300x200.jpg 300w, https:\/\/www.paneurouni.com\/en\/wp-content\/uploads\/2026\/02\/unnamed7-768x512.jpg 768w, https:\/\/www.paneurouni.com\/en\/wp-content\/uploads\/2026\/02\/unnamed7.jpg 1054w\" sizes=\"(max-width: 800px) 100vw, 800px\" \/>\t\t\t\t\t\t\t\t\t\t\t\t\t\t\t<\/div>\n\t\t\t\t<\/div>\n\t\t\t\t<div class=\"elementor-element elementor-element-9b65709 elementor-widget elementor-widget-text-editor\" data-id=\"9b65709\" data-element_type=\"widget\" data-e-type=\"widget\" data-widget_type=\"text-editor.default\">\n\t\t\t\t<div class=\"elementor-widget-container\">\n\t\t\t\t\t\t\t\t\t<p style=\"text-align: justify;\"><span style=\"font-size: 18pt;\"><strong>LIFE ON PEU<\/strong><\/span><\/p><p style=\"text-align: justify;\">Pan-European University is situated in two districts of Bratislava- in Petr\u017ealka and Ru\u017einov. The areas where these two buildings are located are very peaceful and are set in greenery for relation\u00a0or learning in nature. On hotter days you can go for an ice cream close to the lake with your classmates or just relax in the park in front of the campus. You can reach the city center within 15 minutes by public transport- it is so easy and quick.<\/p><p style=\"text-align: justify;\"><strong>Fuel your body<\/strong><\/p><p style=\"text-align: justify;\">It is important to us to keep our students in a good physical and mental shape. We offer students the opportunity to workout with their classmates. The university regularly organizes yoga classes, football games or a fitness day.<\/p><p style=\"text-align: justify;\"><strong>Party Time<\/strong><\/p><p style=\"text-align: justify;\">The academic year always starts and ends with a great party that you will never forget. Good music, contest or challenges and the best fun with your classmates. The university will feed you with snacks, no matter if your are a vegan or not, and a welcome drink too. We will guide you through the best bars and pubs in Bratislava.<\/p><p style=\"text-align: justify;\"><strong>Healthy Wednesdays\u00a0<\/strong><\/p><p style=\"text-align: justify;\">As well as your study results\u00a0it is important to reefed your energy and vitamins to your body.\u00a0Every first Wednesday in the month you can find in both campuses a table with fresh fruit, which is fully available to you. Get your piece of fruit together with your classmates and charge yourself with the necessary vitamins.<\/p><p style=\"text-align: justify;\"><strong>Free Equipment<\/strong><\/p><p style=\"text-align: justify;\">You do not have to buy an expensive technology to satisfy your needs in study. You can borrow the equipment that will help you in your academic development. Additionally, you will get a Microsoft Office 365 license, IBM software and access to the most prominent Web of Science, ProQuest, Ebsco, and so on.<\/p><p style=\"text-align: justify;\">As a student, you will\u00a0have the access to the modern university system, so called \u201cUIS\u201d. Every step you make you will be guided with a free WIFI and the print service free of charge.<\/p>\t\t\t\t\t\t\t\t<\/div>\n\t\t\t\t<\/div>\n\t\t\t\t<div class=\"elementor-element elementor-element-14a668f gallery-spacing-custom elementor-widget elementor-widget-image-gallery\" data-id=\"14a668f\" data-element_type=\"widget\" data-e-type=\"widget\" data-widget_type=\"image-gallery.default\">\n\t\t\t\t<div class=\"elementor-widget-container\">\n\t\t\t\t\t\t\t<div class=\"elementor-image-gallery\">\n\t\t\t<div id='gallery-1' class='gallery galleryid-90848 gallery-columns-3 gallery-size-medium'><figure class='gallery-item'>\n\t\t\t<div class='gallery-icon landscape'>\n\t\t\t\t<a data-elementor-open-lightbox=\"yes\" data-elementor-lightbox-slideshow=\"14a668f\" data-elementor-lightbox-title=\"jan_0081\" data-e-action-hash=\"#elementor-action%3Aaction%3Dlightbox%26settings%3DeyJpZCI6OTA4NDksInVybCI6Imh0dHBzOlwvXC93d3cucGFuZXVyb3VuaS5jb21cL2VuXC93cC1jb250ZW50XC91cGxvYWRzXC8yMDI2XC8wMlwvamFuXzAwODEtc2NhbGVkLmpwZyIsInNsaWRlc2hvdyI6IjE0YTY2OGYifQ%3D%3D\" href='https:\/\/www.paneurouni.com\/en\/wp-content\/uploads\/2026\/02\/jan_0081-scaled.jpg'><img decoding=\"async\" width=\"300\" height=\"200\" src=\"https:\/\/www.paneurouni.com\/en\/wp-content\/uploads\/2026\/02\/jan_0081-300x200.jpg\" class=\"attachment-medium size-medium\" alt=\"\" srcset=\"https:\/\/www.paneurouni.com\/en\/wp-content\/uploads\/2026\/02\/jan_0081-300x200.jpg 300w, https:\/\/www.paneurouni.com\/en\/wp-content\/uploads\/2026\/02\/jan_0081-1024x683.jpg 1024w, https:\/\/www.paneurouni.com\/en\/wp-content\/uploads\/2026\/02\/jan_0081-768x512.jpg 768w, https:\/\/www.paneurouni.com\/en\/wp-content\/uploads\/2026\/02\/jan_0081-1536x1024.jpg 1536w, https:\/\/www.paneurouni.com\/en\/wp-content\/uploads\/2026\/02\/jan_0081-2048x1365.jpg 2048w\" sizes=\"(max-width: 300px) 100vw, 300px\" \/><\/a>\n\t\t\t<\/div><\/figure><figure class='gallery-item'>\n\t\t\t<div class='gallery-icon landscape'>\n\t\t\t\t<a data-elementor-open-lightbox=\"yes\" data-elementor-lightbox-slideshow=\"14a668f\" data-elementor-lightbox-title=\"foto_studenti\" data-e-action-hash=\"#elementor-action%3Aaction%3Dlightbox%26settings%3DeyJpZCI6OTA4NTAsInVybCI6Imh0dHBzOlwvXC93d3cucGFuZXVyb3VuaS5jb21cL2VuXC93cC1jb250ZW50XC91cGxvYWRzXC8yMDI2XC8wMlwvZm90b19zdHVkZW50aS1zY2FsZWQuanBnIiwic2xpZGVzaG93IjoiMTRhNjY4ZiJ9\" href='https:\/\/www.paneurouni.com\/en\/wp-content\/uploads\/2026\/02\/foto_studenti-scaled.jpg'><img decoding=\"async\" width=\"300\" height=\"200\" src=\"https:\/\/www.paneurouni.com\/en\/wp-content\/uploads\/2026\/02\/foto_studenti-300x200.jpg\" class=\"attachment-medium size-medium\" alt=\"\" srcset=\"https:\/\/www.paneurouni.com\/en\/wp-content\/uploads\/2026\/02\/foto_studenti-300x200.jpg 300w, https:\/\/www.paneurouni.com\/en\/wp-content\/uploads\/2026\/02\/foto_studenti-1024x683.jpg 1024w, https:\/\/www.paneurouni.com\/en\/wp-content\/uploads\/2026\/02\/foto_studenti-768x512.jpg 768w, https:\/\/www.paneurouni.com\/en\/wp-content\/uploads\/2026\/02\/foto_studenti-1536x1024.jpg 1536w, https:\/\/www.paneurouni.com\/en\/wp-content\/uploads\/2026\/02\/foto_studenti-2048x1365.jpg 2048w\" sizes=\"(max-width: 300px) 100vw, 300px\" \/><\/a>\n\t\t\t<\/div><\/figure><figure class='gallery-item'>\n\t\t\t<div class='gallery-icon landscape'>\n\t\t\t\t<a data-elementor-open-lightbox=\"yes\" data-elementor-lightbox-slideshow=\"14a668f\" data-elementor-lightbox-title=\"47115877_2224671147566459_3573652754389794816_o_1\" data-e-action-hash=\"#elementor-action%3Aaction%3Dlightbox%26settings%3DeyJpZCI6NDg2NTQsInVybCI6Imh0dHBzOlwvXC93d3cucGFuZXVyb3VuaS5jb21cL2VuXC93cC1jb250ZW50XC91cGxvYWRzXC8yMDI0XC8wMVwvNDcxMTU4NzdfMjIyNDY3MTE0NzU2NjQ1OV8zNTczNjUyNzU0Mzg5Nzk0ODE2X29fMS5qcGciLCJzbGlkZXNob3ciOiIxNGE2NjhmIn0%3D\" href='https:\/\/www.paneurouni.com\/en\/wp-content\/uploads\/2024\/01\/47115877_2224671147566459_3573652754389794816_o_1.jpg'><img loading=\"lazy\" decoding=\"async\" width=\"300\" height=\"200\" src=\"https:\/\/www.paneurouni.com\/en\/wp-content\/uploads\/2024\/01\/47115877_2224671147566459_3573652754389794816_o_1-300x200.jpg\" class=\"attachment-medium size-medium\" alt=\"\" srcset=\"https:\/\/www.paneurouni.com\/en\/wp-content\/uploads\/2024\/01\/47115877_2224671147566459_3573652754389794816_o_1-300x200.jpg 300w, https:\/\/www.paneurouni.com\/en\/wp-content\/uploads\/2024\/01\/47115877_2224671147566459_3573652754389794816_o_1-1024x683.jpg 1024w, https:\/\/www.paneurouni.com\/en\/wp-content\/uploads\/2024\/01\/47115877_2224671147566459_3573652754389794816_o_1-768x512.jpg 768w, https:\/\/www.paneurouni.com\/en\/wp-content\/uploads\/2024\/01\/47115877_2224671147566459_3573652754389794816_o_1-1536x1024.jpg 1536w, https:\/\/www.paneurouni.com\/en\/wp-content\/uploads\/2024\/01\/47115877_2224671147566459_3573652754389794816_o_1.jpg 2048w\" sizes=\"(max-width: 300px) 100vw, 300px\" \/><\/a>\n\t\t\t<\/div><\/figure>\n\t\t<\/div>\n\t\t<\/div>\n\t\t\t\t\t\t<\/div>\n\t\t\t\t<\/div>\n\t\t\t\t\t<\/div>\n\t\t\t\t<\/div>\n\t\t\t\t<\/div>\n\t\t","protected":false},"excerpt":{"rendered":"<p>High quality programs of studies in all 3 university cycles (bachelor&#8217;s, master\u00b4s and PhD.). Opportunity to achieve a\u00a0professional\u00a0doctoral degree (PhD.) and to\u00a0undertake studies in a\u00a0total of 20 accredited programs at 5 different faculties, with 13 various specialisations. \u00a0 Practice-oriented education aiming at real projects in cooperation with clients, supervised by a\u00a0practically oriented team of university [&hellip;]<\/p>\n","protected":false},"author":8,"featured_media":90853,"parent":90937,"menu_order":0,"comment_status":"closed","ping_status":"open","template":"","meta":{"_acf_changed":false,"inline_featured_image":false,"footnotes":""},"tags":[],"typ-stranky":[159],"class_list":["post-90848","page","type-page","status-publish","has-post-thumbnail","hentry","typ-stranky-so-sidebarom"],"acf":[],"yoast_head":"<!-- This site is optimized with the Yoast SEO plugin v27.3 - https:\/\/yoast.com\/product\/yoast-seo-wordpress\/ -->\n<title>Why PEU (10 reasons) | PEU<\/title>\n<meta name=\"robots\" content=\"index, follow, max-snippet:-1, max-image-preview:large, max-video-preview:-1\" \/>\n<link rel=\"canonical\" href=\"https:\/\/www.paneurouni.com\/en\/about-us\/study-offer\/why-peu\/\" \/>\n<meta property=\"og:locale\" content=\"en_US\" \/>\n<meta property=\"og:type\" content=\"article\" \/>\n<meta property=\"og:title\" content=\"Why PEU (10 reasons) | PEU\" \/>\n<meta property=\"og:description\" content=\"High quality programs of studies in all 3 university cycles (bachelor&#8217;s, master\u00b4s and PhD.). Opportunity to achieve a\u00a0professional\u00a0doctoral degree (PhD.) and to\u00a0undertake studies in a\u00a0total of 20 accredited programs at 5 different faculties, with 13 various specialisations. \u00a0 Practice-oriented education aiming at real projects in cooperation with clients, supervised by a\u00a0practically oriented team of university [&hellip;]\" \/>\n<meta property=\"og:url\" content=\"https:\/\/www.paneurouni.com\/en\/about-us\/study-offer\/why-peu\/\" \/>\n<meta property=\"og:site_name\" content=\"PEU\" \/>\n<meta property=\"article:publisher\" content=\"https:\/\/www.facebook.com\/PaneuropskaVS\/\" \/>\n<meta property=\"article:modified_time\" content=\"2026-03-26T13:30:02+00:00\" \/>\n<meta property=\"og:image\" content=\"https:\/\/www.paneurouni.com\/en\/wp-content\/uploads\/2026\/02\/unnamed7.jpg\" \/>\n\t<meta property=\"og:image:width\" content=\"1054\" \/>\n\t<meta property=\"og:image:height\" content=\"702\" \/>\n\t<meta property=\"og:image:type\" content=\"image\/jpeg\" \/>\n<meta name=\"twitter:card\" content=\"summary_large_image\" \/>\n<meta name=\"twitter:site\" content=\"@paneuropska_vs\" \/>\n<meta name=\"twitter:label1\" content=\"Est. reading time\" \/>\n\t<meta name=\"twitter:data1\" content=\"5 minutes\" \/>\n<!-- \/ Yoast SEO plugin. -->","yoast_head_json":{"title":"Why PEU (10 reasons) | PEU","robots":{"index":"index","follow":"follow","max-snippet":"max-snippet:-1","max-image-preview":"max-image-preview:large","max-video-preview":"max-video-preview:-1"},"canonical":"https:\/\/www.paneurouni.com\/en\/about-us\/study-offer\/why-peu\/","og_locale":"en_US","og_type":"article","og_title":"Why PEU (10 reasons) | PEU","og_description":"High quality programs of studies in all 3 university cycles (bachelor&#8217;s, master\u00b4s and PhD.). Opportunity to achieve a\u00a0professional\u00a0doctoral degree (PhD.) and to\u00a0undertake studies in a\u00a0total of 20 accredited programs at 5 different faculties, with 13 various specialisations. \u00a0 Practice-oriented education aiming at real projects in cooperation with clients, supervised by a\u00a0practically oriented team of university [&hellip;]","og_url":"https:\/\/www.paneurouni.com\/en\/about-us\/study-offer\/why-peu\/","og_site_name":"PEU","article_publisher":"https:\/\/www.facebook.com\/PaneuropskaVS\/","article_modified_time":"2026-03-26T13:30:02+00:00","og_image":[{"width":1054,"height":702,"url":"https:\/\/www.paneurouni.com\/en\/wp-content\/uploads\/2026\/02\/unnamed7.jpg","type":"image\/jpeg"}],"twitter_card":"summary_large_image","twitter_site":"@paneuropska_vs","twitter_misc":{"Est. reading time":"5 minutes"},"schema":{"@context":"https:\/\/schema.org","@graph":[{"@type":"WebPage","@id":"https:\/\/www.paneurouni.com\/en\/about-us\/study-offer\/why-peu\/","url":"https:\/\/www.paneurouni.com\/en\/about-us\/study-offer\/why-peu\/","name":"Why PEU (10 reasons) | PEU","isPartOf":{"@id":"https:\/\/www.paneurouni.com\/en\/#website"},"primaryImageOfPage":{"@id":"https:\/\/www.paneurouni.com\/en\/about-us\/study-offer\/why-peu\/#primaryimage"},"image":{"@id":"https:\/\/www.paneurouni.com\/en\/about-us\/study-offer\/why-peu\/#primaryimage"},"thumbnailUrl":"https:\/\/www.paneurouni.com\/en\/wp-content\/uploads\/2026\/02\/unnamed7.jpg","datePublished":"2017-12-09T10:32:39+00:00","dateModified":"2026-03-26T13:30:02+00:00","breadcrumb":{"@id":"https:\/\/www.paneurouni.com\/en\/about-us\/study-offer\/why-peu\/#breadcrumb"},"inLanguage":"en-US","potentialAction":[{"@type":"ReadAction","target":["https:\/\/www.paneurouni.com\/en\/about-us\/study-offer\/why-peu\/"]}]},{"@type":"ImageObject","inLanguage":"en-US","@id":"https:\/\/www.paneurouni.com\/en\/about-us\/study-offer\/why-peu\/#primaryimage","url":"https:\/\/www.paneurouni.com\/en\/wp-content\/uploads\/2026\/02\/unnamed7.jpg","contentUrl":"https:\/\/www.paneurouni.com\/en\/wp-content\/uploads\/2026\/02\/unnamed7.jpg","width":1054,"height":702},{"@type":"BreadcrumbList","@id":"https:\/\/www.paneurouni.com\/en\/about-us\/study-offer\/why-peu\/#breadcrumb","itemListElement":[{"@type":"ListItem","position":1,"name":"Domovsk\u00e1 str\u00e1nka","item":"https:\/\/www.paneurouni.com\/en\/"},{"@type":"ListItem","position":2,"name":"About Us","item":"https:\/\/www.paneurouni.com\/en\/about-us__trashed\/about-us\/"},{"@type":"ListItem","position":3,"name":"Study offer","item":"https:\/\/www.paneurouni.com\/en\/about-us\/study-offer\/"},{"@type":"ListItem","position":4,"name":"Why PEU (10 reasons)"}]},{"@type":"WebSite","@id":"https:\/\/www.paneurouni.com\/en\/#website","url":"https:\/\/www.paneurouni.com\/en\/","name":"Paneur\u00f3pska V\u0160","description":"Paneur\u00f3pska Vysok\u00e1 \u0160kola v Bratislave","publisher":{"@id":"https:\/\/www.paneurouni.com\/en\/#organization"},"potentialAction":[{"@type":"SearchAction","target":{"@type":"EntryPoint","urlTemplate":"https:\/\/www.paneurouni.com\/en\/?s={search_term_string}"},"query-input":{"@type":"PropertyValueSpecification","valueRequired":true,"valueName":"search_term_string"}}],"inLanguage":"en-US"},{"@type":"Organization","@id":"https:\/\/www.paneurouni.com\/en\/#organization","name":"Paneur\u00f3pska V\u0160","url":"https:\/\/www.paneurouni.com\/en\/","logo":{"@type":"ImageObject","inLanguage":"en-US","@id":"https:\/\/www.paneurouni.com\/en\/#\/schema\/logo\/image\/","url":"https:\/\/www.paneurouni.com\/en\/wp-content\/uploads\/2023\/03\/pevs-logo-1.svg","contentUrl":"https:\/\/www.paneurouni.com\/en\/wp-content\/uploads\/2023\/03\/pevs-logo-1.svg","width":293,"height":70,"caption":"Paneur\u00f3pska V\u0160"},"image":{"@id":"https:\/\/www.paneurouni.com\/en\/#\/schema\/logo\/image\/"},"sameAs":["https:\/\/www.facebook.com\/PaneuropskaVS\/","https:\/\/x.com\/paneuropska_vs","https:\/\/www.instagram.com\/paneuropska_vysoka_skola\/","https:\/\/www.youtube.com\/channel\/UCc8tUvmjlxAIYtplmv-G2MQ"]}]}},"_links":{"self":[{"href":"https:\/\/www.paneurouni.com\/en\/wp-json\/wp\/v2\/pages\/90848","targetHints":{"allow":["GET"]}}],"collection":[{"href":"https:\/\/www.paneurouni.com\/en\/wp-json\/wp\/v2\/pages"}],"about":[{"href":"https:\/\/www.paneurouni.com\/en\/wp-json\/wp\/v2\/types\/page"}],"author":[{"embeddable":true,"href":"https:\/\/www.paneurouni.com\/en\/wp-json\/wp\/v2\/users\/8"}],"replies":[{"embeddable":true,"href":"https:\/\/www.paneurouni.com\/en\/wp-json\/wp\/v2\/comments?post=90848"}],"version-history":[{"count":3,"href":"https:\/\/www.paneurouni.com\/en\/wp-json\/wp\/v2\/pages\/90848\/revisions"}],"predecessor-version":[{"id":92377,"href":"https:\/\/www.paneurouni.com\/en\/wp-json\/wp\/v2\/pages\/90848\/revisions\/92377"}],"up":[{"embeddable":true,"href":"https:\/\/www.paneurouni.com\/en\/wp-json\/wp\/v2\/pages\/90937"}],"wp:featuredmedia":[{"embeddable":true,"href":"https:\/\/www.paneurouni.com\/en\/wp-json\/wp\/v2\/media\/90853"}],"wp:attachment":[{"href":"https:\/\/www.paneurouni.com\/en\/wp-json\/wp\/v2\/media?parent=90848"}],"wp:term":[{"taxonomy":"post_tag","embeddable":true,"href":"https:\/\/www.paneurouni.com\/en\/wp-json\/wp\/v2\/tags?post=90848"},{"taxonomy":"typ-stranky","embeddable":true,"href":"https:\/\/www.paneurouni.com\/en\/wp-json\/wp\/v2\/typ-stranky?post=90848"}],"curies":[{"name":"wp","href":"https:\/\/api.w.org\/{rel}","templated":true}]}}