{"id":90860,"date":"2017-07-10T10:33:43","date_gmt":"2017-07-10T08:33:43","guid":{"rendered":"https:\/\/www.paneurouni.com\/en\/information\/"},"modified":"2026-02-12T10:55:20","modified_gmt":"2026-02-12T09:55:20","slug":"information","status":"publish","type":"page","link":"https:\/\/www.paneurouni.com\/en\/about-us\/information\/","title":{"rendered":"General Introduction"},"content":{"rendered":"<p style=\"text-align: justify;\"><b><img decoding=\"async\" class=\"wp-image-867 alignleft\" src=\"https:\/\/www.paneurouni.com\/en\/wp-content\/uploads\/2026\/02\/IMG_7341-scaled.jpg\" width=\"225\" height=\"150\" \/><\/b><strong>Pan-European University (PEU)<\/strong> is a\u00a0private higher education institution, offering university education at all 3 cycles of studies in 20 accredited programs of studies at its 5 faculties. <strong>Since its founding in 2004 more than 12.000 students have graduated from the studies at PEU.<\/strong> A\u00a0wide offer of study programs, modern and technologically well-equipped premises as well as the inclusion of high class academics into its programs are just a\u00a0few characteristics the university is likely to offer to its students to equip them with a practically oriented education as to create successful professionals\u00a0into the entry of the labour market. Each of the five faculties delivers modern ways of tuition, including individualised approach, attractive specialisations and professional training in the form of work placements. All the above mentioned aim to reach the university\u00b4s primary goal which is to become a\u00a0leading centre of modernity in higher education. We are committed to be your ideal choice for a\u00a0good start into your successful career life.<\/p>\n<p style=\"text-align: justify;\">PEU consists of 5 faculties which were established gradually in reaction to the needs of the higher education market, in the chronological order:<strong> Faculty of Law (2004), Faculty of Economic and Entrepreneurship (2005), Faculty of Media (2007), Faculty of Informatics (2009) and Faculty of Psychology (2011)<\/strong>. As the only private higher education institution in Slovakia we are entitled to offer PhD. studies and at the same time qualified candidates may aim for a\u00a0professional doctorate, habilitation (associate professorship) and inauguration (full professorship) proceedings.<\/p>\n<p style=\"text-align: justify;\">As a\u00a0member of the commercial holding <strong>Prosperita, <\/strong>an investment group with more than 20-year business tradition, we are part of a\u00a0portfolio of one of the leading family business corporations of the Czech Republic. The membership serves as a\u00a0precondition for financial and organisational stability and constitutes a\u00a0platform\u00a0that is part of the international investment and capital markets.<\/p>\n<p style=\"text-align: justify;\"><strong>Legal foundations<\/strong><\/p>\n<p style=\"text-align: justify;\">As a\u00a0non-profit organisation the founder of the university created PEU under the name \u201eBratislava University of Law\u201c through the award of the Decree of the Government of the Slovak Republic, No. 725\/2004 Coll., issued on the 14th July 2004.<\/p>\n<p style=\"text-align: justify;\">The name changed to the current \u201ePan-European University\u201c in 2010 by the Decree of the Government of the Slovak Republic, No. 411\/2010 Coll. The official acronym of the university is PEU (Paneur\u00f3pska vysok\u00e1 \u0161kola \/ PEV\u0160 in the Slovak language).<\/p>\n<p style=\"text-align: justify;\">\n<p style=\"text-align: justify;\">Find more about Pan-European University in a newsletter. Click here:<\/p>\n<p style=\"text-align: justify;\"><a href=\"https:\/\/www.paneurouni.com\/en\/wp-content\/uploads\/2017\/07\/pan_european_web.pdf\"><img fetchpriority=\"high\" decoding=\"async\" class=\"aligncenter wp-image-20410 size-full\" src=\"https:\/\/www.paneurouni.com\/en\/wp-content\/uploads\/2026\/02\/cover-e1549027915732.png\" alt=\"Find out more about Pan-European University\" width=\"400\" height=\"234\" \/><\/a><\/p>\n","protected":false},"excerpt":{"rendered":"<p>Pan-European University (PEU) is a\u00a0private higher education institution, offering university education at all 3 cycles of studies in 20 accredited programs of studies at its 5 faculties. Since its founding in 2004 more than 12.000 students have graduated from the studies at PEU. A\u00a0wide offer of study programs, modern and technologically well-equipped premises as well [&hellip;]<\/p>\n","protected":false},"author":8,"featured_media":90862,"parent":90984,"menu_order":2,"comment_status":"closed","ping_status":"open","template":"","meta":{"_acf_changed":false,"inline_featured_image":false,"footnotes":""},"tags":[],"typ-stranky":[159],"class_list":["post-90860","page","type-page","status-publish","has-post-thumbnail","hentry","typ-stranky-so-sidebarom"],"acf":[],"yoast_head":"<!-- This site is optimized with the Yoast SEO plugin v27.3 - https:\/\/yoast.com\/product\/yoast-seo-wordpress\/ -->\n<title>General Introduction | PEU<\/title>\n<meta name=\"robots\" content=\"index, follow, max-snippet:-1, max-image-preview:large, max-video-preview:-1\" \/>\n<link rel=\"canonical\" href=\"https:\/\/www.paneurouni.com\/en\/about-us__trashed\/about-us\/information\/\" \/>\n<meta property=\"og:locale\" content=\"en_US\" \/>\n<meta property=\"og:type\" content=\"article\" \/>\n<meta property=\"og:title\" content=\"General Introduction | PEU\" \/>\n<meta property=\"og:description\" content=\"Pan-European University (PEU) is a\u00a0private higher education institution, offering university education at all 3 cycles of studies in 20 accredited programs of studies at its 5 faculties. Since its founding in 2004 more than 12.000 students have graduated from the studies at PEU. A\u00a0wide offer of study programs, modern and technologically well-equipped premises as well [&hellip;]\" \/>\n<meta property=\"og:url\" content=\"https:\/\/www.paneurouni.com\/en\/about-us__trashed\/about-us\/information\/\" \/>\n<meta property=\"og:site_name\" content=\"PEU\" \/>\n<meta property=\"article:publisher\" content=\"https:\/\/www.facebook.com\/PaneuropskaVS\/\" \/>\n<meta property=\"article:modified_time\" content=\"2026-02-12T09:55:20+00:00\" \/>\n<meta property=\"og:image\" content=\"https:\/\/www.paneurouni.com\/en\/wp-content\/uploads\/2026\/02\/cover-e1549027915732.png\" \/>\n\t<meta property=\"og:image:width\" content=\"400\" \/>\n\t<meta property=\"og:image:height\" content=\"234\" \/>\n\t<meta property=\"og:image:type\" content=\"image\/png\" \/>\n<meta name=\"twitter:card\" content=\"summary_large_image\" \/>\n<meta name=\"twitter:site\" content=\"@paneuropska_vs\" \/>\n<meta name=\"twitter:label1\" content=\"Est. reading time\" \/>\n\t<meta name=\"twitter:data1\" content=\"2 minutes\" \/>\n<!-- \/ Yoast SEO plugin. -->","yoast_head_json":{"title":"General Introduction | PEU","robots":{"index":"index","follow":"follow","max-snippet":"max-snippet:-1","max-image-preview":"max-image-preview:large","max-video-preview":"max-video-preview:-1"},"canonical":"https:\/\/www.paneurouni.com\/en\/about-us__trashed\/about-us\/information\/","og_locale":"en_US","og_type":"article","og_title":"General Introduction | PEU","og_description":"Pan-European University (PEU) is a\u00a0private higher education institution, offering university education at all 3 cycles of studies in 20 accredited programs of studies at its 5 faculties. Since its founding in 2004 more than 12.000 students have graduated from the studies at PEU. A\u00a0wide offer of study programs, modern and technologically well-equipped premises as well [&hellip;]","og_url":"https:\/\/www.paneurouni.com\/en\/about-us__trashed\/about-us\/information\/","og_site_name":"PEU","article_publisher":"https:\/\/www.facebook.com\/PaneuropskaVS\/","article_modified_time":"2026-02-12T09:55:20+00:00","og_image":[{"width":400,"height":234,"url":"https:\/\/www.paneurouni.com\/en\/wp-content\/uploads\/2026\/02\/cover-e1549027915732.png","type":"image\/png"}],"twitter_card":"summary_large_image","twitter_site":"@paneuropska_vs","twitter_misc":{"Est. reading time":"2 minutes"},"schema":{"@context":"https:\/\/schema.org","@graph":[{"@type":"WebPage","@id":"https:\/\/www.paneurouni.com\/en\/about-us__trashed\/about-us\/information\/","url":"https:\/\/www.paneurouni.com\/en\/about-us__trashed\/about-us\/information\/","name":"General Introduction | PEU","isPartOf":{"@id":"https:\/\/www.paneurouni.com\/en\/#website"},"primaryImageOfPage":{"@id":"https:\/\/www.paneurouni.com\/en\/about-us__trashed\/about-us\/information\/#primaryimage"},"image":{"@id":"https:\/\/www.paneurouni.com\/en\/about-us__trashed\/about-us\/information\/#primaryimage"},"thumbnailUrl":"https:\/\/www.paneurouni.com\/en\/wp-content\/uploads\/2026\/02\/cover-e1549027915732.png","datePublished":"2017-07-10T08:33:43+00:00","dateModified":"2026-02-12T09:55:20+00:00","breadcrumb":{"@id":"https:\/\/www.paneurouni.com\/en\/about-us__trashed\/about-us\/information\/#breadcrumb"},"inLanguage":"en-US","potentialAction":[{"@type":"ReadAction","target":["https:\/\/www.paneurouni.com\/en\/about-us__trashed\/about-us\/information\/"]}]},{"@type":"ImageObject","inLanguage":"en-US","@id":"https:\/\/www.paneurouni.com\/en\/about-us__trashed\/about-us\/information\/#primaryimage","url":"https:\/\/www.paneurouni.com\/en\/wp-content\/uploads\/2026\/02\/cover-e1549027915732.png","contentUrl":"https:\/\/www.paneurouni.com\/en\/wp-content\/uploads\/2026\/02\/cover-e1549027915732.png","width":400,"height":234},{"@type":"BreadcrumbList","@id":"https:\/\/www.paneurouni.com\/en\/about-us__trashed\/about-us\/information\/#breadcrumb","itemListElement":[{"@type":"ListItem","position":1,"name":"Domovsk\u00e1 str\u00e1nka","item":"https:\/\/www.paneurouni.com\/en\/"},{"@type":"ListItem","position":2,"name":"About Us","item":"https:\/\/www.paneurouni.com\/en\/about-us__trashed\/about-us\/"},{"@type":"ListItem","position":3,"name":"General Introduction"}]},{"@type":"WebSite","@id":"https:\/\/www.paneurouni.com\/en\/#website","url":"https:\/\/www.paneurouni.com\/en\/","name":"Paneur\u00f3pska V\u0160","description":"Paneur\u00f3pska Vysok\u00e1 \u0160kola v Bratislave","publisher":{"@id":"https:\/\/www.paneurouni.com\/en\/#organization"},"potentialAction":[{"@type":"SearchAction","target":{"@type":"EntryPoint","urlTemplate":"https:\/\/www.paneurouni.com\/en\/?s={search_term_string}"},"query-input":{"@type":"PropertyValueSpecification","valueRequired":true,"valueName":"search_term_string"}}],"inLanguage":"en-US"},{"@type":"Organization","@id":"https:\/\/www.paneurouni.com\/en\/#organization","name":"Paneur\u00f3pska V\u0160","url":"https:\/\/www.paneurouni.com\/en\/","logo":{"@type":"ImageObject","inLanguage":"en-US","@id":"https:\/\/www.paneurouni.com\/en\/#\/schema\/logo\/image\/","url":"https:\/\/www.paneurouni.com\/en\/wp-content\/uploads\/2023\/03\/pevs-logo-1.svg","contentUrl":"https:\/\/www.paneurouni.com\/en\/wp-content\/uploads\/2023\/03\/pevs-logo-1.svg","width":293,"height":70,"caption":"Paneur\u00f3pska V\u0160"},"image":{"@id":"https:\/\/www.paneurouni.com\/en\/#\/schema\/logo\/image\/"},"sameAs":["https:\/\/www.facebook.com\/PaneuropskaVS\/","https:\/\/x.com\/paneuropska_vs","https:\/\/www.instagram.com\/paneuropska_vysoka_skola\/","https:\/\/www.youtube.com\/channel\/UCc8tUvmjlxAIYtplmv-G2MQ"]}]}},"_links":{"self":[{"href":"https:\/\/www.paneurouni.com\/en\/wp-json\/wp\/v2\/pages\/90860","targetHints":{"allow":["GET"]}}],"collection":[{"href":"https:\/\/www.paneurouni.com\/en\/wp-json\/wp\/v2\/pages"}],"about":[{"href":"https:\/\/www.paneurouni.com\/en\/wp-json\/wp\/v2\/types\/page"}],"author":[{"embeddable":true,"href":"https:\/\/www.paneurouni.com\/en\/wp-json\/wp\/v2\/users\/8"}],"replies":[{"embeddable":true,"href":"https:\/\/www.paneurouni.com\/en\/wp-json\/wp\/v2\/comments?post=90860"}],"version-history":[{"count":1,"href":"https:\/\/www.paneurouni.com\/en\/wp-json\/wp\/v2\/pages\/90860\/revisions"}],"predecessor-version":[{"id":90863,"href":"https:\/\/www.paneurouni.com\/en\/wp-json\/wp\/v2\/pages\/90860\/revisions\/90863"}],"up":[{"embeddable":true,"href":"https:\/\/www.paneurouni.com\/en\/wp-json\/wp\/v2\/pages\/90984"}],"wp:featuredmedia":[{"embeddable":true,"href":"https:\/\/www.paneurouni.com\/en\/wp-json\/wp\/v2\/media\/90862"}],"wp:attachment":[{"href":"https:\/\/www.paneurouni.com\/en\/wp-json\/wp\/v2\/media?parent=90860"}],"wp:term":[{"taxonomy":"post_tag","embeddable":true,"href":"https:\/\/www.paneurouni.com\/en\/wp-json\/wp\/v2\/tags?post=90860"},{"taxonomy":"typ-stranky","embeddable":true,"href":"https:\/\/www.paneurouni.com\/en\/wp-json\/wp\/v2\/typ-stranky?post=90860"}],"curies":[{"name":"wp","href":"https:\/\/api.w.org\/{rel}","templated":true}]}}