{"id":90870,"date":"2017-07-10T12:25:30","date_gmt":"2017-07-10T10:25:30","guid":{"rendered":"https:\/\/www.paneurouni.com\/en\/the-city\/"},"modified":"2026-05-13T15:55:30","modified_gmt":"2026-05-13T13:55:30","slug":"the-city","status":"publish","type":"page","link":"https:\/\/www.paneurouni.com\/en\/about-us\/useful-information\/the-city\/","title":{"rendered":"The City"},"content":{"rendered":"\t\t<div data-elementor-type=\"wp-page\" data-elementor-id=\"90870\" class=\"elementor elementor-90870\" data-elementor-post-type=\"page\">\n\t\t\t\t<div class=\"elementor-element elementor-element-5f1f03fd e-flex e-con-boxed e-con e-parent\" data-id=\"5f1f03fd\" data-element_type=\"container\" data-e-type=\"container\">\n\t\t\t\t\t<div class=\"e-con-inner\">\n\t\t\t\t<div class=\"elementor-element elementor-element-578e6625 elementor-widget elementor-widget-text-editor\" data-id=\"578e6625\" data-element_type=\"widget\" data-e-type=\"widget\" data-widget_type=\"text-editor.default\">\n\t\t\t\t<div class=\"elementor-widget-container\">\n\t\t\t\t\t\t\t\t\t<p style=\"text-align: justify;\"><strong>The Pan-European University is located in the capital city of Slovak Republic, Bratislava<\/strong>. Although counted among the most recent to become capital cities in Europe, Bratislava shares a\u00a0history reaching more than 2000 years back in time.<\/p><p style=\"text-align: justify;\">The city is located along both shores of the Danube river, the second longest river of Europe, under the southwesternmost edge of the Carpathian mountain range (called the Small Carpathians).<strong> I tis situated in a\u00a0very close proximity to Slovakia\u00b4s borders with Austria (to the west of Bratislava), Hungary (to the south of the city) and not far from the border to the Czech Republic either (in north-western direction from the city)<\/strong>. The approximate number of Bratislava\u00b4s inhabitants is 500.000.<\/p><p style=\"text-align: justify;\">The first historic written mentioning of <strong>Bratislava appears in the year 907<\/strong>. In 1291 it has achieved (under the name Pressburg) its first unlimited privileges from the Hungarian king. In 1465 the first university on the territory of the current Slovak Republic was created, named Academia Istropolitana.<\/p><p style=\"text-align: justify;\"><strong>In 1536, for almost 200 years, Bratislava has become the capital of the Hungarian Monarchy and as such the place of coronation for Hungarian rulers<\/strong>,<strong> the seat of the monarch, the archbishop and other official institutions of state<\/strong>. In this period, a\u00a0total of 11 Hungarian emperors were coronated in the St. Martin\u00b4s Cathedral of Bratislava (known under the Hungarian name Pozsony).<\/p><p style=\"text-align: justify;\"><strong>In 1919 Bratislava has become part of the newly-established Czecho-Slovak Republic<\/strong>. After a\u00a0legal act of federalization of Czecho-Slovakia Bratislava became the capital of the Slovak Socialist Republic in 1968.<\/p><p style=\"text-align: justify;\"><strong>From 1993 Bratislava serves as the capital of the independent Slovak Republic<\/strong>, following a\u00a0peaceful dissolution of Czecho-Slovakia. <strong>As such, the city is the centre of the state institutions, the public sector, as well as the economic, financial, cultural and educational focal point of the country<\/strong>. It is an important transportation hub, both at the crossroads of motorways and railways and as an important river city on the Danube. Bratislava has operates its own international airport, thus it is also situated in a\u00a0close proximity to the Vienna International Airport (45 km west of Bratislava), serving its need as a\u00a0both regional and inter-continental transportation hub.<\/p><p style=\"text-align: justify;\"><strong>As a\u00a0centre of education Bratislava is the seat of 10 different public and private institutions of higher education.<\/strong><\/p><p style=\"text-align: justify;\"><strong>Currently, Bratislava is considered to be one of the most dynamically developing cities, within one of the most perspective regions of Europe.<\/strong><\/p><p style=\"text-align: justify;\"><img fetchpriority=\"high\" decoding=\"async\" class=\"aligncenter wp-image-10055\" src=\"https:\/\/www.paneurouni.com\/en\/wp-content\/uploads\/2026\/02\/bratislava_danube_explorer_tours.jpg\" alt=\"\" width=\"1080\" height=\"386\" \/><\/p><hr \/><p>\u00a0<\/p>\t\t\t\t\t\t\t\t<\/div>\n\t\t\t\t<\/div>\n\t\t\t\t<div class=\"elementor-element elementor-element-671b885 dce_masking-none elementor-widget elementor-widget-video\" data-id=\"671b885\" data-element_type=\"widget\" data-e-type=\"widget\" data-settings=\"{&quot;youtube_url&quot;:&quot;https:\\\/\\\/www.youtube.com\\\/watch?v=4BtFG8D8aos&amp;t=2s&quot;,&quot;video_type&quot;:&quot;youtube&quot;,&quot;controls&quot;:&quot;yes&quot;}\" data-widget_type=\"video.default\">\n\t\t\t\t<div class=\"elementor-widget-container\">\n\t\t\t\t\t\t\t<div class=\"elementor-wrapper elementor-open-inline\">\n\t\t\t<div class=\"elementor-video\"><\/div>\t\t<\/div>\n\t\t\t\t\t\t<\/div>\n\t\t\t\t<\/div>\n\t\t\t\t\t<\/div>\n\t\t\t\t<\/div>\n\t\t\t\t<\/div>\n\t\t","protected":false},"excerpt":{"rendered":"<p>The Pan-European University is located in the capital city of Slovak Republic, Bratislava. Although counted among the most recent to become capital cities in Europe, Bratislava shares a\u00a0history reaching more than 2000 years back in time. The city is located along both shores of the Danube river, the second longest river of Europe, under the [&hellip;]<\/p>\n","protected":false},"author":8,"featured_media":90875,"parent":90877,"menu_order":0,"comment_status":"closed","ping_status":"open","template":"","meta":{"_acf_changed":false,"inline_featured_image":false,"footnotes":""},"tags":[],"typ-stranky":[159],"class_list":["post-90870","page","type-page","status-publish","has-post-thumbnail","hentry","typ-stranky-so-sidebarom"],"acf":[],"yoast_head":"<!-- This site is optimized with the Yoast SEO plugin v27.3 - https:\/\/yoast.com\/product\/yoast-seo-wordpress\/ -->\n<title>Study in Bratislava \u2013 City Guide | PEU<\/title>\n<meta name=\"description\" content=\"Discover Bratislava as a student city \u2013 affordable living, safe environment, and great location for international students studying at PEU.\" \/>\n<meta name=\"robots\" content=\"index, follow, max-snippet:-1, max-image-preview:large, max-video-preview:-1\" \/>\n<link rel=\"canonical\" href=\"https:\/\/www.paneurouni.com\/en\/about-us\/useful-information\/the-city\/\" \/>\n<meta property=\"og:locale\" content=\"en_US\" \/>\n<meta property=\"og:type\" content=\"article\" \/>\n<meta property=\"og:title\" content=\"Study in Bratislava \u2013 City Guide | PEU\" \/>\n<meta property=\"og:description\" content=\"Discover Bratislava as a student city \u2013 affordable living, safe environment, and great location for international students studying at PEU.\" \/>\n<meta property=\"og:url\" content=\"https:\/\/www.paneurouni.com\/en\/about-us\/useful-information\/the-city\/\" \/>\n<meta property=\"og:site_name\" content=\"PEU\" \/>\n<meta property=\"article:publisher\" content=\"https:\/\/www.facebook.com\/PaneuropskaVS\/\" \/>\n<meta property=\"article:modified_time\" content=\"2026-05-13T13:55:30+00:00\" \/>\n<meta property=\"og:image\" content=\"https:\/\/www.paneurouni.com\/en\/wp-content\/uploads\/2026\/02\/bratislava_danube_explorer_tours.jpg\" \/>\n\t<meta property=\"og:image:width\" content=\"1920\" \/>\n\t<meta property=\"og:image:height\" content=\"687\" \/>\n\t<meta property=\"og:image:type\" content=\"image\/jpeg\" \/>\n<meta name=\"twitter:card\" content=\"summary_large_image\" \/>\n<meta name=\"twitter:site\" content=\"@paneuropska_vs\" \/>\n<meta name=\"twitter:label1\" content=\"Est. reading time\" \/>\n\t<meta name=\"twitter:data1\" content=\"2 minutes\" \/>\n<!-- \/ Yoast SEO plugin. -->","yoast_head_json":{"title":"Study in Bratislava \u2013 City Guide | PEU","description":"Discover Bratislava as a student city \u2013 affordable living, safe environment, and great location for international students studying at PEU.","robots":{"index":"index","follow":"follow","max-snippet":"max-snippet:-1","max-image-preview":"max-image-preview:large","max-video-preview":"max-video-preview:-1"},"canonical":"https:\/\/www.paneurouni.com\/en\/about-us\/useful-information\/the-city\/","og_locale":"en_US","og_type":"article","og_title":"Study in Bratislava \u2013 City Guide | PEU","og_description":"Discover Bratislava as a student city \u2013 affordable living, safe environment, and great location for international students studying at PEU.","og_url":"https:\/\/www.paneurouni.com\/en\/about-us\/useful-information\/the-city\/","og_site_name":"PEU","article_publisher":"https:\/\/www.facebook.com\/PaneuropskaVS\/","article_modified_time":"2026-05-13T13:55:30+00:00","og_image":[{"width":1920,"height":687,"url":"https:\/\/www.paneurouni.com\/en\/wp-content\/uploads\/2026\/02\/bratislava_danube_explorer_tours.jpg","type":"image\/jpeg"}],"twitter_card":"summary_large_image","twitter_site":"@paneuropska_vs","twitter_misc":{"Est. reading time":"2 minutes"},"schema":{"@context":"https:\/\/schema.org","@graph":[{"@type":"WebPage","@id":"https:\/\/www.paneurouni.com\/en\/about-us\/useful-information\/the-city\/","url":"https:\/\/www.paneurouni.com\/en\/about-us\/useful-information\/the-city\/","name":"Study in Bratislava \u2013 City Guide | PEU","isPartOf":{"@id":"https:\/\/www.paneurouni.com\/en\/#website"},"primaryImageOfPage":{"@id":"https:\/\/www.paneurouni.com\/en\/about-us\/useful-information\/the-city\/#primaryimage"},"image":{"@id":"https:\/\/www.paneurouni.com\/en\/about-us\/useful-information\/the-city\/#primaryimage"},"thumbnailUrl":"https:\/\/www.paneurouni.com\/en\/wp-content\/uploads\/2026\/02\/bratislava_danube_explorer_tours.jpg","datePublished":"2017-07-10T10:25:30+00:00","dateModified":"2026-05-13T13:55:30+00:00","description":"Discover Bratislava as a student city \u2013 affordable living, safe environment, and great location for international students studying at PEU.","breadcrumb":{"@id":"https:\/\/www.paneurouni.com\/en\/about-us\/useful-information\/the-city\/#breadcrumb"},"inLanguage":"en-US","potentialAction":[{"@type":"ReadAction","target":["https:\/\/www.paneurouni.com\/en\/about-us\/useful-information\/the-city\/"]}]},{"@type":"ImageObject","inLanguage":"en-US","@id":"https:\/\/www.paneurouni.com\/en\/about-us\/useful-information\/the-city\/#primaryimage","url":"https:\/\/www.paneurouni.com\/en\/wp-content\/uploads\/2026\/02\/bratislava_danube_explorer_tours.jpg","contentUrl":"https:\/\/www.paneurouni.com\/en\/wp-content\/uploads\/2026\/02\/bratislava_danube_explorer_tours.jpg","width":1920,"height":687},{"@type":"BreadcrumbList","@id":"https:\/\/www.paneurouni.com\/en\/about-us\/useful-information\/the-city\/#breadcrumb","itemListElement":[{"@type":"ListItem","position":1,"name":"Domovsk\u00e1 str\u00e1nka","item":"https:\/\/www.paneurouni.com\/en\/"},{"@type":"ListItem","position":2,"name":"About Us","item":"https:\/\/www.paneurouni.com\/en\/about-us\/"},{"@type":"ListItem","position":3,"name":"Useful information","item":"https:\/\/www.paneurouni.com\/en\/about-us\/useful-information\/"},{"@type":"ListItem","position":4,"name":"The City"}]},{"@type":"WebSite","@id":"https:\/\/www.paneurouni.com\/en\/#website","url":"https:\/\/www.paneurouni.com\/en\/","name":"Paneur\u00f3pska V\u0160","description":"Paneur\u00f3pska Vysok\u00e1 \u0160kola v Bratislave","publisher":{"@id":"https:\/\/www.paneurouni.com\/en\/#organization"},"potentialAction":[{"@type":"SearchAction","target":{"@type":"EntryPoint","urlTemplate":"https:\/\/www.paneurouni.com\/en\/?s={search_term_string}"},"query-input":{"@type":"PropertyValueSpecification","valueRequired":true,"valueName":"search_term_string"}}],"inLanguage":"en-US"},{"@type":"Organization","@id":"https:\/\/www.paneurouni.com\/en\/#organization","name":"Paneur\u00f3pska V\u0160","url":"https:\/\/www.paneurouni.com\/en\/","logo":{"@type":"ImageObject","inLanguage":"en-US","@id":"https:\/\/www.paneurouni.com\/en\/#\/schema\/logo\/image\/","url":"https:\/\/www.paneurouni.com\/en\/wp-content\/uploads\/2023\/03\/pevs-logo-1.svg","contentUrl":"https:\/\/www.paneurouni.com\/en\/wp-content\/uploads\/2023\/03\/pevs-logo-1.svg","width":293,"height":70,"caption":"Paneur\u00f3pska V\u0160"},"image":{"@id":"https:\/\/www.paneurouni.com\/en\/#\/schema\/logo\/image\/"},"sameAs":["https:\/\/www.facebook.com\/PaneuropskaVS\/","https:\/\/x.com\/paneuropska_vs","https:\/\/www.instagram.com\/paneuropska_vysoka_skola\/","https:\/\/www.youtube.com\/channel\/UCc8tUvmjlxAIYtplmv-G2MQ"]}]}},"_links":{"self":[{"href":"https:\/\/www.paneurouni.com\/en\/wp-json\/wp\/v2\/pages\/90870","targetHints":{"allow":["GET"]}}],"collection":[{"href":"https:\/\/www.paneurouni.com\/en\/wp-json\/wp\/v2\/pages"}],"about":[{"href":"https:\/\/www.paneurouni.com\/en\/wp-json\/wp\/v2\/types\/page"}],"author":[{"embeddable":true,"href":"https:\/\/www.paneurouni.com\/en\/wp-json\/wp\/v2\/users\/8"}],"replies":[{"embeddable":true,"href":"https:\/\/www.paneurouni.com\/en\/wp-json\/wp\/v2\/comments?post=90870"}],"version-history":[{"count":3,"href":"https:\/\/www.paneurouni.com\/en\/wp-json\/wp\/v2\/pages\/90870\/revisions"}],"predecessor-version":[{"id":93038,"href":"https:\/\/www.paneurouni.com\/en\/wp-json\/wp\/v2\/pages\/90870\/revisions\/93038"}],"up":[{"embeddable":true,"href":"https:\/\/www.paneurouni.com\/en\/wp-json\/wp\/v2\/pages\/90877"}],"wp:featuredmedia":[{"embeddable":true,"href":"https:\/\/www.paneurouni.com\/en\/wp-json\/wp\/v2\/media\/90875"}],"wp:attachment":[{"href":"https:\/\/www.paneurouni.com\/en\/wp-json\/wp\/v2\/media?parent=90870"}],"wp:term":[{"taxonomy":"post_tag","embeddable":true,"href":"https:\/\/www.paneurouni.com\/en\/wp-json\/wp\/v2\/tags?post=90870"},{"taxonomy":"typ-stranky","embeddable":true,"href":"https:\/\/www.paneurouni.com\/en\/wp-json\/wp\/v2\/typ-stranky?post=90870"}],"curies":[{"name":"wp","href":"https:\/\/api.w.org\/{rel}","templated":true}]}}