{"id":90877,"date":"2017-07-10T12:26:08","date_gmt":"2017-07-10T10:26:08","guid":{"rendered":"https:\/\/www.paneurouni.com\/en\/applicants\/useful-information\/"},"modified":"2026-04-07T13:52:46","modified_gmt":"2026-04-07T11:52:46","slug":"useful-information","status":"publish","type":"page","link":"https:\/\/www.paneurouni.com\/en\/about-us\/useful-information\/","title":{"rendered":"Useful information"},"content":{"rendered":"\t\t<div data-elementor-type=\"wp-page\" data-elementor-id=\"90877\" class=\"elementor elementor-90877\" data-elementor-post-type=\"page\">\n\t\t\t\t<div class=\"elementor-element elementor-element-678d7580 e-flex e-con-boxed e-con e-parent\" data-id=\"678d7580\" data-element_type=\"container\" data-e-type=\"container\">\n\t\t\t\t\t<div class=\"e-con-inner\">\n\t\t\t\t<div class=\"elementor-element elementor-element-4182163 elementor-widget elementor-widget-text-editor\" data-id=\"4182163\" data-element_type=\"widget\" data-e-type=\"widget\" data-widget_type=\"text-editor.default\">\n\t\t\t\t<div class=\"elementor-widget-container\">\n\t\t\t\t\t\t\t\t\t<h4>Bratislava Through the Eyes of a PEU Student: Tips and Tricks<\/h4><p>Studying at <b>Paneuropean University<\/b> opens the door to two dynamic parts of Bratislava\u2014Ru\u017einov and Petr\u017ealka. Here\u2019s your guide to getting the most out of the city while you\u2019re on the go between classes.<\/p><h4>\ud83d\ude8c Transportation: Getting Around Between Campuses<\/h4><p>Since PEU has campuses at multiple locations (e.g., Tom\u00e1\u0161ikova 20 in Ru\u017einov or Temat\u00ednska 10 in Petr\u017ealka), transportation is key.<\/p><ul><li><b>ISIC tram pass:<\/b> Your biggest savings. With an activated chip, you get a monthly pass for half price. For the Ru\u017einov\u2013Petr\u017ealka route, use the connections via Pr\u00edstavn\u00fd Bridge or Apollo Bridge.<\/li><li><b>IDS BK app:<\/b> (a must-have). It shows you delays in real time, and you can buy a ticket with just a few clicks.<\/li><li><b>Bike and scooter sharing:<\/b> Both Petr\u017ealka and Ru\u017einov have excellent bike paths. It\u2019s often faster than waiting in traffic jams on the bridges.<\/li><\/ul><h4>\u2615 Where to \u201ccram\u201d for seminars?<\/h4><p>If you need a change of scenery and the dorm or home is putting you to sleep, try these places:<\/p><ul><li><b>PEU Library (Tom\u00e1\u0161ikova):<\/b> A classic spot with academic literature and the necessary quiet right in the school building.<\/li><li><b>Parks in Ru\u017einov:<\/b> The area around \u0160trkoveck\u00e9 Lake or Wetzler Park is ideal for studying from notes in the fresh air.<\/li><li><b>Petr\u017ealka Lake<\/b><b>:<\/b> If you\u2019re studying in Petr\u017ealka, grab a blanket and your laptop and head to Dra\u017ediak Lake\u2014in the shade of the trees, essays practically write themselves.<\/li><\/ul><h4>\ud83c\udf55 Student \u201cSurvival Kit\u201d<\/h4><ul><li><b>Local dining:<\/b> Ru\u017einov is full of affordable \u201cdaily specials\u201d in business centers. In Petr\u017ealka, you\u2019ll find great street food and local pubs near the racetrack.<\/li><li><b>Shopping:<\/b> VIVO, AVION, AUPARK and EUROVEA are strategic spots where you can get everything from groceries to printing your lecture notes.<\/li><li><b>After-school sports:<\/b> Petr\u017ealka offers tons of options\u2014from skating on the embankment to swimming at the Petr\u017ealka pool with a student discount.<\/li><\/ul><h4>\ud83c\udf33 Where to \u201cunwind\u201d after exams?<\/h4><p>When your head is full of legal clauses or psychological definitions, Bratislava offers a quick escape:<\/p><ol><li><b>Dra\u017ediak Lake:<\/b> Petr\u017ealka\u2019s oasis. Swimming in the summer, winter swimming in the winter, and great relaxation all year round.<\/li><li><b>Kuchajda Lake:<\/b> A great spot for a run or just a coffee by the water after classes in Ru\u017einov.<\/li><li><b>Forests:<\/b> If you need total silence, the Petr\u017ealka side of the Danube hides wild nature that many people don\u2019t even know about.<\/li><\/ol><h4>\ud83d\udca1 Did you know that&#8230;?<\/h4><p>PEU faculties are strategically located so that you\u2019re close to Slovakia\u2019s largest business centers. Many students find internships or jobs literally \u201cacross the street\u201d from their school.<\/p>\t\t\t\t\t\t\t\t<\/div>\n\t\t\t\t<\/div>\n\t\t\t\t\t<\/div>\n\t\t\t\t<\/div>\n\t\t\t\t<\/div>\n\t\t","protected":false},"excerpt":{"rendered":"<p>Bratislava Through the Eyes of a PEU Student: Tips and Tricks Studying at Paneuropean University opens the door to two dynamic parts of Bratislava\u2014Ru\u017einov and Petr\u017ealka. Here\u2019s your guide to getting the most out of the city while you\u2019re on the go between classes. \ud83d\ude8c Transportation: Getting Around Between Campuses Since PEU has campuses at [&hellip;]<\/p>\n","protected":false},"author":8,"featured_media":0,"parent":90984,"menu_order":0,"comment_status":"closed","ping_status":"open","template":"","meta":{"_acf_changed":false,"inline_featured_image":false,"footnotes":""},"tags":[],"typ-stranky":[159],"class_list":["post-90877","page","type-page","status-publish","hentry","typ-stranky-so-sidebarom"],"acf":[],"yoast_head":"<!-- This site is optimized with the Yoast SEO plugin v27.3 - https:\/\/yoast.com\/product\/yoast-seo-wordpress\/ -->\n<title>Useful information | PEU<\/title>\n<meta name=\"robots\" content=\"index, follow, max-snippet:-1, max-image-preview:large, max-video-preview:-1\" \/>\n<link rel=\"canonical\" href=\"https:\/\/www.paneurouni.com\/en\/about-us__trashed\/about-us\/useful-information\/\" \/>\n<meta property=\"og:locale\" content=\"en_US\" \/>\n<meta property=\"og:type\" content=\"article\" \/>\n<meta property=\"og:title\" content=\"Useful information | PEU\" \/>\n<meta property=\"og:description\" content=\"Bratislava Through the Eyes of a PEU Student: Tips and Tricks Studying at Paneuropean University opens the door to two dynamic parts of Bratislava\u2014Ru\u017einov and Petr\u017ealka. Here\u2019s your guide to getting the most out of the city while you\u2019re on the go between classes. \ud83d\ude8c Transportation: Getting Around Between Campuses Since PEU has campuses at [&hellip;]\" \/>\n<meta property=\"og:url\" content=\"https:\/\/www.paneurouni.com\/en\/about-us__trashed\/about-us\/useful-information\/\" \/>\n<meta property=\"og:site_name\" content=\"PEU\" \/>\n<meta property=\"article:publisher\" content=\"https:\/\/www.facebook.com\/PaneuropskaVS\/\" \/>\n<meta property=\"article:modified_time\" content=\"2026-04-07T11:52:46+00:00\" \/>\n<meta name=\"twitter:card\" content=\"summary_large_image\" \/>\n<meta name=\"twitter:site\" content=\"@paneuropska_vs\" \/>\n<meta name=\"twitter:label1\" content=\"Est. reading time\" \/>\n\t<meta name=\"twitter:data1\" content=\"3 minutes\" \/>\n<!-- \/ Yoast SEO plugin. -->","yoast_head_json":{"title":"Useful information | PEU","robots":{"index":"index","follow":"follow","max-snippet":"max-snippet:-1","max-image-preview":"max-image-preview:large","max-video-preview":"max-video-preview:-1"},"canonical":"https:\/\/www.paneurouni.com\/en\/about-us__trashed\/about-us\/useful-information\/","og_locale":"en_US","og_type":"article","og_title":"Useful information | PEU","og_description":"Bratislava Through the Eyes of a PEU Student: Tips and Tricks Studying at Paneuropean University opens the door to two dynamic parts of Bratislava\u2014Ru\u017einov and Petr\u017ealka. Here\u2019s your guide to getting the most out of the city while you\u2019re on the go between classes. \ud83d\ude8c Transportation: Getting Around Between Campuses Since PEU has campuses at [&hellip;]","og_url":"https:\/\/www.paneurouni.com\/en\/about-us__trashed\/about-us\/useful-information\/","og_site_name":"PEU","article_publisher":"https:\/\/www.facebook.com\/PaneuropskaVS\/","article_modified_time":"2026-04-07T11:52:46+00:00","twitter_card":"summary_large_image","twitter_site":"@paneuropska_vs","twitter_misc":{"Est. reading time":"3 minutes"},"schema":{"@context":"https:\/\/schema.org","@graph":[{"@type":"WebPage","@id":"https:\/\/www.paneurouni.com\/en\/about-us__trashed\/about-us\/useful-information\/","url":"https:\/\/www.paneurouni.com\/en\/about-us__trashed\/about-us\/useful-information\/","name":"Useful information | PEU","isPartOf":{"@id":"https:\/\/www.paneurouni.com\/en\/#website"},"datePublished":"2017-07-10T10:26:08+00:00","dateModified":"2026-04-07T11:52:46+00:00","breadcrumb":{"@id":"https:\/\/www.paneurouni.com\/en\/about-us__trashed\/about-us\/useful-information\/#breadcrumb"},"inLanguage":"en-US","potentialAction":[{"@type":"ReadAction","target":["https:\/\/www.paneurouni.com\/en\/about-us__trashed\/about-us\/useful-information\/"]}]},{"@type":"BreadcrumbList","@id":"https:\/\/www.paneurouni.com\/en\/about-us__trashed\/about-us\/useful-information\/#breadcrumb","itemListElement":[{"@type":"ListItem","position":1,"name":"Domovsk\u00e1 str\u00e1nka","item":"https:\/\/www.paneurouni.com\/en\/"},{"@type":"ListItem","position":2,"name":"About Us","item":"https:\/\/www.paneurouni.com\/en\/about-us__trashed\/about-us\/"},{"@type":"ListItem","position":3,"name":"Useful information"}]},{"@type":"WebSite","@id":"https:\/\/www.paneurouni.com\/en\/#website","url":"https:\/\/www.paneurouni.com\/en\/","name":"Paneur\u00f3pska V\u0160","description":"Paneur\u00f3pska Vysok\u00e1 \u0160kola v Bratislave","publisher":{"@id":"https:\/\/www.paneurouni.com\/en\/#organization"},"potentialAction":[{"@type":"SearchAction","target":{"@type":"EntryPoint","urlTemplate":"https:\/\/www.paneurouni.com\/en\/?s={search_term_string}"},"query-input":{"@type":"PropertyValueSpecification","valueRequired":true,"valueName":"search_term_string"}}],"inLanguage":"en-US"},{"@type":"Organization","@id":"https:\/\/www.paneurouni.com\/en\/#organization","name":"Paneur\u00f3pska V\u0160","url":"https:\/\/www.paneurouni.com\/en\/","logo":{"@type":"ImageObject","inLanguage":"en-US","@id":"https:\/\/www.paneurouni.com\/en\/#\/schema\/logo\/image\/","url":"https:\/\/www.paneurouni.com\/en\/wp-content\/uploads\/2023\/03\/pevs-logo-1.svg","contentUrl":"https:\/\/www.paneurouni.com\/en\/wp-content\/uploads\/2023\/03\/pevs-logo-1.svg","width":293,"height":70,"caption":"Paneur\u00f3pska V\u0160"},"image":{"@id":"https:\/\/www.paneurouni.com\/en\/#\/schema\/logo\/image\/"},"sameAs":["https:\/\/www.facebook.com\/PaneuropskaVS\/","https:\/\/x.com\/paneuropska_vs","https:\/\/www.instagram.com\/paneuropska_vysoka_skola\/","https:\/\/www.youtube.com\/channel\/UCc8tUvmjlxAIYtplmv-G2MQ"]}]}},"_links":{"self":[{"href":"https:\/\/www.paneurouni.com\/en\/wp-json\/wp\/v2\/pages\/90877","targetHints":{"allow":["GET"]}}],"collection":[{"href":"https:\/\/www.paneurouni.com\/en\/wp-json\/wp\/v2\/pages"}],"about":[{"href":"https:\/\/www.paneurouni.com\/en\/wp-json\/wp\/v2\/types\/page"}],"author":[{"embeddable":true,"href":"https:\/\/www.paneurouni.com\/en\/wp-json\/wp\/v2\/users\/8"}],"replies":[{"embeddable":true,"href":"https:\/\/www.paneurouni.com\/en\/wp-json\/wp\/v2\/comments?post=90877"}],"version-history":[{"count":3,"href":"https:\/\/www.paneurouni.com\/en\/wp-json\/wp\/v2\/pages\/90877\/revisions"}],"predecessor-version":[{"id":92073,"href":"https:\/\/www.paneurouni.com\/en\/wp-json\/wp\/v2\/pages\/90877\/revisions\/92073"}],"up":[{"embeddable":true,"href":"https:\/\/www.paneurouni.com\/en\/wp-json\/wp\/v2\/pages\/90984"}],"wp:attachment":[{"href":"https:\/\/www.paneurouni.com\/en\/wp-json\/wp\/v2\/media?parent=90877"}],"wp:term":[{"taxonomy":"post_tag","embeddable":true,"href":"https:\/\/www.paneurouni.com\/en\/wp-json\/wp\/v2\/tags?post=90877"},{"taxonomy":"typ-stranky","embeddable":true,"href":"https:\/\/www.paneurouni.com\/en\/wp-json\/wp\/v2\/typ-stranky?post=90877"}],"curies":[{"name":"wp","href":"https:\/\/api.w.org\/{rel}","templated":true}]}}