{"id":90880,"date":"2017-07-10T12:45:40","date_gmt":"2017-07-10T10:45:40","guid":{"rendered":"https:\/\/www.paneurouni.com\/en\/meals-and-drinks\/"},"modified":"2026-05-11T09:36:35","modified_gmt":"2026-05-11T07:36:35","slug":"meals-and-drinks","status":"publish","type":"page","link":"https:\/\/www.paneurouni.com\/en\/about-us\/useful-information\/meals-and-drinks\/","title":{"rendered":"Meals and Drinks"},"content":{"rendered":"\t\t<div data-elementor-type=\"wp-page\" data-elementor-id=\"90880\" class=\"elementor elementor-90880\" data-elementor-post-type=\"page\">\n\t\t\t\t<div class=\"elementor-element elementor-element-10e6bc28 e-flex e-con-boxed e-con e-parent\" data-id=\"10e6bc28\" data-element_type=\"container\" data-e-type=\"container\">\n\t\t\t\t\t<div class=\"e-con-inner\">\n\t\t\t\t<div class=\"elementor-element elementor-element-54bee10d elementor-widget elementor-widget-text-editor\" data-id=\"54bee10d\" data-element_type=\"widget\" data-e-type=\"widget\" data-widget_type=\"text-editor.default\">\n\t\t\t\t<div class=\"elementor-widget-container\">\n\t\t\t\t\t\t\t\t\t<p style=\"text-align: justify;\"><strong>In the premises of the Pan-European University a\u00a0canteen and a\u00a0cafeteria is available for both students and staff<\/strong>. There is a\u00a0broad selection of meals at lunch time (between 11.15 am. and 2 pm.). The approximate cost of a\u00a0<strong>student lunch menu is 8 \u20ac.\u00a0<\/strong><a href=\"https:\/\/tematinska.yummycantina.sk\/\">Actual menu<\/a><\/p>\t\t\t\t\t\t\t\t<\/div>\n\t\t\t\t<\/div>\n\t\t\t\t<div class=\"elementor-element elementor-element-954ce8e dce_masking-none elementor-widget elementor-widget-image\" data-id=\"954ce8e\" data-element_type=\"widget\" data-e-type=\"widget\" data-widget_type=\"image.default\">\n\t\t\t\t<div class=\"elementor-widget-container\">\n\t\t\t\t\t\t\t\t\t\t\t\t\t\t\t\t<a href=\"https:\/\/tematinska.yummycantina.sk\/\">\n\t\t\t\t\t\t\t<img fetchpriority=\"high\" decoding=\"async\" width=\"800\" height=\"162\" src=\"https:\/\/www.paneurouni.com\/en\/wp-content\/uploads\/2026\/05\/Snimka-obrazovky-2026-05-08-153051-1024x207.png\" class=\"attachment-large size-large wp-image-92986\" alt=\"\" srcset=\"https:\/\/www.paneurouni.com\/en\/wp-content\/uploads\/2026\/05\/Snimka-obrazovky-2026-05-08-153051-1024x207.png 1024w, https:\/\/www.paneurouni.com\/en\/wp-content\/uploads\/2026\/05\/Snimka-obrazovky-2026-05-08-153051-300x61.png 300w, https:\/\/www.paneurouni.com\/en\/wp-content\/uploads\/2026\/05\/Snimka-obrazovky-2026-05-08-153051-768x155.png 768w, https:\/\/www.paneurouni.com\/en\/wp-content\/uploads\/2026\/05\/Snimka-obrazovky-2026-05-08-153051.png 1152w\" sizes=\"(max-width: 800px) 100vw, 800px\" \/>\t\t\t\t\t\t\t\t<\/a>\n\t\t\t\t\t\t\t\t\t\t\t\t\t\t\t<\/div>\n\t\t\t\t<\/div>\n\t\t\t\t\t<\/div>\n\t\t\t\t<\/div>\n\t\t\t\t<\/div>\n\t\t","protected":false},"excerpt":{"rendered":"<p>In the premises of the Pan-European University a\u00a0canteen and a\u00a0cafeteria is available for both students and staff. There is a\u00a0broad selection of meals at lunch time (between 11.15 am. and 2 pm.). The approximate cost of a\u00a0student lunch menu is 8 \u20ac.\u00a0Actual menu<\/p>\n","protected":false},"author":8,"featured_media":0,"parent":90877,"menu_order":0,"comment_status":"closed","ping_status":"open","template":"","meta":{"_acf_changed":false,"inline_featured_image":false,"footnotes":""},"tags":[],"typ-stranky":[159],"class_list":["post-90880","page","type-page","status-publish","hentry","typ-stranky-so-sidebarom"],"acf":[],"yoast_head":"<!-- This site is optimized with the Yoast SEO plugin v27.3 - https:\/\/yoast.com\/product\/yoast-seo-wordpress\/ -->\n<title>Food &amp; Dining Options for Students | PEU<\/title>\n<meta name=\"description\" content=\"Explore affordable dining options, restaurants, and student-friendly places to eat and drink near Pan-European University in Bratislava.\" \/>\n<meta name=\"robots\" content=\"index, follow, max-snippet:-1, max-image-preview:large, max-video-preview:-1\" \/>\n<link rel=\"canonical\" href=\"https:\/\/www.paneurouni.com\/en\/about-us\/useful-information\/meals-and-drinks\/\" \/>\n<meta property=\"og:locale\" content=\"en_US\" \/>\n<meta property=\"og:type\" content=\"article\" \/>\n<meta property=\"og:title\" content=\"Food &amp; Dining Options for Students | PEU\" \/>\n<meta property=\"og:description\" content=\"Explore affordable dining options, restaurants, and student-friendly places to eat and drink near Pan-European University in Bratislava.\" \/>\n<meta property=\"og:url\" content=\"https:\/\/www.paneurouni.com\/en\/about-us\/useful-information\/meals-and-drinks\/\" \/>\n<meta property=\"og:site_name\" content=\"PEU\" \/>\n<meta property=\"article:publisher\" content=\"https:\/\/www.facebook.com\/PaneuropskaVS\/\" \/>\n<meta property=\"article:modified_time\" content=\"2026-05-11T07:36:35+00:00\" \/>\n<meta property=\"og:image\" content=\"https:\/\/www.paneurouni.com\/en\/wp-content\/uploads\/2026\/05\/Snimka-obrazovky-2026-05-08-153051-1024x207.png\" \/>\n<meta name=\"twitter:card\" content=\"summary_large_image\" \/>\n<meta name=\"twitter:site\" content=\"@paneuropska_vs\" \/>\n<meta name=\"twitter:label1\" content=\"Est. reading time\" \/>\n\t<meta name=\"twitter:data1\" content=\"1 minute\" \/>\n<!-- \/ Yoast SEO plugin. -->","yoast_head_json":{"title":"Food & Dining Options for Students | PEU","description":"Explore affordable dining options, restaurants, and student-friendly places to eat and drink near Pan-European University in Bratislava.","robots":{"index":"index","follow":"follow","max-snippet":"max-snippet:-1","max-image-preview":"max-image-preview:large","max-video-preview":"max-video-preview:-1"},"canonical":"https:\/\/www.paneurouni.com\/en\/about-us\/useful-information\/meals-and-drinks\/","og_locale":"en_US","og_type":"article","og_title":"Food & Dining Options for Students | PEU","og_description":"Explore affordable dining options, restaurants, and student-friendly places to eat and drink near Pan-European University in Bratislava.","og_url":"https:\/\/www.paneurouni.com\/en\/about-us\/useful-information\/meals-and-drinks\/","og_site_name":"PEU","article_publisher":"https:\/\/www.facebook.com\/PaneuropskaVS\/","article_modified_time":"2026-05-11T07:36:35+00:00","og_image":[{"url":"https:\/\/www.paneurouni.com\/en\/wp-content\/uploads\/2026\/05\/Snimka-obrazovky-2026-05-08-153051-1024x207.png","type":"","width":"","height":""}],"twitter_card":"summary_large_image","twitter_site":"@paneuropska_vs","twitter_misc":{"Est. reading time":"1 minute"},"schema":{"@context":"https:\/\/schema.org","@graph":[{"@type":"WebPage","@id":"https:\/\/www.paneurouni.com\/en\/about-us\/useful-information\/meals-and-drinks\/","url":"https:\/\/www.paneurouni.com\/en\/about-us\/useful-information\/meals-and-drinks\/","name":"Food & Dining Options for Students | PEU","isPartOf":{"@id":"https:\/\/www.paneurouni.com\/en\/#website"},"primaryImageOfPage":{"@id":"https:\/\/www.paneurouni.com\/en\/about-us\/useful-information\/meals-and-drinks\/#primaryimage"},"image":{"@id":"https:\/\/www.paneurouni.com\/en\/about-us\/useful-information\/meals-and-drinks\/#primaryimage"},"thumbnailUrl":"https:\/\/www.paneurouni.com\/en\/wp-content\/uploads\/2026\/05\/Snimka-obrazovky-2026-05-08-153051-1024x207.png","datePublished":"2017-07-10T10:45:40+00:00","dateModified":"2026-05-11T07:36:35+00:00","description":"Explore affordable dining options, restaurants, and student-friendly places to eat and drink near Pan-European University in Bratislava.","breadcrumb":{"@id":"https:\/\/www.paneurouni.com\/en\/about-us\/useful-information\/meals-and-drinks\/#breadcrumb"},"inLanguage":"en-US","potentialAction":[{"@type":"ReadAction","target":["https:\/\/www.paneurouni.com\/en\/about-us\/useful-information\/meals-and-drinks\/"]}]},{"@type":"ImageObject","inLanguage":"en-US","@id":"https:\/\/www.paneurouni.com\/en\/about-us\/useful-information\/meals-and-drinks\/#primaryimage","url":"https:\/\/www.paneurouni.com\/en\/wp-content\/uploads\/2026\/05\/Snimka-obrazovky-2026-05-08-153051.png","contentUrl":"https:\/\/www.paneurouni.com\/en\/wp-content\/uploads\/2026\/05\/Snimka-obrazovky-2026-05-08-153051.png","width":1152,"height":233},{"@type":"BreadcrumbList","@id":"https:\/\/www.paneurouni.com\/en\/about-us\/useful-information\/meals-and-drinks\/#breadcrumb","itemListElement":[{"@type":"ListItem","position":1,"name":"Domovsk\u00e1 str\u00e1nka","item":"https:\/\/www.paneurouni.com\/en\/"},{"@type":"ListItem","position":2,"name":"About Us","item":"https:\/\/www.paneurouni.com\/en\/about-us\/"},{"@type":"ListItem","position":3,"name":"Useful information","item":"https:\/\/www.paneurouni.com\/en\/about-us\/useful-information\/"},{"@type":"ListItem","position":4,"name":"Meals and Drinks"}]},{"@type":"WebSite","@id":"https:\/\/www.paneurouni.com\/en\/#website","url":"https:\/\/www.paneurouni.com\/en\/","name":"Paneur\u00f3pska V\u0160","description":"Paneur\u00f3pska Vysok\u00e1 \u0160kola v Bratislave","publisher":{"@id":"https:\/\/www.paneurouni.com\/en\/#organization"},"potentialAction":[{"@type":"SearchAction","target":{"@type":"EntryPoint","urlTemplate":"https:\/\/www.paneurouni.com\/en\/?s={search_term_string}"},"query-input":{"@type":"PropertyValueSpecification","valueRequired":true,"valueName":"search_term_string"}}],"inLanguage":"en-US"},{"@type":"Organization","@id":"https:\/\/www.paneurouni.com\/en\/#organization","name":"Paneur\u00f3pska V\u0160","url":"https:\/\/www.paneurouni.com\/en\/","logo":{"@type":"ImageObject","inLanguage":"en-US","@id":"https:\/\/www.paneurouni.com\/en\/#\/schema\/logo\/image\/","url":"https:\/\/www.paneurouni.com\/en\/wp-content\/uploads\/2023\/03\/pevs-logo-1.svg","contentUrl":"https:\/\/www.paneurouni.com\/en\/wp-content\/uploads\/2023\/03\/pevs-logo-1.svg","width":293,"height":70,"caption":"Paneur\u00f3pska V\u0160"},"image":{"@id":"https:\/\/www.paneurouni.com\/en\/#\/schema\/logo\/image\/"},"sameAs":["https:\/\/www.facebook.com\/PaneuropskaVS\/","https:\/\/x.com\/paneuropska_vs","https:\/\/www.instagram.com\/paneuropska_vysoka_skola\/","https:\/\/www.youtube.com\/channel\/UCc8tUvmjlxAIYtplmv-G2MQ"]}]}},"_links":{"self":[{"href":"https:\/\/www.paneurouni.com\/en\/wp-json\/wp\/v2\/pages\/90880","targetHints":{"allow":["GET"]}}],"collection":[{"href":"https:\/\/www.paneurouni.com\/en\/wp-json\/wp\/v2\/pages"}],"about":[{"href":"https:\/\/www.paneurouni.com\/en\/wp-json\/wp\/v2\/types\/page"}],"author":[{"embeddable":true,"href":"https:\/\/www.paneurouni.com\/en\/wp-json\/wp\/v2\/users\/8"}],"replies":[{"embeddable":true,"href":"https:\/\/www.paneurouni.com\/en\/wp-json\/wp\/v2\/comments?post=90880"}],"version-history":[{"count":3,"href":"https:\/\/www.paneurouni.com\/en\/wp-json\/wp\/v2\/pages\/90880\/revisions"}],"predecessor-version":[{"id":92992,"href":"https:\/\/www.paneurouni.com\/en\/wp-json\/wp\/v2\/pages\/90880\/revisions\/92992"}],"up":[{"embeddable":true,"href":"https:\/\/www.paneurouni.com\/en\/wp-json\/wp\/v2\/pages\/90877"}],"wp:attachment":[{"href":"https:\/\/www.paneurouni.com\/en\/wp-json\/wp\/v2\/media?parent=90880"}],"wp:term":[{"taxonomy":"post_tag","embeddable":true,"href":"https:\/\/www.paneurouni.com\/en\/wp-json\/wp\/v2\/tags?post=90880"},{"taxonomy":"typ-stranky","embeddable":true,"href":"https:\/\/www.paneurouni.com\/en\/wp-json\/wp\/v2\/typ-stranky?post=90880"}],"curies":[{"name":"wp","href":"https:\/\/api.w.org\/{rel}","templated":true}]}}