{"id":90881,"date":"2017-07-10T12:46:51","date_gmt":"2017-07-10T10:46:51","guid":{"rendered":"https:\/\/www.paneurouni.com\/en\/culture\/"},"modified":"2026-04-08T11:37:09","modified_gmt":"2026-04-08T09:37:09","slug":"culture","status":"publish","type":"page","link":"https:\/\/www.paneurouni.com\/en\/about-us\/useful-information\/culture\/","title":{"rendered":"Culture"},"content":{"rendered":"<p style=\"text-align: justify;\"><strong>Bratislava, as the capital city, is the cultural centre of Slovakia and offers a\u00a0wide choice of cultural experiences.<\/strong> The most notable cultural institutions\/scenes\/exhibitions are the following ones:<\/p>\n<p style=\"text-align: justify;\"><strong>\u00a0<\/strong><\/p>\n<p style=\"text-align: justify;\"><strong>Theatres:<\/strong><\/p>\n<ul style=\"text-align: justify;\">\n<li>Slovak National Theatre \/ SND (Opera house and Drama theatre), historical building\/ticketing office: Gork\u00e9ho 4, 815 86 Bratislava<\/li>\n<li>New building of SND: Pribinova 17, 819 01 Bratislava<\/li>\n<li>Theatre of P.O. Hviezdoslav \/ Divadlo P.O. Hviezdoslava, Laurinsk\u00e1 20, 815 86 Bratislava<\/li>\n<li>Theatre \/ Divadlo ASTORKA KORZO 90, SNP 33, Bratislava<\/li>\n<li>Theatre \/ Divadlo WEST, N\u00e1m. SNP 14, 811 06 Bratislava<\/li>\n<li>Comedy theatre Rado\u0161insk\u00e9 naivn\u00e9 divadlo, \u0160kult\u00e9tyho 5, 831 04 Bratislava 3<\/li>\n<li>Theatre \/ Divadlo L+S,N\u00e1mestie1.M\u00e1ja5, 811 06 Bratislava<\/li>\n<li>Theatre \/ Divadlo Nov\u00e1 sc\u00e9na, \u017divnostensk\u00e1 1, 812 14 Bratislava<\/li>\n<li>Theatre \/ Divadlo Mal\u00e1 sc\u00e9na, Dostojevsk\u00e9ho rad 7, Bratislava<\/li>\n<li>Modern Art Theatre \/ Divadlo Ar\u00e9na, Viedensk\u00e1 cesta 10, 851 01 Bratislava<\/li>\n<\/ul>\n<p style=\"text-align: justify;\"><strong>Museums and permanent exhibitions:<\/strong><\/p>\n<ul style=\"text-align: justify;\">\n<li>MESTSK\u00c9 M\u00daZEUM (Main exhibition, City Museum), Primaci\u00e1lne n\u00e1m.3, Bratislava<\/li>\n<li>MESTSK\u00c9 M\u00daZEUM (Exhibition of the history of Bratislava, Old Town Hall), Star\u00e1 Radnica, Primaci\u00e1lne n\u00e1m.1, Bratislava<\/li>\n<li>MESTSK\u00c9 M\u00daZEUM (Exhibition of Winery and Wine-making, Slovak National Collection of Wines), Apponyiho pal\u00e1c, Radni\u010dn\u00e1 1,Bratislava<\/li>\n<li>MESTSK\u00c9 M\u00daZEUM (Exhibition of folk arts and crafts), Beblav\u00e9ho 1, Bratislava<\/li>\n<li>MESTSK\u00c9 M\u00daZEUM (Exhibition of weaponry and medieval fortification), Michalsk\u00e1 ve\u017ea Michalsk\u00e1 24, Bratislava<\/li>\n<li>MESTSK\u00c9 M\u00daZEUM (Farmaceutical exhibition), Lek\u00e1re\u0148 \u010cerven\u00fd rak, Michalsk\u00e1 26, Bratislava<\/li>\n<li>MESTSK\u00c9 M\u00daZEUM (Music exhibition \u2013 the birthplace of J.N. Hummel), Klob\u00fa\u010dnicka 2, Bratislava<\/li>\n<li>Museum of Clocks (House of the Good Shepherd), M\u00fazeum hod\u00edn \u2013 Dom u\u00a0dobr\u00e9ho pastiera, \u017didovsk\u00e1 1,Bratislava<\/li>\n<li>Dev\u00edn Castle, Mur\u00e1nska ul., Bratislava-Dev\u00edn<\/li>\n<li>Museum of the history of Roman settlement, Gerulata, Gerulatsk\u00e1 69, Bratislava \u2013 Rusovce<\/li>\n<li>Museum of Arthur Fleischmann \/ M\u00fazeum Arthura Fleischmanna, Biela ulica 6, Bratislava<\/li>\n<li>Literary Museum \/ Liter\u00e1rna expoz\u00edcia \u2013 M\u00fazeum Janka Jesensk\u00e9ho, Somolick\u00e9ho 2, Bratislava<\/li>\n<li>Slovak National Museum \/\u00a0SLOVENSK\u00c9 N\u00c1RODN\u00c9 M\u00daZEUM, Vajansk\u00e9ho n\u00e1bre\u017eie 2, Bratislava<\/li>\n<li>Slovak National Museum \/\u00a0SLOVENSK\u00c9 N\u00c1RODN\u00c9 M\u00daZEUM \u2013 Natural Sciences Section \/ Pr\u00edrodovedn\u00e9 m\u00fazeum, Vajansk\u00e9ho n\u00e1bre\u017eie 2, Bratislava<\/li>\n<li>Slovak National Museum \/\u00a0SLOVENSK\u00c9 N\u00c1RODN\u00c9 M\u00daZEUM \u2013 Archaeologic Collection \/ Archeologick\u00e9 m\u00fazeum, \u017di\u017ekova 12, Bratislava<\/li>\n<li>Slovak National Museum \/\u00a0SLOVENSK\u00c9 N\u00c1RODN\u00c9 M\u00daZEUM \u2013 Museum of Jewish Culture \/ M\u00fazeum \u017eidovskej kult\u00fary, Zsigrayova k\u00faria \u017didovsk\u00e1 17,Bratislava<\/li>\n<li>Chatam Sofer Memorial (Old Jewish Cemetery) \/ Mauz\u00f3leum Chatama Sofera, n\u00e1br. arm. gen. L.Svobodu, Bratislava<\/li>\n<li>Danubiana Meulensteen Art Museum \u2013 Gallery of Modern Arts, Vodn\u00e9 dielo, Bratislava-\u010cunovo<\/li>\n<\/ul>\n<p style=\"text-align: justify;\"><strong>\u00a0<\/strong><\/p>\n<p style=\"text-align: justify;\"><strong>Cinemas:<\/strong><\/p>\n<ul style=\"text-align: justify;\">\n<li>MULTIPLEX PALACE CINEMAS Aupark, Einsteinova 18<\/li>\n<li>MULTIKINO METROPOLIS Polus City Center, Vajnorsk\u00e1 ulica 100<\/li>\n<li>3D ORANGE IMAX, Avion Shopping Park, Iv\u00e1nska cesta 12<\/li>\n<li>Cinemaxx, Bory Mall<\/li>\n<li>Hviezda, N\u00e1mestie 1. m\u00e1ja<\/li>\n<li>Istropolis, Trnavsk\u00e9 m\u00fdto 1<\/li>\n<li>Mlados\u0165, Hviezdoslavovo n\u00e1m. 14<\/li>\n<li>Tatra, N\u00e1m. 1. m\u00e1ja<\/li>\n<\/ul>\n<p style=\"text-align: justify;\">\n<p style=\"text-align: justify;\"><strong>Cultural centres of other countries:<\/strong><\/p>\n<ul>\n<li style=\"text-align: justify;\">\u00a0The British Council, Pansk\u00e1 17, tel.: +421 2 5443 1185<\/li>\n<li style=\"text-align: justify;\">\u00a0The Czech Centre \/ \u010cesk\u00e9 centrum, Hviezdoslavovo n\u00e1m.8, tel.: +421 2 5920 3305<\/li>\n<li style=\"text-align: justify;\">\u00a0Institut Fran\u00e7ais \/ Franc\u00fazsky in\u0161tit\u00fat, Sedl\u00e1rska 7, tel.: +421 2 5934 7777<\/li>\n<li style=\"text-align: justify;\">\u00a0Goethe Institut, Panensk\u00e1 33, tel.: +421 2 5443 3130<\/li>\n<li style=\"text-align: justify;\">\u00a0Italian Cultural Institute \/ Taliansky kult\u00farny in\u0161tit\u00fat, Kapuc\u00ednska 7, tel.: +421 2 5441 0401<\/li>\n<li style=\"text-align: justify;\">\u00a0Hungarian Cultural Institute \/ Ma\u010farsk\u00fd kult\u00farny in\u0161tit\u00fat, Palis\u00e1dy 54, tel.: +421 2 5244 2961<\/li>\n<li style=\"text-align: justify;\">Polish Institute \/\u00a0Po\u013esk\u00fd in\u0161tit\u00fat, N\u00e1mestie SNP 27, tel.: +421 2 5443 2014<\/li>\n<li style=\"text-align: justify;\">Austrian Cultural Forum \/ Rak\u00faske kult\u00farne f\u00f3rum, Zelen\u00e1 7, tel.: +421 2 5464 1337<\/li>\n<li style=\"text-align: justify;\">Russian Centre of Science and Culture \/\u00a0Rusk\u00e9 centrum vedy a\u00a0kult\u00fary, ul. Fra\u0148a Kr\u00e1\u013ea 2, tel.: +421 2 5262 4471<\/li>\n<li style=\"text-align: justify;\">Cultural and Information Services of the Embassy of USA \/\u00a0Kult\u00farne a\u00a0informa\u010dn\u00e9 oddelenie Ve\u013evyslanectva USA, Hviezdoslavovo n\u00e1m.4, tel.: +421 2 5262 4471<\/li>\n<\/ul>\n","protected":false},"excerpt":{"rendered":"<p>Bratislava, as the capital city, is the cultural centre of Slovakia and offers a\u00a0wide choice of cultural experiences. The most notable cultural institutions\/scenes\/exhibitions are the following ones: \u00a0 Theatres: Slovak National Theatre \/ SND (Opera house and Drama theatre), historical building\/ticketing office: Gork\u00e9ho 4, 815 86 Bratislava New building of SND: Pribinova 17, 819 01 [&hellip;]<\/p>\n","protected":false},"author":8,"featured_media":0,"parent":90877,"menu_order":0,"comment_status":"closed","ping_status":"open","template":"","meta":{"_acf_changed":false,"inline_featured_image":false,"footnotes":""},"tags":[],"typ-stranky":[159],"class_list":["post-90881","page","type-page","status-publish","hentry","typ-stranky-so-sidebarom"],"acf":[],"yoast_head":"<!-- This site is optimized with the Yoast SEO plugin v27.3 - https:\/\/yoast.com\/product\/yoast-seo-wordpress\/ -->\n<title>Culture | PEU<\/title>\n<meta name=\"robots\" content=\"index, follow, max-snippet:-1, max-image-preview:large, max-video-preview:-1\" \/>\n<link rel=\"canonical\" href=\"https:\/\/www.paneurouni.com\/en\/about-us\/useful-information\/culture\/\" \/>\n<meta property=\"og:locale\" content=\"en_US\" \/>\n<meta property=\"og:type\" content=\"article\" \/>\n<meta property=\"og:title\" content=\"Culture | PEU\" \/>\n<meta property=\"og:description\" content=\"Bratislava, as the capital city, is the cultural centre of Slovakia and offers a\u00a0wide choice of cultural experiences. The most notable cultural institutions\/scenes\/exhibitions are the following ones: \u00a0 Theatres: Slovak National Theatre \/ SND (Opera house and Drama theatre), historical building\/ticketing office: Gork\u00e9ho 4, 815 86 Bratislava New building of SND: Pribinova 17, 819 01 [&hellip;]\" \/>\n<meta property=\"og:url\" content=\"https:\/\/www.paneurouni.com\/en\/about-us\/useful-information\/culture\/\" \/>\n<meta property=\"og:site_name\" content=\"PEU\" \/>\n<meta property=\"article:publisher\" content=\"https:\/\/www.facebook.com\/PaneuropskaVS\/\" \/>\n<meta property=\"article:modified_time\" content=\"2026-04-08T09:37:09+00:00\" \/>\n<meta name=\"twitter:card\" content=\"summary_large_image\" \/>\n<meta name=\"twitter:site\" content=\"@paneuropska_vs\" \/>\n<meta name=\"twitter:label1\" content=\"Est. reading time\" \/>\n\t<meta name=\"twitter:data1\" content=\"4 minutes\" \/>\n<!-- \/ Yoast SEO plugin. -->","yoast_head_json":{"title":"Culture | PEU","robots":{"index":"index","follow":"follow","max-snippet":"max-snippet:-1","max-image-preview":"max-image-preview:large","max-video-preview":"max-video-preview:-1"},"canonical":"https:\/\/www.paneurouni.com\/en\/about-us\/useful-information\/culture\/","og_locale":"en_US","og_type":"article","og_title":"Culture | PEU","og_description":"Bratislava, as the capital city, is the cultural centre of Slovakia and offers a\u00a0wide choice of cultural experiences. The most notable cultural institutions\/scenes\/exhibitions are the following ones: \u00a0 Theatres: Slovak National Theatre \/ SND (Opera house and Drama theatre), historical building\/ticketing office: Gork\u00e9ho 4, 815 86 Bratislava New building of SND: Pribinova 17, 819 01 [&hellip;]","og_url":"https:\/\/www.paneurouni.com\/en\/about-us\/useful-information\/culture\/","og_site_name":"PEU","article_publisher":"https:\/\/www.facebook.com\/PaneuropskaVS\/","article_modified_time":"2026-04-08T09:37:09+00:00","twitter_card":"summary_large_image","twitter_site":"@paneuropska_vs","twitter_misc":{"Est. reading time":"4 minutes"},"schema":{"@context":"https:\/\/schema.org","@graph":[{"@type":"WebPage","@id":"https:\/\/www.paneurouni.com\/en\/about-us\/useful-information\/culture\/","url":"https:\/\/www.paneurouni.com\/en\/about-us\/useful-information\/culture\/","name":"Culture | PEU","isPartOf":{"@id":"https:\/\/www.paneurouni.com\/en\/#website"},"datePublished":"2017-07-10T10:46:51+00:00","dateModified":"2026-04-08T09:37:09+00:00","breadcrumb":{"@id":"https:\/\/www.paneurouni.com\/en\/about-us\/useful-information\/culture\/#breadcrumb"},"inLanguage":"en-US","potentialAction":[{"@type":"ReadAction","target":["https:\/\/www.paneurouni.com\/en\/about-us\/useful-information\/culture\/"]}]},{"@type":"BreadcrumbList","@id":"https:\/\/www.paneurouni.com\/en\/about-us\/useful-information\/culture\/#breadcrumb","itemListElement":[{"@type":"ListItem","position":1,"name":"Domovsk\u00e1 str\u00e1nka","item":"https:\/\/www.paneurouni.com\/en\/"},{"@type":"ListItem","position":2,"name":"About Us","item":"https:\/\/www.paneurouni.com\/en\/about-us__trashed\/about-us\/"},{"@type":"ListItem","position":3,"name":"Useful information","item":"https:\/\/www.paneurouni.com\/en\/about-us__trashed\/about-us\/useful-information\/"},{"@type":"ListItem","position":4,"name":"Culture"}]},{"@type":"WebSite","@id":"https:\/\/www.paneurouni.com\/en\/#website","url":"https:\/\/www.paneurouni.com\/en\/","name":"Paneur\u00f3pska V\u0160","description":"Paneur\u00f3pska Vysok\u00e1 \u0160kola v Bratislave","publisher":{"@id":"https:\/\/www.paneurouni.com\/en\/#organization"},"potentialAction":[{"@type":"SearchAction","target":{"@type":"EntryPoint","urlTemplate":"https:\/\/www.paneurouni.com\/en\/?s={search_term_string}"},"query-input":{"@type":"PropertyValueSpecification","valueRequired":true,"valueName":"search_term_string"}}],"inLanguage":"en-US"},{"@type":"Organization","@id":"https:\/\/www.paneurouni.com\/en\/#organization","name":"Paneur\u00f3pska V\u0160","url":"https:\/\/www.paneurouni.com\/en\/","logo":{"@type":"ImageObject","inLanguage":"en-US","@id":"https:\/\/www.paneurouni.com\/en\/#\/schema\/logo\/image\/","url":"https:\/\/www.paneurouni.com\/en\/wp-content\/uploads\/2023\/03\/pevs-logo-1.svg","contentUrl":"https:\/\/www.paneurouni.com\/en\/wp-content\/uploads\/2023\/03\/pevs-logo-1.svg","width":293,"height":70,"caption":"Paneur\u00f3pska V\u0160"},"image":{"@id":"https:\/\/www.paneurouni.com\/en\/#\/schema\/logo\/image\/"},"sameAs":["https:\/\/www.facebook.com\/PaneuropskaVS\/","https:\/\/x.com\/paneuropska_vs","https:\/\/www.instagram.com\/paneuropska_vysoka_skola\/","https:\/\/www.youtube.com\/channel\/UCc8tUvmjlxAIYtplmv-G2MQ"]}]}},"_links":{"self":[{"href":"https:\/\/www.paneurouni.com\/en\/wp-json\/wp\/v2\/pages\/90881","targetHints":{"allow":["GET"]}}],"collection":[{"href":"https:\/\/www.paneurouni.com\/en\/wp-json\/wp\/v2\/pages"}],"about":[{"href":"https:\/\/www.paneurouni.com\/en\/wp-json\/wp\/v2\/types\/page"}],"author":[{"embeddable":true,"href":"https:\/\/www.paneurouni.com\/en\/wp-json\/wp\/v2\/users\/8"}],"replies":[{"embeddable":true,"href":"https:\/\/www.paneurouni.com\/en\/wp-json\/wp\/v2\/comments?post=90881"}],"version-history":[{"count":1,"href":"https:\/\/www.paneurouni.com\/en\/wp-json\/wp\/v2\/pages\/90881\/revisions"}],"predecessor-version":[{"id":91051,"href":"https:\/\/www.paneurouni.com\/en\/wp-json\/wp\/v2\/pages\/90881\/revisions\/91051"}],"up":[{"embeddable":true,"href":"https:\/\/www.paneurouni.com\/en\/wp-json\/wp\/v2\/pages\/90877"}],"wp:attachment":[{"href":"https:\/\/www.paneurouni.com\/en\/wp-json\/wp\/v2\/media?parent=90881"}],"wp:term":[{"taxonomy":"post_tag","embeddable":true,"href":"https:\/\/www.paneurouni.com\/en\/wp-json\/wp\/v2\/tags?post=90881"},{"taxonomy":"typ-stranky","embeddable":true,"href":"https:\/\/www.paneurouni.com\/en\/wp-json\/wp\/v2\/typ-stranky?post=90881"}],"curies":[{"name":"wp","href":"https:\/\/api.w.org\/{rel}","templated":true}]}}