{"id":90882,"date":"2017-07-10T12:48:32","date_gmt":"2017-07-10T10:48:32","guid":{"rendered":"https:\/\/www.paneurouni.com\/en\/sports-and-leisure\/"},"modified":"2026-04-08T11:37:18","modified_gmt":"2026-04-08T09:37:18","slug":"sports-and-leisure","status":"publish","type":"page","link":"https:\/\/www.paneurouni.com\/en\/about-us\/useful-information\/sports-and-leisure\/","title":{"rendered":"Sports and Leisure"},"content":{"rendered":"<p style=\"text-align: justify;\"><strong>The proximity to nature and areas for outdoor activities predestines Bratislava to be a\u00a0true experience for its guests and visitors.<\/strong> Not only sigtseeing and history, museums and theatres, cultural and music events, but also a\u00a0wide range of leisure activities, such as wellness, sports nightlife or shopping may be experienced in Bratislava.<\/p>\n<p style=\"text-align: justify;\"><strong>On sunny days, you may use the cycling trails to reach out of the city centre, indulge during walks or hikes in the Small Carpathians or spend your time actively with in-line skating, tennis, badminton, frisbie or p\u00e9tanque.<\/strong><\/p>\n<p style=\"text-align: justify;\">Just outside the city numerous lakes invite for a\u00a0swim and the fun is guaranteed in thermal spas, baths or waterparks. <strong>From among many others let The Centre of Wild Water sports in \u010cunovo aj\u00a0(<a href=\"http:\/\/www.divokavoda.sk\/\">Are\u00e1l vodn\u00fdch \u0161portov<\/a>)\u00a0may be mentioned, as well as the waterparks in Senec (<a href=\"http:\/\/senec.aquapark.sk\/\">Aqua park<\/a>), Dunajsk\u00e1 Streda (<a href=\"http:\/\/www.thermalpark.sk\/\">Thermalpark<\/a>) or the thermal baths in Ve\u013ek\u00fd Meder (Thermal Corvinus).<\/strong><\/p>\n<p style=\"text-align: justify;\"><strong>Golf-enthusiasts may also find their full enjoyment in golf resorts<\/strong>, the most renowned just outside of Bratislava to be found on the garden compounds of a\u00a0barrock-castle in Bernol\u00e1kovo (<a href=\"http:\/\/www.golf.sk\/\">Bernol\u00e1kov<\/a>o).<\/p>\n<p style=\"text-align: justify;\"><strong>Very close to the Water Sports Centre in \u010cu\u0148ovo<\/strong>, situated in the area of the system of waterworks on the river Danube, just on the border to Hungary, <strong>the renowned gallery of modern arts, the Danubiana Meulensteen Art Museum<\/strong> (<a href=\"http:\/\/www.danubiana.sk\/\">Danubiana Art Museum<\/a>)\u00a0is to be found, covering an area of a\u00a0narrow river peninsula of approx. 1700 m2. Art exhibitions are not only presented indoors, but there is a\u00a0whole section of local and international sculptors\u00b4 work on the garden compounds of Danubiana.<\/p>\n<p style=\"text-align: justify;\"><strong>Last but not least, the foothills of the mountain range of the Small Carpathians are one of the most renowned wine growing areas of whole Slovakia<\/strong>. Harvesting festivals, tasting events of the local wine producers and a\u00a0pleasant escape from the city invite fo a\u00a0delightful culinary and wine experience.<\/p>\n","protected":false},"excerpt":{"rendered":"<p>The proximity to nature and areas for outdoor activities predestines Bratislava to be a\u00a0true experience for its guests and visitors. Not only sigtseeing and history, museums and theatres, cultural and music events, but also a\u00a0wide range of leisure activities, such as wellness, sports nightlife or shopping may be experienced in Bratislava. On sunny days, you [&hellip;]<\/p>\n","protected":false},"author":8,"featured_media":0,"parent":90877,"menu_order":0,"comment_status":"closed","ping_status":"open","template":"","meta":{"_acf_changed":false,"inline_featured_image":false,"footnotes":""},"tags":[],"typ-stranky":[159],"class_list":["post-90882","page","type-page","status-publish","hentry","typ-stranky-so-sidebarom"],"acf":[],"yoast_head":"<!-- This site is optimized with the Yoast SEO plugin v27.3 - https:\/\/yoast.com\/product\/yoast-seo-wordpress\/ -->\n<title>Sports and Leisure | PEU<\/title>\n<meta name=\"robots\" content=\"index, follow, max-snippet:-1, max-image-preview:large, max-video-preview:-1\" \/>\n<link rel=\"canonical\" href=\"https:\/\/www.paneurouni.com\/en\/about-us\/useful-information\/sports-and-leisure\/\" \/>\n<meta property=\"og:locale\" content=\"en_US\" \/>\n<meta property=\"og:type\" content=\"article\" \/>\n<meta property=\"og:title\" content=\"Sports and Leisure | PEU\" \/>\n<meta property=\"og:description\" content=\"The proximity to nature and areas for outdoor activities predestines Bratislava to be a\u00a0true experience for its guests and visitors. Not only sigtseeing and history, museums and theatres, cultural and music events, but also a\u00a0wide range of leisure activities, such as wellness, sports nightlife or shopping may be experienced in Bratislava. On sunny days, you [&hellip;]\" \/>\n<meta property=\"og:url\" content=\"https:\/\/www.paneurouni.com\/en\/about-us\/useful-information\/sports-and-leisure\/\" \/>\n<meta property=\"og:site_name\" content=\"PEU\" \/>\n<meta property=\"article:publisher\" content=\"https:\/\/www.facebook.com\/PaneuropskaVS\/\" \/>\n<meta property=\"article:modified_time\" content=\"2026-04-08T09:37:18+00:00\" \/>\n<meta name=\"twitter:card\" content=\"summary_large_image\" \/>\n<meta name=\"twitter:site\" content=\"@paneuropska_vs\" \/>\n<meta name=\"twitter:label1\" content=\"Est. reading time\" \/>\n\t<meta name=\"twitter:data1\" content=\"2 minutes\" \/>\n<!-- \/ Yoast SEO plugin. -->","yoast_head_json":{"title":"Sports and Leisure | PEU","robots":{"index":"index","follow":"follow","max-snippet":"max-snippet:-1","max-image-preview":"max-image-preview:large","max-video-preview":"max-video-preview:-1"},"canonical":"https:\/\/www.paneurouni.com\/en\/about-us\/useful-information\/sports-and-leisure\/","og_locale":"en_US","og_type":"article","og_title":"Sports and Leisure | PEU","og_description":"The proximity to nature and areas for outdoor activities predestines Bratislava to be a\u00a0true experience for its guests and visitors. Not only sigtseeing and history, museums and theatres, cultural and music events, but also a\u00a0wide range of leisure activities, such as wellness, sports nightlife or shopping may be experienced in Bratislava. On sunny days, you [&hellip;]","og_url":"https:\/\/www.paneurouni.com\/en\/about-us\/useful-information\/sports-and-leisure\/","og_site_name":"PEU","article_publisher":"https:\/\/www.facebook.com\/PaneuropskaVS\/","article_modified_time":"2026-04-08T09:37:18+00:00","twitter_card":"summary_large_image","twitter_site":"@paneuropska_vs","twitter_misc":{"Est. reading time":"2 minutes"},"schema":{"@context":"https:\/\/schema.org","@graph":[{"@type":"WebPage","@id":"https:\/\/www.paneurouni.com\/en\/about-us\/useful-information\/sports-and-leisure\/","url":"https:\/\/www.paneurouni.com\/en\/about-us\/useful-information\/sports-and-leisure\/","name":"Sports and Leisure | PEU","isPartOf":{"@id":"https:\/\/www.paneurouni.com\/en\/#website"},"datePublished":"2017-07-10T10:48:32+00:00","dateModified":"2026-04-08T09:37:18+00:00","breadcrumb":{"@id":"https:\/\/www.paneurouni.com\/en\/about-us\/useful-information\/sports-and-leisure\/#breadcrumb"},"inLanguage":"en-US","potentialAction":[{"@type":"ReadAction","target":["https:\/\/www.paneurouni.com\/en\/about-us\/useful-information\/sports-and-leisure\/"]}]},{"@type":"BreadcrumbList","@id":"https:\/\/www.paneurouni.com\/en\/about-us\/useful-information\/sports-and-leisure\/#breadcrumb","itemListElement":[{"@type":"ListItem","position":1,"name":"Domovsk\u00e1 str\u00e1nka","item":"https:\/\/www.paneurouni.com\/en\/"},{"@type":"ListItem","position":2,"name":"About Us","item":"https:\/\/www.paneurouni.com\/en\/about-us__trashed\/about-us\/"},{"@type":"ListItem","position":3,"name":"Useful information","item":"https:\/\/www.paneurouni.com\/en\/about-us__trashed\/about-us\/useful-information\/"},{"@type":"ListItem","position":4,"name":"Sports and Leisure"}]},{"@type":"WebSite","@id":"https:\/\/www.paneurouni.com\/en\/#website","url":"https:\/\/www.paneurouni.com\/en\/","name":"Paneur\u00f3pska V\u0160","description":"Paneur\u00f3pska Vysok\u00e1 \u0160kola v Bratislave","publisher":{"@id":"https:\/\/www.paneurouni.com\/en\/#organization"},"potentialAction":[{"@type":"SearchAction","target":{"@type":"EntryPoint","urlTemplate":"https:\/\/www.paneurouni.com\/en\/?s={search_term_string}"},"query-input":{"@type":"PropertyValueSpecification","valueRequired":true,"valueName":"search_term_string"}}],"inLanguage":"en-US"},{"@type":"Organization","@id":"https:\/\/www.paneurouni.com\/en\/#organization","name":"Paneur\u00f3pska V\u0160","url":"https:\/\/www.paneurouni.com\/en\/","logo":{"@type":"ImageObject","inLanguage":"en-US","@id":"https:\/\/www.paneurouni.com\/en\/#\/schema\/logo\/image\/","url":"https:\/\/www.paneurouni.com\/en\/wp-content\/uploads\/2023\/03\/pevs-logo-1.svg","contentUrl":"https:\/\/www.paneurouni.com\/en\/wp-content\/uploads\/2023\/03\/pevs-logo-1.svg","width":293,"height":70,"caption":"Paneur\u00f3pska V\u0160"},"image":{"@id":"https:\/\/www.paneurouni.com\/en\/#\/schema\/logo\/image\/"},"sameAs":["https:\/\/www.facebook.com\/PaneuropskaVS\/","https:\/\/x.com\/paneuropska_vs","https:\/\/www.instagram.com\/paneuropska_vysoka_skola\/","https:\/\/www.youtube.com\/channel\/UCc8tUvmjlxAIYtplmv-G2MQ"]}]}},"_links":{"self":[{"href":"https:\/\/www.paneurouni.com\/en\/wp-json\/wp\/v2\/pages\/90882","targetHints":{"allow":["GET"]}}],"collection":[{"href":"https:\/\/www.paneurouni.com\/en\/wp-json\/wp\/v2\/pages"}],"about":[{"href":"https:\/\/www.paneurouni.com\/en\/wp-json\/wp\/v2\/types\/page"}],"author":[{"embeddable":true,"href":"https:\/\/www.paneurouni.com\/en\/wp-json\/wp\/v2\/users\/8"}],"replies":[{"embeddable":true,"href":"https:\/\/www.paneurouni.com\/en\/wp-json\/wp\/v2\/comments?post=90882"}],"version-history":[{"count":1,"href":"https:\/\/www.paneurouni.com\/en\/wp-json\/wp\/v2\/pages\/90882\/revisions"}],"predecessor-version":[{"id":91052,"href":"https:\/\/www.paneurouni.com\/en\/wp-json\/wp\/v2\/pages\/90882\/revisions\/91052"}],"up":[{"embeddable":true,"href":"https:\/\/www.paneurouni.com\/en\/wp-json\/wp\/v2\/pages\/90877"}],"wp:attachment":[{"href":"https:\/\/www.paneurouni.com\/en\/wp-json\/wp\/v2\/media?parent=90882"}],"wp:term":[{"taxonomy":"post_tag","embeddable":true,"href":"https:\/\/www.paneurouni.com\/en\/wp-json\/wp\/v2\/tags?post=90882"},{"taxonomy":"typ-stranky","embeddable":true,"href":"https:\/\/www.paneurouni.com\/en\/wp-json\/wp\/v2\/typ-stranky?post=90882"}],"curies":[{"name":"wp","href":"https:\/\/api.w.org\/{rel}","templated":true}]}}