{"id":90884,"date":"2017-07-11T13:41:56","date_gmt":"2017-07-11T11:41:56","guid":{"rendered":"https:\/\/www.paneurouni.com\/en\/faculty-law\/"},"modified":"2026-04-13T08:14:21","modified_gmt":"2026-04-13T06:14:21","slug":"faculty-law","status":"publish","type":"page","link":"https:\/\/www.paneurouni.com\/en\/about-us\/faculties\/faculty-law\/","title":{"rendered":"Faculty of Law"},"content":{"rendered":"\n<figure class=\"wp-block-image aligncenter\"><img decoding=\"async\" src=\"https:\/\/www.paneurouni.com\/en\/wp-content\/uploads\/2026\/02\/znak-fp.jpg\" alt=\"\" class=\"wp-image-6332\"\/><\/figure>\n\n\n\n<p><strong>The Faculty of Law is the founding faculty of the whole Pan-European University. As such, it&nbsp;began to offer university education in 2004<\/strong>. It offers accredited programs in all 3 cycles of university studies \u2013<strong> bachelor&#8217;s, master\u00b4s and PhD.<\/strong> It also offers the opportunity to reach a&nbsp;professional title of \u201eiuris doctor\u201c (JUDr.) and in a&nbsp;contractual partnership an LL.M. program is being conducted.<\/p>\n\n\n\n<p>The aim of the faculty is to strive for quality legal education and to pursue a\u00a0further development of accredited programs of studies. With the achieved knowledge and expertise the graduates should be able to join not only the traditional legal professions, but to become highly motivated professionals for the current needs of the changing legal profession.<\/p>\n\n\n\n<p>As a&nbsp;very important part of the education a&nbsp;practical experience is our strategic goal. Gaining practical experience already during the studies enables the graduates to leave for the labour market in a&nbsp;comparatively better position. Corporate partnerships with <strong>IBM, the Slovak Football Association, the Slovak National Centre for Human Rights, the National Association of Real Estate Agents, News and Media Holding or the Slovak Association of Insurance Companies<\/strong>, among others serve the purpose to highlight practical aspects of studies. Experts are being invited into the direct tuition and specialised seminars, workshops and professional events are offered in cooperation with the corporate partners.<\/p>\n\n\n\n<p><strong>Besides the general curriculum, specialisations through a\u00a0choice of optional courses are offered in medical law, law in sports, real estate law, etc. The tuition in Slovak taught degree programs is complemented by a\u00a0choice of English taught courses, with a\u00a0special emphasis at courses in the fields of International and European Law.<\/strong><\/p>\n\n\n\n<p>An interdisciplinary offer of parallel studies in the fields of expertise of other faculties of PEU, such as psychology, media, economics and informatics may be offered.<\/p>\n\n\n\n<p><strong>STUDENT&nbsp;experience<\/strong><\/p>\n\n\n\n<p><strong>Oliver Bori,&nbsp;<\/strong><strong>student of the Faculty of Law<\/strong><\/p>\n\n\n\n<figure class=\"wp-block-image aligncenter is-resized\"><img decoding=\"async\" src=\"https:\/\/www.paneurouni.com\/en\/wp-content\/uploads\/2026\/02\/286641bd_ea3e_4cc9_a7e8_3d590ae4e982-scaled.jpg\" alt=\"\" class=\"wp-image-20208\" style=\"width:170px\"\/><\/figure>\n\n\n\n<p>,,<em>To me&nbsp;personally&nbsp;the study brings an overview and thanks to many partnerships, a wide range of possibilities in the private and public sphere to gain practical skills &#8211; for&nbsp;example&nbsp;thanks to the event \u201cCareer Day\u201d which takes place every year and aims to provide job opportunities to students.&#8221;<\/em><\/p>\n\n\n\n<hr class=\"wp-block-separator has-alpha-channel-opacity\"\/>\n\n\n\n<p><strong>TEACHER&nbsp;perspective&nbsp;<\/strong><\/p>\n\n\n\n<p><strong>Lecturer of the Faculty of Law, JUDr. Andrea Erdo\u0161ov\u00e1, PhD.<\/strong><\/p>\n\n\n\n<p>,,<em>The Faculty of Law provides graduates with the opportunity to apply in a wide range of legal professions. During the course of study, they may choose, in addition to their general and interrelated studies from their own interest &#8211; European, international, real estate or environmental law. At the faculty, personal approach to students is<\/em> <em>preferred<\/em>,<em> and studying a dynamic, exclusive way of learning and personal self-realization carries out the composition of multiple subjects of clinical and practical education.&#8221;<\/em><\/p>\n\n\n\n<figure class=\"wp-block-image aligncenter is-resized\"><img decoding=\"async\" src=\"https:\/\/www.paneurouni.com\/en\/wp-content\/uploads\/2026\/02\/img_8545.jpg\" alt=\"\" class=\"wp-image-20245\" style=\"width:170px\"\/><\/figure>\n\n\n\n<hr class=\"wp-block-separator has-alpha-channel-opacity\"\/>\n","protected":false},"excerpt":{"rendered":"<p>The Faculty of Law is the founding faculty of the whole Pan-European University. As such, it&nbsp;began to offer university education in 2004. It offers accredited programs in all 3 cycles of university studies \u2013 bachelor&#8217;s, master\u00b4s and PhD. It also offers the opportunity to reach a&nbsp;professional title of \u201eiuris doctor\u201c (JUDr.) and in a&nbsp;contractual partnership [&hellip;]<\/p>\n","protected":false},"author":8,"featured_media":90885,"parent":90985,"menu_order":0,"comment_status":"closed","ping_status":"open","template":"","meta":{"_acf_changed":false,"inline_featured_image":false,"footnotes":""},"tags":[],"typ-stranky":[159],"class_list":["post-90884","page","type-page","status-publish","has-post-thumbnail","hentry","typ-stranky-so-sidebarom"],"acf":[],"yoast_head":"<!-- This site is optimized with the Yoast SEO plugin v27.3 - https:\/\/yoast.com\/product\/yoast-seo-wordpress\/ -->\n<title>Faculty of Law | PEU<\/title>\n<meta name=\"robots\" content=\"index, follow, max-snippet:-1, max-image-preview:large, max-video-preview:-1\" \/>\n<link rel=\"canonical\" href=\"https:\/\/www.paneurouni.com\/en\/about-us\/faculties\/faculty-law\/\" \/>\n<meta property=\"og:locale\" content=\"en_US\" \/>\n<meta property=\"og:type\" content=\"article\" \/>\n<meta property=\"og:title\" content=\"Faculty of Law | PEU\" \/>\n<meta property=\"og:description\" content=\"The Faculty of Law is the founding faculty of the whole Pan-European University. As such, it&nbsp;began to offer university education in 2004. It offers accredited programs in all 3 cycles of university studies \u2013 bachelor&#8217;s, master\u00b4s and PhD. It also offers the opportunity to reach a&nbsp;professional title of \u201eiuris doctor\u201c (JUDr.) and in a&nbsp;contractual partnership [&hellip;]\" \/>\n<meta property=\"og:url\" content=\"https:\/\/www.paneurouni.com\/en\/about-us\/faculties\/faculty-law\/\" \/>\n<meta property=\"og:site_name\" content=\"PEU\" \/>\n<meta property=\"article:publisher\" content=\"https:\/\/www.facebook.com\/PaneuropskaVS\/\" \/>\n<meta property=\"article:modified_time\" content=\"2026-04-13T06:14:21+00:00\" \/>\n<meta property=\"og:image\" content=\"https:\/\/www.paneurouni.com\/en\/wp-content\/uploads\/2026\/02\/fakulta_prava.jpg\" \/>\n\t<meta property=\"og:image:width\" content=\"267\" \/>\n\t<meta property=\"og:image:height\" content=\"210\" \/>\n\t<meta property=\"og:image:type\" content=\"image\/jpeg\" \/>\n<meta name=\"twitter:card\" content=\"summary_large_image\" \/>\n<meta name=\"twitter:site\" content=\"@paneuropska_vs\" \/>\n<meta name=\"twitter:label1\" content=\"Est. reading time\" \/>\n\t<meta name=\"twitter:data1\" content=\"4 minutes\" \/>\n<!-- \/ Yoast SEO plugin. -->","yoast_head_json":{"title":"Faculty of Law | PEU","robots":{"index":"index","follow":"follow","max-snippet":"max-snippet:-1","max-image-preview":"max-image-preview:large","max-video-preview":"max-video-preview:-1"},"canonical":"https:\/\/www.paneurouni.com\/en\/about-us\/faculties\/faculty-law\/","og_locale":"en_US","og_type":"article","og_title":"Faculty of Law | PEU","og_description":"The Faculty of Law is the founding faculty of the whole Pan-European University. As such, it&nbsp;began to offer university education in 2004. It offers accredited programs in all 3 cycles of university studies \u2013 bachelor&#8217;s, master\u00b4s and PhD. It also offers the opportunity to reach a&nbsp;professional title of \u201eiuris doctor\u201c (JUDr.) and in a&nbsp;contractual partnership [&hellip;]","og_url":"https:\/\/www.paneurouni.com\/en\/about-us\/faculties\/faculty-law\/","og_site_name":"PEU","article_publisher":"https:\/\/www.facebook.com\/PaneuropskaVS\/","article_modified_time":"2026-04-13T06:14:21+00:00","og_image":[{"width":267,"height":210,"url":"https:\/\/www.paneurouni.com\/en\/wp-content\/uploads\/2026\/02\/fakulta_prava.jpg","type":"image\/jpeg"}],"twitter_card":"summary_large_image","twitter_site":"@paneuropska_vs","twitter_misc":{"Est. reading time":"4 minutes"},"schema":{"@context":"https:\/\/schema.org","@graph":[{"@type":"WebPage","@id":"https:\/\/www.paneurouni.com\/en\/about-us\/faculties\/faculty-law\/","url":"https:\/\/www.paneurouni.com\/en\/about-us\/faculties\/faculty-law\/","name":"Faculty of Law | PEU","isPartOf":{"@id":"https:\/\/www.paneurouni.com\/en\/#website"},"primaryImageOfPage":{"@id":"https:\/\/www.paneurouni.com\/en\/about-us\/faculties\/faculty-law\/#primaryimage"},"image":{"@id":"https:\/\/www.paneurouni.com\/en\/about-us\/faculties\/faculty-law\/#primaryimage"},"thumbnailUrl":"https:\/\/www.paneurouni.com\/en\/wp-content\/uploads\/2026\/02\/fakulta_prava.jpg","datePublished":"2017-07-11T11:41:56+00:00","dateModified":"2026-04-13T06:14:21+00:00","breadcrumb":{"@id":"https:\/\/www.paneurouni.com\/en\/about-us\/faculties\/faculty-law\/#breadcrumb"},"inLanguage":"en-US","potentialAction":[{"@type":"ReadAction","target":["https:\/\/www.paneurouni.com\/en\/about-us\/faculties\/faculty-law\/"]}]},{"@type":"ImageObject","inLanguage":"en-US","@id":"https:\/\/www.paneurouni.com\/en\/about-us\/faculties\/faculty-law\/#primaryimage","url":"https:\/\/www.paneurouni.com\/en\/wp-content\/uploads\/2026\/02\/fakulta_prava.jpg","contentUrl":"https:\/\/www.paneurouni.com\/en\/wp-content\/uploads\/2026\/02\/fakulta_prava.jpg","width":267,"height":210},{"@type":"BreadcrumbList","@id":"https:\/\/www.paneurouni.com\/en\/about-us\/faculties\/faculty-law\/#breadcrumb","itemListElement":[{"@type":"ListItem","position":1,"name":"Domovsk\u00e1 str\u00e1nka","item":"https:\/\/www.paneurouni.com\/en\/"},{"@type":"ListItem","position":2,"name":"About Us","item":"https:\/\/www.paneurouni.com\/en\/about-us__trashed\/about-us\/"},{"@type":"ListItem","position":3,"name":"Faculties","item":"https:\/\/www.paneurouni.com\/en\/about-us\/faculties\/"},{"@type":"ListItem","position":4,"name":"Faculty of Law"}]},{"@type":"WebSite","@id":"https:\/\/www.paneurouni.com\/en\/#website","url":"https:\/\/www.paneurouni.com\/en\/","name":"Paneur\u00f3pska V\u0160","description":"Paneur\u00f3pska Vysok\u00e1 \u0160kola v Bratislave","publisher":{"@id":"https:\/\/www.paneurouni.com\/en\/#organization"},"potentialAction":[{"@type":"SearchAction","target":{"@type":"EntryPoint","urlTemplate":"https:\/\/www.paneurouni.com\/en\/?s={search_term_string}"},"query-input":{"@type":"PropertyValueSpecification","valueRequired":true,"valueName":"search_term_string"}}],"inLanguage":"en-US"},{"@type":"Organization","@id":"https:\/\/www.paneurouni.com\/en\/#organization","name":"Paneur\u00f3pska V\u0160","url":"https:\/\/www.paneurouni.com\/en\/","logo":{"@type":"ImageObject","inLanguage":"en-US","@id":"https:\/\/www.paneurouni.com\/en\/#\/schema\/logo\/image\/","url":"https:\/\/www.paneurouni.com\/en\/wp-content\/uploads\/2023\/03\/pevs-logo-1.svg","contentUrl":"https:\/\/www.paneurouni.com\/en\/wp-content\/uploads\/2023\/03\/pevs-logo-1.svg","width":293,"height":70,"caption":"Paneur\u00f3pska V\u0160"},"image":{"@id":"https:\/\/www.paneurouni.com\/en\/#\/schema\/logo\/image\/"},"sameAs":["https:\/\/www.facebook.com\/PaneuropskaVS\/","https:\/\/x.com\/paneuropska_vs","https:\/\/www.instagram.com\/paneuropska_vysoka_skola\/","https:\/\/www.youtube.com\/channel\/UCc8tUvmjlxAIYtplmv-G2MQ"]}]}},"_links":{"self":[{"href":"https:\/\/www.paneurouni.com\/en\/wp-json\/wp\/v2\/pages\/90884","targetHints":{"allow":["GET"]}}],"collection":[{"href":"https:\/\/www.paneurouni.com\/en\/wp-json\/wp\/v2\/pages"}],"about":[{"href":"https:\/\/www.paneurouni.com\/en\/wp-json\/wp\/v2\/types\/page"}],"author":[{"embeddable":true,"href":"https:\/\/www.paneurouni.com\/en\/wp-json\/wp\/v2\/users\/8"}],"replies":[{"embeddable":true,"href":"https:\/\/www.paneurouni.com\/en\/wp-json\/wp\/v2\/comments?post=90884"}],"version-history":[{"count":2,"href":"https:\/\/www.paneurouni.com\/en\/wp-json\/wp\/v2\/pages\/90884\/revisions"}],"predecessor-version":[{"id":92706,"href":"https:\/\/www.paneurouni.com\/en\/wp-json\/wp\/v2\/pages\/90884\/revisions\/92706"}],"up":[{"embeddable":true,"href":"https:\/\/www.paneurouni.com\/en\/wp-json\/wp\/v2\/pages\/90985"}],"wp:featuredmedia":[{"embeddable":true,"href":"https:\/\/www.paneurouni.com\/en\/wp-json\/wp\/v2\/media\/90885"}],"wp:attachment":[{"href":"https:\/\/www.paneurouni.com\/en\/wp-json\/wp\/v2\/media?parent=90884"}],"wp:term":[{"taxonomy":"post_tag","embeddable":true,"href":"https:\/\/www.paneurouni.com\/en\/wp-json\/wp\/v2\/tags?post=90884"},{"taxonomy":"typ-stranky","embeddable":true,"href":"https:\/\/www.paneurouni.com\/en\/wp-json\/wp\/v2\/typ-stranky?post=90884"}],"curies":[{"name":"wp","href":"https:\/\/api.w.org\/{rel}","templated":true}]}}