{"id":90886,"date":"2017-07-11T13:42:15","date_gmt":"2017-07-11T11:42:15","guid":{"rendered":"https:\/\/www.paneurouni.com\/en\/faculty-psychology\/"},"modified":"2026-04-07T14:30:20","modified_gmt":"2026-04-07T12:30:20","slug":"faculty-psychology","status":"publish","type":"page","link":"https:\/\/www.paneurouni.com\/en\/about-us\/faculties\/faculty-psychology\/","title":{"rendered":"Faculty of Psychology"},"content":{"rendered":"\n<figure class=\"wp-block-image aligncenter\"><img decoding=\"async\" src=\"https:\/\/www.paneurouni.com\/en\/wp-content\/uploads\/2026\/02\/znak-fps.jpg\" alt=\"\" class=\"wp-image-6327\"\/><\/figure>\n\n\n\n<p><strong>The Faculty of Psychology, founded in 2011,<\/strong> is the only of its kind in Slovakia. It offers full university education in all 3 cycles \u2013 <strong>bachelor, master\u00b4s and PhD.<\/strong> Additionally, a&nbsp;professional doctorate (PhDr.) may be achieved in special proceedings.<\/p>\n\n\n\n<p><strong>The faculty offers a&nbsp;combination of theory and practice, complemented by a&nbsp;profile of European professional in psychologic standards, which may be certified by a&nbsp;professional diploma of a&nbsp;\u201eEuropean Psychologist Certificate\u201c<\/strong>. The certification fullfils the needs of standardised content of psychology studies throughout the Europe.<\/p>\n\n\n\n<p>Our mission is to react to current needs on the education market in psychology and that is why we aim at offering an expertise which reaches beyond the general and traditional education of psychology. The first aspect is guaranteed by new specialisations to be reached through our degree program, such as offering psychologic studies in Multicultural Tolerance. The second aspect demonstrates in a&nbsp;close interdisciplinarity and a&nbsp;strong interconnection of theoretical education with practice. Our partners from the sector of conduct of practical psychology enable our students to share their high class expertise in offering psychologic services on a&nbsp;daily basis. Among these, the Slovak National Centre for Human Rights, the League for Mental Health and professional corporations and chambers of psychologists and psychotherapists may be specifically mentioned. Experts are being invited into the direct tuition and specialised seminars, workshops and practical placements or other professional events are being offered in cooperation with our partners.<\/p>\n\n\n\n<p><strong>The team of academics of the Faculty of Psychology serve as psychologic practitioners themselves and share their expertise with students on a&nbsp;daily basis. Their demonstrable achievement is to educate and raise high quality professionals, who are not only knowledgeable, but committed to a&nbsp;challenging set of characteristics for a&nbsp;modern psychologist.<\/strong><\/p>\n\n\n\n<p>An interconnecting offer of parallel studies in the fields of expertise of other faculties of PEU, such as law, psychology, economics and informatics may be offered.<\/p>\n\n\n\n<hr class=\"wp-block-separator has-alpha-channel-opacity\"\/>\n\n\n\n<p><strong>STUDENT experience<\/strong><\/p>\n\n\n\n<p><strong>Henrieta Koklesov\u00e1,<\/strong>&nbsp;<strong>student&nbsp;of the Faculty of Psychology<\/strong><\/p>\n\n\n\n<figure class=\"wp-block-image aligncenter is-resized\"><img decoding=\"async\" src=\"https:\/\/www.paneurouni.com\/en\/wp-content\/uploads\/2026\/02\/img_7264.jpg\" alt=\"\" class=\"wp-image-20212\" style=\"width:170px\"\/><\/figure>\n\n\n\n<p><em>,,I&nbsp;would like to advise an applicant to avoid being afraid of the study. Of course, if someone wants to be an expert, they need to get the necessary knowledge and skills. But if he or she really enjoys the area of psychology they will also enjoy reading and lectures.&nbsp;<\/em>Addionally<em>, our teachers are always willing and ready to help in case of any difficulties.&#8221;<\/em><\/p>\n\n\n\n<hr class=\"wp-block-separator has-alpha-channel-opacity\"\/>\n\n\n\n<p><strong>TEACHER perspective<\/strong><\/p>\n\n\n\n<p><strong>Lecturer of the Faculty of Psychology: prof. Mgr. Eva Gajdo\u0161ov\u00e1, PhD.<\/strong><\/p>\n\n\n\n<figure class=\"wp-block-image aligncenter is-resized\"><img decoding=\"async\" src=\"https:\/\/www.paneurouni.com\/en\/wp-content\/uploads\/2026\/02\/img_8546.jpg\" alt=\"\" class=\"wp-image-20258\" style=\"width:170px\"\/><\/figure>\n\n\n\n<p><em>,,The study of psychology and, in my case, school psychology is very interesting, creative, enriching students both professionally and humanly and providing insights not only into the profession but also for a life as such. Our faculty focuses on learning that is strongly connected to practice, with the emphasis on the preparation of &#8220;psychology of practice&#8221;. Students work on the basis of the selected courses in training spots &#8211; at schools, school departments, or in companies and organizations where they gain professional psychological knowledge and valuable experience directly in the psychological environment.&#8221;<\/em><\/p>\n","protected":false},"excerpt":{"rendered":"<p>The Faculty of Psychology, founded in 2011, is the only of its kind in Slovakia. It offers full university education in all 3 cycles \u2013 bachelor, master\u00b4s and PhD. Additionally, a&nbsp;professional doctorate (PhDr.) may be achieved in special proceedings. The faculty offers a&nbsp;combination of theory and practice, complemented by a&nbsp;profile of European professional in psychologic [&hellip;]<\/p>\n","protected":false},"author":8,"featured_media":90887,"parent":90985,"menu_order":1,"comment_status":"closed","ping_status":"open","template":"","meta":{"_acf_changed":false,"inline_featured_image":false,"footnotes":""},"tags":[],"typ-stranky":[159],"class_list":["post-90886","page","type-page","status-publish","has-post-thumbnail","hentry","typ-stranky-so-sidebarom"],"acf":[],"yoast_head":"<!-- This site is optimized with the Yoast SEO plugin v27.3 - https:\/\/yoast.com\/product\/yoast-seo-wordpress\/ -->\n<title>Faculty of Psychology | PEU<\/title>\n<meta name=\"robots\" content=\"index, follow, max-snippet:-1, max-image-preview:large, max-video-preview:-1\" \/>\n<link rel=\"canonical\" href=\"https:\/\/www.paneurouni.com\/en\/about-us\/faculties\/faculty-psychology\/\" \/>\n<meta property=\"og:locale\" content=\"en_US\" \/>\n<meta property=\"og:type\" content=\"article\" \/>\n<meta property=\"og:title\" content=\"Faculty of Psychology | PEU\" \/>\n<meta property=\"og:description\" content=\"The Faculty of Psychology, founded in 2011, is the only of its kind in Slovakia. It offers full university education in all 3 cycles \u2013 bachelor, master\u00b4s and PhD. Additionally, a&nbsp;professional doctorate (PhDr.) may be achieved in special proceedings. The faculty offers a&nbsp;combination of theory and practice, complemented by a&nbsp;profile of European professional in psychologic [&hellip;]\" \/>\n<meta property=\"og:url\" content=\"https:\/\/www.paneurouni.com\/en\/about-us\/faculties\/faculty-psychology\/\" \/>\n<meta property=\"og:site_name\" content=\"PEU\" \/>\n<meta property=\"article:publisher\" content=\"https:\/\/www.facebook.com\/PaneuropskaVS\/\" \/>\n<meta property=\"article:modified_time\" content=\"2026-04-07T12:30:20+00:00\" \/>\n<meta property=\"og:image\" content=\"https:\/\/www.paneurouni.com\/en\/wp-content\/uploads\/2026\/02\/Fakulta-psychologie.jpg\" \/>\n\t<meta property=\"og:image:width\" content=\"267\" \/>\n\t<meta property=\"og:image:height\" content=\"210\" \/>\n\t<meta property=\"og:image:type\" content=\"image\/jpeg\" \/>\n<meta name=\"twitter:card\" content=\"summary_large_image\" \/>\n<meta name=\"twitter:site\" content=\"@paneuropska_vs\" \/>\n<meta name=\"twitter:label1\" content=\"Est. reading time\" \/>\n\t<meta name=\"twitter:data1\" content=\"4 minutes\" \/>\n<!-- \/ Yoast SEO plugin. -->","yoast_head_json":{"title":"Faculty of Psychology | PEU","robots":{"index":"index","follow":"follow","max-snippet":"max-snippet:-1","max-image-preview":"max-image-preview:large","max-video-preview":"max-video-preview:-1"},"canonical":"https:\/\/www.paneurouni.com\/en\/about-us\/faculties\/faculty-psychology\/","og_locale":"en_US","og_type":"article","og_title":"Faculty of Psychology | PEU","og_description":"The Faculty of Psychology, founded in 2011, is the only of its kind in Slovakia. It offers full university education in all 3 cycles \u2013 bachelor, master\u00b4s and PhD. Additionally, a&nbsp;professional doctorate (PhDr.) may be achieved in special proceedings. The faculty offers a&nbsp;combination of theory and practice, complemented by a&nbsp;profile of European professional in psychologic [&hellip;]","og_url":"https:\/\/www.paneurouni.com\/en\/about-us\/faculties\/faculty-psychology\/","og_site_name":"PEU","article_publisher":"https:\/\/www.facebook.com\/PaneuropskaVS\/","article_modified_time":"2026-04-07T12:30:20+00:00","og_image":[{"width":267,"height":210,"url":"https:\/\/www.paneurouni.com\/en\/wp-content\/uploads\/2026\/02\/Fakulta-psychologie.jpg","type":"image\/jpeg"}],"twitter_card":"summary_large_image","twitter_site":"@paneuropska_vs","twitter_misc":{"Est. reading time":"4 minutes"},"schema":{"@context":"https:\/\/schema.org","@graph":[{"@type":"WebPage","@id":"https:\/\/www.paneurouni.com\/en\/about-us\/faculties\/faculty-psychology\/","url":"https:\/\/www.paneurouni.com\/en\/about-us\/faculties\/faculty-psychology\/","name":"Faculty of Psychology | PEU","isPartOf":{"@id":"https:\/\/www.paneurouni.com\/en\/#website"},"primaryImageOfPage":{"@id":"https:\/\/www.paneurouni.com\/en\/about-us\/faculties\/faculty-psychology\/#primaryimage"},"image":{"@id":"https:\/\/www.paneurouni.com\/en\/about-us\/faculties\/faculty-psychology\/#primaryimage"},"thumbnailUrl":"https:\/\/www.paneurouni.com\/en\/wp-content\/uploads\/2026\/02\/Fakulta-psychologie.jpg","datePublished":"2017-07-11T11:42:15+00:00","dateModified":"2026-04-07T12:30:20+00:00","breadcrumb":{"@id":"https:\/\/www.paneurouni.com\/en\/about-us\/faculties\/faculty-psychology\/#breadcrumb"},"inLanguage":"en-US","potentialAction":[{"@type":"ReadAction","target":["https:\/\/www.paneurouni.com\/en\/about-us\/faculties\/faculty-psychology\/"]}]},{"@type":"ImageObject","inLanguage":"en-US","@id":"https:\/\/www.paneurouni.com\/en\/about-us\/faculties\/faculty-psychology\/#primaryimage","url":"https:\/\/www.paneurouni.com\/en\/wp-content\/uploads\/2026\/02\/Fakulta-psychologie.jpg","contentUrl":"https:\/\/www.paneurouni.com\/en\/wp-content\/uploads\/2026\/02\/Fakulta-psychologie.jpg","width":267,"height":210},{"@type":"BreadcrumbList","@id":"https:\/\/www.paneurouni.com\/en\/about-us\/faculties\/faculty-psychology\/#breadcrumb","itemListElement":[{"@type":"ListItem","position":1,"name":"Domovsk\u00e1 str\u00e1nka","item":"https:\/\/www.paneurouni.com\/en\/"},{"@type":"ListItem","position":2,"name":"About Us","item":"https:\/\/www.paneurouni.com\/en\/about-us__trashed\/about-us\/"},{"@type":"ListItem","position":3,"name":"Faculties","item":"https:\/\/www.paneurouni.com\/en\/about-us\/faculties\/"},{"@type":"ListItem","position":4,"name":"Faculty of Psychology"}]},{"@type":"WebSite","@id":"https:\/\/www.paneurouni.com\/en\/#website","url":"https:\/\/www.paneurouni.com\/en\/","name":"Paneur\u00f3pska V\u0160","description":"Paneur\u00f3pska Vysok\u00e1 \u0160kola v Bratislave","publisher":{"@id":"https:\/\/www.paneurouni.com\/en\/#organization"},"potentialAction":[{"@type":"SearchAction","target":{"@type":"EntryPoint","urlTemplate":"https:\/\/www.paneurouni.com\/en\/?s={search_term_string}"},"query-input":{"@type":"PropertyValueSpecification","valueRequired":true,"valueName":"search_term_string"}}],"inLanguage":"en-US"},{"@type":"Organization","@id":"https:\/\/www.paneurouni.com\/en\/#organization","name":"Paneur\u00f3pska V\u0160","url":"https:\/\/www.paneurouni.com\/en\/","logo":{"@type":"ImageObject","inLanguage":"en-US","@id":"https:\/\/www.paneurouni.com\/en\/#\/schema\/logo\/image\/","url":"https:\/\/www.paneurouni.com\/en\/wp-content\/uploads\/2023\/03\/pevs-logo-1.svg","contentUrl":"https:\/\/www.paneurouni.com\/en\/wp-content\/uploads\/2023\/03\/pevs-logo-1.svg","width":293,"height":70,"caption":"Paneur\u00f3pska V\u0160"},"image":{"@id":"https:\/\/www.paneurouni.com\/en\/#\/schema\/logo\/image\/"},"sameAs":["https:\/\/www.facebook.com\/PaneuropskaVS\/","https:\/\/x.com\/paneuropska_vs","https:\/\/www.instagram.com\/paneuropska_vysoka_skola\/","https:\/\/www.youtube.com\/channel\/UCc8tUvmjlxAIYtplmv-G2MQ"]}]}},"_links":{"self":[{"href":"https:\/\/www.paneurouni.com\/en\/wp-json\/wp\/v2\/pages\/90886","targetHints":{"allow":["GET"]}}],"collection":[{"href":"https:\/\/www.paneurouni.com\/en\/wp-json\/wp\/v2\/pages"}],"about":[{"href":"https:\/\/www.paneurouni.com\/en\/wp-json\/wp\/v2\/types\/page"}],"author":[{"embeddable":true,"href":"https:\/\/www.paneurouni.com\/en\/wp-json\/wp\/v2\/users\/8"}],"replies":[{"embeddable":true,"href":"https:\/\/www.paneurouni.com\/en\/wp-json\/wp\/v2\/comments?post=90886"}],"version-history":[{"count":2,"href":"https:\/\/www.paneurouni.com\/en\/wp-json\/wp\/v2\/pages\/90886\/revisions"}],"predecessor-version":[{"id":92502,"href":"https:\/\/www.paneurouni.com\/en\/wp-json\/wp\/v2\/pages\/90886\/revisions\/92502"}],"up":[{"embeddable":true,"href":"https:\/\/www.paneurouni.com\/en\/wp-json\/wp\/v2\/pages\/90985"}],"wp:featuredmedia":[{"embeddable":true,"href":"https:\/\/www.paneurouni.com\/en\/wp-json\/wp\/v2\/media\/90887"}],"wp:attachment":[{"href":"https:\/\/www.paneurouni.com\/en\/wp-json\/wp\/v2\/media?parent=90886"}],"wp:term":[{"taxonomy":"post_tag","embeddable":true,"href":"https:\/\/www.paneurouni.com\/en\/wp-json\/wp\/v2\/tags?post=90886"},{"taxonomy":"typ-stranky","embeddable":true,"href":"https:\/\/www.paneurouni.com\/en\/wp-json\/wp\/v2\/typ-stranky?post=90886"}],"curies":[{"name":"wp","href":"https:\/\/api.w.org\/{rel}","templated":true}]}}