{"id":90888,"date":"2017-07-11T13:42:33","date_gmt":"2017-07-11T11:42:33","guid":{"rendered":"https:\/\/www.paneurouni.com\/en\/faculty-economics\/"},"modified":"2026-04-15T07:34:11","modified_gmt":"2026-04-15T05:34:11","slug":"faculty-economics","status":"publish","type":"page","link":"https:\/\/www.paneurouni.com\/en\/about-us\/faculties\/faculty-economics\/","title":{"rendered":"Faculty of Economics and Entrepreneurship"},"content":{"rendered":"\t\t<div data-elementor-type=\"wp-page\" data-elementor-id=\"90888\" class=\"elementor elementor-90888\" data-elementor-post-type=\"page\">\n\t\t\t\t<div class=\"elementor-element elementor-element-1b41a7a8 e-flex e-con-boxed e-con e-parent\" data-id=\"1b41a7a8\" data-element_type=\"container\" data-e-type=\"container\">\n\t\t\t\t\t<div class=\"e-con-inner\">\n\t\t\t\t<div class=\"elementor-element elementor-element-3802bbd2 elementor-widget elementor-widget-text-editor\" data-id=\"3802bbd2\" data-element_type=\"widget\" data-e-type=\"widget\" data-widget_type=\"text-editor.default\">\n\t\t\t\t<div class=\"elementor-widget-container\">\n\t\t\t\t\t\t\t\t\t\n<figure class=\"wp-block-image aligncenter\"><img decoding=\"async\" class=\"wp-image-6324\" src=\"https:\/\/www.paneurouni.com\/en\/wp-content\/uploads\/2026\/02\/znak-fep.jpg\" alt=\"\" \/><\/figure>\n\n<p><strong>The Faculty of Economics and Entrepreneurship was the second faculty of PEU, launching its activities in the academic year 2005\/2006.<\/strong>\u00a0It offers accredited programs in all 3 cycles of university studies \u2013 <strong>bachelor\u00b4s, master\u00b4s (with the Slovak title abbreviation \u201eIng.\u201c) and PhD.<\/strong> Through a\u00a0contractual partnership an MBA. program is being conducted.<\/p>\n\n<p><strong>The faculty\u00b4s focal point is based on educating towards an expertise to master actual trends in the economic life in Slovakia<\/strong> <strong>and throughout the world.<\/strong> A\u00a0quality economic education\u00a0serving the needs of the graduates to be successful in the labour market in the fields of private entrepreneurship, management, marketing and trade is the main aim of our programs.<\/p>\n\n<p>As a\u00a0very important part of the education a\u00a0practical experience is our strategic goal. Gaining practical experience already during the studies enables the graduates to leave for the labour market in a\u00a0comparatively favourable position. Corporate partnerships with <strong>IBM, the Slovak Energy Corporation, the Slovak-Chinese Chamber of Commerce, Volkswagen, the Slovak Association of Insurance Companies and the Assiociation of Small and Medium-Size Enterprises serve the purpose to highlight practical aspects of studies.<\/strong> Experts are being invited into the direct tuition and specialised seminars, workshops and professional events are offered in cooperation with the corporate partners.<\/p>\n\n<p>In 2009 the faculty has renewed its programs to offer education in economic sciences, linked closer to the methodolgy of leading world universities in the respective field. Managerial, entrepreneurial and modern techniques in business and trade to be set into practice on a\u00a0more demanding internationally interlinked business market form the necessary prerequisites.<\/p>\n\n<p><strong>A\u00a0strong bilingual aspect is aimed in the tuition, shown by a\u00a04-semester-course of \u201eEconomic communication in foreign language\u201c.<\/strong><\/p>\n\n<p>An interconnecting offer of parallel studies in the fields of expertise of other faculties of PEU, such as law, psychology, media and informatics may be offered.<\/p>\n<hr class=\"wp-block-separator has-alpha-channel-opacity\" \/>\n<p><strong>STUDENT experience<\/strong><\/p>\n\n<p><strong>Simona Magnusov\u00e1,\u00a0student\u00a0of The Faculty of Economics and Entrepreneurship<\/strong><\/p>\n\n<figure class=\"wp-block-image aligncenter is-resized\"><img decoding=\"async\" class=\"wp-image-20211\" style=\"width: 170px;\" src=\"https:\/\/www.paneurouni.com\/en\/wp-content\/uploads\/2026\/02\/img_7262.jpg\" alt=\"\" \/><\/figure>\n\n<p><em>,,At the Faculty of Economics and Entrepreneurship<\/em><em>\u00a0you will have opportunities in your study path that you can multiply in your life. If you are hungry for knowledge, broader possibilities, the Faculty of Economics and Entrepreneurship is the right choice.&#8221;<\/em><\/p>\n<hr class=\"wp-block-separator has-alpha-channel-opacity\" \/>\n<p><strong>TEACHER perspective<\/strong><\/p>\n\n<p><strong>Lecturer and Dean of the Faculty of Economics and Entrepreneurship, Ing. Ivan Brezina, PhD.<\/strong><\/p>\n\n<figure class=\"wp-block-image aligncenter size-full is-resized\"><img decoding=\"async\" width=\"170\" height=\"192\" class=\"wp-image-92512\" style=\"width: 170px;\" src=\"https:\/\/www.paneurouni.com\/en\/wp-content\/uploads\/2026\/04\/img_0373-640x960-1-e1763121440267.webp\" alt=\"\" srcset=\"https:\/\/www.paneurouni.com\/en\/wp-content\/uploads\/2026\/04\/img_0373-640x960-1-e1763121440267.webp 603w, https:\/\/www.paneurouni.com\/en\/wp-content\/uploads\/2026\/04\/img_0373-640x960-1-e1763121440267-265x300.webp 265w\" sizes=\"(max-width: 170px) 100vw, 170px\" \/><\/figure>\n\n<p><em>,,The world economy is an increasing complex and unobtrusive jungle where one easily loses. My goal is to teach students orientation in our jungle and understand the most important trends and processes of the present and the near future. In international business relations and international economic relations, I try to give my students the necessary background, which is needed for my colleagues to build on topics which are more focused on business practice.&#8221;<\/em><\/p>\n\t\t\t\t\t\t\t\t<\/div>\n\t\t\t\t<\/div>\n\t\t\t\t\t<\/div>\n\t\t\t\t<\/div>\n\t\t\t\t<\/div>\n\t\t","protected":false},"excerpt":{"rendered":"<p>The Faculty of Economics and Entrepreneurship was the second faculty of PEU, launching its activities in the academic year 2005\/2006.\u00a0It offers accredited programs in all 3 cycles of university studies \u2013 bachelor\u00b4s, master\u00b4s (with the Slovak title abbreviation \u201eIng.\u201c) and PhD. Through a\u00a0contractual partnership an MBA. program is being conducted. The faculty\u00b4s focal point is [&hellip;]<\/p>\n","protected":false},"author":8,"featured_media":90889,"parent":90985,"menu_order":2,"comment_status":"closed","ping_status":"closed","template":"","meta":{"_acf_changed":false,"inline_featured_image":false,"footnotes":""},"tags":[],"typ-stranky":[159],"class_list":["post-90888","page","type-page","status-publish","has-post-thumbnail","hentry","typ-stranky-so-sidebarom"],"acf":[],"yoast_head":"<!-- This site is optimized with the Yoast SEO plugin v27.3 - https:\/\/yoast.com\/product\/yoast-seo-wordpress\/ -->\n<title>Faculty of Economics and Entrepreneurship | PEU<\/title>\n<meta name=\"robots\" content=\"index, follow, max-snippet:-1, max-image-preview:large, max-video-preview:-1\" \/>\n<link rel=\"canonical\" href=\"https:\/\/www.paneurouni.com\/en\/about-us\/faculties\/faculty-economics\/\" \/>\n<meta property=\"og:locale\" content=\"en_US\" \/>\n<meta property=\"og:type\" content=\"article\" \/>\n<meta property=\"og:title\" content=\"Faculty of Economics and Entrepreneurship | PEU\" \/>\n<meta property=\"og:description\" content=\"The Faculty of Economics and Entrepreneurship was the second faculty of PEU, launching its activities in the academic year 2005\/2006.\u00a0It offers accredited programs in all 3 cycles of university studies \u2013 bachelor\u00b4s, master\u00b4s (with the Slovak title abbreviation \u201eIng.\u201c) and PhD. Through a\u00a0contractual partnership an MBA. program is being conducted. The faculty\u00b4s focal point is [&hellip;]\" \/>\n<meta property=\"og:url\" content=\"https:\/\/www.paneurouni.com\/en\/about-us\/faculties\/faculty-economics\/\" \/>\n<meta property=\"og:site_name\" content=\"PEU\" \/>\n<meta property=\"article:publisher\" content=\"https:\/\/www.facebook.com\/PaneuropskaVS\/\" \/>\n<meta property=\"article:modified_time\" content=\"2026-04-15T05:34:11+00:00\" \/>\n<meta property=\"og:image\" content=\"https:\/\/www.paneurouni.com\/en\/wp-content\/uploads\/2026\/02\/Fakulta-ekonomie.jpg\" \/>\n\t<meta property=\"og:image:width\" content=\"267\" \/>\n\t<meta property=\"og:image:height\" content=\"210\" \/>\n\t<meta property=\"og:image:type\" content=\"image\/jpeg\" \/>\n<meta name=\"twitter:card\" content=\"summary_large_image\" \/>\n<meta name=\"twitter:site\" content=\"@paneuropska_vs\" \/>\n<meta name=\"twitter:label1\" content=\"Est. reading time\" \/>\n\t<meta name=\"twitter:data1\" content=\"3 minutes\" \/>\n<!-- \/ Yoast SEO plugin. -->","yoast_head_json":{"title":"Faculty of Economics and Entrepreneurship | PEU","robots":{"index":"index","follow":"follow","max-snippet":"max-snippet:-1","max-image-preview":"max-image-preview:large","max-video-preview":"max-video-preview:-1"},"canonical":"https:\/\/www.paneurouni.com\/en\/about-us\/faculties\/faculty-economics\/","og_locale":"en_US","og_type":"article","og_title":"Faculty of Economics and Entrepreneurship | PEU","og_description":"The Faculty of Economics and Entrepreneurship was the second faculty of PEU, launching its activities in the academic year 2005\/2006.\u00a0It offers accredited programs in all 3 cycles of university studies \u2013 bachelor\u00b4s, master\u00b4s (with the Slovak title abbreviation \u201eIng.\u201c) and PhD. Through a\u00a0contractual partnership an MBA. program is being conducted. The faculty\u00b4s focal point is [&hellip;]","og_url":"https:\/\/www.paneurouni.com\/en\/about-us\/faculties\/faculty-economics\/","og_site_name":"PEU","article_publisher":"https:\/\/www.facebook.com\/PaneuropskaVS\/","article_modified_time":"2026-04-15T05:34:11+00:00","og_image":[{"width":267,"height":210,"url":"https:\/\/www.paneurouni.com\/en\/wp-content\/uploads\/2026\/02\/Fakulta-ekonomie.jpg","type":"image\/jpeg"}],"twitter_card":"summary_large_image","twitter_site":"@paneuropska_vs","twitter_misc":{"Est. reading time":"3 minutes"},"schema":{"@context":"https:\/\/schema.org","@graph":[{"@type":"WebPage","@id":"https:\/\/www.paneurouni.com\/en\/about-us\/faculties\/faculty-economics\/","url":"https:\/\/www.paneurouni.com\/en\/about-us\/faculties\/faculty-economics\/","name":"Faculty of Economics and Entrepreneurship | PEU","isPartOf":{"@id":"https:\/\/www.paneurouni.com\/en\/#website"},"primaryImageOfPage":{"@id":"https:\/\/www.paneurouni.com\/en\/about-us\/faculties\/faculty-economics\/#primaryimage"},"image":{"@id":"https:\/\/www.paneurouni.com\/en\/about-us\/faculties\/faculty-economics\/#primaryimage"},"thumbnailUrl":"https:\/\/www.paneurouni.com\/en\/wp-content\/uploads\/2026\/02\/Fakulta-ekonomie.jpg","datePublished":"2017-07-11T11:42:33+00:00","dateModified":"2026-04-15T05:34:11+00:00","breadcrumb":{"@id":"https:\/\/www.paneurouni.com\/en\/about-us\/faculties\/faculty-economics\/#breadcrumb"},"inLanguage":"en-US","potentialAction":[{"@type":"ReadAction","target":["https:\/\/www.paneurouni.com\/en\/about-us\/faculties\/faculty-economics\/"]}]},{"@type":"ImageObject","inLanguage":"en-US","@id":"https:\/\/www.paneurouni.com\/en\/about-us\/faculties\/faculty-economics\/#primaryimage","url":"https:\/\/www.paneurouni.com\/en\/wp-content\/uploads\/2026\/02\/Fakulta-ekonomie.jpg","contentUrl":"https:\/\/www.paneurouni.com\/en\/wp-content\/uploads\/2026\/02\/Fakulta-ekonomie.jpg","width":267,"height":210},{"@type":"BreadcrumbList","@id":"https:\/\/www.paneurouni.com\/en\/about-us\/faculties\/faculty-economics\/#breadcrumb","itemListElement":[{"@type":"ListItem","position":1,"name":"Domovsk\u00e1 str\u00e1nka","item":"https:\/\/www.paneurouni.com\/en\/"},{"@type":"ListItem","position":2,"name":"About Us","item":"https:\/\/www.paneurouni.com\/en\/about-us__trashed\/about-us\/"},{"@type":"ListItem","position":3,"name":"Faculties","item":"https:\/\/www.paneurouni.com\/en\/about-us\/faculties\/"},{"@type":"ListItem","position":4,"name":"Faculty of Economics and Entrepreneurship"}]},{"@type":"WebSite","@id":"https:\/\/www.paneurouni.com\/en\/#website","url":"https:\/\/www.paneurouni.com\/en\/","name":"Paneur\u00f3pska V\u0160","description":"Paneur\u00f3pska Vysok\u00e1 \u0160kola v Bratislave","publisher":{"@id":"https:\/\/www.paneurouni.com\/en\/#organization"},"potentialAction":[{"@type":"SearchAction","target":{"@type":"EntryPoint","urlTemplate":"https:\/\/www.paneurouni.com\/en\/?s={search_term_string}"},"query-input":{"@type":"PropertyValueSpecification","valueRequired":true,"valueName":"search_term_string"}}],"inLanguage":"en-US"},{"@type":"Organization","@id":"https:\/\/www.paneurouni.com\/en\/#organization","name":"Paneur\u00f3pska V\u0160","url":"https:\/\/www.paneurouni.com\/en\/","logo":{"@type":"ImageObject","inLanguage":"en-US","@id":"https:\/\/www.paneurouni.com\/en\/#\/schema\/logo\/image\/","url":"https:\/\/www.paneurouni.com\/en\/wp-content\/uploads\/2023\/03\/pevs-logo-1.svg","contentUrl":"https:\/\/www.paneurouni.com\/en\/wp-content\/uploads\/2023\/03\/pevs-logo-1.svg","width":293,"height":70,"caption":"Paneur\u00f3pska V\u0160"},"image":{"@id":"https:\/\/www.paneurouni.com\/en\/#\/schema\/logo\/image\/"},"sameAs":["https:\/\/www.facebook.com\/PaneuropskaVS\/","https:\/\/x.com\/paneuropska_vs","https:\/\/www.instagram.com\/paneuropska_vysoka_skola\/","https:\/\/www.youtube.com\/channel\/UCc8tUvmjlxAIYtplmv-G2MQ"]}]}},"_links":{"self":[{"href":"https:\/\/www.paneurouni.com\/en\/wp-json\/wp\/v2\/pages\/90888","targetHints":{"allow":["GET"]}}],"collection":[{"href":"https:\/\/www.paneurouni.com\/en\/wp-json\/wp\/v2\/pages"}],"about":[{"href":"https:\/\/www.paneurouni.com\/en\/wp-json\/wp\/v2\/types\/page"}],"author":[{"embeddable":true,"href":"https:\/\/www.paneurouni.com\/en\/wp-json\/wp\/v2\/users\/8"}],"replies":[{"embeddable":true,"href":"https:\/\/www.paneurouni.com\/en\/wp-json\/wp\/v2\/comments?post=90888"}],"version-history":[{"count":3,"href":"https:\/\/www.paneurouni.com\/en\/wp-json\/wp\/v2\/pages\/90888\/revisions"}],"predecessor-version":[{"id":92836,"href":"https:\/\/www.paneurouni.com\/en\/wp-json\/wp\/v2\/pages\/90888\/revisions\/92836"}],"up":[{"embeddable":true,"href":"https:\/\/www.paneurouni.com\/en\/wp-json\/wp\/v2\/pages\/90985"}],"wp:featuredmedia":[{"embeddable":true,"href":"https:\/\/www.paneurouni.com\/en\/wp-json\/wp\/v2\/media\/90889"}],"wp:attachment":[{"href":"https:\/\/www.paneurouni.com\/en\/wp-json\/wp\/v2\/media?parent=90888"}],"wp:term":[{"taxonomy":"post_tag","embeddable":true,"href":"https:\/\/www.paneurouni.com\/en\/wp-json\/wp\/v2\/tags?post=90888"},{"taxonomy":"typ-stranky","embeddable":true,"href":"https:\/\/www.paneurouni.com\/en\/wp-json\/wp\/v2\/typ-stranky?post=90888"}],"curies":[{"name":"wp","href":"https:\/\/api.w.org\/{rel}","templated":true}]}}