{"id":90890,"date":"2017-07-11T13:43:28","date_gmt":"2017-07-11T11:43:28","guid":{"rendered":"https:\/\/www.paneurouni.com\/en\/faculty-media\/"},"modified":"2026-04-07T14:30:20","modified_gmt":"2026-04-07T12:30:20","slug":"faculty-media","status":"publish","type":"page","link":"https:\/\/www.paneurouni.com\/en\/about-us\/faculties\/faculty-media\/","title":{"rendered":"Faculty of Media"},"content":{"rendered":"\n<figure class=\"wp-block-image aligncenter\"><img decoding=\"async\" src=\"https:\/\/www.paneurouni.com\/en\/wp-content\/uploads\/2026\/02\/znak-fm.jpg\" alt=\"\" class=\"wp-image-6319\"\/><\/figure>\n\n\n\n<p><strong>By the time of its foundation the Faculty of Media was the third member of the PEU faculties. It began&nbsp; its operation in 2007.<\/strong> It offers accredited programs in all 3 cycles of university studies \u2013 <strong>bachelor\u00b4s, master\u00b4s and PhD. Additionally, a&nbsp;professional doctorate (PhDr.)<\/strong> may be achieved in special proceedings.<\/p>\n\n\n\n<p>The faculty aims at providing modern education to raise professionals with a&nbsp;set of theoretical and practical knowledge and experience in the fields of print, electronic and web-based media, multimedia production services, advertising and managerial sector. Linked to the general program of studies specialisations in <strong>Political Communication, Marketing of Tourism and Digital Marketing<\/strong> may be also achieved.<\/p>\n\n\n\n<p>Actual trends, linking modern information technologies with the world of media,&nbsp;are the main emphasis of the practical approach of our programs. During their studies, the students have the opportunity to be in a&nbsp;frequent contact with renowned academics and practitioners from the fields of media, marketing and the managerial sector, sharing their valuable knowledge and expertise. Practical education is established through corporate partnerships with the <strong>News and Media Holding, TEDx, IBM, Education First, the Art Film Fest, etc. Experts are being invited into the direct tuition and specialised seminars, workshops and professional events are offered in cooperation with the corporate partners.<\/strong><\/p>\n\n\n\n<p>As a&nbsp;specific feature of the practice-oriented approach towards education and research the relevant parts of the media production, as an integral part of the student\u00b4s curricula, are conducted in a&nbsp;state-of-the-art Media Centre. <strong>It comprises a&nbsp;professional TV studio, radio production, photography atelieres and multimedia production rooms and laboratories, fully equipped with iMac technologies.<\/strong><\/p>\n\n\n\n<p><strong>The accredited programs of studies comprise Media Studies, Media and Communication and Media Design on the bachelor level of studies, complemented by Media and Marketing Communication and Media Design on the Master\u00b4s level of studies. The PhD. program is a&nbsp;general program in Media Studies.<\/strong><\/p>\n\n\n\n<p>An interconnecting offer of parallel studies in the fields of expertise of other faculties of PEU, such as law, psychology, economics and informatics may be offered.<\/p>\n\n\n\n<hr class=\"wp-block-separator has-alpha-channel-opacity\"\/>\n\n\n\n<p><strong>STUDENT&nbsp;experience<\/strong><\/p>\n\n\n\n<p><strong>Simona \u0160kodov\u00e1,&nbsp;student&nbsp;of the Faculty of&nbsp;Massmedia<\/strong><\/p>\n\n\n\n<figure class=\"wp-block-image aligncenter is-resized\"><img decoding=\"async\" src=\"https:\/\/www.paneurouni.com\/en\/wp-content\/uploads\/2026\/02\/b971bb71_f06a_45d2_a0c2_b73cd0b37d0a-scaled.jpg\" alt=\"\" class=\"wp-image-20209\" style=\"width:170px\"\/><\/figure>\n\n\n\n<p>,,<em>It&nbsp;is all about love and passion for the study. We must try to get the most out of the lectures and the whole study. Every job requires a dose of zeal, and so should it be in education.&#8221;<\/em><\/p>\n\n\n\n<hr class=\"wp-block-separator has-alpha-channel-opacity\"\/>\n\n\n\n<p><strong>TEACHER perspective<\/strong><\/p>\n\n\n\n<p><strong>Lecturer of the Faculty of Mass Media, PhDr. Martin Kasarda, Dr.<\/strong><\/p>\n\n\n\n<figure class=\"wp-block-image aligncenter is-resized\"><img decoding=\"async\" src=\"https:\/\/www.paneurouni.com\/en\/wp-content\/uploads\/2026\/02\/img_8543.jpg\" alt=\"\" class=\"wp-image-20247\" style=\"width:170px\"\/><\/figure>\n\n\n\n<p><em>,,Media is for us what is water for fish. Absolutely natural environment. Working in this environment means living on the pulse of time and discovering new facts about society, but also some fun and relax.<\/em><\/p>\n\n\n\n<p><em>Studying at the Faculty of Mass Media is the gateway to this dynamic media world. No matter if you are lured into the world of television, newspapers, internet or commercials, you&#8217;ll always need knowledge and skills we offer to students. Meet people who are already in the media and know what the real media world requires from professionals. You will learn to see the world around us from the media point of view. You will get information necessary for you to become a person who is not afraid to ask, search or learn things unknown to the others.<\/em><\/p>\n\n\n\n<p><em>The media is the ocean where you can feel yourself as at home. They can make you ready for the situations happening every day. And it is only up to you whether you will swim And it will be up to you if you swim like a sardine in a big flock or if you act as a big shark which nobody ever overlooks.&#8221;<\/em><\/p>\n","protected":false},"excerpt":{"rendered":"<p>By the time of its foundation the Faculty of Media was the third member of the PEU faculties. It began&nbsp; its operation in 2007. It offers accredited programs in all 3 cycles of university studies \u2013 bachelor\u00b4s, master\u00b4s and PhD. Additionally, a&nbsp;professional doctorate (PhDr.) may be achieved in special proceedings. The faculty aims at providing [&hellip;]<\/p>\n","protected":false},"author":8,"featured_media":90891,"parent":90985,"menu_order":3,"comment_status":"closed","ping_status":"open","template":"","meta":{"_acf_changed":false,"inline_featured_image":false,"footnotes":""},"tags":[],"typ-stranky":[159],"class_list":["post-90890","page","type-page","status-publish","has-post-thumbnail","hentry","typ-stranky-so-sidebarom"],"acf":[],"yoast_head":"<!-- This site is optimized with the Yoast SEO plugin v27.3 - https:\/\/yoast.com\/product\/yoast-seo-wordpress\/ -->\n<title>Faculty of Media | PEU<\/title>\n<meta name=\"robots\" content=\"index, follow, max-snippet:-1, max-image-preview:large, max-video-preview:-1\" \/>\n<link rel=\"canonical\" href=\"https:\/\/www.paneurouni.com\/en\/about-us\/faculties\/faculty-media\/\" \/>\n<meta property=\"og:locale\" content=\"en_US\" \/>\n<meta property=\"og:type\" content=\"article\" \/>\n<meta property=\"og:title\" content=\"Faculty of Media | PEU\" \/>\n<meta property=\"og:description\" content=\"By the time of its foundation the Faculty of Media was the third member of the PEU faculties. It began&nbsp; its operation in 2007. It offers accredited programs in all 3 cycles of university studies \u2013 bachelor\u00b4s, master\u00b4s and PhD. Additionally, a&nbsp;professional doctorate (PhDr.) may be achieved in special proceedings. The faculty aims at providing [&hellip;]\" \/>\n<meta property=\"og:url\" content=\"https:\/\/www.paneurouni.com\/en\/about-us\/faculties\/faculty-media\/\" \/>\n<meta property=\"og:site_name\" content=\"PEU\" \/>\n<meta property=\"article:publisher\" content=\"https:\/\/www.facebook.com\/PaneuropskaVS\/\" \/>\n<meta property=\"article:modified_time\" content=\"2026-04-07T12:30:20+00:00\" \/>\n<meta property=\"og:image\" content=\"https:\/\/www.paneurouni.com\/en\/wp-content\/uploads\/2026\/02\/fakulta_masmedii.jpg\" \/>\n\t<meta property=\"og:image:width\" content=\"267\" \/>\n\t<meta property=\"og:image:height\" content=\"210\" \/>\n\t<meta property=\"og:image:type\" content=\"image\/jpeg\" \/>\n<meta name=\"twitter:card\" content=\"summary_large_image\" \/>\n<meta name=\"twitter:site\" content=\"@paneuropska_vs\" \/>\n<meta name=\"twitter:label1\" content=\"Est. reading time\" \/>\n\t<meta name=\"twitter:data1\" content=\"5 minutes\" \/>\n<!-- \/ Yoast SEO plugin. -->","yoast_head_json":{"title":"Faculty of Media | PEU","robots":{"index":"index","follow":"follow","max-snippet":"max-snippet:-1","max-image-preview":"max-image-preview:large","max-video-preview":"max-video-preview:-1"},"canonical":"https:\/\/www.paneurouni.com\/en\/about-us\/faculties\/faculty-media\/","og_locale":"en_US","og_type":"article","og_title":"Faculty of Media | PEU","og_description":"By the time of its foundation the Faculty of Media was the third member of the PEU faculties. It began&nbsp; its operation in 2007. It offers accredited programs in all 3 cycles of university studies \u2013 bachelor\u00b4s, master\u00b4s and PhD. Additionally, a&nbsp;professional doctorate (PhDr.) may be achieved in special proceedings. The faculty aims at providing [&hellip;]","og_url":"https:\/\/www.paneurouni.com\/en\/about-us\/faculties\/faculty-media\/","og_site_name":"PEU","article_publisher":"https:\/\/www.facebook.com\/PaneuropskaVS\/","article_modified_time":"2026-04-07T12:30:20+00:00","og_image":[{"width":267,"height":210,"url":"https:\/\/www.paneurouni.com\/en\/wp-content\/uploads\/2026\/02\/fakulta_masmedii.jpg","type":"image\/jpeg"}],"twitter_card":"summary_large_image","twitter_site":"@paneuropska_vs","twitter_misc":{"Est. reading time":"5 minutes"},"schema":{"@context":"https:\/\/schema.org","@graph":[{"@type":"WebPage","@id":"https:\/\/www.paneurouni.com\/en\/about-us\/faculties\/faculty-media\/","url":"https:\/\/www.paneurouni.com\/en\/about-us\/faculties\/faculty-media\/","name":"Faculty of Media | PEU","isPartOf":{"@id":"https:\/\/www.paneurouni.com\/en\/#website"},"primaryImageOfPage":{"@id":"https:\/\/www.paneurouni.com\/en\/about-us\/faculties\/faculty-media\/#primaryimage"},"image":{"@id":"https:\/\/www.paneurouni.com\/en\/about-us\/faculties\/faculty-media\/#primaryimage"},"thumbnailUrl":"https:\/\/www.paneurouni.com\/en\/wp-content\/uploads\/2026\/02\/fakulta_masmedii.jpg","datePublished":"2017-07-11T11:43:28+00:00","dateModified":"2026-04-07T12:30:20+00:00","breadcrumb":{"@id":"https:\/\/www.paneurouni.com\/en\/about-us\/faculties\/faculty-media\/#breadcrumb"},"inLanguage":"en-US","potentialAction":[{"@type":"ReadAction","target":["https:\/\/www.paneurouni.com\/en\/about-us\/faculties\/faculty-media\/"]}]},{"@type":"ImageObject","inLanguage":"en-US","@id":"https:\/\/www.paneurouni.com\/en\/about-us\/faculties\/faculty-media\/#primaryimage","url":"https:\/\/www.paneurouni.com\/en\/wp-content\/uploads\/2026\/02\/fakulta_masmedii.jpg","contentUrl":"https:\/\/www.paneurouni.com\/en\/wp-content\/uploads\/2026\/02\/fakulta_masmedii.jpg","width":267,"height":210},{"@type":"BreadcrumbList","@id":"https:\/\/www.paneurouni.com\/en\/about-us\/faculties\/faculty-media\/#breadcrumb","itemListElement":[{"@type":"ListItem","position":1,"name":"Domovsk\u00e1 str\u00e1nka","item":"https:\/\/www.paneurouni.com\/en\/"},{"@type":"ListItem","position":2,"name":"About Us","item":"https:\/\/www.paneurouni.com\/en\/about-us__trashed\/about-us\/"},{"@type":"ListItem","position":3,"name":"Faculties","item":"https:\/\/www.paneurouni.com\/en\/about-us\/faculties\/"},{"@type":"ListItem","position":4,"name":"Faculty of Media"}]},{"@type":"WebSite","@id":"https:\/\/www.paneurouni.com\/en\/#website","url":"https:\/\/www.paneurouni.com\/en\/","name":"Paneur\u00f3pska V\u0160","description":"Paneur\u00f3pska Vysok\u00e1 \u0160kola v Bratislave","publisher":{"@id":"https:\/\/www.paneurouni.com\/en\/#organization"},"potentialAction":[{"@type":"SearchAction","target":{"@type":"EntryPoint","urlTemplate":"https:\/\/www.paneurouni.com\/en\/?s={search_term_string}"},"query-input":{"@type":"PropertyValueSpecification","valueRequired":true,"valueName":"search_term_string"}}],"inLanguage":"en-US"},{"@type":"Organization","@id":"https:\/\/www.paneurouni.com\/en\/#organization","name":"Paneur\u00f3pska V\u0160","url":"https:\/\/www.paneurouni.com\/en\/","logo":{"@type":"ImageObject","inLanguage":"en-US","@id":"https:\/\/www.paneurouni.com\/en\/#\/schema\/logo\/image\/","url":"https:\/\/www.paneurouni.com\/en\/wp-content\/uploads\/2023\/03\/pevs-logo-1.svg","contentUrl":"https:\/\/www.paneurouni.com\/en\/wp-content\/uploads\/2023\/03\/pevs-logo-1.svg","width":293,"height":70,"caption":"Paneur\u00f3pska V\u0160"},"image":{"@id":"https:\/\/www.paneurouni.com\/en\/#\/schema\/logo\/image\/"},"sameAs":["https:\/\/www.facebook.com\/PaneuropskaVS\/","https:\/\/x.com\/paneuropska_vs","https:\/\/www.instagram.com\/paneuropska_vysoka_skola\/","https:\/\/www.youtube.com\/channel\/UCc8tUvmjlxAIYtplmv-G2MQ"]}]}},"_links":{"self":[{"href":"https:\/\/www.paneurouni.com\/en\/wp-json\/wp\/v2\/pages\/90890","targetHints":{"allow":["GET"]}}],"collection":[{"href":"https:\/\/www.paneurouni.com\/en\/wp-json\/wp\/v2\/pages"}],"about":[{"href":"https:\/\/www.paneurouni.com\/en\/wp-json\/wp\/v2\/types\/page"}],"author":[{"embeddable":true,"href":"https:\/\/www.paneurouni.com\/en\/wp-json\/wp\/v2\/users\/8"}],"replies":[{"embeddable":true,"href":"https:\/\/www.paneurouni.com\/en\/wp-json\/wp\/v2\/comments?post=90890"}],"version-history":[{"count":2,"href":"https:\/\/www.paneurouni.com\/en\/wp-json\/wp\/v2\/pages\/90890\/revisions"}],"predecessor-version":[{"id":92500,"href":"https:\/\/www.paneurouni.com\/en\/wp-json\/wp\/v2\/pages\/90890\/revisions\/92500"}],"up":[{"embeddable":true,"href":"https:\/\/www.paneurouni.com\/en\/wp-json\/wp\/v2\/pages\/90985"}],"wp:featuredmedia":[{"embeddable":true,"href":"https:\/\/www.paneurouni.com\/en\/wp-json\/wp\/v2\/media\/90891"}],"wp:attachment":[{"href":"https:\/\/www.paneurouni.com\/en\/wp-json\/wp\/v2\/media?parent=90890"}],"wp:term":[{"taxonomy":"post_tag","embeddable":true,"href":"https:\/\/www.paneurouni.com\/en\/wp-json\/wp\/v2\/tags?post=90890"},{"taxonomy":"typ-stranky","embeddable":true,"href":"https:\/\/www.paneurouni.com\/en\/wp-json\/wp\/v2\/typ-stranky?post=90890"}],"curies":[{"name":"wp","href":"https:\/\/api.w.org\/{rel}","templated":true}]}}