{"id":90894,"date":"2017-07-11T14:20:40","date_gmt":"2017-07-11T12:20:40","guid":{"rendered":"https:\/\/www.paneurouni.com\/en\/international-relations\/"},"modified":"2026-05-13T16:48:08","modified_gmt":"2026-05-13T14:48:08","slug":"international-cooperation","status":"publish","type":"page","link":"https:\/\/www.paneurouni.com\/en\/international-cooperation\/","title":{"rendered":"International Cooperation"},"content":{"rendered":"\t\t<div data-elementor-type=\"wp-page\" data-elementor-id=\"90894\" class=\"elementor elementor-90894\" data-elementor-post-type=\"page\">\n\t\t\t\t<div class=\"elementor-element elementor-element-1ed55e1 e-flex e-con-boxed e-con e-parent\" data-id=\"1ed55e1\" data-element_type=\"container\" data-e-type=\"container\">\n\t\t\t\t\t<div class=\"e-con-inner\">\n\t\t\t\t<div class=\"elementor-element elementor-element-8a44495 elementor-widget elementor-widget-text-editor\" data-id=\"8a44495\" data-element_type=\"widget\" data-e-type=\"widget\" data-widget_type=\"text-editor.default\">\n\t\t\t\t<div class=\"elementor-widget-container\">\n\t\t\t\t\t\t\t\t\t<p>Since its inception, Pan-European University has been actively involved in international academic cooperation programs, collaborates within international networks and consortia, and takes advantage of opportunities for bilateral inter-university partnerships. In this regard, it offers its students a wide range of opportunities for study abroad, as well as participation in international events, student competitions, and moot courts. PEV\u0160 actively leverages its international contacts to involve prominent figures from abroad in its study programs and is gradually expanding study opportunities in these programs for international students as well.<\/p><p><br><\/p>\t\t\t\t\t\t\t\t<\/div>\n\t\t\t\t<\/div>\n\t\t\t\t\t<\/div>\n\t\t\t\t<\/div>\n\t\t<div class=\"elementor-element elementor-element-2317f57 e-flex e-con-boxed e-con e-parent\" data-id=\"2317f57\" data-element_type=\"container\" data-e-type=\"container\">\n\t\t\t\t\t<div class=\"e-con-inner\">\n\t\t\t\t<div class=\"elementor-element elementor-element-97006a5 elementor-widget elementor-widget-heading\" data-id=\"97006a5\" data-element_type=\"widget\" data-e-type=\"widget\" data-widget_type=\"heading.default\">\n\t\t\t\t<div class=\"elementor-widget-container\">\n\t\t\t\t\t<h2 class=\"elementor-heading-title elementor-size-default\">International Relations at the PEU<\/h2>\t\t\t\t<\/div>\n\t\t\t\t<\/div>\n\t\t\t\t\t<\/div>\n\t\t\t\t<\/div>\n\t\t<div class=\"elementor-element elementor-element-5f64186 e-flex e-con-boxed e-con e-parent\" data-id=\"5f64186\" data-element_type=\"container\" data-e-type=\"container\">\n\t\t\t\t\t<div class=\"e-con-inner\">\n\t\t\t\t<div class=\"elementor-element elementor-element-da3f1f6 elementor-widget elementor-widget-text-editor\" data-id=\"da3f1f6\" data-element_type=\"widget\" data-e-type=\"widget\" data-widget_type=\"text-editor.default\">\n\t\t\t\t<div class=\"elementor-widget-container\">\n\t\t\t\t\t\t\t\t\t<p>\u00a0<\/p><p>Since the 2006\/2007 academic year, PEV\u0160 has actively participated in the <a href=\"https:\/\/www.paneurouni.com\/en\/international-cooperation\/erasmus\/\">Erasmus program<\/a>, and in connection with the establishment of the Lifelong Learning Programme (LLP), it holds the Extended European University Charter (EUC No.: 228111-IC-1-2007-1 -SK-ERASMUS-EUC-1). It is the EUC that enables PEV\u0160 to participate in EU academic programs and conclude bilateral agreements with other participating higher education institutions. Under the ERASMUS program, PEV\u0160 currently cooperates with more than 60 partner universities in most European Union countries, as well as in Iceland, Switzerland, and Turkey.<\/p><p>An equally important aspect of international cooperation, to which PEV\u0160 devotes special attention, is academic cooperation and the development of bilateral relations within the framework of the EU\u2019s neighborhood cooperation objectives. In this regard, PEV\u0160\u2019s activities focus on cooperation with universities in the Western Balkans and the countries of the former Soviet Union, as well as on establishing initial contacts with institutions in the Southern and Eastern Mediterranean. PEV\u0160\u2019s membership in the EMUNI (Euro-Mediterranean University) association opens up new opportunities in this regard.<\/p><p>PEV\u0160 carries out a significant portion of its international activities in cooperation with partner universities in the Central European region, primarily Charles University in Prague, Masaryk University in Brno, the University of Vienna, and ELTE in Budapest. Contacts with these renowned educational institutions are not limited to educational activities but increasingly extend into the fields of science and research, joint research projects, joint study programs, the preparation of scholarly publications by joint authoring teams, and the formation of mixed expert teams and professional groups for the exchange of knowledge and experience.<\/p><p>Evidence that PEV\u0160 does not limit its activities to the European continent is demonstrated by its contacts and joint activities with non-European partners. Also in light of the conclusion of the <a href=\"https:\/\/www.paneurouni.com\/en\/international-cooperation\/erasmus\/\">ERASMUS program<\/a> in its current form\u2014which will, however, be replaced by a new program aimed at expanding the EU\u2019s international academic cooperation to include collaboration with third countries\u2014PEV\u0160 is turning its attention, in addition to traditional neighboring regions, to countries in East and Southeast Asia (particularly China, Hong Kong, Macau, Taiwan, Korea, Japan, and Vietnam) and Latin America (specifically Chile, Argentina, Brazil, and Mexico). A key element in this regard is close cooperation with a leading global university, the prestigious City University of Hong Kong.<\/p><p>PEV\u0160 views the creation of opportunities for international students to study in foreign-language programs\u2014primarily those taught in English\u2014as its key objective for developing international activities in the near future. In cooperation with partners abroad, these programs should transcend the national context and expand and complement PEV\u0160\u2019s range of study programs with joint study programs with universities abroad.<\/p>\t\t\t\t\t\t\t\t<\/div>\n\t\t\t\t<\/div>\n\t\t\t\t\t<\/div>\n\t\t\t\t<\/div>\n\t\t\t\t<\/div>\n\t\t","protected":false},"excerpt":{"rendered":"<p>Since its inception, Pan-European University has been actively involved in international academic cooperation programs, collaborates within international networks and consortia, and takes advantage of opportunities for bilateral inter-university partnerships. In this regard, it offers its students a wide range of opportunities for study abroad, as well as participation in international events, student competitions, and moot [&hellip;]<\/p>\n","protected":false},"author":8,"featured_media":0,"parent":0,"menu_order":5,"comment_status":"closed","ping_status":"closed","template":"","meta":{"_acf_changed":false,"inline_featured_image":false,"footnotes":""},"tags":[],"typ-stranky":[159],"class_list":["post-90894","page","type-page","status-publish","hentry","typ-stranky-so-sidebarom"],"acf":[],"yoast_head":"<!-- This site is optimized with the Yoast SEO plugin v27.3 - https:\/\/yoast.com\/product\/yoast-seo-wordpress\/ -->\n<title>International Relations Office at PEU | PEU<\/title>\n<meta name=\"description\" content=\"Discover international opportunities at Pan-European University, including Erasmus programs, partnerships, and study abroad options.\" \/>\n<meta name=\"robots\" content=\"index, follow, max-snippet:-1, max-image-preview:large, max-video-preview:-1\" \/>\n<link rel=\"canonical\" href=\"https:\/\/www.paneurouni.com\/en\/international-cooperation\/\" \/>\n<meta property=\"og:locale\" content=\"en_US\" \/>\n<meta property=\"og:type\" content=\"article\" \/>\n<meta property=\"og:title\" content=\"International Relations Office at PEU | PEU\" \/>\n<meta property=\"og:description\" content=\"Discover international opportunities at Pan-European University, including Erasmus programs, partnerships, and study abroad options.\" \/>\n<meta property=\"og:url\" content=\"https:\/\/www.paneurouni.com\/en\/international-cooperation\/\" \/>\n<meta property=\"og:site_name\" content=\"PEU\" \/>\n<meta property=\"article:publisher\" content=\"https:\/\/www.facebook.com\/PaneuropskaVS\/\" \/>\n<meta property=\"article:modified_time\" content=\"2026-05-13T14:48:08+00:00\" \/>\n<meta name=\"twitter:card\" content=\"summary_large_image\" \/>\n<meta name=\"twitter:site\" content=\"@paneuropska_vs\" \/>\n<meta name=\"twitter:label1\" content=\"Est. reading time\" \/>\n\t<meta name=\"twitter:data1\" content=\"3 minutes\" \/>\n<!-- \/ Yoast SEO plugin. -->","yoast_head_json":{"title":"International Relations Office at PEU | PEU","description":"Discover international opportunities at Pan-European University, including Erasmus programs, partnerships, and study abroad options.","robots":{"index":"index","follow":"follow","max-snippet":"max-snippet:-1","max-image-preview":"max-image-preview:large","max-video-preview":"max-video-preview:-1"},"canonical":"https:\/\/www.paneurouni.com\/en\/international-cooperation\/","og_locale":"en_US","og_type":"article","og_title":"International Relations Office at PEU | PEU","og_description":"Discover international opportunities at Pan-European University, including Erasmus programs, partnerships, and study abroad options.","og_url":"https:\/\/www.paneurouni.com\/en\/international-cooperation\/","og_site_name":"PEU","article_publisher":"https:\/\/www.facebook.com\/PaneuropskaVS\/","article_modified_time":"2026-05-13T14:48:08+00:00","twitter_card":"summary_large_image","twitter_site":"@paneuropska_vs","twitter_misc":{"Est. reading time":"3 minutes"},"schema":{"@context":"https:\/\/schema.org","@graph":[{"@type":"WebPage","@id":"https:\/\/www.paneurouni.com\/en\/international-cooperation\/","url":"https:\/\/www.paneurouni.com\/en\/international-cooperation\/","name":"International Relations Office at PEU | PEU","isPartOf":{"@id":"https:\/\/www.paneurouni.com\/en\/#website"},"datePublished":"2017-07-11T12:20:40+00:00","dateModified":"2026-05-13T14:48:08+00:00","description":"Discover international opportunities at Pan-European University, including Erasmus programs, partnerships, and study abroad options.","breadcrumb":{"@id":"https:\/\/www.paneurouni.com\/en\/international-cooperation\/#breadcrumb"},"inLanguage":"en-US","potentialAction":[{"@type":"ReadAction","target":["https:\/\/www.paneurouni.com\/en\/international-cooperation\/"]}]},{"@type":"BreadcrumbList","@id":"https:\/\/www.paneurouni.com\/en\/international-cooperation\/#breadcrumb","itemListElement":[{"@type":"ListItem","position":1,"name":"Domovsk\u00e1 str\u00e1nka","item":"https:\/\/www.paneurouni.com\/en\/"},{"@type":"ListItem","position":2,"name":"International Cooperation"}]},{"@type":"WebSite","@id":"https:\/\/www.paneurouni.com\/en\/#website","url":"https:\/\/www.paneurouni.com\/en\/","name":"Paneur\u00f3pska V\u0160","description":"Paneur\u00f3pska Vysok\u00e1 \u0160kola v Bratislave","publisher":{"@id":"https:\/\/www.paneurouni.com\/en\/#organization"},"potentialAction":[{"@type":"SearchAction","target":{"@type":"EntryPoint","urlTemplate":"https:\/\/www.paneurouni.com\/en\/?s={search_term_string}"},"query-input":{"@type":"PropertyValueSpecification","valueRequired":true,"valueName":"search_term_string"}}],"inLanguage":"en-US"},{"@type":"Organization","@id":"https:\/\/www.paneurouni.com\/en\/#organization","name":"Paneur\u00f3pska V\u0160","url":"https:\/\/www.paneurouni.com\/en\/","logo":{"@type":"ImageObject","inLanguage":"en-US","@id":"https:\/\/www.paneurouni.com\/en\/#\/schema\/logo\/image\/","url":"https:\/\/www.paneurouni.com\/en\/wp-content\/uploads\/2023\/03\/pevs-logo-1.svg","contentUrl":"https:\/\/www.paneurouni.com\/en\/wp-content\/uploads\/2023\/03\/pevs-logo-1.svg","width":293,"height":70,"caption":"Paneur\u00f3pska V\u0160"},"image":{"@id":"https:\/\/www.paneurouni.com\/en\/#\/schema\/logo\/image\/"},"sameAs":["https:\/\/www.facebook.com\/PaneuropskaVS\/","https:\/\/x.com\/paneuropska_vs","https:\/\/www.instagram.com\/paneuropska_vysoka_skola\/","https:\/\/www.youtube.com\/channel\/UCc8tUvmjlxAIYtplmv-G2MQ"]}]}},"_links":{"self":[{"href":"https:\/\/www.paneurouni.com\/en\/wp-json\/wp\/v2\/pages\/90894","targetHints":{"allow":["GET"]}}],"collection":[{"href":"https:\/\/www.paneurouni.com\/en\/wp-json\/wp\/v2\/pages"}],"about":[{"href":"https:\/\/www.paneurouni.com\/en\/wp-json\/wp\/v2\/types\/page"}],"author":[{"embeddable":true,"href":"https:\/\/www.paneurouni.com\/en\/wp-json\/wp\/v2\/users\/8"}],"replies":[{"embeddable":true,"href":"https:\/\/www.paneurouni.com\/en\/wp-json\/wp\/v2\/comments?post=90894"}],"version-history":[{"count":3,"href":"https:\/\/www.paneurouni.com\/en\/wp-json\/wp\/v2\/pages\/90894\/revisions"}],"predecessor-version":[{"id":93062,"href":"https:\/\/www.paneurouni.com\/en\/wp-json\/wp\/v2\/pages\/90894\/revisions\/93062"}],"wp:attachment":[{"href":"https:\/\/www.paneurouni.com\/en\/wp-json\/wp\/v2\/media?parent=90894"}],"wp:term":[{"taxonomy":"post_tag","embeddable":true,"href":"https:\/\/www.paneurouni.com\/en\/wp-json\/wp\/v2\/tags?post=90894"},{"taxonomy":"typ-stranky","embeddable":true,"href":"https:\/\/www.paneurouni.com\/en\/wp-json\/wp\/v2\/typ-stranky?post=90894"}],"curies":[{"name":"wp","href":"https:\/\/api.w.org\/{rel}","templated":true}]}}