{"id":90896,"date":"2017-07-19T07:52:49","date_gmt":"2017-07-19T05:52:49","guid":{"rendered":"https:\/\/www.paneurouni.com\/en\/academic-holding\/"},"modified":"2026-02-12T10:55:20","modified_gmt":"2026-02-12T09:55:20","slug":"academic-holding","status":"publish","type":"page","link":"https:\/\/www.paneurouni.com\/en\/about-us\/academic-holding\/","title":{"rendered":"Prosperita Holding"},"content":{"rendered":"<p style=\"text-align: justify;\"><strong>Prosperita Holding<\/strong>, joint-stock company, is the Czech investment group with more than a\u00a0twenty-year-old tradition. Within the scope of education, among its members rank significant Czech universities \u2013 University College of Business in Prague and College of Entrepreneurship and Law in Ostrava and Prague. This interconnection creates potential for the common organisation of studies or events.<\/p>\n<p style=\"text-align: justify;\">Prosperita holding is considered to be one of the top largest family-owned companies in the Czech Republic. The industrial holding\u00b4s portfolio covers more than 30 companies, regardless of fields of specialization. Among other things, it owns several significant factories (Toma, Energoaqua, Karoseria) and the Prosperita funds \u2013 OPF global. Our membership in Prosperita ensures stability and shifts our activities to an international level, even within the range of investment and capital market.<\/p>\n","protected":false},"excerpt":{"rendered":"<p>Prosperita Holding, joint-stock company, is the Czech investment group with more than a\u00a0twenty-year-old tradition. Within the scope of education, among its members rank significant Czech universities \u2013 University College of Business in Prague and College of Entrepreneurship and Law in Ostrava and Prague. This interconnection creates potential for the common organisation of studies or events. [&hellip;]<\/p>\n","protected":false},"author":8,"featured_media":0,"parent":90984,"menu_order":6,"comment_status":"closed","ping_status":"open","template":"","meta":{"_acf_changed":false,"inline_featured_image":false,"footnotes":""},"tags":[],"typ-stranky":[159],"class_list":["post-90896","page","type-page","status-publish","hentry","typ-stranky-so-sidebarom"],"acf":[],"yoast_head":"<!-- This site is optimized with the Yoast SEO plugin v27.3 - https:\/\/yoast.com\/product\/yoast-seo-wordpress\/ -->\n<title>Prosperita Holding | PEU<\/title>\n<meta name=\"robots\" content=\"index, follow, max-snippet:-1, max-image-preview:large, max-video-preview:-1\" \/>\n<link rel=\"canonical\" href=\"https:\/\/www.paneurouni.com\/en\/about-us__trashed\/about-us\/academic-holding\/\" \/>\n<meta property=\"og:locale\" content=\"en_US\" \/>\n<meta property=\"og:type\" content=\"article\" \/>\n<meta property=\"og:title\" content=\"Prosperita Holding | PEU\" \/>\n<meta property=\"og:description\" content=\"Prosperita Holding, joint-stock company, is the Czech investment group with more than a\u00a0twenty-year-old tradition. Within the scope of education, among its members rank significant Czech universities \u2013 University College of Business in Prague and College of Entrepreneurship and Law in Ostrava and Prague. This interconnection creates potential for the common organisation of studies or events. [&hellip;]\" \/>\n<meta property=\"og:url\" content=\"https:\/\/www.paneurouni.com\/en\/about-us__trashed\/about-us\/academic-holding\/\" \/>\n<meta property=\"og:site_name\" content=\"PEU\" \/>\n<meta property=\"article:publisher\" content=\"https:\/\/www.facebook.com\/PaneuropskaVS\/\" \/>\n<meta property=\"article:modified_time\" content=\"2026-02-12T09:55:20+00:00\" \/>\n<meta name=\"twitter:card\" content=\"summary_large_image\" \/>\n<meta name=\"twitter:site\" content=\"@paneuropska_vs\" \/>\n<meta name=\"twitter:label1\" content=\"Est. reading time\" \/>\n\t<meta name=\"twitter:data1\" content=\"1 minute\" \/>\n<!-- \/ Yoast SEO plugin. -->","yoast_head_json":{"title":"Prosperita Holding | PEU","robots":{"index":"index","follow":"follow","max-snippet":"max-snippet:-1","max-image-preview":"max-image-preview:large","max-video-preview":"max-video-preview:-1"},"canonical":"https:\/\/www.paneurouni.com\/en\/about-us__trashed\/about-us\/academic-holding\/","og_locale":"en_US","og_type":"article","og_title":"Prosperita Holding | PEU","og_description":"Prosperita Holding, joint-stock company, is the Czech investment group with more than a\u00a0twenty-year-old tradition. Within the scope of education, among its members rank significant Czech universities \u2013 University College of Business in Prague and College of Entrepreneurship and Law in Ostrava and Prague. This interconnection creates potential for the common organisation of studies or events. [&hellip;]","og_url":"https:\/\/www.paneurouni.com\/en\/about-us__trashed\/about-us\/academic-holding\/","og_site_name":"PEU","article_publisher":"https:\/\/www.facebook.com\/PaneuropskaVS\/","article_modified_time":"2026-02-12T09:55:20+00:00","twitter_card":"summary_large_image","twitter_site":"@paneuropska_vs","twitter_misc":{"Est. reading time":"1 minute"},"schema":{"@context":"https:\/\/schema.org","@graph":[{"@type":"WebPage","@id":"https:\/\/www.paneurouni.com\/en\/about-us__trashed\/about-us\/academic-holding\/","url":"https:\/\/www.paneurouni.com\/en\/about-us__trashed\/about-us\/academic-holding\/","name":"Prosperita Holding | PEU","isPartOf":{"@id":"https:\/\/www.paneurouni.com\/en\/#website"},"datePublished":"2017-07-19T05:52:49+00:00","dateModified":"2026-02-12T09:55:20+00:00","breadcrumb":{"@id":"https:\/\/www.paneurouni.com\/en\/about-us__trashed\/about-us\/academic-holding\/#breadcrumb"},"inLanguage":"en-US","potentialAction":[{"@type":"ReadAction","target":["https:\/\/www.paneurouni.com\/en\/about-us__trashed\/about-us\/academic-holding\/"]}]},{"@type":"BreadcrumbList","@id":"https:\/\/www.paneurouni.com\/en\/about-us__trashed\/about-us\/academic-holding\/#breadcrumb","itemListElement":[{"@type":"ListItem","position":1,"name":"Domovsk\u00e1 str\u00e1nka","item":"https:\/\/www.paneurouni.com\/en\/"},{"@type":"ListItem","position":2,"name":"About Us","item":"https:\/\/www.paneurouni.com\/en\/about-us__trashed\/about-us\/"},{"@type":"ListItem","position":3,"name":"Prosperita Holding"}]},{"@type":"WebSite","@id":"https:\/\/www.paneurouni.com\/en\/#website","url":"https:\/\/www.paneurouni.com\/en\/","name":"Paneur\u00f3pska V\u0160","description":"Paneur\u00f3pska Vysok\u00e1 \u0160kola v Bratislave","publisher":{"@id":"https:\/\/www.paneurouni.com\/en\/#organization"},"potentialAction":[{"@type":"SearchAction","target":{"@type":"EntryPoint","urlTemplate":"https:\/\/www.paneurouni.com\/en\/?s={search_term_string}"},"query-input":{"@type":"PropertyValueSpecification","valueRequired":true,"valueName":"search_term_string"}}],"inLanguage":"en-US"},{"@type":"Organization","@id":"https:\/\/www.paneurouni.com\/en\/#organization","name":"Paneur\u00f3pska V\u0160","url":"https:\/\/www.paneurouni.com\/en\/","logo":{"@type":"ImageObject","inLanguage":"en-US","@id":"https:\/\/www.paneurouni.com\/en\/#\/schema\/logo\/image\/","url":"https:\/\/www.paneurouni.com\/en\/wp-content\/uploads\/2023\/03\/pevs-logo-1.svg","contentUrl":"https:\/\/www.paneurouni.com\/en\/wp-content\/uploads\/2023\/03\/pevs-logo-1.svg","width":293,"height":70,"caption":"Paneur\u00f3pska V\u0160"},"image":{"@id":"https:\/\/www.paneurouni.com\/en\/#\/schema\/logo\/image\/"},"sameAs":["https:\/\/www.facebook.com\/PaneuropskaVS\/","https:\/\/x.com\/paneuropska_vs","https:\/\/www.instagram.com\/paneuropska_vysoka_skola\/","https:\/\/www.youtube.com\/channel\/UCc8tUvmjlxAIYtplmv-G2MQ"]}]}},"_links":{"self":[{"href":"https:\/\/www.paneurouni.com\/en\/wp-json\/wp\/v2\/pages\/90896","targetHints":{"allow":["GET"]}}],"collection":[{"href":"https:\/\/www.paneurouni.com\/en\/wp-json\/wp\/v2\/pages"}],"about":[{"href":"https:\/\/www.paneurouni.com\/en\/wp-json\/wp\/v2\/types\/page"}],"author":[{"embeddable":true,"href":"https:\/\/www.paneurouni.com\/en\/wp-json\/wp\/v2\/users\/8"}],"replies":[{"embeddable":true,"href":"https:\/\/www.paneurouni.com\/en\/wp-json\/wp\/v2\/comments?post=90896"}],"version-history":[{"count":1,"href":"https:\/\/www.paneurouni.com\/en\/wp-json\/wp\/v2\/pages\/90896\/revisions"}],"predecessor-version":[{"id":91054,"href":"https:\/\/www.paneurouni.com\/en\/wp-json\/wp\/v2\/pages\/90896\/revisions\/91054"}],"up":[{"embeddable":true,"href":"https:\/\/www.paneurouni.com\/en\/wp-json\/wp\/v2\/pages\/90984"}],"wp:attachment":[{"href":"https:\/\/www.paneurouni.com\/en\/wp-json\/wp\/v2\/media?parent=90896"}],"wp:term":[{"taxonomy":"post_tag","embeddable":true,"href":"https:\/\/www.paneurouni.com\/en\/wp-json\/wp\/v2\/tags?post=90896"},{"taxonomy":"typ-stranky","embeddable":true,"href":"https:\/\/www.paneurouni.com\/en\/wp-json\/wp\/v2\/typ-stranky?post=90896"}],"curies":[{"name":"wp","href":"https:\/\/api.w.org\/{rel}","templated":true}]}}