{"id":90897,"date":"2017-07-19T07:55:52","date_gmt":"2017-07-19T05:55:52","guid":{"rendered":"https:\/\/www.paneurouni.com\/en\/our-corporate-partners\/"},"modified":"2026-02-12T10:55:20","modified_gmt":"2026-02-12T09:55:20","slug":"our-corporate-partners","status":"publish","type":"page","link":"https:\/\/www.paneurouni.com\/en\/about-us\/our-corporate-partners\/","title":{"rendered":"Our Corporate Partners"},"content":{"rendered":"<p style=\"text-align: justify;\">Practical oriented studies rank among our highest goals. This is why we have joined the forces with leading players on the labour market to facilitate the start into the professional career for our graduates.<\/p>\n<p style=\"text-align: justify;\">In cooperation with our partners from various sectors and fields of expertise we want to offer a\u00a0high potential of expertise in various forms of curricular and extra-curricular activities. As one of the main forms serves the direct involvement of experts into the main curricula, study visits to the partner\u00b4s businesses and practical work placements. We are aiming at equipping our students with the best possible abilities within and outside the offered programs of studies.<\/p>\n<p style=\"text-align: justify;\">\n<table style=\"height: 519px;\" width=\"787\">\n<tbody>\n<tr style=\"height: 181px; text-align: justify;\">\n<td style=\"width: 189.1px; height: 181px;\">&nbsp;<\/p>\n<p>&nbsp;<\/p>\n<p><a href=\"http:\/\/www.ibm.com\/sk-sk\/\"><img decoding=\"async\" class=\"wp-image-5830 aligncenter\" src=\"https:\/\/www.paneurouni.com\/en\/wp-content\/uploads\/2026\/02\/f_ibmpos_blurgb.jpg\" alt=\"\" width=\"189\" height=\"73\" \/><\/a><\/td>\n<td style=\"width: 189.083px; height: 181px;\">&nbsp;<\/p>\n<p><a href=\"http:\/\/dell.sk\/\"><img decoding=\"async\" class=\"wp-image-8642 aligncenter\" src=\"https:\/\/www.paneurouni.com\/en\/wp-content\/uploads\/2026\/02\/dell_logo_blue_rgb.jpg\" alt=\"\" width=\"196\" height=\"115\" \/><\/a><\/td>\n<td style=\"width: 189.1px; height: 181px;\">&nbsp;<\/p>\n<p><a href=\"http:\/\/www.newsandmedia.sk\/\"><img decoding=\"async\" class=\"wp-image-5804 aligncenter\" src=\"https:\/\/www.paneurouni.com\/en\/wp-content\/uploads\/2026\/02\/nm-holding-logo-color-300.png\" alt=\"\" width=\"150\" height=\"109\" \/><\/a><\/td>\n<td style=\"width: 191.717px; height: 181px;\">&nbsp;<\/p>\n<p><a href=\"http:\/\/www.snslp.sk\/\"><img loading=\"lazy\" decoding=\"async\" class=\"wp-image-5826 aligncenter\" src=\"https:\/\/www.paneurouni.com\/en\/wp-content\/uploads\/2026\/02\/f_snsplp.jpg\" alt=\"\" width=\"137\" height=\"133\" \/><\/a><\/td>\n<\/tr>\n<tr style=\"height: 232px; text-align: justify;\">\n<td style=\"width: 189.1px; height: 232px;\"><a href=\"http:\/\/futuregenerationeurope.eu\/lead-up\/\"><img loading=\"lazy\" decoding=\"async\" class=\"wp-image-5829 aligncenter\" src=\"https:\/\/www.paneurouni.com\/en\/wp-content\/uploads\/2026\/02\/f_fge-logo-transparent_new-3.png\" alt=\"\" width=\"106\" height=\"147\" \/><\/a><\/td>\n<td style=\"width: 189.083px; height: 232px;\">&nbsp;<\/p>\n<p><a href=\"http:\/\/www.jazykovepobyty.sk\/\"><img loading=\"lazy\" decoding=\"async\" class=\"wp-image-5831 aligncenter\" src=\"https:\/\/www.paneurouni.com\/en\/wp-content\/uploads\/2026\/02\/f_ef_final.jpg\" alt=\"\" width=\"144\" height=\"128\" \/><\/a><\/td>\n<td style=\"width: 189.1px; height: 232px;\">&nbsp;<\/p>\n<p><a href=\"http:\/\/www.futbalsfz.sk\/\"><img loading=\"lazy\" decoding=\"async\" class=\"wp-image-5832 aligncenter\" src=\"https:\/\/www.paneurouni.com\/en\/wp-content\/uploads\/2026\/02\/f_sfz-logo_o.png\" alt=\"\" width=\"134\" height=\"134\" \/><\/a><\/td>\n<td style=\"width: 191.717px; height: 232px;\">&nbsp;<\/p>\n<p><a href=\"https:\/\/www.dusevnezdravie.sk\/\"><img loading=\"lazy\" decoding=\"async\" class=\"wp-image-7147 alignnone\" src=\"https:\/\/www.paneurouni.com\/en\/wp-content\/uploads\/2026\/02\/liga-za-dusevne-zdravie_logo.jpg\" alt=\"\" width=\"209\" height=\"86\" \/><\/a><\/td>\n<\/tr>\n<tr style=\"height: 61px; text-align: justify;\">\n<td style=\"width: 189.1px; height: 61px;\">&nbsp;<\/p>\n<p><a href=\"http:\/\/www.goldmann.sk\/spolocnost\/profil-spolocnosti\/\"><img loading=\"lazy\" decoding=\"async\" class=\"wp-image-5834 aligncenter\" src=\"https:\/\/www.paneurouni.com\/en\/wp-content\/uploads\/2026\/02\/f_goldmannsystems_logo.jpg\" alt=\"\" width=\"165\" height=\"56\" \/><\/a><\/td>\n<td style=\"width: 189.083px; height: 61px;\">&nbsp;<\/p>\n<p><a href=\"https:\/\/ce.asseco.com\/spolocnost\/profil-spolocnosti\/\"><img loading=\"lazy\" decoding=\"async\" class=\"wp-image-5835 aligncenter\" src=\"https:\/\/www.paneurouni.com\/en\/wp-content\/uploads\/2026\/02\/f_asseco-central-europe_logo.jpg\" alt=\"\" width=\"203\" height=\"28\" \/><\/a><\/td>\n<td style=\"width: 189.1px; height: 61px;\">&nbsp;<\/p>\n<p><a href=\"http:\/\/www.gratex.com\/\"><img loading=\"lazy\" decoding=\"async\" class=\"aligncenter wp-image-5836\" src=\"https:\/\/www.paneurouni.com\/en\/wp-content\/uploads\/2026\/02\/f_gratex_logo.jpg\" alt=\"\" width=\"183\" height=\"32\" \/><\/a><\/td>\n<td style=\"width: 191.717px; height: 61px;\">&nbsp;<\/p>\n<p><a href=\"http:\/\/www.visgravis.sk\/produkty-a-sluzby\"><img loading=\"lazy\" decoding=\"async\" class=\"wp-image-5833 aligncenter\" src=\"https:\/\/www.paneurouni.com\/en\/wp-content\/uploads\/2026\/02\/f_visgravis_logo.jpg\" alt=\"\" width=\"211\" height=\"66\" \/><\/a><\/td>\n<\/tr>\n<tr style=\"height: 61px; text-align: justify;\">\n<td style=\"width: 189.1px; height: 61px;\">&nbsp;<\/p>\n<p>&nbsp;<\/p>\n<p><a href=\"http:\/\/www.slaspo.sk\/\"><img loading=\"lazy\" decoding=\"async\" class=\"size-full wp-image-5848 aligncenter\" src=\"https:\/\/www.paneurouni.com\/en\/wp-content\/uploads\/2026\/02\/f_slaspo_kruhove_logo.jpg\" alt=\"\" width=\"175\" height=\"80\" \/><\/a><\/td>\n<td style=\"width: 189.083px; height: 61px;\">&nbsp;<\/p>\n<p><img loading=\"lazy\" decoding=\"async\" class=\"aligncenter wp-image-537\" src=\"https:\/\/www.paneurouni.com\/en\/wp-content\/uploads\/2026\/02\/NARKS2-e1487165088933.png\" alt=\"\" width=\"131\" height=\"131\" \/><\/td>\n<td style=\"width: 189.1px; height: 61px;\">&nbsp;<\/p>\n<p>&nbsp;<\/p>\n<p><a href=\"https:\/\/www.deloitte.com\"><img loading=\"lazy\" decoding=\"async\" class=\"wp-image-7702 aligncenter\" src=\"https:\/\/www.paneurouni.com\/en\/wp-content\/uploads\/2026\/02\/deloitte_legal.png\" alt=\"\" width=\"199\" height=\"92\" \/><\/a><\/td>\n<td style=\"width: 191.717px; height: 61px;\">&nbsp;<\/p>\n<p>&nbsp;<\/p>\n<p><a href=\"https:\/\/www.interway.sk\/\"><img loading=\"lazy\" decoding=\"async\" class=\"wp-image-7710 aligncenter\" src=\"https:\/\/www.paneurouni.com\/en\/wp-content\/uploads\/2026\/02\/iway_vhorizontal_no_claim_color.png\" alt=\"\" width=\"204\" height=\"43\" \/><\/a><\/td>\n<\/tr>\n<tr style=\"height: 61px; text-align: justify;\">\n<td style=\"width: 189.1px; height: 61px;\">&nbsp;<\/p>\n<p>&nbsp;<\/p>\n<p><a href=\"http:\/\/www.uav.sk\/\"><img loading=\"lazy\" decoding=\"async\" class=\"wp-image-7708 aligncenter\" src=\"https:\/\/www.paneurouni.com\/en\/wp-content\/uploads\/2026\/02\/logo_velke_animatechnika-scaled.png\" alt=\"\" width=\"183\" height=\"70\" \/><\/a><\/td>\n<td style=\"width: 189.083px; height: 61px;\">&nbsp;<\/p>\n<p><a href=\"http:\/\/futuregenerationeurope.eu\/mini-erasmus\/\"><img loading=\"lazy\" decoding=\"async\" class=\"wp-image-5828 aligncenter\" src=\"https:\/\/www.paneurouni.com\/en\/wp-content\/uploads\/2026\/02\/f_minilogg.png\" alt=\"\" width=\"141\" height=\"136\" \/><\/a><\/td>\n<td style=\"width: 189.1px; height: 61px;\"><a href=\"http:\/\/samp-msp.sk\/\"><img loading=\"lazy\" decoding=\"async\" class=\"size-full wp-image-9207 aligncenter\" src=\"https:\/\/www.paneurouni.com\/en\/wp-content\/uploads\/2026\/02\/sampsase2.png\" alt=\"\" width=\"260\" height=\"185\" \/><\/a><\/td>\n<td style=\"width: 191.717px; height: 61px;\">&nbsp;<\/p>\n<p><a href=\"http:\/\/www.incoma.sk\/\"><img loading=\"lazy\" decoding=\"async\" class=\" wp-image-9206 aligncenter\" src=\"https:\/\/www.paneurouni.com\/en\/wp-content\/uploads\/2026\/02\/incoma2.png\" alt=\"\" width=\"195\" height=\"119\" \/><\/a><\/td>\n<\/tr>\n<tr style=\"height: 61px; text-align: justify;\">\n<td style=\"width: 189.1px; height: 61px;\">&nbsp;<\/p>\n<p><a href=\"http:\/\/www.centrummemory.sk\/\"><img loading=\"lazy\" decoding=\"async\" class=\"wp-image-9371 aligncenter\" src=\"https:\/\/www.paneurouni.com\/en\/wp-content\/uploads\/2026\/02\/centrum_memory_no.png\" alt=\"\" width=\"192\" height=\"113\" \/><\/a><\/td>\n<td style=\"width: 189.083px; height: 61px;\">&nbsp;<\/p>\n<p><a href=\"http:\/\/ta3.com\"><img loading=\"lazy\" decoding=\"async\" class=\"aligncenter wp-image-12379\" src=\"https:\/\/www.paneurouni.com\/en\/wp-content\/uploads\/2026\/02\/ta3_u2.png\" alt=\"\" width=\"182\" height=\"101\" \/><\/a><\/td>\n<td style=\"width: 189.1px; height: 61px;\">&nbsp;<\/p>\n<p>&nbsp;<\/p>\n<p><a href=\"http:\/\/www.markiza.sk\"><img loading=\"lazy\" decoding=\"async\" class=\"aligncenter wp-image-12367\" src=\"https:\/\/www.paneurouni.com\/en\/wp-content\/uploads\/2026\/02\/markiza_u.png\" alt=\"\" width=\"195\" height=\"103\" \/><\/a><\/p>\n<p>&nbsp;<\/td>\n<td style=\"width: 191.717px; height: 61px;\">&nbsp;<\/p>\n<p>&nbsp;<\/p>\n<p><a href=\"http:\/\/www.veri2.sk\/web\/\"><img loading=\"lazy\" decoding=\"async\" class=\"aligncenter wp-image-13213\" src=\"https:\/\/www.paneurouni.com\/en\/wp-content\/uploads\/2026\/02\/image.png\" alt=\"VERI2 je parnerom vo vzdel\u00e1van\u00ed FEP PEV\u0160\" width=\"176\" height=\"78\" \/><\/a><\/td>\n<\/tr>\n<tr style=\"height: 61px;\">\n<td style=\"width: 189.1px; height: 61px; text-align: justify;\">&nbsp;<\/p>\n<p><a href=\"http:\/\/www.infotech.sk\/\"><img loading=\"lazy\" decoding=\"async\" class=\"aligncenter wp-image-17820\" src=\"https:\/\/www.paneurouni.com\/en\/wp-content\/uploads\/2026\/02\/infotech_logo.png\" alt=\"\" width=\"230\" height=\"45\" \/><\/a><\/td>\n<td style=\"width: 189.083px; height: 61px; text-align: justify;\"><\/td>\n<td style=\"width: 189.1px; height: 61px; text-align: justify;\"><\/td>\n<td style=\"width: 191.717px; height: 61px; text-align: justify;\"><\/td>\n<\/tr>\n<\/tbody>\n<\/table>\n","protected":false},"excerpt":{"rendered":"<p>Practical oriented studies rank among our highest goals. This is why we have joined the forces with leading players on the labour market to facilitate the start into the professional career for our graduates. In cooperation with our partners from various sectors and fields of expertise we want to offer a\u00a0high potential of expertise in [&hellip;]<\/p>\n","protected":false},"author":8,"featured_media":90898,"parent":90984,"menu_order":5,"comment_status":"closed","ping_status":"open","template":"","meta":{"_acf_changed":false,"inline_featured_image":false,"footnotes":""},"tags":[],"typ-stranky":[159],"class_list":["post-90897","page","type-page","status-publish","has-post-thumbnail","hentry","typ-stranky-so-sidebarom"],"acf":[],"yoast_head":"<!-- This site is optimized with the Yoast SEO plugin v27.3 - https:\/\/yoast.com\/product\/yoast-seo-wordpress\/ -->\n<title>Our Corporate Partners | PEU<\/title>\n<meta name=\"robots\" content=\"index, follow, max-snippet:-1, max-image-preview:large, max-video-preview:-1\" \/>\n<link rel=\"canonical\" href=\"https:\/\/www.paneurouni.com\/en\/about-us__trashed\/about-us\/our-corporate-partners\/\" \/>\n<meta property=\"og:locale\" content=\"en_US\" \/>\n<meta property=\"og:type\" content=\"article\" \/>\n<meta property=\"og:title\" content=\"Our Corporate Partners | PEU\" \/>\n<meta property=\"og:description\" content=\"Practical oriented studies rank among our highest goals. This is why we have joined the forces with leading players on the labour market to facilitate the start into the professional career for our graduates. In cooperation with our partners from various sectors and fields of expertise we want to offer a\u00a0high potential of expertise in [&hellip;]\" \/>\n<meta property=\"og:url\" content=\"https:\/\/www.paneurouni.com\/en\/about-us__trashed\/about-us\/our-corporate-partners\/\" \/>\n<meta property=\"og:site_name\" content=\"PEU\" \/>\n<meta property=\"article:publisher\" content=\"https:\/\/www.facebook.com\/PaneuropskaVS\/\" \/>\n<meta property=\"article:modified_time\" content=\"2026-02-12T09:55:20+00:00\" \/>\n<meta property=\"og:image\" content=\"https:\/\/www.paneurouni.com\/en\/wp-content\/uploads\/2026\/02\/f_ibmpos_blurgb.jpg\" \/>\n\t<meta property=\"og:image:width\" content=\"870\" \/>\n\t<meta property=\"og:image:height\" content=\"337\" \/>\n\t<meta property=\"og:image:type\" content=\"image\/jpeg\" \/>\n<meta name=\"twitter:card\" content=\"summary_large_image\" \/>\n<meta name=\"twitter:site\" content=\"@paneuropska_vs\" \/>\n<meta name=\"twitter:label1\" content=\"Est. reading time\" \/>\n\t<meta name=\"twitter:data1\" content=\"1 minute\" \/>\n<!-- \/ Yoast SEO plugin. -->","yoast_head_json":{"title":"Our Corporate Partners | PEU","robots":{"index":"index","follow":"follow","max-snippet":"max-snippet:-1","max-image-preview":"max-image-preview:large","max-video-preview":"max-video-preview:-1"},"canonical":"https:\/\/www.paneurouni.com\/en\/about-us__trashed\/about-us\/our-corporate-partners\/","og_locale":"en_US","og_type":"article","og_title":"Our Corporate Partners | PEU","og_description":"Practical oriented studies rank among our highest goals. This is why we have joined the forces with leading players on the labour market to facilitate the start into the professional career for our graduates. In cooperation with our partners from various sectors and fields of expertise we want to offer a\u00a0high potential of expertise in [&hellip;]","og_url":"https:\/\/www.paneurouni.com\/en\/about-us__trashed\/about-us\/our-corporate-partners\/","og_site_name":"PEU","article_publisher":"https:\/\/www.facebook.com\/PaneuropskaVS\/","article_modified_time":"2026-02-12T09:55:20+00:00","og_image":[{"width":870,"height":337,"url":"https:\/\/www.paneurouni.com\/en\/wp-content\/uploads\/2026\/02\/f_ibmpos_blurgb.jpg","type":"image\/jpeg"}],"twitter_card":"summary_large_image","twitter_site":"@paneuropska_vs","twitter_misc":{"Est. reading time":"1 minute"},"schema":{"@context":"https:\/\/schema.org","@graph":[{"@type":"WebPage","@id":"https:\/\/www.paneurouni.com\/en\/about-us__trashed\/about-us\/our-corporate-partners\/","url":"https:\/\/www.paneurouni.com\/en\/about-us__trashed\/about-us\/our-corporate-partners\/","name":"Our Corporate Partners | PEU","isPartOf":{"@id":"https:\/\/www.paneurouni.com\/en\/#website"},"primaryImageOfPage":{"@id":"https:\/\/www.paneurouni.com\/en\/about-us__trashed\/about-us\/our-corporate-partners\/#primaryimage"},"image":{"@id":"https:\/\/www.paneurouni.com\/en\/about-us__trashed\/about-us\/our-corporate-partners\/#primaryimage"},"thumbnailUrl":"https:\/\/www.paneurouni.com\/en\/wp-content\/uploads\/2026\/02\/f_ibmpos_blurgb.jpg","datePublished":"2017-07-19T05:55:52+00:00","dateModified":"2026-02-12T09:55:20+00:00","breadcrumb":{"@id":"https:\/\/www.paneurouni.com\/en\/about-us__trashed\/about-us\/our-corporate-partners\/#breadcrumb"},"inLanguage":"en-US","potentialAction":[{"@type":"ReadAction","target":["https:\/\/www.paneurouni.com\/en\/about-us__trashed\/about-us\/our-corporate-partners\/"]}]},{"@type":"ImageObject","inLanguage":"en-US","@id":"https:\/\/www.paneurouni.com\/en\/about-us__trashed\/about-us\/our-corporate-partners\/#primaryimage","url":"https:\/\/www.paneurouni.com\/en\/wp-content\/uploads\/2026\/02\/f_ibmpos_blurgb.jpg","contentUrl":"https:\/\/www.paneurouni.com\/en\/wp-content\/uploads\/2026\/02\/f_ibmpos_blurgb.jpg","width":870,"height":337},{"@type":"BreadcrumbList","@id":"https:\/\/www.paneurouni.com\/en\/about-us__trashed\/about-us\/our-corporate-partners\/#breadcrumb","itemListElement":[{"@type":"ListItem","position":1,"name":"Domovsk\u00e1 str\u00e1nka","item":"https:\/\/www.paneurouni.com\/en\/"},{"@type":"ListItem","position":2,"name":"About Us","item":"https:\/\/www.paneurouni.com\/en\/about-us__trashed\/about-us\/"},{"@type":"ListItem","position":3,"name":"Our Corporate Partners"}]},{"@type":"WebSite","@id":"https:\/\/www.paneurouni.com\/en\/#website","url":"https:\/\/www.paneurouni.com\/en\/","name":"Paneur\u00f3pska V\u0160","description":"Paneur\u00f3pska Vysok\u00e1 \u0160kola v Bratislave","publisher":{"@id":"https:\/\/www.paneurouni.com\/en\/#organization"},"potentialAction":[{"@type":"SearchAction","target":{"@type":"EntryPoint","urlTemplate":"https:\/\/www.paneurouni.com\/en\/?s={search_term_string}"},"query-input":{"@type":"PropertyValueSpecification","valueRequired":true,"valueName":"search_term_string"}}],"inLanguage":"en-US"},{"@type":"Organization","@id":"https:\/\/www.paneurouni.com\/en\/#organization","name":"Paneur\u00f3pska V\u0160","url":"https:\/\/www.paneurouni.com\/en\/","logo":{"@type":"ImageObject","inLanguage":"en-US","@id":"https:\/\/www.paneurouni.com\/en\/#\/schema\/logo\/image\/","url":"https:\/\/www.paneurouni.com\/en\/wp-content\/uploads\/2023\/03\/pevs-logo-1.svg","contentUrl":"https:\/\/www.paneurouni.com\/en\/wp-content\/uploads\/2023\/03\/pevs-logo-1.svg","width":293,"height":70,"caption":"Paneur\u00f3pska V\u0160"},"image":{"@id":"https:\/\/www.paneurouni.com\/en\/#\/schema\/logo\/image\/"},"sameAs":["https:\/\/www.facebook.com\/PaneuropskaVS\/","https:\/\/x.com\/paneuropska_vs","https:\/\/www.instagram.com\/paneuropska_vysoka_skola\/","https:\/\/www.youtube.com\/channel\/UCc8tUvmjlxAIYtplmv-G2MQ"]}]}},"_links":{"self":[{"href":"https:\/\/www.paneurouni.com\/en\/wp-json\/wp\/v2\/pages\/90897","targetHints":{"allow":["GET"]}}],"collection":[{"href":"https:\/\/www.paneurouni.com\/en\/wp-json\/wp\/v2\/pages"}],"about":[{"href":"https:\/\/www.paneurouni.com\/en\/wp-json\/wp\/v2\/types\/page"}],"author":[{"embeddable":true,"href":"https:\/\/www.paneurouni.com\/en\/wp-json\/wp\/v2\/users\/8"}],"replies":[{"embeddable":true,"href":"https:\/\/www.paneurouni.com\/en\/wp-json\/wp\/v2\/comments?post=90897"}],"version-history":[{"count":1,"href":"https:\/\/www.paneurouni.com\/en\/wp-json\/wp\/v2\/pages\/90897\/revisions"}],"predecessor-version":[{"id":90923,"href":"https:\/\/www.paneurouni.com\/en\/wp-json\/wp\/v2\/pages\/90897\/revisions\/90923"}],"up":[{"embeddable":true,"href":"https:\/\/www.paneurouni.com\/en\/wp-json\/wp\/v2\/pages\/90984"}],"wp:featuredmedia":[{"embeddable":true,"href":"https:\/\/www.paneurouni.com\/en\/wp-json\/wp\/v2\/media\/90898"}],"wp:attachment":[{"href":"https:\/\/www.paneurouni.com\/en\/wp-json\/wp\/v2\/media?parent=90897"}],"wp:term":[{"taxonomy":"post_tag","embeddable":true,"href":"https:\/\/www.paneurouni.com\/en\/wp-json\/wp\/v2\/tags?post=90897"},{"taxonomy":"typ-stranky","embeddable":true,"href":"https:\/\/www.paneurouni.com\/en\/wp-json\/wp\/v2\/typ-stranky?post=90897"}],"curies":[{"name":"wp","href":"https:\/\/api.w.org\/{rel}","templated":true}]}}