{"id":90933,"date":"2017-07-21T08:46:57","date_gmt":"2017-07-21T06:46:57","guid":{"rendered":"https:\/\/www.paneurouni.com\/en\/international-relations\/international-credit-mobility\/"},"modified":"2026-02-12T10:55:21","modified_gmt":"2026-02-12T09:55:21","slug":"international-credit-mobility","status":"publish","type":"page","link":"https:\/\/www.paneurouni.com\/en\/international-relations\/international-credit-mobility\/","title":{"rendered":"International Credit Mobility"},"content":{"rendered":"<p style=\"text-align: justify;\"><strong>The newly launched initiative of the European Union to use the good practices of the Erasmus+ program between Program Countries<\/strong> (member countries of EU, Iceland, Norway, Liechtenstein, Turkey and the Former Yugoslav Republic of Macedonia) has brought cooperation of European universities with non-EU partner institutions. <strong>The Pan-European University is part of this ambitious program \u2013 the Erasmus+ International Credit Mobility \u2013 from its very beginning in 2015.<\/strong><\/p>\n<p style=\"text-align: justify;\">Based on its policy of internationalization and established areas of cooperation with partner institutions in the partnership regions the PEU places the main emphasis on university partnerships with <strong>partner universities in the Caucasus region and the Central Asian republics of the former Soviet Union, the region of Western Balkans, East and South-East Asia, Eastern Mediterranean and Latin American<\/strong>. The latter two follow the PEU\u00b4s strong involvement in the Euro-Mediterranean university partnership and the Compostela Group of Universities.<\/p>\n<p style=\"text-align: justify;\"><strong>Through the mobility activities in the International Credit Mobility Program the PEU<\/strong> shares the values and traditions of European education with mobility participants from outside the EU, spreading the goals of international university cooperation in a\u00a0broader perspective, rather than only within Europe.<\/p>\n<p style=\"text-align: justify;\">So far, the International Credit Mobility Program has enabled university cooperation with partner institutions from <strong>Azerbaijan, Georgia, Ukraine, the Russian Federation, Kyrgyzstan, Kazakhstan, P.R. China, Indonesia, Malaysia, Izrael, Chile, Mexico, Brazil and the Dominican Republic.<\/strong><\/p>\n","protected":false},"excerpt":{"rendered":"<p>The newly launched initiative of the European Union to use the good practices of the Erasmus+ program between Program Countries (member countries of EU, Iceland, Norway, Liechtenstein, Turkey and the Former Yugoslav Republic of Macedonia) has brought cooperation of European universities with non-EU partner institutions. The Pan-European University is part of this ambitious program \u2013 [&hellip;]<\/p>\n","protected":false},"author":8,"featured_media":0,"parent":90894,"menu_order":3,"comment_status":"closed","ping_status":"open","template":"","meta":{"_acf_changed":false,"inline_featured_image":false,"footnotes":""},"tags":[],"typ-stranky":[159],"class_list":["post-90933","page","type-page","status-publish","hentry","typ-stranky-so-sidebarom"],"acf":[],"yoast_head":"<!-- This site is optimized with the Yoast SEO plugin v27.3 - https:\/\/yoast.com\/product\/yoast-seo-wordpress\/ -->\n<title>International Credit Mobility | PEU<\/title>\n<meta name=\"robots\" content=\"index, follow, max-snippet:-1, max-image-preview:large, max-video-preview:-1\" \/>\n<link rel=\"canonical\" href=\"https:\/\/www.paneurouni.com\/en\/international-relations\/international-credit-mobility\/\" \/>\n<meta property=\"og:locale\" content=\"en_US\" \/>\n<meta property=\"og:type\" content=\"article\" \/>\n<meta property=\"og:title\" content=\"International Credit Mobility | PEU\" \/>\n<meta property=\"og:description\" content=\"The newly launched initiative of the European Union to use the good practices of the Erasmus+ program between Program Countries (member countries of EU, Iceland, Norway, Liechtenstein, Turkey and the Former Yugoslav Republic of Macedonia) has brought cooperation of European universities with non-EU partner institutions. The Pan-European University is part of this ambitious program \u2013 [&hellip;]\" \/>\n<meta property=\"og:url\" content=\"https:\/\/www.paneurouni.com\/en\/international-relations\/international-credit-mobility\/\" \/>\n<meta property=\"og:site_name\" content=\"PEU\" \/>\n<meta property=\"article:publisher\" content=\"https:\/\/www.facebook.com\/PaneuropskaVS\/\" \/>\n<meta property=\"article:modified_time\" content=\"2026-02-12T09:55:21+00:00\" \/>\n<meta name=\"twitter:card\" content=\"summary_large_image\" \/>\n<meta name=\"twitter:site\" content=\"@paneuropska_vs\" \/>\n<meta name=\"twitter:label1\" content=\"Est. reading time\" \/>\n\t<meta name=\"twitter:data1\" content=\"1 minute\" \/>\n<!-- \/ Yoast SEO plugin. -->","yoast_head_json":{"title":"International Credit Mobility | PEU","robots":{"index":"index","follow":"follow","max-snippet":"max-snippet:-1","max-image-preview":"max-image-preview:large","max-video-preview":"max-video-preview:-1"},"canonical":"https:\/\/www.paneurouni.com\/en\/international-relations\/international-credit-mobility\/","og_locale":"en_US","og_type":"article","og_title":"International Credit Mobility | PEU","og_description":"The newly launched initiative of the European Union to use the good practices of the Erasmus+ program between Program Countries (member countries of EU, Iceland, Norway, Liechtenstein, Turkey and the Former Yugoslav Republic of Macedonia) has brought cooperation of European universities with non-EU partner institutions. The Pan-European University is part of this ambitious program \u2013 [&hellip;]","og_url":"https:\/\/www.paneurouni.com\/en\/international-relations\/international-credit-mobility\/","og_site_name":"PEU","article_publisher":"https:\/\/www.facebook.com\/PaneuropskaVS\/","article_modified_time":"2026-02-12T09:55:21+00:00","twitter_card":"summary_large_image","twitter_site":"@paneuropska_vs","twitter_misc":{"Est. reading time":"1 minute"},"schema":{"@context":"https:\/\/schema.org","@graph":[{"@type":"WebPage","@id":"https:\/\/www.paneurouni.com\/en\/international-relations\/international-credit-mobility\/","url":"https:\/\/www.paneurouni.com\/en\/international-relations\/international-credit-mobility\/","name":"International Credit Mobility | PEU","isPartOf":{"@id":"https:\/\/www.paneurouni.com\/en\/#website"},"datePublished":"2017-07-21T06:46:57+00:00","dateModified":"2026-02-12T09:55:21+00:00","breadcrumb":{"@id":"https:\/\/www.paneurouni.com\/en\/international-relations\/international-credit-mobility\/#breadcrumb"},"inLanguage":"en-US","potentialAction":[{"@type":"ReadAction","target":["https:\/\/www.paneurouni.com\/en\/international-relations\/international-credit-mobility\/"]}]},{"@type":"BreadcrumbList","@id":"https:\/\/www.paneurouni.com\/en\/international-relations\/international-credit-mobility\/#breadcrumb","itemListElement":[{"@type":"ListItem","position":1,"name":"Domovsk\u00e1 str\u00e1nka","item":"https:\/\/www.paneurouni.com\/en\/"},{"@type":"ListItem","position":2,"name":"International relations","item":"https:\/\/www.paneurouni.com\/en\/international-relations\/"},{"@type":"ListItem","position":3,"name":"International Credit Mobility"}]},{"@type":"WebSite","@id":"https:\/\/www.paneurouni.com\/en\/#website","url":"https:\/\/www.paneurouni.com\/en\/","name":"Paneur\u00f3pska V\u0160","description":"Paneur\u00f3pska Vysok\u00e1 \u0160kola v Bratislave","publisher":{"@id":"https:\/\/www.paneurouni.com\/en\/#organization"},"potentialAction":[{"@type":"SearchAction","target":{"@type":"EntryPoint","urlTemplate":"https:\/\/www.paneurouni.com\/en\/?s={search_term_string}"},"query-input":{"@type":"PropertyValueSpecification","valueRequired":true,"valueName":"search_term_string"}}],"inLanguage":"en-US"},{"@type":"Organization","@id":"https:\/\/www.paneurouni.com\/en\/#organization","name":"Paneur\u00f3pska V\u0160","url":"https:\/\/www.paneurouni.com\/en\/","logo":{"@type":"ImageObject","inLanguage":"en-US","@id":"https:\/\/www.paneurouni.com\/en\/#\/schema\/logo\/image\/","url":"https:\/\/www.paneurouni.com\/en\/wp-content\/uploads\/2023\/03\/pevs-logo-1.svg","contentUrl":"https:\/\/www.paneurouni.com\/en\/wp-content\/uploads\/2023\/03\/pevs-logo-1.svg","width":293,"height":70,"caption":"Paneur\u00f3pska V\u0160"},"image":{"@id":"https:\/\/www.paneurouni.com\/en\/#\/schema\/logo\/image\/"},"sameAs":["https:\/\/www.facebook.com\/PaneuropskaVS\/","https:\/\/x.com\/paneuropska_vs","https:\/\/www.instagram.com\/paneuropska_vysoka_skola\/","https:\/\/www.youtube.com\/channel\/UCc8tUvmjlxAIYtplmv-G2MQ"]}]}},"_links":{"self":[{"href":"https:\/\/www.paneurouni.com\/en\/wp-json\/wp\/v2\/pages\/90933","targetHints":{"allow":["GET"]}}],"collection":[{"href":"https:\/\/www.paneurouni.com\/en\/wp-json\/wp\/v2\/pages"}],"about":[{"href":"https:\/\/www.paneurouni.com\/en\/wp-json\/wp\/v2\/types\/page"}],"author":[{"embeddable":true,"href":"https:\/\/www.paneurouni.com\/en\/wp-json\/wp\/v2\/users\/8"}],"replies":[{"embeddable":true,"href":"https:\/\/www.paneurouni.com\/en\/wp-json\/wp\/v2\/comments?post=90933"}],"version-history":[{"count":1,"href":"https:\/\/www.paneurouni.com\/en\/wp-json\/wp\/v2\/pages\/90933\/revisions"}],"predecessor-version":[{"id":91116,"href":"https:\/\/www.paneurouni.com\/en\/wp-json\/wp\/v2\/pages\/90933\/revisions\/91116"}],"up":[{"embeddable":true,"href":"https:\/\/www.paneurouni.com\/en\/wp-json\/wp\/v2\/pages\/90894"}],"wp:attachment":[{"href":"https:\/\/www.paneurouni.com\/en\/wp-json\/wp\/v2\/media?parent=90933"}],"wp:term":[{"taxonomy":"post_tag","embeddable":true,"href":"https:\/\/www.paneurouni.com\/en\/wp-json\/wp\/v2\/tags?post=90933"},{"taxonomy":"typ-stranky","embeddable":true,"href":"https:\/\/www.paneurouni.com\/en\/wp-json\/wp\/v2\/typ-stranky?post=90933"}],"curies":[{"name":"wp","href":"https:\/\/api.w.org\/{rel}","templated":true}]}}