{"id":90935,"date":"2017-08-09T08:46:37","date_gmt":"2017-08-09T06:46:37","guid":{"rendered":"https:\/\/www.paneurouni.com\/en\/important-numbers\/"},"modified":"2026-04-08T11:37:28","modified_gmt":"2026-04-08T09:37:28","slug":"important-numbers","status":"publish","type":"page","link":"https:\/\/www.paneurouni.com\/en\/about-us\/useful-information\/important-numbers\/","title":{"rendered":"Important Numbers"},"content":{"rendered":"<p style=\"text-align: justify;\">\n<table style=\"width: 100%; height: 100%;\">\n<tbody>\n<tr>\n<td style=\"width: 49.5522%;\"><strong>International phone Code for Slovakia and Bratislava<\/strong><\/td>\n<td style=\"width: 49.801%; text-align: center;\"><strong>+\u00a0 421 (SVK) 2 (BA)\u00a0\u00a0 alt.\u00a0\u00a0\u00a0 00421-2<\/strong><\/td>\n<\/tr>\n<tr>\n<td style=\"width: 49.5522%;\">Emergency Line<\/td>\n<td style=\"width: 49.801%; text-align: center;\">112<\/td>\n<\/tr>\n<tr>\n<td style=\"width: 49.5522%;\">Local Police<\/td>\n<td style=\"width: 49.801%; text-align: center;\">159<\/td>\n<\/tr>\n<tr>\n<td style=\"width: 49.5522%;\">Immigration Police<\/td>\n<td style=\"width: 49.801%; text-align: center;\">0961-031265<\/td>\n<\/tr>\n<tr>\n<td style=\"width: 49.5522%;\">Fire emergency<\/td>\n<td style=\"width: 49.801%; text-align: center;\">150<\/td>\n<\/tr>\n<tr>\n<td style=\"width: 49.5522%;\">Fast medical assistance<\/td>\n<td style=\"width: 49.801%; text-align: center;\">16 155<\/td>\n<\/tr>\n<tr>\n<td style=\"width: 49.5522%;\">Motorist Assistance Services \u2013 Motor Club and Roadside Assistance<\/td>\n<td style=\"width: 49.801%; text-align: center;\">18 124<\/td>\n<\/tr>\n<tr>\n<td style=\"width: 49.5522%;\">Slovak Lines \u2013 international bus service<\/td>\n<td style=\"width: 49.801%; text-align: center;\">5542 4870<\/td>\n<\/tr>\n<tr>\n<td style=\"width: 49.5522%;\">Air traffic information<\/td>\n<td style=\"width: 49.801%; text-align: center;\">4857 3353<\/td>\n<\/tr>\n<tr>\n<td style=\"width: 49.5522%;\">Information line on telephone numbers in Slovakia<\/td>\n<td style=\"width: 49.801%; text-align: center;\">1181<\/td>\n<\/tr>\n<tr>\n<td style=\"width: 49.5522%;\">Information line on international telephone numbers<\/td>\n<td style=\"width: 49.801%; text-align: center;\">12 149<\/td>\n<\/tr>\n<tr>\n<td style=\"width: 49.5522%;\">Tourist information<\/td>\n<td style=\"width: 49.801%; text-align: center;\">16 186<\/td>\n<\/tr>\n<\/tbody>\n<\/table>\n<p style=\"text-align: justify;\"><strong>It is advisable to save among the contacts in your mobile phone the number of a close person to be contacted in case of emergency, marked by the internationally recognized acronym ICE (In Case of Emergency).<\/strong><\/p>\n","protected":false},"excerpt":{"rendered":"<p>International phone Code for Slovakia and Bratislava +\u00a0 421 (SVK) 2 (BA)\u00a0\u00a0 alt.\u00a0\u00a0\u00a0 00421-2 Emergency Line 112 Local Police 159 Immigration Police 0961-031265 Fire emergency 150 Fast medical assistance 16 155 Motorist Assistance Services \u2013 Motor Club and Roadside Assistance 18 124 Slovak Lines \u2013 international bus service 5542 4870 Air traffic information 4857 3353 [&hellip;]<\/p>\n","protected":false},"author":8,"featured_media":0,"parent":90877,"menu_order":0,"comment_status":"closed","ping_status":"open","template":"","meta":{"_acf_changed":false,"inline_featured_image":false,"footnotes":""},"tags":[],"typ-stranky":[159],"class_list":["post-90935","page","type-page","status-publish","hentry","typ-stranky-so-sidebarom"],"acf":[],"yoast_head":"<!-- This site is optimized with the Yoast SEO plugin v27.3 - https:\/\/yoast.com\/product\/yoast-seo-wordpress\/ -->\n<title>Important Numbers | PEU<\/title>\n<meta name=\"robots\" content=\"index, follow, max-snippet:-1, max-image-preview:large, max-video-preview:-1\" \/>\n<link rel=\"canonical\" href=\"https:\/\/www.paneurouni.com\/en\/about-us\/useful-information\/important-numbers\/\" \/>\n<meta property=\"og:locale\" content=\"en_US\" \/>\n<meta property=\"og:type\" content=\"article\" \/>\n<meta property=\"og:title\" content=\"Important Numbers | PEU\" \/>\n<meta property=\"og:description\" content=\"International phone Code for Slovakia and Bratislava +\u00a0 421 (SVK) 2 (BA)\u00a0\u00a0 alt.\u00a0\u00a0\u00a0 00421-2 Emergency Line 112 Local Police 159 Immigration Police 0961-031265 Fire emergency 150 Fast medical assistance 16 155 Motorist Assistance Services \u2013 Motor Club and Roadside Assistance 18 124 Slovak Lines \u2013 international bus service 5542 4870 Air traffic information 4857 3353 [&hellip;]\" \/>\n<meta property=\"og:url\" content=\"https:\/\/www.paneurouni.com\/en\/about-us\/useful-information\/important-numbers\/\" \/>\n<meta property=\"og:site_name\" content=\"PEU\" \/>\n<meta property=\"article:publisher\" content=\"https:\/\/www.facebook.com\/PaneuropskaVS\/\" \/>\n<meta property=\"article:modified_time\" content=\"2026-04-08T09:37:28+00:00\" \/>\n<meta name=\"twitter:card\" content=\"summary_large_image\" \/>\n<meta name=\"twitter:site\" content=\"@paneuropska_vs\" \/>\n<meta name=\"twitter:label1\" content=\"Est. reading time\" \/>\n\t<meta name=\"twitter:data1\" content=\"1 minute\" \/>\n<!-- \/ Yoast SEO plugin. -->","yoast_head_json":{"title":"Important Numbers | PEU","robots":{"index":"index","follow":"follow","max-snippet":"max-snippet:-1","max-image-preview":"max-image-preview:large","max-video-preview":"max-video-preview:-1"},"canonical":"https:\/\/www.paneurouni.com\/en\/about-us\/useful-information\/important-numbers\/","og_locale":"en_US","og_type":"article","og_title":"Important Numbers | PEU","og_description":"International phone Code for Slovakia and Bratislava +\u00a0 421 (SVK) 2 (BA)\u00a0\u00a0 alt.\u00a0\u00a0\u00a0 00421-2 Emergency Line 112 Local Police 159 Immigration Police 0961-031265 Fire emergency 150 Fast medical assistance 16 155 Motorist Assistance Services \u2013 Motor Club and Roadside Assistance 18 124 Slovak Lines \u2013 international bus service 5542 4870 Air traffic information 4857 3353 [&hellip;]","og_url":"https:\/\/www.paneurouni.com\/en\/about-us\/useful-information\/important-numbers\/","og_site_name":"PEU","article_publisher":"https:\/\/www.facebook.com\/PaneuropskaVS\/","article_modified_time":"2026-04-08T09:37:28+00:00","twitter_card":"summary_large_image","twitter_site":"@paneuropska_vs","twitter_misc":{"Est. reading time":"1 minute"},"schema":{"@context":"https:\/\/schema.org","@graph":[{"@type":"WebPage","@id":"https:\/\/www.paneurouni.com\/en\/about-us\/useful-information\/important-numbers\/","url":"https:\/\/www.paneurouni.com\/en\/about-us\/useful-information\/important-numbers\/","name":"Important Numbers | PEU","isPartOf":{"@id":"https:\/\/www.paneurouni.com\/en\/#website"},"datePublished":"2017-08-09T06:46:37+00:00","dateModified":"2026-04-08T09:37:28+00:00","breadcrumb":{"@id":"https:\/\/www.paneurouni.com\/en\/about-us\/useful-information\/important-numbers\/#breadcrumb"},"inLanguage":"en-US","potentialAction":[{"@type":"ReadAction","target":["https:\/\/www.paneurouni.com\/en\/about-us\/useful-information\/important-numbers\/"]}]},{"@type":"BreadcrumbList","@id":"https:\/\/www.paneurouni.com\/en\/about-us\/useful-information\/important-numbers\/#breadcrumb","itemListElement":[{"@type":"ListItem","position":1,"name":"Domovsk\u00e1 str\u00e1nka","item":"https:\/\/www.paneurouni.com\/en\/"},{"@type":"ListItem","position":2,"name":"About Us","item":"https:\/\/www.paneurouni.com\/en\/about-us__trashed\/about-us\/"},{"@type":"ListItem","position":3,"name":"Useful information","item":"https:\/\/www.paneurouni.com\/en\/about-us__trashed\/about-us\/useful-information\/"},{"@type":"ListItem","position":4,"name":"Important Numbers"}]},{"@type":"WebSite","@id":"https:\/\/www.paneurouni.com\/en\/#website","url":"https:\/\/www.paneurouni.com\/en\/","name":"Paneur\u00f3pska V\u0160","description":"Paneur\u00f3pska Vysok\u00e1 \u0160kola v Bratislave","publisher":{"@id":"https:\/\/www.paneurouni.com\/en\/#organization"},"potentialAction":[{"@type":"SearchAction","target":{"@type":"EntryPoint","urlTemplate":"https:\/\/www.paneurouni.com\/en\/?s={search_term_string}"},"query-input":{"@type":"PropertyValueSpecification","valueRequired":true,"valueName":"search_term_string"}}],"inLanguage":"en-US"},{"@type":"Organization","@id":"https:\/\/www.paneurouni.com\/en\/#organization","name":"Paneur\u00f3pska V\u0160","url":"https:\/\/www.paneurouni.com\/en\/","logo":{"@type":"ImageObject","inLanguage":"en-US","@id":"https:\/\/www.paneurouni.com\/en\/#\/schema\/logo\/image\/","url":"https:\/\/www.paneurouni.com\/en\/wp-content\/uploads\/2023\/03\/pevs-logo-1.svg","contentUrl":"https:\/\/www.paneurouni.com\/en\/wp-content\/uploads\/2023\/03\/pevs-logo-1.svg","width":293,"height":70,"caption":"Paneur\u00f3pska V\u0160"},"image":{"@id":"https:\/\/www.paneurouni.com\/en\/#\/schema\/logo\/image\/"},"sameAs":["https:\/\/www.facebook.com\/PaneuropskaVS\/","https:\/\/x.com\/paneuropska_vs","https:\/\/www.instagram.com\/paneuropska_vysoka_skola\/","https:\/\/www.youtube.com\/channel\/UCc8tUvmjlxAIYtplmv-G2MQ"]}]}},"_links":{"self":[{"href":"https:\/\/www.paneurouni.com\/en\/wp-json\/wp\/v2\/pages\/90935","targetHints":{"allow":["GET"]}}],"collection":[{"href":"https:\/\/www.paneurouni.com\/en\/wp-json\/wp\/v2\/pages"}],"about":[{"href":"https:\/\/www.paneurouni.com\/en\/wp-json\/wp\/v2\/types\/page"}],"author":[{"embeddable":true,"href":"https:\/\/www.paneurouni.com\/en\/wp-json\/wp\/v2\/users\/8"}],"replies":[{"embeddable":true,"href":"https:\/\/www.paneurouni.com\/en\/wp-json\/wp\/v2\/comments?post=90935"}],"version-history":[{"count":1,"href":"https:\/\/www.paneurouni.com\/en\/wp-json\/wp\/v2\/pages\/90935\/revisions"}],"predecessor-version":[{"id":91055,"href":"https:\/\/www.paneurouni.com\/en\/wp-json\/wp\/v2\/pages\/90935\/revisions\/91055"}],"up":[{"embeddable":true,"href":"https:\/\/www.paneurouni.com\/en\/wp-json\/wp\/v2\/pages\/90877"}],"wp:attachment":[{"href":"https:\/\/www.paneurouni.com\/en\/wp-json\/wp\/v2\/media?parent=90935"}],"wp:term":[{"taxonomy":"post_tag","embeddable":true,"href":"https:\/\/www.paneurouni.com\/en\/wp-json\/wp\/v2\/tags?post=90935"},{"taxonomy":"typ-stranky","embeddable":true,"href":"https:\/\/www.paneurouni.com\/en\/wp-json\/wp\/v2\/typ-stranky?post=90935"}],"curies":[{"name":"wp","href":"https:\/\/api.w.org\/{rel}","templated":true}]}}