{"id":90938,"date":"2017-08-21T06:54:35","date_gmt":"2017-08-21T04:54:35","guid":{"rendered":"https:\/\/www.paneurouni.com\/en\/about-us\/study-offer\/degree-programs-in-english\/"},"modified":"2026-03-26T14:25:18","modified_gmt":"2026-03-26T13:25:18","slug":"degree-programs-in-english","status":"publish","type":"page","link":"https:\/\/www.paneurouni.com\/en\/about-us\/study-offer\/degree-programs-in-english\/","title":{"rendered":"Degree Programs in English"},"content":{"rendered":"\t\t<div data-elementor-type=\"wp-page\" data-elementor-id=\"90938\" class=\"elementor elementor-90938\" data-elementor-post-type=\"page\">\n\t\t\t\t<div class=\"elementor-element elementor-element-1c6a54d6 e-flex e-con-boxed e-con e-parent\" data-id=\"1c6a54d6\" data-element_type=\"container\" data-e-type=\"container\">\n\t\t\t\t\t<div class=\"e-con-inner\">\n\t\t\t\t<div class=\"elementor-element elementor-element-2a380d0 elementor-widget elementor-widget-text-editor\" data-id=\"2a380d0\" data-element_type=\"widget\" data-e-type=\"widget\" data-widget_type=\"text-editor.default\">\n\t\t\t\t<div class=\"elementor-widget-container\">\n\t\t\t\t\t\t\t\t\t<h2 style=\"text-align: justify;\">BACHELOR\u2019S PROGRAMS<\/h2>\n<p style=\"text-align: justify;\">The faculties of the Pan-European university offer a wide range of <strong>accredited<\/strong> Bachelor\u2019s study programs. All graduates of these study programs receive the academic degree of Bachelor and are entitled to use the title Bc.<\/p>\n<p style=\"text-align: justify;\">The following table presents the list of the selected doctoral study programs with the English language of study.<\/p>\t\t\t\t\t\t\t\t<\/div>\n\t\t\t\t<\/div>\n\t\t\t\t<div class=\"elementor-element elementor-element-245b2eb elementor-widget elementor-widget-tablepress-table\" data-id=\"245b2eb\" data-element_type=\"widget\" data-e-type=\"widget\" data-widget_type=\"tablepress-table.default\">\n\t\t\t\t\t\n<table id=\"tablepress-1\" class=\"tablepress tablepress-id-1 tablepress-responsive\">\n<thead>\n<tr class=\"row-1\">\n\t<th class=\"column-1\">Faculty<\/th><th class=\"column-2\">Field of study<\/th><th class=\"column-3\">Study Program<\/th><th class=\"column-4\">Language<\/th><th class=\"column-5\">Study form<\/th><th class=\"column-6\">Length of study<\/th><th class=\"column-7\">Academic title<\/th>\n<\/tr>\n<\/thead>\n<tbody class=\"row-striping row-hover\">\n<tr class=\"row-2\">\n\t<td class=\"column-1\">Faculty of Law<\/td><td class=\"column-2\">International Relations<\/td><td class=\"column-3\"><a href=\"https:\/\/www.paneurouni.com\/en\/bachelors\/bachelors-programs\/international-relations\/\" >International Relations and Diplomacy<\/a><\/td><td class=\"column-4\">English<\/td><td class=\"column-5\">Full time<\/td><td class=\"column-6\">3 years<\/td><td class=\"column-7\">Bc.<\/td>\n<\/tr>\n<\/tbody>\n<\/table>\n<!-- #tablepress-1 from cache -->\t\t\t\t<\/div>\n\t\t\t\t<div class=\"elementor-element elementor-element-f2a8582 elementor-widget elementor-widget-text-editor\" data-id=\"f2a8582\" data-element_type=\"widget\" data-e-type=\"widget\" data-widget_type=\"text-editor.default\">\n\t\t\t\t<div class=\"elementor-widget-container\">\n\t\t\t\t\t\t\t\t\t<h2 style=\"text-align: justify;\">MASTER\u2019S PROGRAMS<\/h2>\n<p style=\"text-align: justify;\">The faculties of the Pan-European university offer a wide range of <strong>accredited<\/strong> Master\u2019s study programs. All graduates of these study programs receive the academic degree of Master and are entitled to use the title Mgr. or Ing.<\/p>\n<p style=\"text-align: justify;\">The following table presents the list of the selected doctoral study programs with the English language of study.<\/p>\t\t\t\t\t\t\t\t<\/div>\n\t\t\t\t<\/div>\n\t\t\t\t<div class=\"elementor-element elementor-element-ce0fba3 elementor-widget elementor-widget-tablepress-table\" data-id=\"ce0fba3\" data-element_type=\"widget\" data-e-type=\"widget\" data-widget_type=\"tablepress-table.default\">\n\t\t\t\t\t\n<table id=\"tablepress-24\" class=\"tablepress tablepress-id-24 tablepress-responsive\">\n<thead>\n<tr class=\"row-1\">\n\t<th class=\"column-1\">Faculty<\/th><th class=\"column-2\">Field of study<\/th><th class=\"column-3\">Study Program<\/th><th class=\"column-4\">Language<\/th><th class=\"column-5\">Study form<\/th><th class=\"column-6\">Length of study<\/th><th class=\"column-7\">Academic title<\/th>\n<\/tr>\n<\/thead>\n<tbody class=\"row-striping row-hover\">\n<tr class=\"row-2\">\n\t<td class=\"column-1\">Faculty of Law<\/td><td class=\"column-2\">International Relations<\/td><td class=\"column-3\"><a href=\"https:\/\/www.paneurouni.com\/en\/masters\/masters-programs\/international-relations\/\" >International Relations and Diplomacy<\/a><\/td><td class=\"column-4\">English<\/td><td class=\"column-5\">Full time<\/td><td class=\"column-6\">2 years<\/td><td class=\"column-7\">Master (Mgr.)<\/td>\n<\/tr>\n<\/tbody>\n<\/table>\n<!-- #tablepress-24 from cache -->\t\t\t\t<\/div>\n\t\t\t\t<div class=\"elementor-element elementor-element-297c7fd elementor-widget elementor-widget-text-editor\" data-id=\"297c7fd\" data-element_type=\"widget\" data-e-type=\"widget\" data-widget_type=\"text-editor.default\">\n\t\t\t\t<div class=\"elementor-widget-container\">\n\t\t\t\t\t\t\t\t\t<h2 style=\"text-align: justify;\">PHD PROGRAMS<\/h2>\n<p style=\"text-align: justify;\">Faculties of the Pan-European university offer a wide range of <strong>accredited<\/strong> doctoral study programs. All graduates of these study programs receive the highest academic and scientific degree Doctor (Doctor of Philosophy, philosophi\u00e6 doctor) and are entitled to use the PhD title.<\/p>\n<p style=\"text-align: justify;\">The following table presents the list of the selected doctoral study programs with the English language of study.<\/p>\t\t\t\t\t\t\t\t<\/div>\n\t\t\t\t<\/div>\n\t\t\t\t<div class=\"elementor-element elementor-element-9fb1919 elementor-widget elementor-widget-tablepress-table\" data-id=\"9fb1919\" data-element_type=\"widget\" data-e-type=\"widget\" data-widget_type=\"tablepress-table.default\">\n\t\t\t\t\t\n<table id=\"tablepress-25\" class=\"tablepress tablepress-id-25 tablepress-responsive\">\n<thead>\n<tr class=\"row-1\">\n\t<th class=\"column-1\">Faculty<\/th><th class=\"column-2\">Field of study<\/th><th class=\"column-3\">Study Program<\/th><th class=\"column-4\">Language<\/th><th class=\"column-5\">Study form<\/th><th class=\"column-6\">Length of study<\/th>\n<\/tr>\n<\/thead>\n<tbody class=\"row-striping row-hover\">\n<tr class=\"row-2\">\n\t<td class=\"column-1\">Faculty of Law<\/td><td class=\"column-2\">International Law<\/td><td class=\"column-3\"><a href=\"https:\/\/www.paneurouni.com\/en\/phd\/doctoral-programs\/international-law\/\" >International Law<\/a><\/td><td class=\"column-4\">English<br \/>\nSlovak<\/td><td class=\"column-5\">Full time<br \/>\nPart time<\/td><td class=\"column-6\">3 years<br \/>\n4 years<\/td>\n<\/tr>\n<tr class=\"row-3\">\n\t<td class=\"column-1\">Faculty of Economics and Entrepreneurship<\/td><td class=\"column-2\">International Business<\/td><td class=\"column-3\"><a href=\"https:\/\/www.paneurouni.com\/en\/phd\/doctoral-programs\/economics-and-management-of-international-business\/\" \">Economics and Management of International Business<\/a><\/td><td class=\"column-4\">English<\/td><td class=\"column-5\">Full time\t<\/td><td class=\"column-6\">3 years<\/td>\n<\/tr>\n<tr class=\"row-4\">\n\t<td class=\"column-1\">Faculty of Psychology<\/td><td class=\"column-2\">Psychology<\/td><td class=\"column-3\"><a href=\"https:\/\/www.paneurouni.com\/en\/phd\/doctoral-programs\/school-psychology\/\">School psychology<\/a><\/td><td class=\"column-4\">English<br \/>\nSlovak<\/td><td class=\"column-5\">Full time<br \/>\nPart time<\/td><td class=\"column-6\">3 years<br \/>\n4 years<\/td>\n<\/tr>\n<tr class=\"row-5\">\n\t<td class=\"column-1\">Faculty of Mass Media<\/td><td class=\"column-2\">Masmedial Studies<\/td><td class=\"column-3\"><a href=\"https:\/\/www.paneurouni.com\/en\/phd\/doctoral-programs\/masmedial-studies\/\" >Masmedial Studies<\/a><\/td><td class=\"column-4\">English<br \/>\nSlovak<\/td><td class=\"column-5\">Full time<br \/>\nPart time<\/td><td class=\"column-6\">3 years<br \/>\n4 years<\/td>\n<\/tr>\n<\/tbody>\n<\/table>\n\t\t\t\t<\/div>\n\t\t\t\t\t<\/div>\n\t\t\t\t<\/div>\n\t\t\t\t<\/div>\n\t\t","protected":false},"excerpt":{"rendered":"<p>BACHELOR\u2019S PROGRAMS The faculties of the Pan-European university offer a wide range of accredited Bachelor\u2019s study programs. All graduates of these study programs receive the academic degree of Bachelor and are entitled to use the title Bc. The following table presents the list of the selected doctoral study programs with the English language of study. [&hellip;]<\/p>\n","protected":false},"author":2,"featured_media":0,"parent":90937,"menu_order":1,"comment_status":"closed","ping_status":"open","template":"","meta":{"_acf_changed":false,"inline_featured_image":false,"footnotes":""},"tags":[],"typ-stranky":[159],"class_list":["post-90938","page","type-page","status-publish","hentry","typ-stranky-so-sidebarom"],"acf":[],"yoast_head":"<!-- This site is optimized with the Yoast SEO plugin v27.3 - https:\/\/yoast.com\/product\/yoast-seo-wordpress\/ -->\n<title>Degree Programs in English | PEU<\/title>\n<meta name=\"robots\" content=\"index, follow, max-snippet:-1, max-image-preview:large, max-video-preview:-1\" \/>\n<link rel=\"canonical\" href=\"https:\/\/www.paneurouni.com\/en\/about-us\/study-offer\/degree-programs-in-english\/\" \/>\n<meta property=\"og:locale\" content=\"en_US\" \/>\n<meta property=\"og:type\" content=\"article\" \/>\n<meta property=\"og:title\" content=\"Degree Programs in English | PEU\" \/>\n<meta property=\"og:description\" content=\"BACHELOR\u2019S PROGRAMS The faculties of the Pan-European university offer a wide range of accredited Bachelor\u2019s study programs. All graduates of these study programs receive the academic degree of Bachelor and are entitled to use the title Bc. The following table presents the list of the selected doctoral study programs with the English language of study. [&hellip;]\" \/>\n<meta property=\"og:url\" content=\"https:\/\/www.paneurouni.com\/en\/about-us\/study-offer\/degree-programs-in-english\/\" \/>\n<meta property=\"og:site_name\" content=\"PEU\" \/>\n<meta property=\"article:publisher\" content=\"https:\/\/www.facebook.com\/PaneuropskaVS\/\" \/>\n<meta property=\"article:modified_time\" content=\"2026-03-26T13:25:18+00:00\" \/>\n<meta name=\"twitter:card\" content=\"summary_large_image\" \/>\n<meta name=\"twitter:site\" content=\"@paneuropska_vs\" \/>\n<meta name=\"twitter:label1\" content=\"Est. reading time\" \/>\n\t<meta name=\"twitter:data1\" content=\"1 minute\" \/>\n<!-- \/ Yoast SEO plugin. -->","yoast_head_json":{"title":"Degree Programs in English | PEU","robots":{"index":"index","follow":"follow","max-snippet":"max-snippet:-1","max-image-preview":"max-image-preview:large","max-video-preview":"max-video-preview:-1"},"canonical":"https:\/\/www.paneurouni.com\/en\/about-us\/study-offer\/degree-programs-in-english\/","og_locale":"en_US","og_type":"article","og_title":"Degree Programs in English | PEU","og_description":"BACHELOR\u2019S PROGRAMS The faculties of the Pan-European university offer a wide range of accredited Bachelor\u2019s study programs. All graduates of these study programs receive the academic degree of Bachelor and are entitled to use the title Bc. The following table presents the list of the selected doctoral study programs with the English language of study. [&hellip;]","og_url":"https:\/\/www.paneurouni.com\/en\/about-us\/study-offer\/degree-programs-in-english\/","og_site_name":"PEU","article_publisher":"https:\/\/www.facebook.com\/PaneuropskaVS\/","article_modified_time":"2026-03-26T13:25:18+00:00","twitter_card":"summary_large_image","twitter_site":"@paneuropska_vs","twitter_misc":{"Est. reading time":"1 minute"},"schema":{"@context":"https:\/\/schema.org","@graph":[{"@type":"WebPage","@id":"https:\/\/www.paneurouni.com\/en\/about-us\/study-offer\/degree-programs-in-english\/","url":"https:\/\/www.paneurouni.com\/en\/about-us\/study-offer\/degree-programs-in-english\/","name":"Degree Programs in English | PEU","isPartOf":{"@id":"https:\/\/www.paneurouni.com\/en\/#website"},"datePublished":"2017-08-21T04:54:35+00:00","dateModified":"2026-03-26T13:25:18+00:00","breadcrumb":{"@id":"https:\/\/www.paneurouni.com\/en\/about-us\/study-offer\/degree-programs-in-english\/#breadcrumb"},"inLanguage":"en-US","potentialAction":[{"@type":"ReadAction","target":["https:\/\/www.paneurouni.com\/en\/about-us\/study-offer\/degree-programs-in-english\/"]}]},{"@type":"BreadcrumbList","@id":"https:\/\/www.paneurouni.com\/en\/about-us\/study-offer\/degree-programs-in-english\/#breadcrumb","itemListElement":[{"@type":"ListItem","position":1,"name":"Domovsk\u00e1 str\u00e1nka","item":"https:\/\/www.paneurouni.com\/en\/"},{"@type":"ListItem","position":2,"name":"About Us","item":"https:\/\/www.paneurouni.com\/en\/about-us__trashed\/about-us\/"},{"@type":"ListItem","position":3,"name":"Study offer","item":"https:\/\/www.paneurouni.com\/en\/about-us\/study-offer\/"},{"@type":"ListItem","position":4,"name":"Degree Programs in English"}]},{"@type":"WebSite","@id":"https:\/\/www.paneurouni.com\/en\/#website","url":"https:\/\/www.paneurouni.com\/en\/","name":"Paneur\u00f3pska V\u0160","description":"Paneur\u00f3pska Vysok\u00e1 \u0160kola v Bratislave","publisher":{"@id":"https:\/\/www.paneurouni.com\/en\/#organization"},"potentialAction":[{"@type":"SearchAction","target":{"@type":"EntryPoint","urlTemplate":"https:\/\/www.paneurouni.com\/en\/?s={search_term_string}"},"query-input":{"@type":"PropertyValueSpecification","valueRequired":true,"valueName":"search_term_string"}}],"inLanguage":"en-US"},{"@type":"Organization","@id":"https:\/\/www.paneurouni.com\/en\/#organization","name":"Paneur\u00f3pska V\u0160","url":"https:\/\/www.paneurouni.com\/en\/","logo":{"@type":"ImageObject","inLanguage":"en-US","@id":"https:\/\/www.paneurouni.com\/en\/#\/schema\/logo\/image\/","url":"https:\/\/www.paneurouni.com\/en\/wp-content\/uploads\/2023\/03\/pevs-logo-1.svg","contentUrl":"https:\/\/www.paneurouni.com\/en\/wp-content\/uploads\/2023\/03\/pevs-logo-1.svg","width":293,"height":70,"caption":"Paneur\u00f3pska V\u0160"},"image":{"@id":"https:\/\/www.paneurouni.com\/en\/#\/schema\/logo\/image\/"},"sameAs":["https:\/\/www.facebook.com\/PaneuropskaVS\/","https:\/\/x.com\/paneuropska_vs","https:\/\/www.instagram.com\/paneuropska_vysoka_skola\/","https:\/\/www.youtube.com\/channel\/UCc8tUvmjlxAIYtplmv-G2MQ"]}]}},"_links":{"self":[{"href":"https:\/\/www.paneurouni.com\/en\/wp-json\/wp\/v2\/pages\/90938","targetHints":{"allow":["GET"]}}],"collection":[{"href":"https:\/\/www.paneurouni.com\/en\/wp-json\/wp\/v2\/pages"}],"about":[{"href":"https:\/\/www.paneurouni.com\/en\/wp-json\/wp\/v2\/types\/page"}],"author":[{"embeddable":true,"href":"https:\/\/www.paneurouni.com\/en\/wp-json\/wp\/v2\/users\/2"}],"replies":[{"embeddable":true,"href":"https:\/\/www.paneurouni.com\/en\/wp-json\/wp\/v2\/comments?post=90938"}],"version-history":[{"count":3,"href":"https:\/\/www.paneurouni.com\/en\/wp-json\/wp\/v2\/pages\/90938\/revisions"}],"predecessor-version":[{"id":92371,"href":"https:\/\/www.paneurouni.com\/en\/wp-json\/wp\/v2\/pages\/90938\/revisions\/92371"}],"up":[{"embeddable":true,"href":"https:\/\/www.paneurouni.com\/en\/wp-json\/wp\/v2\/pages\/90937"}],"wp:attachment":[{"href":"https:\/\/www.paneurouni.com\/en\/wp-json\/wp\/v2\/media?parent=90938"}],"wp:term":[{"taxonomy":"post_tag","embeddable":true,"href":"https:\/\/www.paneurouni.com\/en\/wp-json\/wp\/v2\/tags?post=90938"},{"taxonomy":"typ-stranky","embeddable":true,"href":"https:\/\/www.paneurouni.com\/en\/wp-json\/wp\/v2\/typ-stranky?post=90938"}],"curies":[{"name":"wp","href":"https:\/\/api.w.org\/{rel}","templated":true}]}}