{"id":90943,"date":"2017-11-08T10:29:12","date_gmt":"2017-11-08T09:29:12","guid":{"rendered":"https:\/\/www.paneurouni.com\/en\/inoveduc\/"},"modified":"2026-04-10T13:16:21","modified_gmt":"2026-04-10T11:16:21","slug":"inoveduc","status":"publish","type":"page","link":"https:\/\/www.paneurouni.com\/en\/projects\/inoveduc\/","title":{"rendered":"InovEduc"},"content":{"rendered":"<h3>Project Summary<\/h3>\n<p><img fetchpriority=\"high\" decoding=\"async\" class=\"\" src=\"https:\/\/www.paneurouni.com\/en\/wp-content\/uploads\/2026\/02\/logo_inoveduc_positive_transparent_800px.png\" alt=\"\" width=\"334\" height=\"152\" \/><\/p>\n<p><strong>Project name:<\/strong> Innovative Methods in Education for supporting Partnerships &#8211; &#8220;InovEduc&#8221;<\/p>\n<p><strong>Recipient:<\/strong> Paneur\u00f3pska vysok\u00e1 \u0161kola n.o.<\/p>\n<p><strong>Found:<\/strong> Supported by Norway financial mechanism and cofinanced by state budget of Slovak republic<\/p>\n<p><strong>Programme area:<\/strong> SK08 Cross-border cooperation<\/p>\n<p><strong>Project number:<\/strong> CBC01008<\/p>\n<p><strong>All costs: <\/strong>638 558,- EUR<\/p>\n<p><strong>Project grant:<\/strong> 574 701,- EUR (90% \u2013 85% Norway grants \/ 15% Slovakia state budged)<\/p>\n<p><strong>Co-founding:<\/strong> 63 857,- EUR (10% \u2013 own resources)<\/p>\n<p><b>Project Objective(s)<\/b>: Reducing existing barriers to cross-border cooperation<\/p>\n<p><b>Date of Project Approval Decision<\/b>: <b>June 1, 2015<\/b><\/p>\n<p><b>Project Start Date<\/b>: Date of issuance of the Project approval decision<\/p>\n<p><b>Planned Project Completion Date<\/b>: <b>April 30, 2017<\/b><\/p>\n<p>\u00a0<\/p>\n<p>\u00a0<\/p>\n<p><strong>Project description:<\/strong> <a href=\"https:\/\/www.paneurouni.com\/en\/wp-content\/uploads\/2017\/03\/project_description_inoveduc.pdf\">InovEduc project description<\/a><\/p>\n<p><strong>Project outcomes:<\/strong> <a href=\"http:\/\/www.inoveduc.eu\">www.inoveduc.eu<\/a><\/p>\n<p><img decoding=\"async\" class=\"\" src=\"https:\/\/www.paneurouni.com\/en\/wp-content\/uploads\/2026\/02\/norway_grants_logo.jpg\" alt=\"\" width=\"110\" height=\"110\" \/><img decoding=\"async\" class=\"\" src=\"https:\/\/www.paneurouni.com\/en\/wp-content\/uploads\/2026\/02\/statny_znak_sr.gif\" alt=\"\" width=\"80\" height=\"98\" \/><\/p>\n<p><strong>Programme website: <\/strong><a title=\"Odkaz sa otvor\u00ed v novom okne\" href=\"http:\/\/www.eeagrants.sk\/\">www.eeagrants.sk<\/a><\/p>\n<p><em>\u201eSlovakia \u2013 Ukraine: Cooperation across the Border\u201c <\/em><\/p>\n<p><em>\u201eEEA and Norway grants \u2013 Cooperation with common values\u201c <\/em><br \/><a name=\"010\"><\/a><\/p>\n\n\n<div style=\"height:100px\" aria-hidden=\"true\" class=\"wp-block-spacer\"><\/div>\n","protected":false},"excerpt":{"rendered":"<p>Project Summary Project name: Innovative Methods in Education for supporting Partnerships &#8211; &#8220;InovEduc&#8221; Recipient: Paneur\u00f3pska vysok\u00e1 \u0161kola n.o. Found: Supported by Norway financial mechanism and cofinanced by state budget of Slovak republic Programme area: SK08 Cross-border cooperation Project number: CBC01008 All costs: 638 558,- EUR Project grant: 574 701,- EUR (90% \u2013 85% Norway grants [&hellip;]<\/p>\n","protected":false},"author":2,"featured_media":90944,"parent":92662,"menu_order":0,"comment_status":"closed","ping_status":"open","template":"","meta":{"_acf_changed":false,"inline_featured_image":false,"footnotes":""},"tags":[],"typ-stranky":[159],"class_list":["post-90943","page","type-page","status-publish","has-post-thumbnail","hentry","typ-stranky-so-sidebarom"],"acf":[],"yoast_head":"<!-- This site is optimized with the Yoast SEO plugin v27.3 - https:\/\/yoast.com\/product\/yoast-seo-wordpress\/ -->\n<title>InovEduc | PEU<\/title>\n<meta name=\"robots\" content=\"index, follow, max-snippet:-1, max-image-preview:large, max-video-preview:-1\" \/>\n<link rel=\"canonical\" href=\"https:\/\/www.paneurouni.com\/en\/projects\/inoveduc\/\" \/>\n<meta property=\"og:locale\" content=\"en_US\" \/>\n<meta property=\"og:type\" content=\"article\" \/>\n<meta property=\"og:title\" content=\"InovEduc | PEU\" \/>\n<meta property=\"og:description\" content=\"Project Summary Project name: Innovative Methods in Education for supporting Partnerships &#8211; &#8220;InovEduc&#8221; Recipient: Paneur\u00f3pska vysok\u00e1 \u0161kola n.o. Found: Supported by Norway financial mechanism and cofinanced by state budget of Slovak republic Programme area: SK08 Cross-border cooperation Project number: CBC01008 All costs: 638 558,- EUR Project grant: 574 701,- EUR (90% \u2013 85% Norway grants [&hellip;]\" \/>\n<meta property=\"og:url\" content=\"https:\/\/www.paneurouni.com\/en\/projects\/inoveduc\/\" \/>\n<meta property=\"og:site_name\" content=\"PEU\" \/>\n<meta property=\"article:publisher\" content=\"https:\/\/www.facebook.com\/PaneuropskaVS\/\" \/>\n<meta property=\"article:modified_time\" content=\"2026-04-10T11:16:21+00:00\" \/>\n<meta property=\"og:image\" content=\"https:\/\/www.paneurouni.com\/en\/wp-content\/uploads\/2026\/02\/logo_inoveduc_positive_transparent_800px.png\" \/>\n\t<meta property=\"og:image:width\" content=\"800\" \/>\n\t<meta property=\"og:image:height\" content=\"365\" \/>\n\t<meta property=\"og:image:type\" content=\"image\/png\" \/>\n<meta name=\"twitter:card\" content=\"summary_large_image\" \/>\n<meta name=\"twitter:site\" content=\"@paneuropska_vs\" \/>\n<meta name=\"twitter:label1\" content=\"Est. reading time\" \/>\n\t<meta name=\"twitter:data1\" content=\"2 minutes\" \/>\n<!-- \/ Yoast SEO plugin. -->","yoast_head_json":{"title":"InovEduc | PEU","robots":{"index":"index","follow":"follow","max-snippet":"max-snippet:-1","max-image-preview":"max-image-preview:large","max-video-preview":"max-video-preview:-1"},"canonical":"https:\/\/www.paneurouni.com\/en\/projects\/inoveduc\/","og_locale":"en_US","og_type":"article","og_title":"InovEduc | PEU","og_description":"Project Summary Project name: Innovative Methods in Education for supporting Partnerships &#8211; &#8220;InovEduc&#8221; Recipient: Paneur\u00f3pska vysok\u00e1 \u0161kola n.o. Found: Supported by Norway financial mechanism and cofinanced by state budget of Slovak republic Programme area: SK08 Cross-border cooperation Project number: CBC01008 All costs: 638 558,- EUR Project grant: 574 701,- EUR (90% \u2013 85% Norway grants [&hellip;]","og_url":"https:\/\/www.paneurouni.com\/en\/projects\/inoveduc\/","og_site_name":"PEU","article_publisher":"https:\/\/www.facebook.com\/PaneuropskaVS\/","article_modified_time":"2026-04-10T11:16:21+00:00","og_image":[{"width":800,"height":365,"url":"https:\/\/www.paneurouni.com\/en\/wp-content\/uploads\/2026\/02\/logo_inoveduc_positive_transparent_800px.png","type":"image\/png"}],"twitter_card":"summary_large_image","twitter_site":"@paneuropska_vs","twitter_misc":{"Est. reading time":"2 minutes"},"schema":{"@context":"https:\/\/schema.org","@graph":[{"@type":"WebPage","@id":"https:\/\/www.paneurouni.com\/en\/projects\/inoveduc\/","url":"https:\/\/www.paneurouni.com\/en\/projects\/inoveduc\/","name":"InovEduc | PEU","isPartOf":{"@id":"https:\/\/www.paneurouni.com\/en\/#website"},"primaryImageOfPage":{"@id":"https:\/\/www.paneurouni.com\/en\/projects\/inoveduc\/#primaryimage"},"image":{"@id":"https:\/\/www.paneurouni.com\/en\/projects\/inoveduc\/#primaryimage"},"thumbnailUrl":"https:\/\/www.paneurouni.com\/en\/wp-content\/uploads\/2026\/02\/logo_inoveduc_positive_transparent_800px.png","datePublished":"2017-11-08T09:29:12+00:00","dateModified":"2026-04-10T11:16:21+00:00","breadcrumb":{"@id":"https:\/\/www.paneurouni.com\/en\/projects\/inoveduc\/#breadcrumb"},"inLanguage":"en-US","potentialAction":[{"@type":"ReadAction","target":["https:\/\/www.paneurouni.com\/en\/projects\/inoveduc\/"]}]},{"@type":"ImageObject","inLanguage":"en-US","@id":"https:\/\/www.paneurouni.com\/en\/projects\/inoveduc\/#primaryimage","url":"https:\/\/www.paneurouni.com\/en\/wp-content\/uploads\/2026\/02\/logo_inoveduc_positive_transparent_800px.png","contentUrl":"https:\/\/www.paneurouni.com\/en\/wp-content\/uploads\/2026\/02\/logo_inoveduc_positive_transparent_800px.png","width":800,"height":365},{"@type":"BreadcrumbList","@id":"https:\/\/www.paneurouni.com\/en\/projects\/inoveduc\/#breadcrumb","itemListElement":[{"@type":"ListItem","position":1,"name":"Domovsk\u00e1 str\u00e1nka","item":"https:\/\/www.paneurouni.com\/en\/"},{"@type":"ListItem","position":2,"name":"Projects","item":"https:\/\/www.paneurouni.com\/en\/projects\/"},{"@type":"ListItem","position":3,"name":"InovEduc"}]},{"@type":"WebSite","@id":"https:\/\/www.paneurouni.com\/en\/#website","url":"https:\/\/www.paneurouni.com\/en\/","name":"Paneur\u00f3pska V\u0160","description":"Paneur\u00f3pska Vysok\u00e1 \u0160kola v Bratislave","publisher":{"@id":"https:\/\/www.paneurouni.com\/en\/#organization"},"potentialAction":[{"@type":"SearchAction","target":{"@type":"EntryPoint","urlTemplate":"https:\/\/www.paneurouni.com\/en\/?s={search_term_string}"},"query-input":{"@type":"PropertyValueSpecification","valueRequired":true,"valueName":"search_term_string"}}],"inLanguage":"en-US"},{"@type":"Organization","@id":"https:\/\/www.paneurouni.com\/en\/#organization","name":"Paneur\u00f3pska V\u0160","url":"https:\/\/www.paneurouni.com\/en\/","logo":{"@type":"ImageObject","inLanguage":"en-US","@id":"https:\/\/www.paneurouni.com\/en\/#\/schema\/logo\/image\/","url":"https:\/\/www.paneurouni.com\/en\/wp-content\/uploads\/2023\/03\/pevs-logo-1.svg","contentUrl":"https:\/\/www.paneurouni.com\/en\/wp-content\/uploads\/2023\/03\/pevs-logo-1.svg","width":293,"height":70,"caption":"Paneur\u00f3pska V\u0160"},"image":{"@id":"https:\/\/www.paneurouni.com\/en\/#\/schema\/logo\/image\/"},"sameAs":["https:\/\/www.facebook.com\/PaneuropskaVS\/","https:\/\/x.com\/paneuropska_vs","https:\/\/www.instagram.com\/paneuropska_vysoka_skola\/","https:\/\/www.youtube.com\/channel\/UCc8tUvmjlxAIYtplmv-G2MQ"]}]}},"_links":{"self":[{"href":"https:\/\/www.paneurouni.com\/en\/wp-json\/wp\/v2\/pages\/90943","targetHints":{"allow":["GET"]}}],"collection":[{"href":"https:\/\/www.paneurouni.com\/en\/wp-json\/wp\/v2\/pages"}],"about":[{"href":"https:\/\/www.paneurouni.com\/en\/wp-json\/wp\/v2\/types\/page"}],"author":[{"embeddable":true,"href":"https:\/\/www.paneurouni.com\/en\/wp-json\/wp\/v2\/users\/2"}],"replies":[{"embeddable":true,"href":"https:\/\/www.paneurouni.com\/en\/wp-json\/wp\/v2\/comments?post=90943"}],"version-history":[{"count":3,"href":"https:\/\/www.paneurouni.com\/en\/wp-json\/wp\/v2\/pages\/90943\/revisions"}],"predecessor-version":[{"id":92688,"href":"https:\/\/www.paneurouni.com\/en\/wp-json\/wp\/v2\/pages\/90943\/revisions\/92688"}],"up":[{"embeddable":true,"href":"https:\/\/www.paneurouni.com\/en\/wp-json\/wp\/v2\/pages\/92662"}],"wp:featuredmedia":[{"embeddable":true,"href":"https:\/\/www.paneurouni.com\/en\/wp-json\/wp\/v2\/media\/90944"}],"wp:attachment":[{"href":"https:\/\/www.paneurouni.com\/en\/wp-json\/wp\/v2\/media?parent=90943"}],"wp:term":[{"taxonomy":"post_tag","embeddable":true,"href":"https:\/\/www.paneurouni.com\/en\/wp-json\/wp\/v2\/tags?post=90943"},{"taxonomy":"typ-stranky","embeddable":true,"href":"https:\/\/www.paneurouni.com\/en\/wp-json\/wp\/v2\/typ-stranky?post=90943"}],"curies":[{"name":"wp","href":"https:\/\/api.w.org\/{rel}","templated":true}]}}