{"id":90951,"date":"2018-10-04T09:07:54","date_gmt":"2018-10-04T07:07:54","guid":{"rendered":"https:\/\/www.paneurouni.com\/en\/masters-in-english\/"},"modified":"2026-03-27T14:37:19","modified_gmt":"2026-03-27T13:37:19","slug":"masters-programs","status":"publish","type":"page","link":"https:\/\/www.paneurouni.com\/en\/masters\/masters-programs\/","title":{"rendered":"Master&#8217;s programs"},"content":{"rendered":"\t\t<div data-elementor-type=\"wp-page\" data-elementor-id=\"90951\" class=\"elementor elementor-90951\" data-elementor-post-type=\"page\">\n\t\t\t\t<div class=\"elementor-element elementor-element-526361aa e-flex e-con-boxed e-con e-parent\" data-id=\"526361aa\" data-element_type=\"container\" data-e-type=\"container\">\n\t\t\t\t\t<div class=\"e-con-inner\">\n\t\t\t\t<div class=\"elementor-element elementor-element-40a907f1 elementor-widget elementor-widget-text-editor\" data-id=\"40a907f1\" data-element_type=\"widget\" data-e-type=\"widget\" data-widget_type=\"text-editor.default\">\n\t\t\t\t<div class=\"elementor-widget-container\">\n\t\t\t\t\t\t\t\t\t<p style=\"text-align: justify;\">The faculties of the Pan-European university offer a wide range of\u00a0<strong>accredited<\/strong>\u00a0Master&#8217;s study programs. All graduates of these study programs receive the academic degree of Master\u00a0and are entitled to use the title Mgr. or Ing.<\/p><p style=\"text-align: justify;\">The following table presents the list of the selected doctoral study programs with the English language of study.<\/p>\t\t\t\t\t\t\t\t<\/div>\n\t\t\t\t<\/div>\n\t\t\t\t\t<\/div>\n\t\t\t\t<\/div>\n\t\t<div class=\"elementor-element elementor-element-1c291b4 e-flex e-con-boxed e-con e-parent\" data-id=\"1c291b4\" data-element_type=\"container\" data-e-type=\"container\">\n\t\t\t\t\t<div class=\"e-con-inner\">\n\t\t\t\t<div class=\"elementor-element elementor-element-1df059c elementor-widget elementor-widget-tablepress-table\" data-id=\"1df059c\" data-element_type=\"widget\" data-e-type=\"widget\" data-widget_type=\"tablepress-table.default\">\n\t\t\t\t\t\n<table id=\"tablepress-24\" class=\"tablepress tablepress-id-24 tablepress-responsive\">\n<thead>\n<tr class=\"row-1\">\n\t<th class=\"column-1\">Faculty<\/th><th class=\"column-2\">Field of study<\/th><th class=\"column-3\">Study Program<\/th><th class=\"column-4\">Language<\/th><th class=\"column-5\">Study form<\/th><th class=\"column-6\">Length of study<\/th><th class=\"column-7\">Academic title<\/th>\n<\/tr>\n<\/thead>\n<tbody class=\"row-striping row-hover\">\n<tr class=\"row-2\">\n\t<td class=\"column-1\">Faculty of Law<\/td><td class=\"column-2\">International Relations<\/td><td class=\"column-3\"><a href=\"https:\/\/www.paneurouni.com\/en\/masters\/masters-programs\/international-relations\/\" >International Relations and Diplomacy<\/a><\/td><td class=\"column-4\">English<\/td><td class=\"column-5\">Full time<\/td><td class=\"column-6\">2 years<\/td><td class=\"column-7\">Master (Mgr.)<\/td>\n<\/tr>\n<\/tbody>\n<\/table>\n<!-- #tablepress-24 from cache -->\t\t\t\t<\/div>\n\t\t\t\t\t<\/div>\n\t\t\t\t<\/div>\n\t\t\t\t<\/div>\n\t\t","protected":false},"excerpt":{"rendered":"<p>The faculties of the Pan-European university offer a wide range of\u00a0accredited\u00a0Master&#8217;s study programs. All graduates of these study programs receive the academic degree of Master\u00a0and are entitled to use the title Mgr. or Ing. The following table presents the list of the selected doctoral study programs with the English language of study. Upravi\u0165 Faculty Field [&hellip;]<\/p>\n","protected":false},"author":2,"featured_media":0,"parent":90957,"menu_order":0,"comment_status":"closed","ping_status":"open","template":"","meta":{"_acf_changed":false,"inline_featured_image":false,"footnotes":""},"tags":[],"typ-stranky":[159],"class_list":["post-90951","page","type-page","status-publish","hentry","typ-stranky-so-sidebarom"],"acf":[],"yoast_head":"<!-- This site is optimized with the Yoast SEO plugin v27.3 - https:\/\/yoast.com\/product\/yoast-seo-wordpress\/ -->\n<title>Master&#039;s programs | PEU<\/title>\n<meta name=\"robots\" content=\"index, follow, max-snippet:-1, max-image-preview:large, max-video-preview:-1\" \/>\n<link rel=\"canonical\" href=\"https:\/\/www.paneurouni.com\/en\/masters\/masters-programs\/\" \/>\n<meta property=\"og:locale\" content=\"en_US\" \/>\n<meta property=\"og:type\" content=\"article\" \/>\n<meta property=\"og:title\" content=\"Master&#039;s programs | PEU\" \/>\n<meta property=\"og:description\" content=\"The faculties of the Pan-European university offer a wide range of\u00a0accredited\u00a0Master&#8217;s study programs. All graduates of these study programs receive the academic degree of Master\u00a0and are entitled to use the title Mgr. or Ing. The following table presents the list of the selected doctoral study programs with the English language of study. Upravi\u0165 Faculty Field [&hellip;]\" \/>\n<meta property=\"og:url\" content=\"https:\/\/www.paneurouni.com\/en\/masters\/masters-programs\/\" \/>\n<meta property=\"og:site_name\" content=\"PEU\" \/>\n<meta property=\"article:publisher\" content=\"https:\/\/www.facebook.com\/PaneuropskaVS\/\" \/>\n<meta property=\"article:modified_time\" content=\"2026-03-27T13:37:19+00:00\" \/>\n<meta name=\"twitter:card\" content=\"summary_large_image\" \/>\n<meta name=\"twitter:site\" content=\"@paneuropska_vs\" \/>\n<meta name=\"twitter:label1\" content=\"Est. reading time\" \/>\n\t<meta name=\"twitter:data1\" content=\"1 minute\" \/>\n<!-- \/ Yoast SEO plugin. -->","yoast_head_json":{"title":"Master's programs | PEU","robots":{"index":"index","follow":"follow","max-snippet":"max-snippet:-1","max-image-preview":"max-image-preview:large","max-video-preview":"max-video-preview:-1"},"canonical":"https:\/\/www.paneurouni.com\/en\/masters\/masters-programs\/","og_locale":"en_US","og_type":"article","og_title":"Master's programs | PEU","og_description":"The faculties of the Pan-European university offer a wide range of\u00a0accredited\u00a0Master&#8217;s study programs. All graduates of these study programs receive the academic degree of Master\u00a0and are entitled to use the title Mgr. or Ing. The following table presents the list of the selected doctoral study programs with the English language of study. Upravi\u0165 Faculty Field [&hellip;]","og_url":"https:\/\/www.paneurouni.com\/en\/masters\/masters-programs\/","og_site_name":"PEU","article_publisher":"https:\/\/www.facebook.com\/PaneuropskaVS\/","article_modified_time":"2026-03-27T13:37:19+00:00","twitter_card":"summary_large_image","twitter_site":"@paneuropska_vs","twitter_misc":{"Est. reading time":"1 minute"},"schema":{"@context":"https:\/\/schema.org","@graph":[{"@type":"WebPage","@id":"https:\/\/www.paneurouni.com\/en\/masters\/masters-programs\/","url":"https:\/\/www.paneurouni.com\/en\/masters\/masters-programs\/","name":"Master's programs | PEU","isPartOf":{"@id":"https:\/\/www.paneurouni.com\/en\/#website"},"datePublished":"2018-10-04T07:07:54+00:00","dateModified":"2026-03-27T13:37:19+00:00","breadcrumb":{"@id":"https:\/\/www.paneurouni.com\/en\/masters\/masters-programs\/#breadcrumb"},"inLanguage":"en-US","potentialAction":[{"@type":"ReadAction","target":["https:\/\/www.paneurouni.com\/en\/masters\/masters-programs\/"]}]},{"@type":"BreadcrumbList","@id":"https:\/\/www.paneurouni.com\/en\/masters\/masters-programs\/#breadcrumb","itemListElement":[{"@type":"ListItem","position":1,"name":"Domovsk\u00e1 str\u00e1nka","item":"https:\/\/www.paneurouni.com\/en\/"},{"@type":"ListItem","position":2,"name":"Master\u2019s","item":"https:\/\/www.paneurouni.com\/en\/masters\/"},{"@type":"ListItem","position":3,"name":"Master&#8217;s programs"}]},{"@type":"WebSite","@id":"https:\/\/www.paneurouni.com\/en\/#website","url":"https:\/\/www.paneurouni.com\/en\/","name":"Paneur\u00f3pska V\u0160","description":"Paneur\u00f3pska Vysok\u00e1 \u0160kola v Bratislave","publisher":{"@id":"https:\/\/www.paneurouni.com\/en\/#organization"},"potentialAction":[{"@type":"SearchAction","target":{"@type":"EntryPoint","urlTemplate":"https:\/\/www.paneurouni.com\/en\/?s={search_term_string}"},"query-input":{"@type":"PropertyValueSpecification","valueRequired":true,"valueName":"search_term_string"}}],"inLanguage":"en-US"},{"@type":"Organization","@id":"https:\/\/www.paneurouni.com\/en\/#organization","name":"Paneur\u00f3pska V\u0160","url":"https:\/\/www.paneurouni.com\/en\/","logo":{"@type":"ImageObject","inLanguage":"en-US","@id":"https:\/\/www.paneurouni.com\/en\/#\/schema\/logo\/image\/","url":"https:\/\/www.paneurouni.com\/en\/wp-content\/uploads\/2023\/03\/pevs-logo-1.svg","contentUrl":"https:\/\/www.paneurouni.com\/en\/wp-content\/uploads\/2023\/03\/pevs-logo-1.svg","width":293,"height":70,"caption":"Paneur\u00f3pska V\u0160"},"image":{"@id":"https:\/\/www.paneurouni.com\/en\/#\/schema\/logo\/image\/"},"sameAs":["https:\/\/www.facebook.com\/PaneuropskaVS\/","https:\/\/x.com\/paneuropska_vs","https:\/\/www.instagram.com\/paneuropska_vysoka_skola\/","https:\/\/www.youtube.com\/channel\/UCc8tUvmjlxAIYtplmv-G2MQ"]}]}},"_links":{"self":[{"href":"https:\/\/www.paneurouni.com\/en\/wp-json\/wp\/v2\/pages\/90951","targetHints":{"allow":["GET"]}}],"collection":[{"href":"https:\/\/www.paneurouni.com\/en\/wp-json\/wp\/v2\/pages"}],"about":[{"href":"https:\/\/www.paneurouni.com\/en\/wp-json\/wp\/v2\/types\/page"}],"author":[{"embeddable":true,"href":"https:\/\/www.paneurouni.com\/en\/wp-json\/wp\/v2\/users\/2"}],"replies":[{"embeddable":true,"href":"https:\/\/www.paneurouni.com\/en\/wp-json\/wp\/v2\/comments?post=90951"}],"version-history":[{"count":3,"href":"https:\/\/www.paneurouni.com\/en\/wp-json\/wp\/v2\/pages\/90951\/revisions"}],"predecessor-version":[{"id":92262,"href":"https:\/\/www.paneurouni.com\/en\/wp-json\/wp\/v2\/pages\/90951\/revisions\/92262"}],"up":[{"embeddable":true,"href":"https:\/\/www.paneurouni.com\/en\/wp-json\/wp\/v2\/pages\/90957"}],"wp:attachment":[{"href":"https:\/\/www.paneurouni.com\/en\/wp-json\/wp\/v2\/media?parent=90951"}],"wp:term":[{"taxonomy":"post_tag","embeddable":true,"href":"https:\/\/www.paneurouni.com\/en\/wp-json\/wp\/v2\/tags?post=90951"},{"taxonomy":"typ-stranky","embeddable":true,"href":"https:\/\/www.paneurouni.com\/en\/wp-json\/wp\/v2\/typ-stranky?post=90951"}],"curies":[{"name":"wp","href":"https:\/\/api.w.org\/{rel}","templated":true}]}}