{"id":90985,"date":"2017-07-10T11:00:13","date_gmt":"2017-07-10T09:00:13","guid":{"rendered":"https:\/\/www.paneurouni.com\/en\/about-us\/about-us\/faculties\/"},"modified":"2026-04-17T10:33:13","modified_gmt":"2026-04-17T08:33:13","slug":"faculties","status":"publish","type":"page","link":"https:\/\/www.paneurouni.com\/en\/about-us\/faculties\/","title":{"rendered":"Faculties"},"content":{"rendered":"\t\t<div data-elementor-type=\"wp-page\" data-elementor-id=\"90985\" class=\"elementor elementor-90985\" data-elementor-post-type=\"page\">\n\t\t\t\t<div class=\"elementor-element elementor-element-2fa5386 e-con-full fakulty e-flex e-con e-child\" data-id=\"2fa5386\" data-element_type=\"container\" data-e-type=\"container\">\n\t\t<a data-dce-background-overlay-color=\"#03245B\" data-dce-background-image-url=\"https:\/\/www.paneurouni.com\/en\/wp-content\/uploads\/2025\/02\/44-scaled-1.jpg\" class=\"elementor-element elementor-element-c05fb1e e-con-full e-transform e-flex e-con e-child\" data-id=\"c05fb1e\" data-element_type=\"container\" data-e-type=\"container\" data-settings=\"{&quot;background_background&quot;:&quot;classic&quot;,&quot;_transform_scale_effect_hover&quot;:{&quot;unit&quot;:&quot;px&quot;,&quot;size&quot;:1.1,&quot;sizes&quot;:[]},&quot;_transform_scale_effect_hover_mobile&quot;:{&quot;unit&quot;:&quot;px&quot;,&quot;size&quot;:1.05,&quot;sizes&quot;:[]},&quot;_transform_scale_effect_hover_laptop&quot;:{&quot;unit&quot;:&quot;px&quot;,&quot;size&quot;:&quot;&quot;,&quot;sizes&quot;:[]},&quot;_transform_scale_effect_hover_tablet&quot;:{&quot;unit&quot;:&quot;px&quot;,&quot;size&quot;:&quot;&quot;,&quot;sizes&quot;:[]}}\" href=\"https:\/\/www.paneurouni.com\/en\/about-us\/faculties\/faculty-law\/\">\n\t\t\t\t<div data-dce-title-color=\"#FFFFFF\" class=\"elementor-element elementor-element-3b4fe7a elementor-invisible elementor-widget elementor-widget-heading\" data-id=\"3b4fe7a\" data-element_type=\"widget\" data-e-type=\"widget\" data-settings=\"{&quot;_animation&quot;:&quot;fadeIn&quot;}\" data-widget_type=\"heading.default\">\n\t\t\t\t<div class=\"elementor-widget-container\">\n\t\t\t\t\t<h3 class=\"elementor-heading-title elementor-size-default\">Faculty of Law<\/h3>\t\t\t\t<\/div>\n\t\t\t\t<\/div>\n\t\t\t\t<\/a>\n\t\t<a data-dce-background-overlay-color=\"#03245B\" data-dce-background-image-url=\"https:\/\/www.paneurouni.com\/en\/wp-content\/uploads\/2023\/06\/fakulta-ekonomie-a-podnikania.png\" class=\"elementor-element elementor-element-fbe7b50 e-con-full e-transform fakulta-fe e-flex e-con e-child\" data-id=\"fbe7b50\" data-element_type=\"container\" data-e-type=\"container\" data-settings=\"{&quot;background_background&quot;:&quot;classic&quot;,&quot;_transform_scale_effect_hover&quot;:{&quot;unit&quot;:&quot;px&quot;,&quot;size&quot;:1.1,&quot;sizes&quot;:[]},&quot;_transform_scale_effect_hover_mobile&quot;:{&quot;unit&quot;:&quot;px&quot;,&quot;size&quot;:1.05,&quot;sizes&quot;:[]},&quot;_transform_scale_effect_hover_laptop&quot;:{&quot;unit&quot;:&quot;px&quot;,&quot;size&quot;:&quot;&quot;,&quot;sizes&quot;:[]},&quot;_transform_scale_effect_hover_tablet&quot;:{&quot;unit&quot;:&quot;px&quot;,&quot;size&quot;:&quot;&quot;,&quot;sizes&quot;:[]}}\" href=\"https:\/\/www.paneurouni.com\/en\/about-us\/faculties\/faculty-economics\/\">\n\t\t\t\t<div data-dce-title-color=\"#FFFFFF\" class=\"elementor-element elementor-element-b42b8a0 elementor-widget__width-initial elementor-invisible elementor-widget elementor-widget-heading\" data-id=\"b42b8a0\" data-element_type=\"widget\" data-e-type=\"widget\" data-settings=\"{&quot;_animation&quot;:&quot;fadeIn&quot;}\" data-widget_type=\"heading.default\">\n\t\t\t\t<div class=\"elementor-widget-container\">\n\t\t\t\t\t<h3 class=\"elementor-heading-title elementor-size-default\">Faculty of Economics <br> and Entrepreneurship\n<\/h3>\t\t\t\t<\/div>\n\t\t\t\t<\/div>\n\t\t\t\t<\/a>\n\t\t<a data-dce-background-overlay-color=\"#03245B\" data-dce-background-image-url=\"https:\/\/www.paneurouni.com\/en\/wp-content\/uploads\/2025\/02\/43-scaled.jpg\" class=\"elementor-element elementor-element-ee957ab e-con-full e-transform e-flex e-con e-child\" data-id=\"ee957ab\" data-element_type=\"container\" data-e-type=\"container\" data-settings=\"{&quot;background_background&quot;:&quot;classic&quot;,&quot;_transform_scale_effect_hover&quot;:{&quot;unit&quot;:&quot;px&quot;,&quot;size&quot;:1.1,&quot;sizes&quot;:[]},&quot;_transform_scale_effect_hover_mobile&quot;:{&quot;unit&quot;:&quot;px&quot;,&quot;size&quot;:1.05,&quot;sizes&quot;:[]},&quot;_transform_scale_effect_hover_laptop&quot;:{&quot;unit&quot;:&quot;px&quot;,&quot;size&quot;:&quot;&quot;,&quot;sizes&quot;:[]},&quot;_transform_scale_effect_hover_tablet&quot;:{&quot;unit&quot;:&quot;px&quot;,&quot;size&quot;:&quot;&quot;,&quot;sizes&quot;:[]}}\" href=\"https:\/\/www.paneurouni.com\/en\/about-us\/faculties\/faculty-psychology\/\">\n\t\t\t\t<div data-dce-title-color=\"#FFFFFF\" class=\"elementor-element elementor-element-78dd7f8 elementor-invisible elementor-widget elementor-widget-heading\" data-id=\"78dd7f8\" data-element_type=\"widget\" data-e-type=\"widget\" data-settings=\"{&quot;_animation&quot;:&quot;fadeIn&quot;}\" data-widget_type=\"heading.default\">\n\t\t\t\t<div class=\"elementor-widget-container\">\n\t\t\t\t\t<h3 class=\"elementor-heading-title elementor-size-default\">Faculty of Psychology<\/h3>\t\t\t\t<\/div>\n\t\t\t\t<\/div>\n\t\t\t\t<\/a>\n\t\t<a data-dce-background-overlay-color=\"#03245B\" data-dce-background-image-url=\"https:\/\/www.paneurouni.com\/en\/wp-content\/uploads\/2025\/02\/47-scaled-1.jpg\" class=\"elementor-element elementor-element-59db409 e-con-full e-transform e-flex e-con e-child\" data-id=\"59db409\" data-element_type=\"container\" data-e-type=\"container\" data-settings=\"{&quot;background_background&quot;:&quot;classic&quot;,&quot;_transform_scale_effect_hover&quot;:{&quot;unit&quot;:&quot;px&quot;,&quot;size&quot;:1.1,&quot;sizes&quot;:[]},&quot;_transform_scale_effect_hover_mobile&quot;:{&quot;unit&quot;:&quot;px&quot;,&quot;size&quot;:1.05,&quot;sizes&quot;:[]},&quot;_transform_scale_effect_hover_laptop&quot;:{&quot;unit&quot;:&quot;px&quot;,&quot;size&quot;:&quot;&quot;,&quot;sizes&quot;:[]},&quot;_transform_scale_effect_hover_tablet&quot;:{&quot;unit&quot;:&quot;px&quot;,&quot;size&quot;:&quot;&quot;,&quot;sizes&quot;:[]}}\" href=\"https:\/\/www.paneurouni.com\/en\/about-us\/faculties\/faculty-media\/\">\n\t\t\t\t<div data-dce-title-color=\"#FFFFFF\" class=\"elementor-element elementor-element-3ff9713 elementor-invisible elementor-widget elementor-widget-heading\" data-id=\"3ff9713\" data-element_type=\"widget\" data-e-type=\"widget\" data-settings=\"{&quot;_animation&quot;:&quot;fadeIn&quot;}\" data-widget_type=\"heading.default\">\n\t\t\t\t<div class=\"elementor-widget-container\">\n\t\t\t\t\t<h3 class=\"elementor-heading-title elementor-size-default\">Faculty of Media<\/h3>\t\t\t\t<\/div>\n\t\t\t\t<\/div>\n\t\t\t\t<\/a>\n\t\t<a data-dce-background-overlay-color=\"#03245B\" data-dce-background-image-url=\"https:\/\/www.paneurouni.com\/en\/wp-content\/uploads\/2024\/11\/informacne_technologie.jpg\" class=\"elementor-element elementor-element-c3705e4 e-con-full e-transform e-flex e-con e-child\" data-id=\"c3705e4\" data-element_type=\"container\" data-e-type=\"container\" data-settings=\"{&quot;background_background&quot;:&quot;classic&quot;,&quot;_transform_scale_effect_hover&quot;:{&quot;unit&quot;:&quot;px&quot;,&quot;size&quot;:1.1,&quot;sizes&quot;:[]},&quot;_transform_scale_effect_hover_mobile&quot;:{&quot;unit&quot;:&quot;px&quot;,&quot;size&quot;:1.05,&quot;sizes&quot;:[]},&quot;_transform_scale_effect_hover_laptop&quot;:{&quot;unit&quot;:&quot;px&quot;,&quot;size&quot;:&quot;&quot;,&quot;sizes&quot;:[]},&quot;_transform_scale_effect_hover_tablet&quot;:{&quot;unit&quot;:&quot;px&quot;,&quot;size&quot;:&quot;&quot;,&quot;sizes&quot;:[]}}\" href=\"https:\/\/www.paneurouni.com\/en\/about-us\/faculties\/faculty-informatics\/\">\n\t\t\t\t<div data-dce-title-color=\"#FFFFFF\" class=\"elementor-element elementor-element-d134259 elementor-invisible elementor-widget elementor-widget-heading\" data-id=\"d134259\" data-element_type=\"widget\" data-e-type=\"widget\" data-settings=\"{&quot;_animation&quot;:&quot;fadeIn&quot;}\" data-widget_type=\"heading.default\">\n\t\t\t\t<div class=\"elementor-widget-container\">\n\t\t\t\t\t<h3 class=\"elementor-heading-title elementor-size-default\">Faculty of Informatics<\/h3>\t\t\t\t<\/div>\n\t\t\t\t<\/div>\n\t\t\t\t<\/a>\n\t\t\t\t<\/div>\n\t\t\t\t<\/div>\n\t\t","protected":false},"excerpt":{"rendered":"<p>Faculty of Law Faculty of Economics and Entrepreneurship Faculty of Psychology Faculty of Media Faculty of Informatics<\/p>\n","protected":false},"author":2,"featured_media":90986,"parent":90984,"menu_order":0,"comment_status":"closed","ping_status":"open","template":"","meta":{"_acf_changed":false,"inline_featured_image":false,"footnotes":""},"tags":[],"typ-stranky":[159],"class_list":["post-90985","page","type-page","status-publish","has-post-thumbnail","hentry","typ-stranky-so-sidebarom"],"acf":[],"yoast_head":"<!-- This site is optimized with the Yoast SEO plugin v27.3 - https:\/\/yoast.com\/product\/yoast-seo-wordpress\/ -->\n<title>Faculties | PEU<\/title>\n<meta name=\"robots\" content=\"index, follow, max-snippet:-1, max-image-preview:large, max-video-preview:-1\" \/>\n<link rel=\"canonical\" href=\"https:\/\/www.paneurouni.com\/en\/about-us\/faculties\/\" \/>\n<meta property=\"og:locale\" content=\"en_US\" \/>\n<meta property=\"og:type\" content=\"article\" \/>\n<meta property=\"og:title\" content=\"Faculties | PEU\" \/>\n<meta property=\"og:description\" content=\"Faculty of Law Faculty of Economics and Entrepreneurship Faculty of Psychology Faculty of Media Faculty of Informatics\" \/>\n<meta property=\"og:url\" content=\"https:\/\/www.paneurouni.com\/en\/about-us\/faculties\/\" \/>\n<meta property=\"og:site_name\" content=\"PEU\" \/>\n<meta property=\"article:publisher\" content=\"https:\/\/www.facebook.com\/PaneuropskaVS\/\" \/>\n<meta property=\"article:modified_time\" content=\"2026-04-17T08:33:13+00:00\" \/>\n<meta property=\"og:image\" content=\"https:\/\/www.paneurouni.com\/en\/wp-content\/uploads\/2026\/02\/znak-fp.jpg\" \/>\n\t<meta property=\"og:image:width\" content=\"152\" \/>\n\t<meta property=\"og:image:height\" content=\"114\" \/>\n\t<meta property=\"og:image:type\" content=\"image\/jpeg\" \/>\n<meta name=\"twitter:card\" content=\"summary_large_image\" \/>\n<meta name=\"twitter:site\" content=\"@paneuropska_vs\" \/>\n<meta name=\"twitter:label1\" content=\"Est. reading time\" \/>\n\t<meta name=\"twitter:data1\" content=\"1 minute\" \/>\n<!-- \/ Yoast SEO plugin. -->","yoast_head_json":{"title":"Faculties | PEU","robots":{"index":"index","follow":"follow","max-snippet":"max-snippet:-1","max-image-preview":"max-image-preview:large","max-video-preview":"max-video-preview:-1"},"canonical":"https:\/\/www.paneurouni.com\/en\/about-us\/faculties\/","og_locale":"en_US","og_type":"article","og_title":"Faculties | PEU","og_description":"Faculty of Law Faculty of Economics and Entrepreneurship Faculty of Psychology Faculty of Media Faculty of Informatics","og_url":"https:\/\/www.paneurouni.com\/en\/about-us\/faculties\/","og_site_name":"PEU","article_publisher":"https:\/\/www.facebook.com\/PaneuropskaVS\/","article_modified_time":"2026-04-17T08:33:13+00:00","og_image":[{"width":152,"height":114,"url":"https:\/\/www.paneurouni.com\/en\/wp-content\/uploads\/2026\/02\/znak-fp.jpg","type":"image\/jpeg"}],"twitter_card":"summary_large_image","twitter_site":"@paneuropska_vs","twitter_misc":{"Est. reading time":"1 minute"},"schema":{"@context":"https:\/\/schema.org","@graph":[{"@type":"WebPage","@id":"https:\/\/www.paneurouni.com\/en\/about-us\/faculties\/","url":"https:\/\/www.paneurouni.com\/en\/about-us\/faculties\/","name":"Faculties | PEU","isPartOf":{"@id":"https:\/\/www.paneurouni.com\/en\/#website"},"primaryImageOfPage":{"@id":"https:\/\/www.paneurouni.com\/en\/about-us\/faculties\/#primaryimage"},"image":{"@id":"https:\/\/www.paneurouni.com\/en\/about-us\/faculties\/#primaryimage"},"thumbnailUrl":"https:\/\/www.paneurouni.com\/en\/wp-content\/uploads\/2026\/02\/znak-fp.jpg","datePublished":"2017-07-10T09:00:13+00:00","dateModified":"2026-04-17T08:33:13+00:00","breadcrumb":{"@id":"https:\/\/www.paneurouni.com\/en\/about-us\/faculties\/#breadcrumb"},"inLanguage":"en-US","potentialAction":[{"@type":"ReadAction","target":["https:\/\/www.paneurouni.com\/en\/about-us\/faculties\/"]}]},{"@type":"ImageObject","inLanguage":"en-US","@id":"https:\/\/www.paneurouni.com\/en\/about-us\/faculties\/#primaryimage","url":"https:\/\/www.paneurouni.com\/en\/wp-content\/uploads\/2026\/02\/znak-fp.jpg","contentUrl":"https:\/\/www.paneurouni.com\/en\/wp-content\/uploads\/2026\/02\/znak-fp.jpg","width":152,"height":114},{"@type":"BreadcrumbList","@id":"https:\/\/www.paneurouni.com\/en\/about-us\/faculties\/#breadcrumb","itemListElement":[{"@type":"ListItem","position":1,"name":"Domovsk\u00e1 str\u00e1nka","item":"https:\/\/www.paneurouni.com\/en\/"},{"@type":"ListItem","position":2,"name":"About Us","item":"https:\/\/www.paneurouni.com\/en\/about-us__trashed\/about-us\/"},{"@type":"ListItem","position":3,"name":"Faculties"}]},{"@type":"WebSite","@id":"https:\/\/www.paneurouni.com\/en\/#website","url":"https:\/\/www.paneurouni.com\/en\/","name":"Paneur\u00f3pska V\u0160","description":"Paneur\u00f3pska Vysok\u00e1 \u0160kola v Bratislave","publisher":{"@id":"https:\/\/www.paneurouni.com\/en\/#organization"},"potentialAction":[{"@type":"SearchAction","target":{"@type":"EntryPoint","urlTemplate":"https:\/\/www.paneurouni.com\/en\/?s={search_term_string}"},"query-input":{"@type":"PropertyValueSpecification","valueRequired":true,"valueName":"search_term_string"}}],"inLanguage":"en-US"},{"@type":"Organization","@id":"https:\/\/www.paneurouni.com\/en\/#organization","name":"Paneur\u00f3pska V\u0160","url":"https:\/\/www.paneurouni.com\/en\/","logo":{"@type":"ImageObject","inLanguage":"en-US","@id":"https:\/\/www.paneurouni.com\/en\/#\/schema\/logo\/image\/","url":"https:\/\/www.paneurouni.com\/en\/wp-content\/uploads\/2023\/03\/pevs-logo-1.svg","contentUrl":"https:\/\/www.paneurouni.com\/en\/wp-content\/uploads\/2023\/03\/pevs-logo-1.svg","width":293,"height":70,"caption":"Paneur\u00f3pska V\u0160"},"image":{"@id":"https:\/\/www.paneurouni.com\/en\/#\/schema\/logo\/image\/"},"sameAs":["https:\/\/www.facebook.com\/PaneuropskaVS\/","https:\/\/x.com\/paneuropska_vs","https:\/\/www.instagram.com\/paneuropska_vysoka_skola\/","https:\/\/www.youtube.com\/channel\/UCc8tUvmjlxAIYtplmv-G2MQ"]}]}},"_links":{"self":[{"href":"https:\/\/www.paneurouni.com\/en\/wp-json\/wp\/v2\/pages\/90985","targetHints":{"allow":["GET"]}}],"collection":[{"href":"https:\/\/www.paneurouni.com\/en\/wp-json\/wp\/v2\/pages"}],"about":[{"href":"https:\/\/www.paneurouni.com\/en\/wp-json\/wp\/v2\/types\/page"}],"author":[{"embeddable":true,"href":"https:\/\/www.paneurouni.com\/en\/wp-json\/wp\/v2\/users\/2"}],"replies":[{"embeddable":true,"href":"https:\/\/www.paneurouni.com\/en\/wp-json\/wp\/v2\/comments?post=90985"}],"version-history":[{"count":3,"href":"https:\/\/www.paneurouni.com\/en\/wp-json\/wp\/v2\/pages\/90985\/revisions"}],"predecessor-version":[{"id":92881,"href":"https:\/\/www.paneurouni.com\/en\/wp-json\/wp\/v2\/pages\/90985\/revisions\/92881"}],"up":[{"embeddable":true,"href":"https:\/\/www.paneurouni.com\/en\/wp-json\/wp\/v2\/pages\/90984"}],"wp:featuredmedia":[{"embeddable":true,"href":"https:\/\/www.paneurouni.com\/en\/wp-json\/wp\/v2\/media\/90986"}],"wp:attachment":[{"href":"https:\/\/www.paneurouni.com\/en\/wp-json\/wp\/v2\/media?parent=90985"}],"wp:term":[{"taxonomy":"post_tag","embeddable":true,"href":"https:\/\/www.paneurouni.com\/en\/wp-json\/wp\/v2\/tags?post=90985"},{"taxonomy":"typ-stranky","embeddable":true,"href":"https:\/\/www.paneurouni.com\/en\/wp-json\/wp\/v2\/typ-stranky?post=90985"}],"curies":[{"name":"wp","href":"https:\/\/api.w.org\/{rel}","templated":true}]}}