{"id":91004,"date":"2022-08-25T11:50:00","date_gmt":"2022-08-25T09:50:00","guid":{"rendered":"https:\/\/www.paneurouni.com\/en\/about-us\/quality\/"},"modified":"2026-04-07T13:51:45","modified_gmt":"2026-04-07T11:51:45","slug":"quality","status":"publish","type":"page","link":"https:\/\/www.paneurouni.com\/en\/about-us\/quality\/","title":{"rendered":"System of Quality"},"content":{"rendered":"\t\t<div data-elementor-type=\"wp-page\" data-elementor-id=\"91004\" class=\"elementor elementor-91004\" data-elementor-post-type=\"page\">\n\t\t\t\t<div class=\"elementor-element elementor-element-6a16ab08 e-flex e-con-boxed e-con e-parent\" data-id=\"6a16ab08\" data-element_type=\"container\" data-e-type=\"container\">\n\t\t\t\t\t<div class=\"e-con-inner\">\n\t\t\t\t<div class=\"elementor-element elementor-element-85f2d98 elementor-widget elementor-widget-text-editor\" data-id=\"85f2d98\" data-element_type=\"widget\" data-e-type=\"widget\" data-widget_type=\"text-editor.default\">\n\t\t\t\t<div class=\"elementor-widget-container\">\n\t\t\t\t\t\t\t\t\t<h5><strong>Vision of Pan-European University<\/strong><\/h5><p>Pan-European University is a modern institution that unites academic excellence, practical skills, and the values of an open European society. Our goal is to create an environment where students not only acquire knowledge but also learn to think critically, act responsibly, and contribute meaningfully to the development of society.\u00a0We are committed to providing an education that is intellectually stimulating, personally transformative, and socially beneficial. We believe that true education transcends disciplinary boundaries and leads to innovative solutions that make the society a better place.<\/p><h5><strong>Mission of Pan-European University<\/strong><\/h5><p>The mission of Pan-European University is to shape and create educated, responsible, open-minded, and creative professionals who contribute to the development of society with their knowledge and values. We do this through modern, inclusive, and internationally oriented education that combines academic quality with practical experience, scientific research, and the ethical dimension of knowledge. This mandate applies to all levels of higher education and builds on our role in acquiring, applying, and disseminating new knowledge on an international scale.<\/p><p>Our mission begins in the classroom\u2014a place where students encounter new ideas, approaches, and perspectives. Under the guidance of our teachers, who encourage dialogue, critical thinking, and professional responsibility, education becomes a path to intellectual growth and personal transformation. At the same time, we consciously cultivate academic growth and support the professional and qualification growth of our teachers and researchers so that the quality of teaching and research continues to improve in the long term.<\/p><p>In an environment of diversity, where different cultures, disciplines, and life experiences meet, students learn to understand the world in a broader context and to develop empathy, cooperation, and civic responsibility. We create conditions for actively linking studies with practice, public institutions, and the private sector. We form a space for discussion on academic and social issues. We guide our students and graduates to be prepared for the job market at home and abroad. We transfer knowledge from science and research into real life.<\/p><p>We develop the quality of study programs, their relevance to social needs and the employability of graduates. We strengthen international cooperation and mobility, support social and economic progress, and cultivate an academic culture that combines tradition with innovation. Our ambition is to be a recognized institution that prepares graduates capable of actively contributing to an innovative, just, and sustainable society\u2014both in Slovakia and in Europe.<\/p><p>\u00a0<\/p>\t\t\t\t\t\t\t\t<\/div>\n\t\t\t\t<\/div>\n\t\t\t\t<div class=\"elementor-element elementor-element-1b98143 elementor-widget elementor-widget-text-editor\" data-id=\"1b98143\" data-element_type=\"widget\" data-e-type=\"widget\" data-widget_type=\"text-editor.default\">\n\t\t\t\t<div class=\"elementor-widget-container\">\n\t\t\t\t\t\t\t\t\t<h5><strong>The long-term plan Pan-European University<\/strong><\/h5>\t\t\t\t\t\t\t\t<\/div>\n\t\t\t\t<\/div>\n\t\t\t\t<div class=\"elementor-element elementor-element-d21d2cb elementor-widget elementor-widget-dokumenty_widget\" data-id=\"d21d2cb\" data-element_type=\"widget\" data-e-type=\"widget\" data-widget_type=\"dokumenty_widget.default\">\n\t\t\t\t<div class=\"elementor-widget-container\">\n\t\t\t\t\t<div class=\"dokumenty-block\"><div class=\"dokumenty-table-wrap\"><table class=\"dokumenty-table\"><thead><tr><th>Dokument<\/th><\/tr><\/thead><tbody><tr><td data-label=\"Dokument\"><a href=\"https:\/\/www.paneurouni.com\/en\/wp-content\/uploads\/2026\/03\/peu_long_term_plan_2020_2026.pdf\" target=\"_blank\" rel=\"noopener\">The long-term plan Pan-European University 2020 \u2013 2026<\/a><\/td><\/tr><\/tbody><\/table><\/div><\/div>\t\t\t\t<\/div>\n\t\t\t\t<\/div>\n\t\t\t\t<div class=\"elementor-element elementor-element-4c03fb8 elementor-widget elementor-widget-text-editor\" data-id=\"4c03fb8\" data-element_type=\"widget\" data-e-type=\"widget\" data-widget_type=\"text-editor.default\">\n\t\t\t\t<div class=\"elementor-widget-container\">\n\t\t\t\t\t\t\t\t\t<h5>\u00a0<\/h5><h5><strong>Internal Quality System Evaluation Board<\/strong><\/h5><p><strong>Education areas:<\/strong><\/p><p>prof. JUDr. Pavel \u0160turma, PhD. \u2013 Law and International Relations<\/p><p>Ing. Elena Koh\u00fat\u00edkov\u00e1, PhD. \u2013 Economics and Management<\/p><p>doc. Mgr. Krzysztof Gajdka, Ph.D., MBA \u2013 Media and Communication studies<\/p><p>doc. Mgr. Ladislav Timu\u013e\u00e1k, PhD. \u2013 Psychology<\/p><p>RNDr. Silvester Czanner, PhD. \u2013 Informatics<\/p><p><strong>External environment:<\/strong><\/p><p>RNDr. Anton Zajac<\/p><p>Peter B\u00e1rdy \u2013 until 16.9.2025<\/p><p>JUDr. Ivan Baran\u010d\u00edk, Ph.D.<\/p><p>RNDr. Ivan Horv\u00e1th, Ph.D. \u2013 from 01.10.2025<\/p><p><strong>Students:<\/strong><\/p><p><span data-olk-copy-source=\"MessageBody\">Juraj<\/span> Luchan<\/p><p>Bc. Branislav Valacsay<\/p><p><strong>Graduates:<\/strong><\/p><p>Mgr. Martin Kridla, LL.M.<\/p><p>\u00a0<\/p>\t\t\t\t\t\t\t\t<\/div>\n\t\t\t\t<\/div>\n\t\t\t\t<div class=\"elementor-element elementor-element-3fbbb8a elementor-widget elementor-widget-heading\" data-id=\"3fbbb8a\" data-element_type=\"widget\" data-e-type=\"widget\" data-widget_type=\"heading.default\">\n\t\t\t\t<div class=\"elementor-widget-container\">\n\t\t\t\t\t<h4 class=\"elementor-heading-title elementor-size-default\">Inner rules and directives<\/h4>\t\t\t\t<\/div>\n\t\t\t\t<\/div>\n\t\t\t\t<div class=\"elementor-element elementor-element-cf4445d elementor-widget elementor-widget-dokumenty_widget\" data-id=\"cf4445d\" data-element_type=\"widget\" data-e-type=\"widget\" data-widget_type=\"dokumenty_widget.default\">\n\t\t\t\t<div class=\"elementor-widget-container\">\n\t\t\t\t\t<div class=\"dokumenty-block\"><div class=\"dokumenty-table-wrap\"><table class=\"dokumenty-table\"><thead><tr><th>Dokument<\/th><\/tr><\/thead><tbody><tr><td data-label=\"Dokument\"><a href=\"https:\/\/www.paneurouni.com\/en\/wp-content\/uploads\/2026\/03\/Directive_4_2022_PEVS_rules_for_creating_implementing_and_modifying_study_programs_including_addendum_after_AS_PEVS_05022026-EN.pdf\" target=\"_blank\" rel=\"noopener\">Rector\u00b4s Directive No.4\/2022 (from 05.03.2026)<\/a><\/td><\/tr><tr><td data-label=\"Dokument\"><a href=\"https:\/\/www.paneurouni.com\/en\/wp-content\/uploads\/2026\/02\/rectors_directive_no_1_2022-1.pdf\" target=\"_blank\" rel=\"noopener\">Rector\u00b4s Directive No.1\/2022<\/a><\/td><\/tr><tr><td data-label=\"Dokument\"><a href=\"https:\/\/www.paneurouni.com\/en\/wp-content\/uploads\/2026\/02\/rectors_directive_no_1_2022_appendix_1-1.pdf\" target=\"_blank\" rel=\"noopener\">Rector\u00b4s Directive No.1\/2022 (from 11.06.2025)<\/a><\/td><\/tr><tr><td data-label=\"Dokument\"><a href=\"https:\/\/www.paneurouni.com\/en\/wp-content\/uploads\/2026\/02\/rectors_directive_no_2_2022-1.pdf\" target=\"_blank\" rel=\"noopener\">Rector\u00b4s Directive No.2\/2022<\/a><\/td><\/tr><tr><td data-label=\"Dokument\"><a href=\"https:\/\/www.paneurouni.com\/en\/wp-content\/uploads\/2026\/02\/rectors_directive_no_3_2022-1.pdf\" target=\"_blank\" rel=\"noopener\">Rector\u00b4s Directive No.3\/2022<\/a><\/td><\/tr><tr><td data-label=\"Dokument\"><a href=\"https:\/\/www.paneurouni.com\/en\/wp-content\/uploads\/2026\/02\/rectors_directive_no_4_2022-1.pdf\" target=\"_blank\" rel=\"noopener\">Rector\u00b4s Directive No.4\/2022<\/a><\/td><\/tr><tr><td data-label=\"Dokument\"><a href=\"https:\/\/www.paneurouni.com\/en\/wp-content\/uploads\/2026\/02\/quality_indicators-1.pdf\" target=\"_blank\" rel=\"noopener\">Quality Indicators<\/a><\/td><\/tr><tr><td data-label=\"Dokument\"><a href=\"https:\/\/www.paneurouni.com\/en\/wp-content\/uploads\/2026\/02\/peu_long_term_plan_2020_2026-1.pdf\" target=\"_blank\" rel=\"noopener\">The long-term plan Pan-European University 2020 \u2013 2026<\/a><\/td><\/tr><\/tbody><\/table><\/div><\/div>\t\t\t\t<\/div>\n\t\t\t\t<\/div>\n\t\t\t\t<div class=\"elementor-element elementor-element-9af1e39 elementor-widget elementor-widget-heading\" data-id=\"9af1e39\" data-element_type=\"widget\" data-e-type=\"widget\" data-widget_type=\"heading.default\">\n\t\t\t\t<div class=\"elementor-widget-container\">\n\t\t\t\t\t<h4 class=\"elementor-heading-title elementor-size-default\">The self-evaluation report<\/h4>\t\t\t\t<\/div>\n\t\t\t\t<\/div>\n\t\t\t\t<div class=\"elementor-element elementor-element-033f5d9 elementor-widget elementor-widget-dokumenty_widget\" data-id=\"033f5d9\" data-element_type=\"widget\" data-e-type=\"widget\" data-widget_type=\"dokumenty_widget.default\">\n\t\t\t\t<div class=\"elementor-widget-container\">\n\t\t\t\t\t<div class=\"dokumenty-block\"><div class=\"dokumenty-table-wrap\"><table class=\"dokumenty-table\"><thead><tr><th>Dokument<\/th><\/tr><\/thead><tbody><tr><td data-label=\"Dokument\"><a href=\"https:\/\/www.paneurouni.com\/en\/wp-content\/uploads\/2026\/02\/samohodnotiaca_sprava__vnutorny_system_2025_aj_final.pdf\" target=\"_blank\" rel=\"noopener\">The self-evaluation report PEU \u2013 academic year 2024\/2025<\/a><\/td><\/tr><\/tbody><\/table><\/div><\/div><details class=\"dok-archive\"><summary class=\"dok-archive__summary\">Archive<\/summary><div class=\"dokumenty-block\"><div class=\"dokumenty-table-wrap\"><table class=\"dokumenty-table\"><thead><tr><th>Dokument<\/th><\/tr><\/thead><tbody><tr><td data-label=\"Dokument\"><a href=\"https:\/\/www.paneurouni.com\/en\/wp-content\/uploads\/2026\/03\/the_self_evaluation_report_peu_academic_yaer_2021_2022.pdf\" target=\"_blank\" rel=\"noopener\">The self-evaluation report PEU \u2013 academic year 2021\/2022<\/a><\/td><\/tr><tr><td data-label=\"Dokument\"><a href=\"https:\/\/www.paneurouni.com\/en\/wp-content\/uploads\/2026\/02\/samohodnotiaca_sprava__vnutorny_system_2024_aj.pdf\" target=\"_blank\" rel=\"noopener\">The self-evaluation report PEU \u2013 academic year 2023\/2024<\/a><\/td><\/tr><tr><td data-label=\"Dokument\"><a href=\"https:\/\/www.paneurouni.com\/en\/wp-content\/uploads\/2026\/02\/the_self_evaluation_report_peu_academic_year_2022_2023-1-1.pdf\" target=\"_blank\" rel=\"noopener\">The self-evaluation report PEU \u2013 academic year 2022\/2023<\/a><\/td><\/tr><\/tbody><\/table><\/div><\/div><\/details>\t\t\t\t<\/div>\n\t\t\t\t<\/div>\n\t\t\t\t<div class=\"elementor-element elementor-element-e75fdc6 elementor-widget elementor-widget-heading\" data-id=\"e75fdc6\" data-element_type=\"widget\" data-e-type=\"widget\" data-widget_type=\"heading.default\">\n\t\t\t\t<div class=\"elementor-widget-container\">\n\t\t\t\t\t<h4 class=\"elementor-heading-title elementor-size-default\">Meetings of the Internal Quality System Evaluation Board<\/h4>\t\t\t\t<\/div>\n\t\t\t\t<\/div>\n\t\t\t\t<div class=\"elementor-element elementor-element-05bbf0e elementor-widget elementor-widget-dokumenty_widget\" data-id=\"05bbf0e\" data-element_type=\"widget\" data-e-type=\"widget\" data-widget_type=\"dokumenty_widget.default\">\n\t\t\t\t<div class=\"elementor-widget-container\">\n\t\t\t\t\t<div class=\"dokumenty-block\"><div class=\"dokumenty-table-wrap\"><table class=\"dokumenty-table\"><thead><tr><th>Dokument<\/th><\/tr><\/thead><tbody><tr><td data-label=\"Dokument\"><a href=\"https:\/\/www.paneurouni.com\/en\/wp-content\/uploads\/2026\/03\/Zapisnica-z-hlasovania-per-rollam_Rada_kvality_PEVS_20.03.2026.pdf\" target=\"_blank\" rel=\"noopener\">Meeting minutes (in slovak) 20\/03\/2026<\/a><\/td><\/tr><tr><td data-label=\"Dokument\"><a href=\"https:\/\/www.paneurouni.com\/en\/wp-content\/uploads\/2026\/02\/zapisnica_zo_zasadnutia_rady_kvality_pevs_29.01.2026-1.pdf\" target=\"_blank\" rel=\"noopener\">Meeting minutes (in slovak) 29\/01\/2026<\/a><\/td><\/tr><\/tbody><\/table><\/div><\/div><details class=\"dok-archive\"><summary class=\"dok-archive__summary\">Archive<\/summary><div class=\"dokumenty-block\"><div class=\"dokumenty-table-wrap\"><table class=\"dokumenty-table\"><thead><tr><th>Dokument<\/th><\/tr><\/thead><tbody><tr><td data-label=\"Dokument\"><a href=\"https:\/\/www.paneurouni.com\/en\/wp-content\/uploads\/2026\/02\/zapisnica_zo_zasadnutia_rady_kvality_pevs_09.12.2025.pdf\" target=\"_blank\" rel=\"noopener\">Meeting minutes (in slovak) 12\/09\/2025<\/a><\/td><\/tr><tr><td data-label=\"Dokument\"><a href=\"https:\/\/www.paneurouni.com\/en\/wp-content\/uploads\/2026\/02\/Zapisnica-z-hlasovania-per-rollam_Rada_kvality_PEVS_09.10.2025.pdf\" target=\"_blank\" rel=\"noopener\">Meeting minutes (in slovak) 10\/09\/2025<\/a><\/td><\/tr><tr><td data-label=\"Dokument\"><a href=\"https:\/\/www.paneurouni.com\/en\/wp-content\/uploads\/2026\/02\/zapisnica_z_hlasovania_per_rollam_rada_kvality_pevs_14.08.2025-1-1.pdf\" target=\"_blank\" rel=\"noopener\">Meeting minutes (in slovak) 08\/14\/2025<\/a><\/td><\/tr><tr><td data-label=\"Dokument\"><a href=\"https:\/\/www.paneurouni.com\/en\/wp-content\/uploads\/2026\/02\/zapisnica_z_hlasovania_per_rollam_rada_kvality_pevs_16.04.2025-1-1.pdf\" target=\"_blank\" rel=\"noopener\">Meeting minutes (in slovak) 04\/16\/2025<\/a><\/td><\/tr><tr><td data-label=\"Dokument\"><a href=\"https:\/\/www.paneurouni.com\/en\/wp-content\/uploads\/2026\/02\/zapisnica_z_hlasovania_per_rollam_rada_kvality_pevs_11.04.2025-1-1.pdf\" target=\"_blank\" rel=\"noopener\">Meeting minutes (in slovak) 04\/11\/2025<\/a><\/td><\/tr><tr><td data-label=\"Dokument\"><a href=\"https:\/\/www.paneurouni.com\/en\/wp-content\/uploads\/2026\/02\/zapisnica_zo_zasadnutia_rady_kvality_pevs_16.12.2024-1-2.pdf\" target=\"_blank\" rel=\"noopener\">Meeting minutes (in slovak) 12\/16\/2024<\/a><\/td><\/tr><tr><td data-label=\"Dokument\"><a href=\"https:\/\/www.paneurouni.com\/en\/wp-content\/uploads\/2026\/02\/zapisnica_z_hlasovania_per_rollam_rada_kvality_pevs_24062024-2-1-1.pdf\" target=\"_blank\" rel=\"noopener\">Meeting minutes (in slovak) 8\/22\/2024<\/a><\/td><\/tr><tr><td data-label=\"Dokument\"><a href=\"https:\/\/www.paneurouni.com\/en\/wp-content\/uploads\/2026\/02\/zapisnica_z_hlasovania_per_rollam_rada_kvality_pevs_24062024-2-1.pdf\" target=\"_blank\" rel=\"noopener\">Meeting minutes (in slovak) 6\/13\/2024<\/a><\/td><\/tr><tr><td data-label=\"Dokument\"><a href=\"https:\/\/www.paneurouni.com\/en\/wp-content\/uploads\/2026\/02\/zapisnica_z_tretieho_zasadnutia_rady_kvality_pevs_13.12.2023-1-1.pdf\" target=\"_blank\" rel=\"noopener\">Meeting minutes (in slovak) 12\/13\/2023<\/a><\/td><\/tr><tr><td data-label=\"Dokument\"><a href=\"https:\/\/www.paneurouni.com\/en\/wp-content\/uploads\/2026\/02\/zapisnica_z_tretieho_zasadnutia_rady_kvality_pevs_08.12.2022-1.pdf\" target=\"_blank\" rel=\"noopener\">Meeting minutes (in slovak) 12\/12\/2022<\/a><\/td><\/tr><tr><td data-label=\"Dokument\"><a href=\"https:\/\/www.paneurouni.com\/en\/wp-content\/uploads\/2026\/02\/zapisnica_z_hlasovania_per_rollam_rada_kvality_pevs_27.09.2022-1-1.pdf\" target=\"_blank\" rel=\"noopener\">Meeting minutes (in slovak) 9\/27\/2022<\/a><\/td><\/tr><tr><td data-label=\"Dokument\"><a href=\"https:\/\/www.paneurouni.com\/en\/wp-content\/uploads\/2026\/02\/zapisnica_z_prveho_zasadnutia_rady_kvality_pevs_24.08.2022.pdf\" target=\"_blank\" rel=\"noopener\">Meeting minutes (in slovak) 8\/24\/2022<\/a><\/td><\/tr><tr><td data-label=\"Dokument\"><a href=\"https:\/\/www.paneurouni.com\/en\/wp-content\/uploads\/2026\/02\/zapisnica_z_prveho_zasadnutia_rady_kvality_pevs_23.06.2022.pdf\" target=\"_blank\" rel=\"noopener\">Meeting minutes (in slovak) 6\/23\/2022<\/a><\/td><\/tr><\/tbody><\/table><\/div><\/div><\/details>\t\t\t\t<\/div>\n\t\t\t\t<\/div>\n\t\t\t\t\t<\/div>\n\t\t\t\t<\/div>\n\t\t\t\t<\/div>\n\t\t","protected":false},"excerpt":{"rendered":"<p>Vision of Pan-European University Pan-European University is a modern institution that unites academic excellence, practical skills, and the values of an open European society. Our goal is to create an environment where students not only acquire knowledge but also learn to think critically, act responsibly, and contribute meaningfully to the development of society.\u00a0We are committed [&hellip;]<\/p>\n","protected":false},"author":2,"featured_media":0,"parent":90984,"menu_order":0,"comment_status":"closed","ping_status":"open","template":"","meta":{"_acf_changed":false,"inline_featured_image":false,"footnotes":""},"tags":[],"typ-stranky":[159],"class_list":["post-91004","page","type-page","status-publish","hentry","typ-stranky-so-sidebarom"],"acf":[],"yoast_head":"<!-- This site is optimized with the Yoast SEO plugin v27.3 - https:\/\/yoast.com\/product\/yoast-seo-wordpress\/ -->\n<title>System of Quality | PEU<\/title>\n<meta name=\"robots\" content=\"index, follow, max-snippet:-1, max-image-preview:large, max-video-preview:-1\" \/>\n<link rel=\"canonical\" href=\"https:\/\/www.paneurouni.com\/en\/about-us__trashed\/about-us\/quality\/\" \/>\n<meta property=\"og:locale\" content=\"en_US\" \/>\n<meta property=\"og:type\" content=\"article\" \/>\n<meta property=\"og:title\" content=\"System of Quality | PEU\" \/>\n<meta property=\"og:description\" content=\"Vision of Pan-European University Pan-European University is a modern institution that unites academic excellence, practical skills, and the values of an open European society. Our goal is to create an environment where students not only acquire knowledge but also learn to think critically, act responsibly, and contribute meaningfully to the development of society.\u00a0We are committed [&hellip;]\" \/>\n<meta property=\"og:url\" content=\"https:\/\/www.paneurouni.com\/en\/about-us__trashed\/about-us\/quality\/\" \/>\n<meta property=\"og:site_name\" content=\"PEU\" \/>\n<meta property=\"article:publisher\" content=\"https:\/\/www.facebook.com\/PaneuropskaVS\/\" \/>\n<meta property=\"article:modified_time\" content=\"2026-04-07T11:51:45+00:00\" \/>\n<meta name=\"twitter:card\" content=\"summary_large_image\" \/>\n<meta name=\"twitter:site\" content=\"@paneuropska_vs\" \/>\n<meta name=\"twitter:label1\" content=\"Est. reading time\" \/>\n\t<meta name=\"twitter:data1\" content=\"4 minutes\" \/>\n<!-- \/ Yoast SEO plugin. -->","yoast_head_json":{"title":"System of Quality | PEU","robots":{"index":"index","follow":"follow","max-snippet":"max-snippet:-1","max-image-preview":"max-image-preview:large","max-video-preview":"max-video-preview:-1"},"canonical":"https:\/\/www.paneurouni.com\/en\/about-us__trashed\/about-us\/quality\/","og_locale":"en_US","og_type":"article","og_title":"System of Quality | PEU","og_description":"Vision of Pan-European University Pan-European University is a modern institution that unites academic excellence, practical skills, and the values of an open European society. Our goal is to create an environment where students not only acquire knowledge but also learn to think critically, act responsibly, and contribute meaningfully to the development of society.\u00a0We are committed [&hellip;]","og_url":"https:\/\/www.paneurouni.com\/en\/about-us__trashed\/about-us\/quality\/","og_site_name":"PEU","article_publisher":"https:\/\/www.facebook.com\/PaneuropskaVS\/","article_modified_time":"2026-04-07T11:51:45+00:00","twitter_card":"summary_large_image","twitter_site":"@paneuropska_vs","twitter_misc":{"Est. reading time":"4 minutes"},"schema":{"@context":"https:\/\/schema.org","@graph":[{"@type":"WebPage","@id":"https:\/\/www.paneurouni.com\/en\/about-us__trashed\/about-us\/quality\/","url":"https:\/\/www.paneurouni.com\/en\/about-us__trashed\/about-us\/quality\/","name":"System of Quality | PEU","isPartOf":{"@id":"https:\/\/www.paneurouni.com\/en\/#website"},"datePublished":"2022-08-25T09:50:00+00:00","dateModified":"2026-04-07T11:51:45+00:00","breadcrumb":{"@id":"https:\/\/www.paneurouni.com\/en\/about-us__trashed\/about-us\/quality\/#breadcrumb"},"inLanguage":"en-US","potentialAction":[{"@type":"ReadAction","target":["https:\/\/www.paneurouni.com\/en\/about-us__trashed\/about-us\/quality\/"]}]},{"@type":"BreadcrumbList","@id":"https:\/\/www.paneurouni.com\/en\/about-us__trashed\/about-us\/quality\/#breadcrumb","itemListElement":[{"@type":"ListItem","position":1,"name":"Domovsk\u00e1 str\u00e1nka","item":"https:\/\/www.paneurouni.com\/en\/"},{"@type":"ListItem","position":2,"name":"About Us","item":"https:\/\/www.paneurouni.com\/en\/about-us__trashed\/about-us\/"},{"@type":"ListItem","position":3,"name":"System of Quality"}]},{"@type":"WebSite","@id":"https:\/\/www.paneurouni.com\/en\/#website","url":"https:\/\/www.paneurouni.com\/en\/","name":"Paneur\u00f3pska V\u0160","description":"Paneur\u00f3pska Vysok\u00e1 \u0160kola v Bratislave","publisher":{"@id":"https:\/\/www.paneurouni.com\/en\/#organization"},"potentialAction":[{"@type":"SearchAction","target":{"@type":"EntryPoint","urlTemplate":"https:\/\/www.paneurouni.com\/en\/?s={search_term_string}"},"query-input":{"@type":"PropertyValueSpecification","valueRequired":true,"valueName":"search_term_string"}}],"inLanguage":"en-US"},{"@type":"Organization","@id":"https:\/\/www.paneurouni.com\/en\/#organization","name":"Paneur\u00f3pska V\u0160","url":"https:\/\/www.paneurouni.com\/en\/","logo":{"@type":"ImageObject","inLanguage":"en-US","@id":"https:\/\/www.paneurouni.com\/en\/#\/schema\/logo\/image\/","url":"https:\/\/www.paneurouni.com\/en\/wp-content\/uploads\/2023\/03\/pevs-logo-1.svg","contentUrl":"https:\/\/www.paneurouni.com\/en\/wp-content\/uploads\/2023\/03\/pevs-logo-1.svg","width":293,"height":70,"caption":"Paneur\u00f3pska V\u0160"},"image":{"@id":"https:\/\/www.paneurouni.com\/en\/#\/schema\/logo\/image\/"},"sameAs":["https:\/\/www.facebook.com\/PaneuropskaVS\/","https:\/\/x.com\/paneuropska_vs","https:\/\/www.instagram.com\/paneuropska_vysoka_skola\/","https:\/\/www.youtube.com\/channel\/UCc8tUvmjlxAIYtplmv-G2MQ"]}]}},"_links":{"self":[{"href":"https:\/\/www.paneurouni.com\/en\/wp-json\/wp\/v2\/pages\/91004","targetHints":{"allow":["GET"]}}],"collection":[{"href":"https:\/\/www.paneurouni.com\/en\/wp-json\/wp\/v2\/pages"}],"about":[{"href":"https:\/\/www.paneurouni.com\/en\/wp-json\/wp\/v2\/types\/page"}],"author":[{"embeddable":true,"href":"https:\/\/www.paneurouni.com\/en\/wp-json\/wp\/v2\/users\/2"}],"replies":[{"embeddable":true,"href":"https:\/\/www.paneurouni.com\/en\/wp-json\/wp\/v2\/comments?post=91004"}],"version-history":[{"count":3,"href":"https:\/\/www.paneurouni.com\/en\/wp-json\/wp\/v2\/pages\/91004\/revisions"}],"predecessor-version":[{"id":91939,"href":"https:\/\/www.paneurouni.com\/en\/wp-json\/wp\/v2\/pages\/91004\/revisions\/91939"}],"up":[{"embeddable":true,"href":"https:\/\/www.paneurouni.com\/en\/wp-json\/wp\/v2\/pages\/90984"}],"wp:attachment":[{"href":"https:\/\/www.paneurouni.com\/en\/wp-json\/wp\/v2\/media?parent=91004"}],"wp:term":[{"taxonomy":"post_tag","embeddable":true,"href":"https:\/\/www.paneurouni.com\/en\/wp-json\/wp\/v2\/tags?post=91004"},{"taxonomy":"typ-stranky","embeddable":true,"href":"https:\/\/www.paneurouni.com\/en\/wp-json\/wp\/v2\/typ-stranky?post=91004"}],"curies":[{"name":"wp","href":"https:\/\/api.w.org\/{rel}","templated":true}]}}