{"id":91043,"date":"2024-10-11T12:29:34","date_gmt":"2024-10-11T10:29:34","guid":{"rendered":"https:\/\/www.paneurouni.com\/en\/science\/centre-for-research-and-development\/"},"modified":"2026-03-12T13:54:05","modified_gmt":"2026-03-12T12:54:05","slug":"centre-for-research-and-development","status":"publish","type":"page","link":"https:\/\/www.paneurouni.com\/en\/science\/centre-for-research-and-development\/","title":{"rendered":"Centre for Research and Development"},"content":{"rendered":"\t\t<div data-elementor-type=\"wp-page\" data-elementor-id=\"91043\" class=\"elementor elementor-91043\" data-elementor-post-type=\"page\">\n\t\t\t\t<div class=\"elementor-element elementor-element-4d65c570 e-flex e-con-boxed e-con e-parent\" data-id=\"4d65c570\" data-element_type=\"container\" data-e-type=\"container\">\n\t\t\t\t\t<div class=\"e-con-inner\">\n\t\t\t\t<div class=\"elementor-element elementor-element-591d4b9 elementor-widget elementor-widget-text-editor\" data-id=\"591d4b9\" data-element_type=\"widget\" data-e-type=\"widget\" data-widget_type=\"text-editor.default\">\n\t\t\t\t<div class=\"elementor-widget-container\">\n\t\t\t\t\t\t\t\t\t<p><span style=\"text-decoration: underline;\"><strong>Through its activities, the Research and Development Center ensures the implementation of one of the key pillars of higher education\u2014scientific research and scholarly activity. It initiates, coordinates, and provides methodological support for research, and in cooperation with the faculties carries out scientific and research activities in line with the long-term strategic objectives of Pan-European University.<\/strong><\/span><\/p>\t\t\t\t\t\t\t\t<\/div>\n\t\t\t\t<\/div>\n\t\t\t\t<div class=\"elementor-element elementor-element-a1b4e80 elementor-widget elementor-widget-text-editor\" data-id=\"a1b4e80\" data-element_type=\"widget\" data-e-type=\"widget\" data-widget_type=\"text-editor.default\">\n\t\t\t\t<div class=\"elementor-widget-container\">\n\t\t\t\t\t\t\t\t\t<div class=\"x_elementToProof\" data-olk-copy-source=\"MessageBody\">The priority of Pan-European University in the field of science and research is to develop knowledge in accredited fields of study through the implementation of basic and applied research, thereby building a modern research and innovation-oriented institution.<br \/><br \/><\/div><div class=\"x_elementToProof\">In 2024, the Centre for Research and Development was established. The Centre coordinates research activities at Pan-European University and provides methodological support for the research activities of its faculties. The priorities of the CRD include identifying opportunities for the implementation of multidisciplinary research, supporting the creation of multidisciplinary research teams at Pan-European University, and fostering international research partnerships.<br \/><br \/><\/div><div class=\"x_elementToProof\">Based on implemented scientific projects with internationally recognized outputs and positive feedback at the national level, and in line with its institutional social responsibility, Pan-European University has identified\u00a0<a href=\"https:\/\/www.paneurouni.com\/en\/science\/priority-areas-of-research-at-peu\/\">priority research areas<\/a>\u00a0in which it intends to further develop scientific knowledge and apply the acquired findings in practice.<br \/><br \/><\/div><div class=\"x_elementToProof\">The results of research and scientific activities are presented to academics, students, and the general public through the organization of scientific events, science popularization activities, and through the continuous innovation of the content of accredited study programmes.<\/div><div class=\"x_elementToProof\">A separate and important focus is the strengthening of research and scientific capacities in society and the development of early-career researchers. Pan-European University supports the involvement of students at all levels of study in scientific, research, and artistic activities and further develops its doctoral collage.<\/div><div class=\"x_elementToProof\">\u00a0<\/div>\t\t\t\t\t\t\t\t<\/div>\n\t\t\t\t<\/div>\n\t\t\t\t<div class=\"elementor-element elementor-element-8d661ce elementor-widget elementor-widget-text-editor\" data-id=\"8d661ce\" data-element_type=\"widget\" data-e-type=\"widget\" data-widget_type=\"text-editor.default\">\n\t\t\t\t<div class=\"elementor-widget-container\">\n\t\t\t\t\t\t\t\t\t<p>Director: Prof. PhDr. Michal \u010cere\u0161n\u00edk, PhD.<\/p><p>Email: <a href=\"mailto:michal.ceresnik@paneurouni.com\">michal.ceresnik@paneurouni.com<\/a><\/p>\t\t\t\t\t\t\t\t<\/div>\n\t\t\t\t<\/div>\n\t\t\t\t\t<\/div>\n\t\t\t\t<\/div>\n\t\t\t\t<\/div>\n\t\t","protected":false},"excerpt":{"rendered":"<p>Through its activities, the Research and Development Center ensures the implementation of one of the key pillars of higher education\u2014scientific research and scholarly activity. It initiates, coordinates, and provides methodological support for research, and in cooperation with the faculties carries out scientific and research activities in line with the long-term strategic objectives of Pan-European University. [&hellip;]<\/p>\n","protected":false},"author":2,"featured_media":0,"parent":91042,"menu_order":0,"comment_status":"closed","ping_status":"open","template":"","meta":{"_acf_changed":false,"inline_featured_image":false,"footnotes":""},"tags":[],"typ-stranky":[159],"class_list":["post-91043","page","type-page","status-publish","hentry","typ-stranky-so-sidebarom"],"acf":[],"yoast_head":"<!-- This site is optimized with the Yoast SEO plugin v27.3 - https:\/\/yoast.com\/product\/yoast-seo-wordpress\/ -->\n<title>Centre for Research and Development | PEU<\/title>\n<meta name=\"robots\" content=\"index, follow, max-snippet:-1, max-image-preview:large, max-video-preview:-1\" \/>\n<link rel=\"canonical\" href=\"https:\/\/www.paneurouni.com\/en\/science\/centre-for-research-and-development\/\" \/>\n<meta property=\"og:locale\" content=\"en_US\" \/>\n<meta property=\"og:type\" content=\"article\" \/>\n<meta property=\"og:title\" content=\"Centre for Research and Development | PEU\" \/>\n<meta property=\"og:description\" content=\"Through its activities, the Research and Development Center ensures the implementation of one of the key pillars of higher education\u2014scientific research and scholarly activity. It initiates, coordinates, and provides methodological support for research, and in cooperation with the faculties carries out scientific and research activities in line with the long-term strategic objectives of Pan-European University. [&hellip;]\" \/>\n<meta property=\"og:url\" content=\"https:\/\/www.paneurouni.com\/en\/science\/centre-for-research-and-development\/\" \/>\n<meta property=\"og:site_name\" content=\"PEU\" \/>\n<meta property=\"article:publisher\" content=\"https:\/\/www.facebook.com\/PaneuropskaVS\/\" \/>\n<meta property=\"article:modified_time\" content=\"2026-03-12T12:54:05+00:00\" \/>\n<meta name=\"twitter:card\" content=\"summary_large_image\" \/>\n<meta name=\"twitter:site\" content=\"@paneuropska_vs\" \/>\n<meta name=\"twitter:label1\" content=\"Est. reading time\" \/>\n\t<meta name=\"twitter:data1\" content=\"2 minutes\" \/>\n<!-- \/ Yoast SEO plugin. -->","yoast_head_json":{"title":"Centre for Research and Development | PEU","robots":{"index":"index","follow":"follow","max-snippet":"max-snippet:-1","max-image-preview":"max-image-preview:large","max-video-preview":"max-video-preview:-1"},"canonical":"https:\/\/www.paneurouni.com\/en\/science\/centre-for-research-and-development\/","og_locale":"en_US","og_type":"article","og_title":"Centre for Research and Development | PEU","og_description":"Through its activities, the Research and Development Center ensures the implementation of one of the key pillars of higher education\u2014scientific research and scholarly activity. It initiates, coordinates, and provides methodological support for research, and in cooperation with the faculties carries out scientific and research activities in line with the long-term strategic objectives of Pan-European University. [&hellip;]","og_url":"https:\/\/www.paneurouni.com\/en\/science\/centre-for-research-and-development\/","og_site_name":"PEU","article_publisher":"https:\/\/www.facebook.com\/PaneuropskaVS\/","article_modified_time":"2026-03-12T12:54:05+00:00","twitter_card":"summary_large_image","twitter_site":"@paneuropska_vs","twitter_misc":{"Est. reading time":"2 minutes"},"schema":{"@context":"https:\/\/schema.org","@graph":[{"@type":"WebPage","@id":"https:\/\/www.paneurouni.com\/en\/science\/centre-for-research-and-development\/","url":"https:\/\/www.paneurouni.com\/en\/science\/centre-for-research-and-development\/","name":"Centre for Research and Development | PEU","isPartOf":{"@id":"https:\/\/www.paneurouni.com\/en\/#website"},"datePublished":"2024-10-11T10:29:34+00:00","dateModified":"2026-03-12T12:54:05+00:00","breadcrumb":{"@id":"https:\/\/www.paneurouni.com\/en\/science\/centre-for-research-and-development\/#breadcrumb"},"inLanguage":"en-US","potentialAction":[{"@type":"ReadAction","target":["https:\/\/www.paneurouni.com\/en\/science\/centre-for-research-and-development\/"]}]},{"@type":"BreadcrumbList","@id":"https:\/\/www.paneurouni.com\/en\/science\/centre-for-research-and-development\/#breadcrumb","itemListElement":[{"@type":"ListItem","position":1,"name":"Domovsk\u00e1 str\u00e1nka","item":"https:\/\/www.paneurouni.com\/en\/"},{"@type":"ListItem","position":2,"name":"Science","item":"https:\/\/www.paneurouni.com\/en\/science\/"},{"@type":"ListItem","position":3,"name":"Centre for Research and Development"}]},{"@type":"WebSite","@id":"https:\/\/www.paneurouni.com\/en\/#website","url":"https:\/\/www.paneurouni.com\/en\/","name":"Paneur\u00f3pska V\u0160","description":"Paneur\u00f3pska Vysok\u00e1 \u0160kola v Bratislave","publisher":{"@id":"https:\/\/www.paneurouni.com\/en\/#organization"},"potentialAction":[{"@type":"SearchAction","target":{"@type":"EntryPoint","urlTemplate":"https:\/\/www.paneurouni.com\/en\/?s={search_term_string}"},"query-input":{"@type":"PropertyValueSpecification","valueRequired":true,"valueName":"search_term_string"}}],"inLanguage":"en-US"},{"@type":"Organization","@id":"https:\/\/www.paneurouni.com\/en\/#organization","name":"Paneur\u00f3pska V\u0160","url":"https:\/\/www.paneurouni.com\/en\/","logo":{"@type":"ImageObject","inLanguage":"en-US","@id":"https:\/\/www.paneurouni.com\/en\/#\/schema\/logo\/image\/","url":"https:\/\/www.paneurouni.com\/en\/wp-content\/uploads\/2023\/03\/pevs-logo-1.svg","contentUrl":"https:\/\/www.paneurouni.com\/en\/wp-content\/uploads\/2023\/03\/pevs-logo-1.svg","width":293,"height":70,"caption":"Paneur\u00f3pska V\u0160"},"image":{"@id":"https:\/\/www.paneurouni.com\/en\/#\/schema\/logo\/image\/"},"sameAs":["https:\/\/www.facebook.com\/PaneuropskaVS\/","https:\/\/x.com\/paneuropska_vs","https:\/\/www.instagram.com\/paneuropska_vysoka_skola\/","https:\/\/www.youtube.com\/channel\/UCc8tUvmjlxAIYtplmv-G2MQ"]}]}},"_links":{"self":[{"href":"https:\/\/www.paneurouni.com\/en\/wp-json\/wp\/v2\/pages\/91043","targetHints":{"allow":["GET"]}}],"collection":[{"href":"https:\/\/www.paneurouni.com\/en\/wp-json\/wp\/v2\/pages"}],"about":[{"href":"https:\/\/www.paneurouni.com\/en\/wp-json\/wp\/v2\/types\/page"}],"author":[{"embeddable":true,"href":"https:\/\/www.paneurouni.com\/en\/wp-json\/wp\/v2\/users\/2"}],"replies":[{"embeddable":true,"href":"https:\/\/www.paneurouni.com\/en\/wp-json\/wp\/v2\/comments?post=91043"}],"version-history":[{"count":3,"href":"https:\/\/www.paneurouni.com\/en\/wp-json\/wp\/v2\/pages\/91043\/revisions"}],"predecessor-version":[{"id":91895,"href":"https:\/\/www.paneurouni.com\/en\/wp-json\/wp\/v2\/pages\/91043\/revisions\/91895"}],"up":[{"embeddable":true,"href":"https:\/\/www.paneurouni.com\/en\/wp-json\/wp\/v2\/pages\/91042"}],"wp:attachment":[{"href":"https:\/\/www.paneurouni.com\/en\/wp-json\/wp\/v2\/media?parent=91043"}],"wp:term":[{"taxonomy":"post_tag","embeddable":true,"href":"https:\/\/www.paneurouni.com\/en\/wp-json\/wp\/v2\/tags?post=91043"},{"taxonomy":"typ-stranky","embeddable":true,"href":"https:\/\/www.paneurouni.com\/en\/wp-json\/wp\/v2\/typ-stranky?post=91043"}],"curies":[{"name":"wp","href":"https:\/\/api.w.org\/{rel}","templated":true}]}}