{"id":91044,"date":"2024-10-11T12:30:55","date_gmt":"2024-10-11T10:30:55","guid":{"rendered":"https:\/\/www.paneurouni.com\/en\/science\/doctoral-college\/"},"modified":"2026-03-05T14:26:05","modified_gmt":"2026-03-05T13:26:05","slug":"doctoral-college","status":"publish","type":"page","link":"https:\/\/www.paneurouni.com\/en\/science\/doctoral-college\/","title":{"rendered":"Doctoral College"},"content":{"rendered":"\t\t<div data-elementor-type=\"wp-page\" data-elementor-id=\"91044\" class=\"elementor elementor-91044\" data-elementor-post-type=\"page\">\n\t\t\t\t<div class=\"elementor-element elementor-element-38be680e e-flex e-con-boxed e-con e-parent\" data-id=\"38be680e\" data-element_type=\"container\" data-e-type=\"container\">\n\t\t\t\t\t<div class=\"e-con-inner\">\n\t\t\t\t<div class=\"elementor-element elementor-element-71164a7 elementor-widget elementor-widget-text-editor\" data-id=\"71164a7\" data-element_type=\"widget\" data-e-type=\"widget\" data-widget_type=\"text-editor.default\">\n\t\t\t\t<div class=\"elementor-widget-container\">\n\t\t\t\t\t\t\t\t\t<div class=\"x_elementToProof\" data-olk-copy-source=\"MessageBody\">The primary role of the Doctoral college of Pan-European University is the continuous enhancement of the quality of doctoral education and the strengthening of doctoral candidates\u2019 competencies and status within the academic environment. The objective of the Doctoral college is to support the development of doctoral students\u2019 scientific and research competencies as well as cross-cutting skills, and to foster the multidisciplinary and transversal character of doctoral research.<\/div><div class=\"x_elementToProof\">The educational activities implemented by the Doctoral college include the support and development of doctoral students\u2019 soft skills and transferable competencies, with a focus on building their pedagogical and didactic, presentation, and methodological skills. Special attention is devoted to issues of academic integrity and ethics, with particular emphasis on the responsible use of artificial intelligence in research.<\/div>\t\t\t\t\t\t\t\t<\/div>\n\t\t\t\t<\/div>\n\t\t\t\t\t<\/div>\n\t\t\t\t<\/div>\n\t\t<div class=\"elementor-element elementor-element-65f22a9 e-flex e-con-boxed e-con e-parent\" data-id=\"65f22a9\" data-element_type=\"container\" data-e-type=\"container\">\n\t\t\t\t\t<div class=\"e-con-inner\">\n\t\t\t\t<div class=\"elementor-element elementor-element-27c0194 elementor-widget elementor-widget-text-editor\" data-id=\"27c0194\" data-element_type=\"widget\" data-e-type=\"widget\" data-widget_type=\"text-editor.default\">\n\t\t\t\t<div class=\"elementor-widget-container\">\n\t\t\t\t\t\t\t\t\t<p>Director: Prof. PhDr. Michal \u010cere\u0161n\u00edk, PhD.<\/p><p>Email: <a href=\"mailto:michal.ceresnik@paneurouni.com\">michal.ceresnik@paneurouni.com<\/a><\/p>\t\t\t\t\t\t\t\t<\/div>\n\t\t\t\t<\/div>\n\t\t\t\t\t<\/div>\n\t\t\t\t<\/div>\n\t\t\t\t<\/div>\n\t\t","protected":false},"excerpt":{"rendered":"<p>The primary role of the Doctoral college of Pan-European University is the continuous enhancement of the quality of doctoral education and the strengthening of doctoral candidates\u2019 competencies and status within the academic environment. The objective of the Doctoral college is to support the development of doctoral students\u2019 scientific and research competencies as well as cross-cutting [&hellip;]<\/p>\n","protected":false},"author":2,"featured_media":0,"parent":91042,"menu_order":0,"comment_status":"closed","ping_status":"open","template":"","meta":{"_acf_changed":false,"inline_featured_image":false,"footnotes":""},"tags":[],"typ-stranky":[159],"class_list":["post-91044","page","type-page","status-publish","hentry","typ-stranky-so-sidebarom"],"acf":[],"yoast_head":"<!-- This site is optimized with the Yoast SEO plugin v27.3 - https:\/\/yoast.com\/product\/yoast-seo-wordpress\/ -->\n<title>Doctoral College | PEU<\/title>\n<meta name=\"robots\" content=\"index, follow, max-snippet:-1, max-image-preview:large, max-video-preview:-1\" \/>\n<link rel=\"canonical\" href=\"https:\/\/www.paneurouni.com\/en\/science\/doctoral-college\/\" \/>\n<meta property=\"og:locale\" content=\"en_US\" \/>\n<meta property=\"og:type\" content=\"article\" \/>\n<meta property=\"og:title\" content=\"Doctoral College | PEU\" \/>\n<meta property=\"og:description\" content=\"The primary role of the Doctoral college of Pan-European University is the continuous enhancement of the quality of doctoral education and the strengthening of doctoral candidates\u2019 competencies and status within the academic environment. The objective of the Doctoral college is to support the development of doctoral students\u2019 scientific and research competencies as well as cross-cutting [&hellip;]\" \/>\n<meta property=\"og:url\" content=\"https:\/\/www.paneurouni.com\/en\/science\/doctoral-college\/\" \/>\n<meta property=\"og:site_name\" content=\"PEU\" \/>\n<meta property=\"article:publisher\" content=\"https:\/\/www.facebook.com\/PaneuropskaVS\/\" \/>\n<meta property=\"article:modified_time\" content=\"2026-03-05T13:26:05+00:00\" \/>\n<meta name=\"twitter:card\" content=\"summary_large_image\" \/>\n<meta name=\"twitter:site\" content=\"@paneuropska_vs\" \/>\n<meta name=\"twitter:label1\" content=\"Est. reading time\" \/>\n\t<meta name=\"twitter:data1\" content=\"1 minute\" \/>\n<!-- \/ Yoast SEO plugin. -->","yoast_head_json":{"title":"Doctoral College | PEU","robots":{"index":"index","follow":"follow","max-snippet":"max-snippet:-1","max-image-preview":"max-image-preview:large","max-video-preview":"max-video-preview:-1"},"canonical":"https:\/\/www.paneurouni.com\/en\/science\/doctoral-college\/","og_locale":"en_US","og_type":"article","og_title":"Doctoral College | PEU","og_description":"The primary role of the Doctoral college of Pan-European University is the continuous enhancement of the quality of doctoral education and the strengthening of doctoral candidates\u2019 competencies and status within the academic environment. The objective of the Doctoral college is to support the development of doctoral students\u2019 scientific and research competencies as well as cross-cutting [&hellip;]","og_url":"https:\/\/www.paneurouni.com\/en\/science\/doctoral-college\/","og_site_name":"PEU","article_publisher":"https:\/\/www.facebook.com\/PaneuropskaVS\/","article_modified_time":"2026-03-05T13:26:05+00:00","twitter_card":"summary_large_image","twitter_site":"@paneuropska_vs","twitter_misc":{"Est. reading time":"1 minute"},"schema":{"@context":"https:\/\/schema.org","@graph":[{"@type":"WebPage","@id":"https:\/\/www.paneurouni.com\/en\/science\/doctoral-college\/","url":"https:\/\/www.paneurouni.com\/en\/science\/doctoral-college\/","name":"Doctoral College | PEU","isPartOf":{"@id":"https:\/\/www.paneurouni.com\/en\/#website"},"datePublished":"2024-10-11T10:30:55+00:00","dateModified":"2026-03-05T13:26:05+00:00","breadcrumb":{"@id":"https:\/\/www.paneurouni.com\/en\/science\/doctoral-college\/#breadcrumb"},"inLanguage":"en-US","potentialAction":[{"@type":"ReadAction","target":["https:\/\/www.paneurouni.com\/en\/science\/doctoral-college\/"]}]},{"@type":"BreadcrumbList","@id":"https:\/\/www.paneurouni.com\/en\/science\/doctoral-college\/#breadcrumb","itemListElement":[{"@type":"ListItem","position":1,"name":"Domovsk\u00e1 str\u00e1nka","item":"https:\/\/www.paneurouni.com\/en\/"},{"@type":"ListItem","position":2,"name":"Science","item":"https:\/\/www.paneurouni.com\/en\/science\/"},{"@type":"ListItem","position":3,"name":"Doctoral College"}]},{"@type":"WebSite","@id":"https:\/\/www.paneurouni.com\/en\/#website","url":"https:\/\/www.paneurouni.com\/en\/","name":"Paneur\u00f3pska V\u0160","description":"Paneur\u00f3pska Vysok\u00e1 \u0160kola v Bratislave","publisher":{"@id":"https:\/\/www.paneurouni.com\/en\/#organization"},"potentialAction":[{"@type":"SearchAction","target":{"@type":"EntryPoint","urlTemplate":"https:\/\/www.paneurouni.com\/en\/?s={search_term_string}"},"query-input":{"@type":"PropertyValueSpecification","valueRequired":true,"valueName":"search_term_string"}}],"inLanguage":"en-US"},{"@type":"Organization","@id":"https:\/\/www.paneurouni.com\/en\/#organization","name":"Paneur\u00f3pska V\u0160","url":"https:\/\/www.paneurouni.com\/en\/","logo":{"@type":"ImageObject","inLanguage":"en-US","@id":"https:\/\/www.paneurouni.com\/en\/#\/schema\/logo\/image\/","url":"https:\/\/www.paneurouni.com\/en\/wp-content\/uploads\/2023\/03\/pevs-logo-1.svg","contentUrl":"https:\/\/www.paneurouni.com\/en\/wp-content\/uploads\/2023\/03\/pevs-logo-1.svg","width":293,"height":70,"caption":"Paneur\u00f3pska V\u0160"},"image":{"@id":"https:\/\/www.paneurouni.com\/en\/#\/schema\/logo\/image\/"},"sameAs":["https:\/\/www.facebook.com\/PaneuropskaVS\/","https:\/\/x.com\/paneuropska_vs","https:\/\/www.instagram.com\/paneuropska_vysoka_skola\/","https:\/\/www.youtube.com\/channel\/UCc8tUvmjlxAIYtplmv-G2MQ"]}]}},"_links":{"self":[{"href":"https:\/\/www.paneurouni.com\/en\/wp-json\/wp\/v2\/pages\/91044","targetHints":{"allow":["GET"]}}],"collection":[{"href":"https:\/\/www.paneurouni.com\/en\/wp-json\/wp\/v2\/pages"}],"about":[{"href":"https:\/\/www.paneurouni.com\/en\/wp-json\/wp\/v2\/types\/page"}],"author":[{"embeddable":true,"href":"https:\/\/www.paneurouni.com\/en\/wp-json\/wp\/v2\/users\/2"}],"replies":[{"embeddable":true,"href":"https:\/\/www.paneurouni.com\/en\/wp-json\/wp\/v2\/comments?post=91044"}],"version-history":[{"count":3,"href":"https:\/\/www.paneurouni.com\/en\/wp-json\/wp\/v2\/pages\/91044\/revisions"}],"predecessor-version":[{"id":91782,"href":"https:\/\/www.paneurouni.com\/en\/wp-json\/wp\/v2\/pages\/91044\/revisions\/91782"}],"up":[{"embeddable":true,"href":"https:\/\/www.paneurouni.com\/en\/wp-json\/wp\/v2\/pages\/91042"}],"wp:attachment":[{"href":"https:\/\/www.paneurouni.com\/en\/wp-json\/wp\/v2\/media?parent=91044"}],"wp:term":[{"taxonomy":"post_tag","embeddable":true,"href":"https:\/\/www.paneurouni.com\/en\/wp-json\/wp\/v2\/tags?post=91044"},{"taxonomy":"typ-stranky","embeddable":true,"href":"https:\/\/www.paneurouni.com\/en\/wp-json\/wp\/v2\/typ-stranky?post=91044"}],"curies":[{"name":"wp","href":"https:\/\/api.w.org\/{rel}","templated":true}]}}