{"id":91045,"date":"2024-10-11T12:32:38","date_gmt":"2024-10-11T10:32:38","guid":{"rendered":"https:\/\/www.paneurouni.com\/en\/science\/gender-equality-plan\/"},"modified":"2026-03-06T07:59:36","modified_gmt":"2026-03-06T06:59:36","slug":"gender-equality-plan","status":"publish","type":"page","link":"https:\/\/www.paneurouni.com\/en\/science\/gender-equality-plan\/","title":{"rendered":"Gender Equality Plan"},"content":{"rendered":"\t\t<div data-elementor-type=\"wp-page\" data-elementor-id=\"91045\" class=\"elementor elementor-91045\" data-elementor-post-type=\"page\">\n\t\t\t\t<div class=\"elementor-element elementor-element-402f9e93 e-flex e-con-boxed e-con e-parent\" data-id=\"402f9e93\" data-element_type=\"container\" data-e-type=\"container\">\n\t\t\t\t\t<div class=\"e-con-inner\">\n\t\t\t\t<div class=\"elementor-element elementor-element-7728198a elementor-widget elementor-widget-text-editor\" data-id=\"7728198a\" data-element_type=\"widget\" data-e-type=\"widget\" data-widget_type=\"text-editor.default\">\n\t\t\t\t<div class=\"elementor-widget-container\">\n\t\t\t\t\t\t\t\t\t<p>Part of the PEU vision of creating gender-balanced working and study conditions, as well as improving the quality of research and education, is the preparation of the PEU Gender Equality Plan. The PEU gender equality plan is based on a system of measures, the aim of which is to initiate such changes that lead to the creation of an open, supportive, inclusive and non-discriminatory environment for all employees, as well as for students of individual PEU faculties. The PEU gender equality plan represents a set of measures in four areas:<\/p><ul style=\"list-style-type: square;\"><li>Support of gender equality at the university and individual faculties<\/li><li>Gender balance in management positions and career growth<\/li><li>Integration of the gender dimension in research and education<\/li><li>Non-discriminatory, safe and open environment<\/li><\/ul><p>\u00a0<\/p><p><a href=\"https:\/\/www.paneurouni.com\/en\/wp-content\/uploads\/2025\/04\/standards_of_gender_equality.pdf\">Principles and standards of gender equality at the Pan-European University<\/a><\/p><p>\u00a0<\/p>\t\t\t\t\t\t\t\t<\/div>\n\t\t\t\t<\/div>\n\t\t\t\t<div class=\"elementor-element elementor-element-eaf1133 elementor-widget elementor-widget-text-editor\" data-id=\"eaf1133\" data-element_type=\"widget\" data-e-type=\"widget\" data-widget_type=\"text-editor.default\">\n\t\t\t\t<div class=\"elementor-widget-container\">\n\t\t\t\t\t\t\t\t\t<p>Coordinator: Prof. PhDr. \u013dudov\u00edt Hajduk, PhD., Vice-Rector for External Relations<\/p><p>E-mail: <a href=\"mailto:ludovit.hajduk@paneurouni.com\">ludovit.hajduk@paneurouni.com<\/a><\/p>\t\t\t\t\t\t\t\t<\/div>\n\t\t\t\t<\/div>\n\t\t\t\t\t<\/div>\n\t\t\t\t<\/div>\n\t\t\t\t<\/div>\n\t\t","protected":false},"excerpt":{"rendered":"<p>Part of the PEU vision of creating gender-balanced working and study conditions, as well as improving the quality of research and education, is the preparation of the PEU Gender Equality Plan. The PEU gender equality plan is based on a system of measures, the aim of which is to initiate such changes that lead to [&hellip;]<\/p>\n","protected":false},"author":2,"featured_media":0,"parent":91042,"menu_order":0,"comment_status":"closed","ping_status":"open","template":"","meta":{"_acf_changed":false,"inline_featured_image":false,"footnotes":""},"tags":[],"typ-stranky":[159],"class_list":["post-91045","page","type-page","status-publish","hentry","typ-stranky-so-sidebarom"],"acf":[],"yoast_head":"<!-- This site is optimized with the Yoast SEO plugin v27.3 - https:\/\/yoast.com\/product\/yoast-seo-wordpress\/ -->\n<title>Gender Equality Plan | PEU<\/title>\n<meta name=\"robots\" content=\"index, follow, max-snippet:-1, max-image-preview:large, max-video-preview:-1\" \/>\n<link rel=\"canonical\" href=\"https:\/\/www.paneurouni.com\/en\/science\/gender-equality-plan\/\" \/>\n<meta property=\"og:locale\" content=\"en_US\" \/>\n<meta property=\"og:type\" content=\"article\" \/>\n<meta property=\"og:title\" content=\"Gender Equality Plan | PEU\" \/>\n<meta property=\"og:description\" content=\"Part of the PEU vision of creating gender-balanced working and study conditions, as well as improving the quality of research and education, is the preparation of the PEU Gender Equality Plan. The PEU gender equality plan is based on a system of measures, the aim of which is to initiate such changes that lead to [&hellip;]\" \/>\n<meta property=\"og:url\" content=\"https:\/\/www.paneurouni.com\/en\/science\/gender-equality-plan\/\" \/>\n<meta property=\"og:site_name\" content=\"PEU\" \/>\n<meta property=\"article:publisher\" content=\"https:\/\/www.facebook.com\/PaneuropskaVS\/\" \/>\n<meta property=\"article:modified_time\" content=\"2026-03-06T06:59:36+00:00\" \/>\n<meta name=\"twitter:card\" content=\"summary_large_image\" \/>\n<meta name=\"twitter:site\" content=\"@paneuropska_vs\" \/>\n<meta name=\"twitter:label1\" content=\"Est. reading time\" \/>\n\t<meta name=\"twitter:data1\" content=\"1 minute\" \/>\n<!-- \/ Yoast SEO plugin. -->","yoast_head_json":{"title":"Gender Equality Plan | PEU","robots":{"index":"index","follow":"follow","max-snippet":"max-snippet:-1","max-image-preview":"max-image-preview:large","max-video-preview":"max-video-preview:-1"},"canonical":"https:\/\/www.paneurouni.com\/en\/science\/gender-equality-plan\/","og_locale":"en_US","og_type":"article","og_title":"Gender Equality Plan | PEU","og_description":"Part of the PEU vision of creating gender-balanced working and study conditions, as well as improving the quality of research and education, is the preparation of the PEU Gender Equality Plan. The PEU gender equality plan is based on a system of measures, the aim of which is to initiate such changes that lead to [&hellip;]","og_url":"https:\/\/www.paneurouni.com\/en\/science\/gender-equality-plan\/","og_site_name":"PEU","article_publisher":"https:\/\/www.facebook.com\/PaneuropskaVS\/","article_modified_time":"2026-03-06T06:59:36+00:00","twitter_card":"summary_large_image","twitter_site":"@paneuropska_vs","twitter_misc":{"Est. reading time":"1 minute"},"schema":{"@context":"https:\/\/schema.org","@graph":[{"@type":"WebPage","@id":"https:\/\/www.paneurouni.com\/en\/science\/gender-equality-plan\/","url":"https:\/\/www.paneurouni.com\/en\/science\/gender-equality-plan\/","name":"Gender Equality Plan | PEU","isPartOf":{"@id":"https:\/\/www.paneurouni.com\/en\/#website"},"datePublished":"2024-10-11T10:32:38+00:00","dateModified":"2026-03-06T06:59:36+00:00","breadcrumb":{"@id":"https:\/\/www.paneurouni.com\/en\/science\/gender-equality-plan\/#breadcrumb"},"inLanguage":"en-US","potentialAction":[{"@type":"ReadAction","target":["https:\/\/www.paneurouni.com\/en\/science\/gender-equality-plan\/"]}]},{"@type":"BreadcrumbList","@id":"https:\/\/www.paneurouni.com\/en\/science\/gender-equality-plan\/#breadcrumb","itemListElement":[{"@type":"ListItem","position":1,"name":"Domovsk\u00e1 str\u00e1nka","item":"https:\/\/www.paneurouni.com\/en\/"},{"@type":"ListItem","position":2,"name":"Science","item":"https:\/\/www.paneurouni.com\/en\/science\/"},{"@type":"ListItem","position":3,"name":"Gender Equality Plan"}]},{"@type":"WebSite","@id":"https:\/\/www.paneurouni.com\/en\/#website","url":"https:\/\/www.paneurouni.com\/en\/","name":"Paneur\u00f3pska V\u0160","description":"Paneur\u00f3pska Vysok\u00e1 \u0160kola v Bratislave","publisher":{"@id":"https:\/\/www.paneurouni.com\/en\/#organization"},"potentialAction":[{"@type":"SearchAction","target":{"@type":"EntryPoint","urlTemplate":"https:\/\/www.paneurouni.com\/en\/?s={search_term_string}"},"query-input":{"@type":"PropertyValueSpecification","valueRequired":true,"valueName":"search_term_string"}}],"inLanguage":"en-US"},{"@type":"Organization","@id":"https:\/\/www.paneurouni.com\/en\/#organization","name":"Paneur\u00f3pska V\u0160","url":"https:\/\/www.paneurouni.com\/en\/","logo":{"@type":"ImageObject","inLanguage":"en-US","@id":"https:\/\/www.paneurouni.com\/en\/#\/schema\/logo\/image\/","url":"https:\/\/www.paneurouni.com\/en\/wp-content\/uploads\/2023\/03\/pevs-logo-1.svg","contentUrl":"https:\/\/www.paneurouni.com\/en\/wp-content\/uploads\/2023\/03\/pevs-logo-1.svg","width":293,"height":70,"caption":"Paneur\u00f3pska V\u0160"},"image":{"@id":"https:\/\/www.paneurouni.com\/en\/#\/schema\/logo\/image\/"},"sameAs":["https:\/\/www.facebook.com\/PaneuropskaVS\/","https:\/\/x.com\/paneuropska_vs","https:\/\/www.instagram.com\/paneuropska_vysoka_skola\/","https:\/\/www.youtube.com\/channel\/UCc8tUvmjlxAIYtplmv-G2MQ"]}]}},"_links":{"self":[{"href":"https:\/\/www.paneurouni.com\/en\/wp-json\/wp\/v2\/pages\/91045","targetHints":{"allow":["GET"]}}],"collection":[{"href":"https:\/\/www.paneurouni.com\/en\/wp-json\/wp\/v2\/pages"}],"about":[{"href":"https:\/\/www.paneurouni.com\/en\/wp-json\/wp\/v2\/types\/page"}],"author":[{"embeddable":true,"href":"https:\/\/www.paneurouni.com\/en\/wp-json\/wp\/v2\/users\/2"}],"replies":[{"embeddable":true,"href":"https:\/\/www.paneurouni.com\/en\/wp-json\/wp\/v2\/comments?post=91045"}],"version-history":[{"count":3,"href":"https:\/\/www.paneurouni.com\/en\/wp-json\/wp\/v2\/pages\/91045\/revisions"}],"predecessor-version":[{"id":91868,"href":"https:\/\/www.paneurouni.com\/en\/wp-json\/wp\/v2\/pages\/91045\/revisions\/91868"}],"up":[{"embeddable":true,"href":"https:\/\/www.paneurouni.com\/en\/wp-json\/wp\/v2\/pages\/91042"}],"wp:attachment":[{"href":"https:\/\/www.paneurouni.com\/en\/wp-json\/wp\/v2\/media?parent=91045"}],"wp:term":[{"taxonomy":"post_tag","embeddable":true,"href":"https:\/\/www.paneurouni.com\/en\/wp-json\/wp\/v2\/tags?post=91045"},{"taxonomy":"typ-stranky","embeddable":true,"href":"https:\/\/www.paneurouni.com\/en\/wp-json\/wp\/v2\/typ-stranky?post=91045"}],"curies":[{"name":"wp","href":"https:\/\/api.w.org\/{rel}","templated":true}]}}