{"id":91047,"date":"2025-12-10T15:12:50","date_gmt":"2025-12-10T14:12:50","guid":{"rendered":"https:\/\/www.paneurouni.com\/en\/about-us\/quality\/quality-council-working-group\/"},"modified":"2026-02-24T14:10:20","modified_gmt":"2026-02-24T13:10:20","slug":"quality-council-working-group","status":"publish","type":"page","link":"https:\/\/www.paneurouni.com\/en\/about-us\/quality\/quality-council-working-group\/","title":{"rendered":"Quality Council Working Group"},"content":{"rendered":"<p><strong><u>Field of study: Media and Communication Studies<\/u><\/strong><\/p>\n<p>Mgr. J\u00e1n Paukovic, PhD. \u2013 university assistant FM PEU, email: jan.paukovic@paneurouni.com<\/p>\n<p>Mgr. Branislav Z\u00e1vodsk\u00fd \u2013 practical expert and external lecturer \u00a0FM PEU, email: zavodsky@expres.sk<\/p>\n<p>Mgr. Viktor Kamenick\u00fd, PhD. &#8211; practical expert and external lecturer \u00a0FM PEU email: viktor.kamenisky@paneurouni.com<\/p>\n<p>Mgr. Ladislav Munk &#8211; practical expert and external lecturer FM PEU email: ladislav.munk@gmail.com<\/p>\n<p>Ing. Monika Soj\u00e1kov\u00e1 \u2013 PhD student FM PEU, email: monika.sojakova@paneurouni.com<\/p>\n<p>&#8211;<\/p>\n<p><strong><u>Field of study: Computer Science<\/u><\/strong><\/p>\n<p>Ing. Michal Weis \u2013 practical expert, mail:michal.weis@iblsift.com<\/p>\n<p>Ing. Robert Schomann \u2013 practical expert, mail:schochmann@trainshot.com<\/p>\n<p>prof. RNDr. Vladim\u00edr Kraj\u010d\u00edk, Ph.D. \u2013 university teacher and rector, Panevropsk\u00e1 univerzita, \u010cR, mail:vladimit.krajcik@peuni.cz<\/p>\n<p>Ing. J\u00falius Hlav\u00e1\u010d, PhD. \u2013 university assistant FI PEU, mail:julius.hlavac@paneurouni.com<\/p>\n<p>Juraj Such\u00e1n \u2013 bachelor&#8217;s degree student FI PEU, mail: xschudan@paneurouni.com<\/p>\n<p>&#8211;<\/p>\n<p><strong><u>Field of study: Economics and Management<\/u><\/strong><\/p>\n<p>Ing. Mari\u00e1n Kla\u010dansk\u00fd \u2013 Department of Science and Research \u2013 Projects \u2013 Rector&#8217;s Office\u00a0 PEU, mail: marian.klacansky@paneurouni.com<\/p>\n<p>Ing. Lucia Mi\u010dekov\u00e1 Rafajov\u00e1 PhD. \u2013 practical expert and external lecturer FEP PEU, mail: rafajova.lucia@gmail.com<\/p>\n<p>doc. Ing. Izabela Adami\u010dkov\u00e1, PhD. \u2013 external lecturer, mail:izabel.adamickova@gmail.com<\/p>\n<p>MSc Zuzana Bene\u0161ov\u00e1, MBA \u2013 practical expert, mail: benesova@optimalmanagement.sk<\/p>\n<p>Martin J\u00e1n J\u00e1no\u0161 &#8211; bachelor&#8217;s degree student FEP PEU, mail: janosmartinjan@gmail.com<\/p>\n<p><u>\u00a0<\/u><\/p>\n<p><strong><u>Field of study:\u00a0 Law<\/u><\/strong><\/p>\n<p>JUDr. Andrea Vitko\u00f3v\u00e1, PhD. \u2013 university assistant FP PEV\u0160, mail: andrea.vitkoova@paneurouni.com<\/p>\n<p>JUDr. Monika Vrankov\u00e1, PhD. \u2013 external lecturer FP PEV\u0160, mail: monika.vrankova@paneurouni.com<\/p>\n<p>Mgr. Ing. J\u00e1n Dreven\u00e1k \u2013 PhD student FP PEV\u0160, mail: jan.drevenak@paneurouni.com<\/p>\n<p class=\"x_MsoNormal\">JUDr. Du\u0161an\u00a0<span class=\"x_SpellE\">Lovich<\/span>, PhD., practical expert, mail: dusanlovich@gmail.com<\/p>\n<p class=\"x_MsoNormal\">Mgr. Ing. J\u00e1n\u00a0<span class=\"x_SpellE\">Dreven\u00e1k<\/span>, PhD student FP PEVS, mail: jan.drevenak@skfarm.sk<\/p>\n<p>&#8211;<\/p>\n<p><strong><u>Field of study: Political Science<\/u><\/strong><\/p>\n<p>Ing. Andrea Jan\u00ed\u010dekov\u00e1, PhD. \u2013 university assistant FP PEV\u0160, mail: andrea.janicekova@paneurouni.com<\/p>\n<p class=\"x_MsoNormal\" data-olk-copy-source=\"MessageBody\">prof. PhDr. Alexander\u00a0<span class=\"x_SpellE\">Duleba<\/span>, CSc., \u2013 practical expert, mail: alexander.duleba@unipo.sk<\/p>\n<p class=\"x_MsoNormal\">prof. PhDr.\u00a0<span class=\"x_SpellE\">Terem<\/span> Peter PhD., practical expert, mail: peter.terem@umb.sk<\/p>\n<p class=\"x_MsoNormal\">prof. Mgr.\u00a0<span class=\"x_SpellE\">Usiak<\/span> Jaroslav PhD., practical expert, mail: jaroslav.usiak@umb.sk<\/p>\n<p class=\"x_MsoNormal\">Erik\u00a0<span class=\"x_SpellE\">\u0160vikruha<\/span>, student FP PEV\u0160, mail: erik.svikruha@gmail.com<\/p>\n\n\n<div style=\"height:100px\" aria-hidden=\"true\" class=\"wp-block-spacer\"><\/div>\n","protected":false},"excerpt":{"rendered":"<p>Field of study: Media and Communication Studies Mgr. J\u00e1n Paukovic, PhD. \u2013 university assistant FM PEU, email: jan.paukovic@paneurouni.com Mgr. Branislav Z\u00e1vodsk\u00fd \u2013 practical expert and external lecturer \u00a0FM PEU, email: zavodsky@expres.sk Mgr. Viktor Kamenick\u00fd, PhD. &#8211; practical expert and external lecturer \u00a0FM PEU email: viktor.kamenisky@paneurouni.com Mgr. Ladislav Munk &#8211; practical expert and external lecturer FM [&hellip;]<\/p>\n","protected":false},"author":2,"featured_media":0,"parent":91004,"menu_order":0,"comment_status":"closed","ping_status":"open","template":"","meta":{"_acf_changed":false,"inline_featured_image":false,"footnotes":""},"tags":[],"typ-stranky":[159],"class_list":["post-91047","page","type-page","status-publish","hentry","typ-stranky-so-sidebarom"],"acf":[],"yoast_head":"<!-- This site is optimized with the Yoast SEO plugin v27.3 - https:\/\/yoast.com\/product\/yoast-seo-wordpress\/ -->\n<title>Quality Council Working Group | PEU<\/title>\n<meta name=\"robots\" content=\"index, follow, max-snippet:-1, max-image-preview:large, max-video-preview:-1\" \/>\n<link rel=\"canonical\" href=\"https:\/\/www.paneurouni.com\/en\/about-us\/quality\/quality-council-working-group\/\" \/>\n<meta property=\"og:locale\" content=\"en_US\" \/>\n<meta property=\"og:type\" content=\"article\" \/>\n<meta property=\"og:title\" content=\"Quality Council Working Group | PEU\" \/>\n<meta property=\"og:description\" content=\"Field of study: Media and Communication Studies Mgr. J\u00e1n Paukovic, PhD. \u2013 university assistant FM PEU, email: jan.paukovic@paneurouni.com Mgr. Branislav Z\u00e1vodsk\u00fd \u2013 practical expert and external lecturer \u00a0FM PEU, email: zavodsky@expres.sk Mgr. Viktor Kamenick\u00fd, PhD. &#8211; practical expert and external lecturer \u00a0FM PEU email: viktor.kamenisky@paneurouni.com Mgr. Ladislav Munk &#8211; practical expert and external lecturer FM [&hellip;]\" \/>\n<meta property=\"og:url\" content=\"https:\/\/www.paneurouni.com\/en\/about-us\/quality\/quality-council-working-group\/\" \/>\n<meta property=\"og:site_name\" content=\"PEU\" \/>\n<meta property=\"article:publisher\" content=\"https:\/\/www.facebook.com\/PaneuropskaVS\/\" \/>\n<meta property=\"article:modified_time\" content=\"2026-02-24T13:10:20+00:00\" \/>\n<meta name=\"twitter:card\" content=\"summary_large_image\" \/>\n<meta name=\"twitter:site\" content=\"@paneuropska_vs\" \/>\n<meta name=\"twitter:label1\" content=\"Est. reading time\" \/>\n\t<meta name=\"twitter:data1\" content=\"2 minutes\" \/>\n<!-- \/ Yoast SEO plugin. -->","yoast_head_json":{"title":"Quality Council Working Group | PEU","robots":{"index":"index","follow":"follow","max-snippet":"max-snippet:-1","max-image-preview":"max-image-preview:large","max-video-preview":"max-video-preview:-1"},"canonical":"https:\/\/www.paneurouni.com\/en\/about-us\/quality\/quality-council-working-group\/","og_locale":"en_US","og_type":"article","og_title":"Quality Council Working Group | PEU","og_description":"Field of study: Media and Communication Studies Mgr. J\u00e1n Paukovic, PhD. \u2013 university assistant FM PEU, email: jan.paukovic@paneurouni.com Mgr. Branislav Z\u00e1vodsk\u00fd \u2013 practical expert and external lecturer \u00a0FM PEU, email: zavodsky@expres.sk Mgr. Viktor Kamenick\u00fd, PhD. &#8211; practical expert and external lecturer \u00a0FM PEU email: viktor.kamenisky@paneurouni.com Mgr. Ladislav Munk &#8211; practical expert and external lecturer FM [&hellip;]","og_url":"https:\/\/www.paneurouni.com\/en\/about-us\/quality\/quality-council-working-group\/","og_site_name":"PEU","article_publisher":"https:\/\/www.facebook.com\/PaneuropskaVS\/","article_modified_time":"2026-02-24T13:10:20+00:00","twitter_card":"summary_large_image","twitter_site":"@paneuropska_vs","twitter_misc":{"Est. reading time":"2 minutes"},"schema":{"@context":"https:\/\/schema.org","@graph":[{"@type":"WebPage","@id":"https:\/\/www.paneurouni.com\/en\/about-us\/quality\/quality-council-working-group\/","url":"https:\/\/www.paneurouni.com\/en\/about-us\/quality\/quality-council-working-group\/","name":"Quality Council Working Group | PEU","isPartOf":{"@id":"https:\/\/www.paneurouni.com\/en\/#website"},"datePublished":"2025-12-10T14:12:50+00:00","dateModified":"2026-02-24T13:10:20+00:00","breadcrumb":{"@id":"https:\/\/www.paneurouni.com\/en\/about-us\/quality\/quality-council-working-group\/#breadcrumb"},"inLanguage":"en-US","potentialAction":[{"@type":"ReadAction","target":["https:\/\/www.paneurouni.com\/en\/about-us\/quality\/quality-council-working-group\/"]}]},{"@type":"BreadcrumbList","@id":"https:\/\/www.paneurouni.com\/en\/about-us\/quality\/quality-council-working-group\/#breadcrumb","itemListElement":[{"@type":"ListItem","position":1,"name":"Domovsk\u00e1 str\u00e1nka","item":"https:\/\/www.paneurouni.com\/en\/"},{"@type":"ListItem","position":2,"name":"About Us","item":"https:\/\/www.paneurouni.com\/en\/about-us__trashed\/about-us\/"},{"@type":"ListItem","position":3,"name":"System of Quality","item":"https:\/\/www.paneurouni.com\/en\/about-us\/quality\/"},{"@type":"ListItem","position":4,"name":"Quality Council Working Group"}]},{"@type":"WebSite","@id":"https:\/\/www.paneurouni.com\/en\/#website","url":"https:\/\/www.paneurouni.com\/en\/","name":"Paneur\u00f3pska V\u0160","description":"Paneur\u00f3pska Vysok\u00e1 \u0160kola v Bratislave","publisher":{"@id":"https:\/\/www.paneurouni.com\/en\/#organization"},"potentialAction":[{"@type":"SearchAction","target":{"@type":"EntryPoint","urlTemplate":"https:\/\/www.paneurouni.com\/en\/?s={search_term_string}"},"query-input":{"@type":"PropertyValueSpecification","valueRequired":true,"valueName":"search_term_string"}}],"inLanguage":"en-US"},{"@type":"Organization","@id":"https:\/\/www.paneurouni.com\/en\/#organization","name":"Paneur\u00f3pska V\u0160","url":"https:\/\/www.paneurouni.com\/en\/","logo":{"@type":"ImageObject","inLanguage":"en-US","@id":"https:\/\/www.paneurouni.com\/en\/#\/schema\/logo\/image\/","url":"https:\/\/www.paneurouni.com\/en\/wp-content\/uploads\/2023\/03\/pevs-logo-1.svg","contentUrl":"https:\/\/www.paneurouni.com\/en\/wp-content\/uploads\/2023\/03\/pevs-logo-1.svg","width":293,"height":70,"caption":"Paneur\u00f3pska V\u0160"},"image":{"@id":"https:\/\/www.paneurouni.com\/en\/#\/schema\/logo\/image\/"},"sameAs":["https:\/\/www.facebook.com\/PaneuropskaVS\/","https:\/\/x.com\/paneuropska_vs","https:\/\/www.instagram.com\/paneuropska_vysoka_skola\/","https:\/\/www.youtube.com\/channel\/UCc8tUvmjlxAIYtplmv-G2MQ"]}]}},"_links":{"self":[{"href":"https:\/\/www.paneurouni.com\/en\/wp-json\/wp\/v2\/pages\/91047","targetHints":{"allow":["GET"]}}],"collection":[{"href":"https:\/\/www.paneurouni.com\/en\/wp-json\/wp\/v2\/pages"}],"about":[{"href":"https:\/\/www.paneurouni.com\/en\/wp-json\/wp\/v2\/types\/page"}],"author":[{"embeddable":true,"href":"https:\/\/www.paneurouni.com\/en\/wp-json\/wp\/v2\/users\/2"}],"replies":[{"embeddable":true,"href":"https:\/\/www.paneurouni.com\/en\/wp-json\/wp\/v2\/comments?post=91047"}],"version-history":[{"count":3,"href":"https:\/\/www.paneurouni.com\/en\/wp-json\/wp\/v2\/pages\/91047\/revisions"}],"predecessor-version":[{"id":91753,"href":"https:\/\/www.paneurouni.com\/en\/wp-json\/wp\/v2\/pages\/91047\/revisions\/91753"}],"up":[{"embeddable":true,"href":"https:\/\/www.paneurouni.com\/en\/wp-json\/wp\/v2\/pages\/91004"}],"wp:attachment":[{"href":"https:\/\/www.paneurouni.com\/en\/wp-json\/wp\/v2\/media?parent=91047"}],"wp:term":[{"taxonomy":"post_tag","embeddable":true,"href":"https:\/\/www.paneurouni.com\/en\/wp-json\/wp\/v2\/tags?post=91047"},{"taxonomy":"typ-stranky","embeddable":true,"href":"https:\/\/www.paneurouni.com\/en\/wp-json\/wp\/v2\/typ-stranky?post=91047"}],"curies":[{"name":"wp","href":"https:\/\/api.w.org\/{rel}","templated":true}]}}