{"id":91786,"date":"2026-03-05T14:40:44","date_gmt":"2026-03-05T13:40:44","guid":{"rendered":"https:\/\/www.paneurouni.com\/en\/?page_id=91786"},"modified":"2026-03-05T17:06:57","modified_gmt":"2026-03-05T16:06:57","slug":"priority-areas-of-research-at-peu","status":"publish","type":"page","link":"https:\/\/www.paneurouni.com\/en\/science\/priority-areas-of-research-at-peu\/","title":{"rendered":"Priority areas of research at PEU"},"content":{"rendered":"\t\t<div data-elementor-type=\"wp-page\" data-elementor-id=\"91786\" class=\"elementor elementor-91786\" data-elementor-post-type=\"page\">\n\t\t\t\t<div class=\"elementor-element elementor-element-dc2369d e-flex e-con-boxed e-con e-parent\" data-id=\"dc2369d\" data-element_type=\"container\" data-e-type=\"container\">\n\t\t\t\t\t<div class=\"e-con-inner\">\n\t\t\t\t<div class=\"elementor-element elementor-element-7111c66 elementor-widget elementor-widget-text-editor\" data-id=\"7111c66\" data-element_type=\"widget\" data-e-type=\"widget\" data-widget_type=\"text-editor.default\">\n\t\t\t\t<div class=\"elementor-widget-container\">\n\t\t\t\t\t\t\t\t\t<p>The mission of Pan-European University is to advance science, basic and applied research, development, and artistic activities, thereby strengthening the University\u2019s position in research and innovation at both the national and international levels.<\/p><p>This objective is achieved through the work of faculty-based research teams as well as through the establishment of multidisciplinary research groups addressing topics that require the integration of expertise from multiple academic disciplines represented at the University.<\/p><p>Based on recognized research achievements, the University\u2019s faculties have identified priority research areas in which they further develop their scientific and research activities. These areas respond to societal needs and international research challenges, creating opportunities for participation in national and international research collaborations. The University\u2019s current research focus includes topics such as mental health in educational and workplace environments, the use and impact of virtual reality and AI models, human rights, and the ethics of media communication. All priority research areas are listed under the respective faculties.<\/p>\t\t\t\t\t\t\t\t<\/div>\n\t\t\t\t<\/div>\n\t\t\t\t\t<\/div>\n\t\t\t\t<\/div>\n\t\t<div class=\"elementor-element elementor-element-b514da5 e-flex e-con-boxed e-con e-parent\" data-id=\"b514da5\" data-element_type=\"container\" data-e-type=\"container\">\n\t\t\t\t\t<div class=\"e-con-inner\">\n\t\t\t\t<div class=\"elementor-element elementor-element-f444baa elementor-widget elementor-widget-text-editor\" data-id=\"f444baa\" data-element_type=\"widget\" data-e-type=\"widget\" data-widget_type=\"text-editor.default\">\n\t\t\t\t<div class=\"elementor-widget-container\">\n\t\t\t\t\t\t\t\t\t<h5 class=\"elementor-heading-title elementor-size-default\">Priority areas of research at faculties of PEU<\/h5>\t\t\t\t\t\t\t\t<\/div>\n\t\t\t\t<\/div>\n\t\t\t\t\t<\/div>\n\t\t\t\t<\/div>\n\t\t<div class=\"elementor-element elementor-element-456b8e3 e-flex e-con-boxed e-con e-parent\" data-id=\"456b8e3\" data-element_type=\"container\" data-e-type=\"container\">\n\t\t\t\t\t<div class=\"e-con-inner\">\n\t\t\t\t<div class=\"elementor-element elementor-element-bb6a81e elementor-widget elementor-widget-text-editor\" data-id=\"bb6a81e\" data-element_type=\"widget\" data-e-type=\"widget\" data-widget_type=\"text-editor.default\">\n\t\t\t\t<div class=\"elementor-widget-container\">\n\t\t\t\t\t\t\t\t\t<p><a href=\"https:\/\/www.paneurouni.com\/en\/science\/priority-areas-of-research-at-peu\/faculty-of-law\/\">Faculty of Law<\/a><\/p><p><a href=\"https:\/\/www.paneurouni.com\/en\/science\/priority-areas-of-research-at-peu\/faculty-of-psychology\/\">Faculty of Psychology<\/a><\/p><p><a href=\"https:\/\/www.paneurouni.com\/en\/science\/priority-areas-of-research-at-peu\/faculty-of-economics-and-entrepreneurship\/\">Faculty of Economics and Entrepreneurship<\/a><\/p><p><a href=\"https:\/\/www.paneurouni.com\/en\/science\/priority-areas-of-research-at-peu\/faculty-of-media\/\">Faculty of Media<\/a><\/p><p><a href=\"https:\/\/www.paneurouni.com\/en\/science\/priority-areas-of-research-at-peu\/faculty-of-informatics\/\">Faculty of Informatics<\/a><\/p>\t\t\t\t\t\t\t\t<\/div>\n\t\t\t\t<\/div>\n\t\t\t\t\t<\/div>\n\t\t\t\t<\/div>\n\t\t\t\t<\/div>\n\t\t","protected":false},"excerpt":{"rendered":"<p>The mission of Pan-European University is to advance science, basic and applied research, development, and artistic activities, thereby strengthening the University\u2019s position in research and innovation at both the national and international levels. This objective is achieved through the work of faculty-based research teams as well as through the establishment of multidisciplinary research groups addressing [&hellip;]<\/p>\n","protected":false},"author":8,"featured_media":0,"parent":91042,"menu_order":0,"comment_status":"closed","ping_status":"closed","template":"","meta":{"_acf_changed":false,"inline_featured_image":false,"footnotes":""},"tags":[],"typ-stranky":[159],"class_list":["post-91786","page","type-page","status-publish","hentry","typ-stranky-so-sidebarom"],"acf":[],"yoast_head":"<!-- This site is optimized with the Yoast SEO plugin v27.3 - https:\/\/yoast.com\/product\/yoast-seo-wordpress\/ -->\n<title>Priority areas of research at PEU | PEU<\/title>\n<meta name=\"robots\" content=\"index, follow, max-snippet:-1, max-image-preview:large, max-video-preview:-1\" \/>\n<link rel=\"canonical\" href=\"https:\/\/www.paneurouni.com\/en\/science\/priority-areas-of-research-at-peu\/\" \/>\n<meta property=\"og:locale\" content=\"en_US\" \/>\n<meta property=\"og:type\" content=\"article\" \/>\n<meta property=\"og:title\" content=\"Priority areas of research at PEU | PEU\" \/>\n<meta property=\"og:description\" content=\"The mission of Pan-European University is to advance science, basic and applied research, development, and artistic activities, thereby strengthening the University\u2019s position in research and innovation at both the national and international levels. This objective is achieved through the work of faculty-based research teams as well as through the establishment of multidisciplinary research groups addressing [&hellip;]\" \/>\n<meta property=\"og:url\" content=\"https:\/\/www.paneurouni.com\/en\/science\/priority-areas-of-research-at-peu\/\" \/>\n<meta property=\"og:site_name\" content=\"PEU\" \/>\n<meta property=\"article:publisher\" content=\"https:\/\/www.facebook.com\/PaneuropskaVS\/\" \/>\n<meta property=\"article:modified_time\" content=\"2026-03-05T16:06:57+00:00\" \/>\n<meta name=\"twitter:card\" content=\"summary_large_image\" \/>\n<meta name=\"twitter:site\" content=\"@paneuropska_vs\" \/>\n<meta name=\"twitter:label1\" content=\"Est. reading time\" \/>\n\t<meta name=\"twitter:data1\" content=\"1 minute\" \/>\n<!-- \/ Yoast SEO plugin. -->","yoast_head_json":{"title":"Priority areas of research at PEU | PEU","robots":{"index":"index","follow":"follow","max-snippet":"max-snippet:-1","max-image-preview":"max-image-preview:large","max-video-preview":"max-video-preview:-1"},"canonical":"https:\/\/www.paneurouni.com\/en\/science\/priority-areas-of-research-at-peu\/","og_locale":"en_US","og_type":"article","og_title":"Priority areas of research at PEU | PEU","og_description":"The mission of Pan-European University is to advance science, basic and applied research, development, and artistic activities, thereby strengthening the University\u2019s position in research and innovation at both the national and international levels. This objective is achieved through the work of faculty-based research teams as well as through the establishment of multidisciplinary research groups addressing [&hellip;]","og_url":"https:\/\/www.paneurouni.com\/en\/science\/priority-areas-of-research-at-peu\/","og_site_name":"PEU","article_publisher":"https:\/\/www.facebook.com\/PaneuropskaVS\/","article_modified_time":"2026-03-05T16:06:57+00:00","twitter_card":"summary_large_image","twitter_site":"@paneuropska_vs","twitter_misc":{"Est. reading time":"1 minute"},"schema":{"@context":"https:\/\/schema.org","@graph":[{"@type":"WebPage","@id":"https:\/\/www.paneurouni.com\/en\/science\/priority-areas-of-research-at-peu\/","url":"https:\/\/www.paneurouni.com\/en\/science\/priority-areas-of-research-at-peu\/","name":"Priority areas of research at PEU | PEU","isPartOf":{"@id":"https:\/\/www.paneurouni.com\/en\/#website"},"datePublished":"2026-03-05T13:40:44+00:00","dateModified":"2026-03-05T16:06:57+00:00","breadcrumb":{"@id":"https:\/\/www.paneurouni.com\/en\/science\/priority-areas-of-research-at-peu\/#breadcrumb"},"inLanguage":"en-US","potentialAction":[{"@type":"ReadAction","target":["https:\/\/www.paneurouni.com\/en\/science\/priority-areas-of-research-at-peu\/"]}]},{"@type":"BreadcrumbList","@id":"https:\/\/www.paneurouni.com\/en\/science\/priority-areas-of-research-at-peu\/#breadcrumb","itemListElement":[{"@type":"ListItem","position":1,"name":"Domovsk\u00e1 str\u00e1nka","item":"https:\/\/www.paneurouni.com\/en\/"},{"@type":"ListItem","position":2,"name":"Science","item":"https:\/\/www.paneurouni.com\/en\/science\/"},{"@type":"ListItem","position":3,"name":"Priority areas of research at PEU"}]},{"@type":"WebSite","@id":"https:\/\/www.paneurouni.com\/en\/#website","url":"https:\/\/www.paneurouni.com\/en\/","name":"Paneur\u00f3pska V\u0160","description":"Paneur\u00f3pska Vysok\u00e1 \u0160kola v Bratislave","publisher":{"@id":"https:\/\/www.paneurouni.com\/en\/#organization"},"potentialAction":[{"@type":"SearchAction","target":{"@type":"EntryPoint","urlTemplate":"https:\/\/www.paneurouni.com\/en\/?s={search_term_string}"},"query-input":{"@type":"PropertyValueSpecification","valueRequired":true,"valueName":"search_term_string"}}],"inLanguage":"en-US"},{"@type":"Organization","@id":"https:\/\/www.paneurouni.com\/en\/#organization","name":"Paneur\u00f3pska V\u0160","url":"https:\/\/www.paneurouni.com\/en\/","logo":{"@type":"ImageObject","inLanguage":"en-US","@id":"https:\/\/www.paneurouni.com\/en\/#\/schema\/logo\/image\/","url":"https:\/\/www.paneurouni.com\/en\/wp-content\/uploads\/2023\/03\/pevs-logo-1.svg","contentUrl":"https:\/\/www.paneurouni.com\/en\/wp-content\/uploads\/2023\/03\/pevs-logo-1.svg","width":293,"height":70,"caption":"Paneur\u00f3pska V\u0160"},"image":{"@id":"https:\/\/www.paneurouni.com\/en\/#\/schema\/logo\/image\/"},"sameAs":["https:\/\/www.facebook.com\/PaneuropskaVS\/","https:\/\/x.com\/paneuropska_vs","https:\/\/www.instagram.com\/paneuropska_vysoka_skola\/","https:\/\/www.youtube.com\/channel\/UCc8tUvmjlxAIYtplmv-G2MQ"]}]}},"_links":{"self":[{"href":"https:\/\/www.paneurouni.com\/en\/wp-json\/wp\/v2\/pages\/91786","targetHints":{"allow":["GET"]}}],"collection":[{"href":"https:\/\/www.paneurouni.com\/en\/wp-json\/wp\/v2\/pages"}],"about":[{"href":"https:\/\/www.paneurouni.com\/en\/wp-json\/wp\/v2\/types\/page"}],"author":[{"embeddable":true,"href":"https:\/\/www.paneurouni.com\/en\/wp-json\/wp\/v2\/users\/8"}],"replies":[{"embeddable":true,"href":"https:\/\/www.paneurouni.com\/en\/wp-json\/wp\/v2\/comments?post=91786"}],"version-history":[{"count":3,"href":"https:\/\/www.paneurouni.com\/en\/wp-json\/wp\/v2\/pages\/91786\/revisions"}],"predecessor-version":[{"id":91862,"href":"https:\/\/www.paneurouni.com\/en\/wp-json\/wp\/v2\/pages\/91786\/revisions\/91862"}],"up":[{"embeddable":true,"href":"https:\/\/www.paneurouni.com\/en\/wp-json\/wp\/v2\/pages\/91042"}],"wp:attachment":[{"href":"https:\/\/www.paneurouni.com\/en\/wp-json\/wp\/v2\/media?parent=91786"}],"wp:term":[{"taxonomy":"post_tag","embeddable":true,"href":"https:\/\/www.paneurouni.com\/en\/wp-json\/wp\/v2\/tags?post=91786"},{"taxonomy":"typ-stranky","embeddable":true,"href":"https:\/\/www.paneurouni.com\/en\/wp-json\/wp\/v2\/typ-stranky?post=91786"}],"curies":[{"name":"wp","href":"https:\/\/api.w.org\/{rel}","templated":true}]}}