{"id":91801,"date":"2026-03-05T16:46:58","date_gmt":"2026-03-05T15:46:58","guid":{"rendered":"https:\/\/www.paneurouni.com\/en\/?page_id=91801"},"modified":"2026-04-13T09:55:54","modified_gmt":"2026-04-13T07:55:54","slug":"faculty-of-law","status":"publish","type":"page","link":"https:\/\/www.paneurouni.com\/en\/science\/priority-areas-of-research-at-peu\/faculty-of-law\/","title":{"rendered":"Faculty of Law"},"content":{"rendered":"\t\t<div data-elementor-type=\"wp-page\" data-elementor-id=\"91801\" class=\"elementor elementor-91801\" data-elementor-post-type=\"page\">\n\t\t\t\t<div class=\"elementor-element elementor-element-2380f2a e-flex e-con-boxed e-con e-parent\" data-id=\"2380f2a\" data-element_type=\"container\" data-e-type=\"container\">\n\t\t\t\t\t<div class=\"e-con-inner\">\n\t\t\t\t<div class=\"elementor-element elementor-element-1814ffe elementor-widget elementor-widget-text-editor\" data-id=\"1814ffe\" data-element_type=\"widget\" data-e-type=\"widget\" data-widget_type=\"text-editor.default\">\n\t\t\t\t<div class=\"elementor-widget-container\">\n\t\t\t\t\t\t\t\t\t<h5 class=\"elementor-heading-title elementor-size-default\">Priority areas of research at Faculty of Law<\/h5>\t\t\t\t\t\t\t\t<\/div>\n\t\t\t\t<\/div>\n\t\t\t\t<div class=\"elementor-element elementor-element-30722a6 elementor-widget elementor-widget-text-editor\" data-id=\"30722a6\" data-element_type=\"widget\" data-e-type=\"widget\" data-widget_type=\"text-editor.default\">\n\t\t\t\t<div class=\"elementor-widget-container\">\n\t\t\t\t\t\t\t\t\t<ol><li>International and European law, with a particular focus on human rights protection, children\u2019s rights, asylum and migration law, and EU judicial cooperation in cross-border matters.<\/li><li>Theory of state and law and the history of state and law, with a focus on legal philosophy, legal ethics, and the development of constitutional and political-legal thought.<\/li><li>Comprehensive and systemic legal regulation of rental housing in the Slovak Republic<\/li><li>Procedural rights in criminal proceedings<\/li><\/ol>\t\t\t\t\t\t\t\t<\/div>\n\t\t\t\t<\/div>\n\t\t\t\t\t<\/div>\n\t\t\t\t<\/div>\n\t\t\t\t<\/div>\n\t\t","protected":false},"excerpt":{"rendered":"<p>Priority areas of research at Faculty of Law International and European law, with a particular focus on human rights protection, children\u2019s rights, asylum and migration law, and EU judicial cooperation in cross-border matters. Theory of state and law and the history of state and law, with a focus on legal philosophy, legal ethics, and the [&hellip;]<\/p>\n","protected":false},"author":8,"featured_media":0,"parent":91786,"menu_order":0,"comment_status":"closed","ping_status":"closed","template":"","meta":{"_acf_changed":false,"inline_featured_image":false,"footnotes":""},"tags":[],"typ-stranky":[159],"class_list":["post-91801","page","type-page","status-publish","hentry","typ-stranky-so-sidebarom"],"acf":[],"yoast_head":"<!-- This site is optimized with the Yoast SEO plugin v27.3 - https:\/\/yoast.com\/product\/yoast-seo-wordpress\/ -->\n<title>Faculty of Law | PEU<\/title>\n<meta name=\"robots\" content=\"index, follow, max-snippet:-1, max-image-preview:large, max-video-preview:-1\" \/>\n<link rel=\"canonical\" href=\"https:\/\/www.paneurouni.com\/en\/science\/priority-areas-of-research-at-peu\/faculty-of-law\/\" \/>\n<meta property=\"og:locale\" content=\"en_US\" \/>\n<meta property=\"og:type\" content=\"article\" \/>\n<meta property=\"og:title\" content=\"Faculty of Law | PEU\" \/>\n<meta property=\"og:description\" content=\"Priority areas of research at Faculty of Law International and European law, with a particular focus on human rights protection, children\u2019s rights, asylum and migration law, and EU judicial cooperation in cross-border matters. Theory of state and law and the history of state and law, with a focus on legal philosophy, legal ethics, and the [&hellip;]\" \/>\n<meta property=\"og:url\" content=\"https:\/\/www.paneurouni.com\/en\/science\/priority-areas-of-research-at-peu\/faculty-of-law\/\" \/>\n<meta property=\"og:site_name\" content=\"PEU\" \/>\n<meta property=\"article:publisher\" content=\"https:\/\/www.facebook.com\/PaneuropskaVS\/\" \/>\n<meta property=\"article:modified_time\" content=\"2026-04-13T07:55:54+00:00\" \/>\n<meta name=\"twitter:card\" content=\"summary_large_image\" \/>\n<meta name=\"twitter:site\" content=\"@paneuropska_vs\" \/>\n<meta name=\"twitter:label1\" content=\"Est. reading time\" \/>\n\t<meta name=\"twitter:data1\" content=\"1 minute\" \/>\n<!-- \/ Yoast SEO plugin. -->","yoast_head_json":{"title":"Faculty of Law | PEU","robots":{"index":"index","follow":"follow","max-snippet":"max-snippet:-1","max-image-preview":"max-image-preview:large","max-video-preview":"max-video-preview:-1"},"canonical":"https:\/\/www.paneurouni.com\/en\/science\/priority-areas-of-research-at-peu\/faculty-of-law\/","og_locale":"en_US","og_type":"article","og_title":"Faculty of Law | PEU","og_description":"Priority areas of research at Faculty of Law International and European law, with a particular focus on human rights protection, children\u2019s rights, asylum and migration law, and EU judicial cooperation in cross-border matters. Theory of state and law and the history of state and law, with a focus on legal philosophy, legal ethics, and the [&hellip;]","og_url":"https:\/\/www.paneurouni.com\/en\/science\/priority-areas-of-research-at-peu\/faculty-of-law\/","og_site_name":"PEU","article_publisher":"https:\/\/www.facebook.com\/PaneuropskaVS\/","article_modified_time":"2026-04-13T07:55:54+00:00","twitter_card":"summary_large_image","twitter_site":"@paneuropska_vs","twitter_misc":{"Est. reading time":"1 minute"},"schema":{"@context":"https:\/\/schema.org","@graph":[{"@type":"WebPage","@id":"https:\/\/www.paneurouni.com\/en\/science\/priority-areas-of-research-at-peu\/faculty-of-law\/","url":"https:\/\/www.paneurouni.com\/en\/science\/priority-areas-of-research-at-peu\/faculty-of-law\/","name":"Faculty of Law | PEU","isPartOf":{"@id":"https:\/\/www.paneurouni.com\/en\/#website"},"datePublished":"2026-03-05T15:46:58+00:00","dateModified":"2026-04-13T07:55:54+00:00","breadcrumb":{"@id":"https:\/\/www.paneurouni.com\/en\/science\/priority-areas-of-research-at-peu\/faculty-of-law\/#breadcrumb"},"inLanguage":"en-US","potentialAction":[{"@type":"ReadAction","target":["https:\/\/www.paneurouni.com\/en\/science\/priority-areas-of-research-at-peu\/faculty-of-law\/"]}]},{"@type":"BreadcrumbList","@id":"https:\/\/www.paneurouni.com\/en\/science\/priority-areas-of-research-at-peu\/faculty-of-law\/#breadcrumb","itemListElement":[{"@type":"ListItem","position":1,"name":"Domovsk\u00e1 str\u00e1nka","item":"https:\/\/www.paneurouni.com\/en\/"},{"@type":"ListItem","position":2,"name":"Science","item":"https:\/\/www.paneurouni.com\/en\/science\/"},{"@type":"ListItem","position":3,"name":"Priority areas of research at PEU","item":"https:\/\/www.paneurouni.com\/en\/science\/priority-areas-of-research-at-peu\/"},{"@type":"ListItem","position":4,"name":"Faculty of Law"}]},{"@type":"WebSite","@id":"https:\/\/www.paneurouni.com\/en\/#website","url":"https:\/\/www.paneurouni.com\/en\/","name":"Paneur\u00f3pska V\u0160","description":"Paneur\u00f3pska Vysok\u00e1 \u0160kola v Bratislave","publisher":{"@id":"https:\/\/www.paneurouni.com\/en\/#organization"},"potentialAction":[{"@type":"SearchAction","target":{"@type":"EntryPoint","urlTemplate":"https:\/\/www.paneurouni.com\/en\/?s={search_term_string}"},"query-input":{"@type":"PropertyValueSpecification","valueRequired":true,"valueName":"search_term_string"}}],"inLanguage":"en-US"},{"@type":"Organization","@id":"https:\/\/www.paneurouni.com\/en\/#organization","name":"Paneur\u00f3pska V\u0160","url":"https:\/\/www.paneurouni.com\/en\/","logo":{"@type":"ImageObject","inLanguage":"en-US","@id":"https:\/\/www.paneurouni.com\/en\/#\/schema\/logo\/image\/","url":"https:\/\/www.paneurouni.com\/en\/wp-content\/uploads\/2023\/03\/pevs-logo-1.svg","contentUrl":"https:\/\/www.paneurouni.com\/en\/wp-content\/uploads\/2023\/03\/pevs-logo-1.svg","width":293,"height":70,"caption":"Paneur\u00f3pska V\u0160"},"image":{"@id":"https:\/\/www.paneurouni.com\/en\/#\/schema\/logo\/image\/"},"sameAs":["https:\/\/www.facebook.com\/PaneuropskaVS\/","https:\/\/x.com\/paneuropska_vs","https:\/\/www.instagram.com\/paneuropska_vysoka_skola\/","https:\/\/www.youtube.com\/channel\/UCc8tUvmjlxAIYtplmv-G2MQ"]}]}},"_links":{"self":[{"href":"https:\/\/www.paneurouni.com\/en\/wp-json\/wp\/v2\/pages\/91801","targetHints":{"allow":["GET"]}}],"collection":[{"href":"https:\/\/www.paneurouni.com\/en\/wp-json\/wp\/v2\/pages"}],"about":[{"href":"https:\/\/www.paneurouni.com\/en\/wp-json\/wp\/v2\/types\/page"}],"author":[{"embeddable":true,"href":"https:\/\/www.paneurouni.com\/en\/wp-json\/wp\/v2\/users\/8"}],"replies":[{"embeddable":true,"href":"https:\/\/www.paneurouni.com\/en\/wp-json\/wp\/v2\/comments?post=91801"}],"version-history":[{"count":3,"href":"https:\/\/www.paneurouni.com\/en\/wp-json\/wp\/v2\/pages\/91801\/revisions"}],"predecessor-version":[{"id":92743,"href":"https:\/\/www.paneurouni.com\/en\/wp-json\/wp\/v2\/pages\/91801\/revisions\/92743"}],"up":[{"embeddable":true,"href":"https:\/\/www.paneurouni.com\/en\/wp-json\/wp\/v2\/pages\/91786"}],"wp:attachment":[{"href":"https:\/\/www.paneurouni.com\/en\/wp-json\/wp\/v2\/media?parent=91801"}],"wp:term":[{"taxonomy":"post_tag","embeddable":true,"href":"https:\/\/www.paneurouni.com\/en\/wp-json\/wp\/v2\/tags?post=91801"},{"taxonomy":"typ-stranky","embeddable":true,"href":"https:\/\/www.paneurouni.com\/en\/wp-json\/wp\/v2\/typ-stranky?post=91801"}],"curies":[{"name":"wp","href":"https:\/\/api.w.org\/{rel}","templated":true}]}}