{"id":91817,"date":"2026-03-05T16:50:12","date_gmt":"2026-03-05T15:50:12","guid":{"rendered":"https:\/\/www.paneurouni.com\/en\/?page_id=91817"},"modified":"2026-04-13T09:54:22","modified_gmt":"2026-04-13T07:54:22","slug":"faculty-of-psychology","status":"publish","type":"page","link":"https:\/\/www.paneurouni.com\/en\/science\/priority-areas-of-research-at-peu\/faculty-of-psychology\/","title":{"rendered":"Faculty of Psychology"},"content":{"rendered":"\t\t<div data-elementor-type=\"wp-page\" data-elementor-id=\"91817\" class=\"elementor elementor-91817\" data-elementor-post-type=\"page\">\n\t\t\t\t<div class=\"elementor-element elementor-element-3330f80 e-flex e-con-boxed e-con e-parent\" data-id=\"3330f80\" data-element_type=\"container\" data-e-type=\"container\">\n\t\t\t\t\t<div class=\"e-con-inner\">\n\t\t\t\t<div class=\"elementor-element elementor-element-c1a8423 elementor-widget elementor-widget-text-editor\" data-id=\"c1a8423\" data-element_type=\"widget\" data-e-type=\"widget\" data-widget_type=\"text-editor.default\">\n\t\t\t\t<div class=\"elementor-widget-container\">\n\t\t\t\t\t\t\t\t\t<h5 class=\"elementor-heading-title elementor-size-default\">Priority areas of research at Faculty od Psychology<\/h5>\t\t\t\t\t\t\t\t<\/div>\n\t\t\t\t<\/div>\n\t\t\t\t<div class=\"elementor-element elementor-element-b47e24e elementor-widget elementor-widget-text-editor\" data-id=\"b47e24e\" data-element_type=\"widget\" data-e-type=\"widget\" data-widget_type=\"text-editor.default\">\n\t\t\t\t<div class=\"elementor-widget-container\">\n\t\t\t\t\t\t\t\t\t<ol><li><strong>Positive psychology, well-being, covitality, socio-emotional health in school and workplace settings, risk-taking in adolescents<\/strong><\/li><\/ol><p>Research focuses on the application of positive psychology principles in school and workplace settings, analyzing the relationship between organizational climate and psychological well-being of all stakeholders. The development of covitality (emotional competence, engaged living, belief-in-self, and belief-in-others). Factors influencing socio-emotional competencies, building resilience, supporting prosocial behavior, as well as the influence of organizational culture, relationships between actors, and systemic factors on well-being. Simultaneously, risk factors, mechanisms, and consequences of self-harm behavior (non-suicidal self-injury, eating disorders, substance abuse) in adolescents are identified. Emphasis is placed on creating evidence-based programs that support optimal psychological development and preventive strategies.<\/p><ol start=\"2\"><li><strong>MABEL diagnostic battery and its expansion<\/strong><\/li><\/ol><p>Research focuses on the adaptation, validation, and expansion of the multilingual diagnostic battery MABEL (Multilingual Assessment Battery of Early Literacy) in the Slovak context. MABEL represents an innovative tool for assessing early literacy skills and related competencies in monolingual, bilingual children, and children acquiring literacy in a language other than their mother tongue. The research includes psychometric validation of instruments, normative studies on the Slovak population, as well as methodological support for school psychologists, speech therapists, and special educators in the inclusive education system.<\/p><ol start=\"3\"><li><strong>Forgiveness in oncological patients<\/strong><\/li><\/ol><p>Research examines psychological aspects of forgiveness (self-condemnation, forgiveness of others) in the context of oncological disease and their relationship to psychological well-being, quality of life, and treatment adherence. Mechanisms by which forgiveness contributes to psychological adaptation to illness and improvement of patients&#8217; overall well-being during treatment and in remission are analyzed.<\/p><ol start=\"4\"><li><strong>Psychological determinants of political orientation across generations<\/strong><\/li><\/ol><p>Research analyzes the relationship between personality characteristics, temperament, and political orientation in different age cohorts. Multiple personality models (Big Five, HEXACO, Fisher Temperament Inventory, DSM Alternative Model of Personality \u2013 pathological personality traits) are used to identify psychological predictors of political attitudes and their stability or change throughout life. This includes intergenerational comparison.<\/p>\t\t\t\t\t\t\t\t<\/div>\n\t\t\t\t<\/div>\n\t\t\t\t\t<\/div>\n\t\t\t\t<\/div>\n\t\t\t\t<\/div>\n\t\t","protected":false},"excerpt":{"rendered":"<p>Priority areas of research at Faculty od Psychology Positive psychology, well-being, covitality, socio-emotional health in school and workplace settings, risk-taking in adolescents Research focuses on the application of positive psychology principles in school and workplace settings, analyzing the relationship between organizational climate and psychological well-being of all stakeholders. The development of covitality (emotional competence, engaged [&hellip;]<\/p>\n","protected":false},"author":8,"featured_media":0,"parent":91786,"menu_order":0,"comment_status":"closed","ping_status":"closed","template":"","meta":{"_acf_changed":false,"inline_featured_image":false,"footnotes":""},"tags":[],"typ-stranky":[159],"class_list":["post-91817","page","type-page","status-publish","hentry","typ-stranky-so-sidebarom"],"acf":[],"yoast_head":"<!-- This site is optimized with the Yoast SEO plugin v27.3 - https:\/\/yoast.com\/product\/yoast-seo-wordpress\/ -->\n<title>Faculty of Psychology | PEU<\/title>\n<meta name=\"robots\" content=\"index, follow, max-snippet:-1, max-image-preview:large, max-video-preview:-1\" \/>\n<link rel=\"canonical\" href=\"https:\/\/www.paneurouni.com\/en\/science\/priority-areas-of-research-at-peu\/faculty-of-psychology\/\" \/>\n<meta property=\"og:locale\" content=\"en_US\" \/>\n<meta property=\"og:type\" content=\"article\" \/>\n<meta property=\"og:title\" content=\"Faculty of Psychology | PEU\" \/>\n<meta property=\"og:description\" content=\"Priority areas of research at Faculty od Psychology Positive psychology, well-being, covitality, socio-emotional health in school and workplace settings, risk-taking in adolescents Research focuses on the application of positive psychology principles in school and workplace settings, analyzing the relationship between organizational climate and psychological well-being of all stakeholders. The development of covitality (emotional competence, engaged [&hellip;]\" \/>\n<meta property=\"og:url\" content=\"https:\/\/www.paneurouni.com\/en\/science\/priority-areas-of-research-at-peu\/faculty-of-psychology\/\" \/>\n<meta property=\"og:site_name\" content=\"PEU\" \/>\n<meta property=\"article:publisher\" content=\"https:\/\/www.facebook.com\/PaneuropskaVS\/\" \/>\n<meta property=\"article:modified_time\" content=\"2026-04-13T07:54:22+00:00\" \/>\n<meta name=\"twitter:card\" content=\"summary_large_image\" \/>\n<meta name=\"twitter:site\" content=\"@paneuropska_vs\" \/>\n<meta name=\"twitter:label1\" content=\"Est. reading time\" \/>\n\t<meta name=\"twitter:data1\" content=\"2 minutes\" \/>\n<!-- \/ Yoast SEO plugin. -->","yoast_head_json":{"title":"Faculty of Psychology | PEU","robots":{"index":"index","follow":"follow","max-snippet":"max-snippet:-1","max-image-preview":"max-image-preview:large","max-video-preview":"max-video-preview:-1"},"canonical":"https:\/\/www.paneurouni.com\/en\/science\/priority-areas-of-research-at-peu\/faculty-of-psychology\/","og_locale":"en_US","og_type":"article","og_title":"Faculty of Psychology | PEU","og_description":"Priority areas of research at Faculty od Psychology Positive psychology, well-being, covitality, socio-emotional health in school and workplace settings, risk-taking in adolescents Research focuses on the application of positive psychology principles in school and workplace settings, analyzing the relationship between organizational climate and psychological well-being of all stakeholders. The development of covitality (emotional competence, engaged [&hellip;]","og_url":"https:\/\/www.paneurouni.com\/en\/science\/priority-areas-of-research-at-peu\/faculty-of-psychology\/","og_site_name":"PEU","article_publisher":"https:\/\/www.facebook.com\/PaneuropskaVS\/","article_modified_time":"2026-04-13T07:54:22+00:00","twitter_card":"summary_large_image","twitter_site":"@paneuropska_vs","twitter_misc":{"Est. reading time":"2 minutes"},"schema":{"@context":"https:\/\/schema.org","@graph":[{"@type":"WebPage","@id":"https:\/\/www.paneurouni.com\/en\/science\/priority-areas-of-research-at-peu\/faculty-of-psychology\/","url":"https:\/\/www.paneurouni.com\/en\/science\/priority-areas-of-research-at-peu\/faculty-of-psychology\/","name":"Faculty of Psychology | PEU","isPartOf":{"@id":"https:\/\/www.paneurouni.com\/en\/#website"},"datePublished":"2026-03-05T15:50:12+00:00","dateModified":"2026-04-13T07:54:22+00:00","breadcrumb":{"@id":"https:\/\/www.paneurouni.com\/en\/science\/priority-areas-of-research-at-peu\/faculty-of-psychology\/#breadcrumb"},"inLanguage":"en-US","potentialAction":[{"@type":"ReadAction","target":["https:\/\/www.paneurouni.com\/en\/science\/priority-areas-of-research-at-peu\/faculty-of-psychology\/"]}]},{"@type":"BreadcrumbList","@id":"https:\/\/www.paneurouni.com\/en\/science\/priority-areas-of-research-at-peu\/faculty-of-psychology\/#breadcrumb","itemListElement":[{"@type":"ListItem","position":1,"name":"Domovsk\u00e1 str\u00e1nka","item":"https:\/\/www.paneurouni.com\/en\/"},{"@type":"ListItem","position":2,"name":"Science","item":"https:\/\/www.paneurouni.com\/en\/science\/"},{"@type":"ListItem","position":3,"name":"Priority areas of research at PEU","item":"https:\/\/www.paneurouni.com\/en\/science\/priority-areas-of-research-at-peu\/"},{"@type":"ListItem","position":4,"name":"Faculty of Psychology"}]},{"@type":"WebSite","@id":"https:\/\/www.paneurouni.com\/en\/#website","url":"https:\/\/www.paneurouni.com\/en\/","name":"Paneur\u00f3pska V\u0160","description":"Paneur\u00f3pska Vysok\u00e1 \u0160kola v Bratislave","publisher":{"@id":"https:\/\/www.paneurouni.com\/en\/#organization"},"potentialAction":[{"@type":"SearchAction","target":{"@type":"EntryPoint","urlTemplate":"https:\/\/www.paneurouni.com\/en\/?s={search_term_string}"},"query-input":{"@type":"PropertyValueSpecification","valueRequired":true,"valueName":"search_term_string"}}],"inLanguage":"en-US"},{"@type":"Organization","@id":"https:\/\/www.paneurouni.com\/en\/#organization","name":"Paneur\u00f3pska V\u0160","url":"https:\/\/www.paneurouni.com\/en\/","logo":{"@type":"ImageObject","inLanguage":"en-US","@id":"https:\/\/www.paneurouni.com\/en\/#\/schema\/logo\/image\/","url":"https:\/\/www.paneurouni.com\/en\/wp-content\/uploads\/2023\/03\/pevs-logo-1.svg","contentUrl":"https:\/\/www.paneurouni.com\/en\/wp-content\/uploads\/2023\/03\/pevs-logo-1.svg","width":293,"height":70,"caption":"Paneur\u00f3pska V\u0160"},"image":{"@id":"https:\/\/www.paneurouni.com\/en\/#\/schema\/logo\/image\/"},"sameAs":["https:\/\/www.facebook.com\/PaneuropskaVS\/","https:\/\/x.com\/paneuropska_vs","https:\/\/www.instagram.com\/paneuropska_vysoka_skola\/","https:\/\/www.youtube.com\/channel\/UCc8tUvmjlxAIYtplmv-G2MQ"]}]}},"_links":{"self":[{"href":"https:\/\/www.paneurouni.com\/en\/wp-json\/wp\/v2\/pages\/91817","targetHints":{"allow":["GET"]}}],"collection":[{"href":"https:\/\/www.paneurouni.com\/en\/wp-json\/wp\/v2\/pages"}],"about":[{"href":"https:\/\/www.paneurouni.com\/en\/wp-json\/wp\/v2\/types\/page"}],"author":[{"embeddable":true,"href":"https:\/\/www.paneurouni.com\/en\/wp-json\/wp\/v2\/users\/8"}],"replies":[{"embeddable":true,"href":"https:\/\/www.paneurouni.com\/en\/wp-json\/wp\/v2\/comments?post=91817"}],"version-history":[{"count":3,"href":"https:\/\/www.paneurouni.com\/en\/wp-json\/wp\/v2\/pages\/91817\/revisions"}],"predecessor-version":[{"id":92737,"href":"https:\/\/www.paneurouni.com\/en\/wp-json\/wp\/v2\/pages\/91817\/revisions\/92737"}],"up":[{"embeddable":true,"href":"https:\/\/www.paneurouni.com\/en\/wp-json\/wp\/v2\/pages\/91786"}],"wp:attachment":[{"href":"https:\/\/www.paneurouni.com\/en\/wp-json\/wp\/v2\/media?parent=91817"}],"wp:term":[{"taxonomy":"post_tag","embeddable":true,"href":"https:\/\/www.paneurouni.com\/en\/wp-json\/wp\/v2\/tags?post=91817"},{"taxonomy":"typ-stranky","embeddable":true,"href":"https:\/\/www.paneurouni.com\/en\/wp-json\/wp\/v2\/typ-stranky?post=91817"}],"curies":[{"name":"wp","href":"https:\/\/api.w.org\/{rel}","templated":true}]}}