{"id":91854,"date":"2026-03-05T17:04:55","date_gmt":"2026-03-05T16:04:55","guid":{"rendered":"https:\/\/www.paneurouni.com\/en\/?page_id=91854"},"modified":"2026-04-13T09:57:19","modified_gmt":"2026-04-13T07:57:19","slug":"faculty-of-informatics","status":"publish","type":"page","link":"https:\/\/www.paneurouni.com\/en\/science\/priority-areas-of-research-at-peu\/faculty-of-informatics\/","title":{"rendered":"Faculty of Informatics"},"content":{"rendered":"\t\t<div data-elementor-type=\"wp-page\" data-elementor-id=\"91854\" class=\"elementor elementor-91854\" data-elementor-post-type=\"page\">\n\t\t\t\t<div class=\"elementor-element elementor-element-130a203 e-flex e-con-boxed e-con e-parent\" data-id=\"130a203\" data-element_type=\"container\" data-e-type=\"container\">\n\t\t\t\t\t<div class=\"e-con-inner\">\n\t\t\t\t<div class=\"elementor-element elementor-element-6fb3fc4 elementor-widget elementor-widget-text-editor\" data-id=\"6fb3fc4\" data-element_type=\"widget\" data-e-type=\"widget\" data-widget_type=\"text-editor.default\">\n\t\t\t\t<div class=\"elementor-widget-container\">\n\t\t\t\t\t\t\t\t\t<h5 class=\"elementor-heading-title elementor-size-default\">Priority areas of research at Faculty of Informatics<\/h5>\t\t\t\t\t\t\t\t<\/div>\n\t\t\t\t<\/div>\n\t\t\t\t<div class=\"elementor-element elementor-element-7df17b1 elementor-widget elementor-widget-text-editor\" data-id=\"7df17b1\" data-element_type=\"widget\" data-e-type=\"widget\" data-widget_type=\"text-editor.default\">\n\t\t\t\t<div class=\"elementor-widget-container\">\n\t\t\t\t\t\t\t\t\t<ol><li><strong>Virtual and augmented reality (VR\/AR) and artificial intelligence (AI) applications<\/strong><\/li><\/ol><p>Research in the field of data visualization, autonomous avatars, human computer interaction with the integration of artificial intelligence algorithms in the fields of medicine, education, industry and cultural heritage.<\/p><ol start=\"2\"><li><strong>Applications of artificial intelligence in medicine and industry<\/strong><\/li><\/ol><p>Research in the use of artificial intelligence models in personalized solutions in the fields of medicine, telemedicine and industry. Use for sensory data analysis, predictive and data analysis and their integration in industrial solutions.<\/p><ol start=\"3\"><li><strong>No-code and Low-code platforms<\/strong><\/li><\/ol><p>Research in the field of creation, evaluation and application deployment of object-centric no-code and low-code platforms. The research also includes the identification and deployment of platforms in the application areas of medicine and industry.<\/p><ol start=\"4\"><li><strong>Methodology of software development<\/strong><\/li><\/ol><p>Methodology of software development with a focus on interconnecting realizational and human perspective of software development, especially through patterns and in the context of agile and lean software development.<\/p>\t\t\t\t\t\t\t\t<\/div>\n\t\t\t\t<\/div>\n\t\t\t\t\t<\/div>\n\t\t\t\t<\/div>\n\t\t\t\t<\/div>\n\t\t","protected":false},"excerpt":{"rendered":"<p>Priority areas of research at Faculty of Informatics Virtual and augmented reality (VR\/AR) and artificial intelligence (AI) applications Research in the field of data visualization, autonomous avatars, human computer interaction with the integration of artificial intelligence algorithms in the fields of medicine, education, industry and cultural heritage. Applications of artificial intelligence in medicine and industry [&hellip;]<\/p>\n","protected":false},"author":8,"featured_media":0,"parent":91786,"menu_order":0,"comment_status":"closed","ping_status":"closed","template":"","meta":{"_acf_changed":false,"inline_featured_image":false,"footnotes":""},"tags":[],"typ-stranky":[159],"class_list":["post-91854","page","type-page","status-publish","hentry","typ-stranky-so-sidebarom"],"acf":[],"yoast_head":"<!-- This site is optimized with the Yoast SEO plugin v27.3 - https:\/\/yoast.com\/product\/yoast-seo-wordpress\/ -->\n<title>Faculty of Informatics | PEU<\/title>\n<meta name=\"robots\" content=\"index, follow, max-snippet:-1, max-image-preview:large, max-video-preview:-1\" \/>\n<link rel=\"canonical\" href=\"https:\/\/www.paneurouni.com\/en\/science\/priority-areas-of-research-at-peu\/faculty-of-informatics\/\" \/>\n<meta property=\"og:locale\" content=\"en_US\" \/>\n<meta property=\"og:type\" content=\"article\" \/>\n<meta property=\"og:title\" content=\"Faculty of Informatics | PEU\" \/>\n<meta property=\"og:description\" content=\"Priority areas of research at Faculty of Informatics Virtual and augmented reality (VR\/AR) and artificial intelligence (AI) applications Research in the field of data visualization, autonomous avatars, human computer interaction with the integration of artificial intelligence algorithms in the fields of medicine, education, industry and cultural heritage. Applications of artificial intelligence in medicine and industry [&hellip;]\" \/>\n<meta property=\"og:url\" content=\"https:\/\/www.paneurouni.com\/en\/science\/priority-areas-of-research-at-peu\/faculty-of-informatics\/\" \/>\n<meta property=\"og:site_name\" content=\"PEU\" \/>\n<meta property=\"article:publisher\" content=\"https:\/\/www.facebook.com\/PaneuropskaVS\/\" \/>\n<meta property=\"article:modified_time\" content=\"2026-04-13T07:57:19+00:00\" \/>\n<meta name=\"twitter:card\" content=\"summary_large_image\" \/>\n<meta name=\"twitter:site\" content=\"@paneuropska_vs\" \/>\n<meta name=\"twitter:label1\" content=\"Est. reading time\" \/>\n\t<meta name=\"twitter:data1\" content=\"1 minute\" \/>\n<!-- \/ Yoast SEO plugin. -->","yoast_head_json":{"title":"Faculty of Informatics | PEU","robots":{"index":"index","follow":"follow","max-snippet":"max-snippet:-1","max-image-preview":"max-image-preview:large","max-video-preview":"max-video-preview:-1"},"canonical":"https:\/\/www.paneurouni.com\/en\/science\/priority-areas-of-research-at-peu\/faculty-of-informatics\/","og_locale":"en_US","og_type":"article","og_title":"Faculty of Informatics | PEU","og_description":"Priority areas of research at Faculty of Informatics Virtual and augmented reality (VR\/AR) and artificial intelligence (AI) applications Research in the field of data visualization, autonomous avatars, human computer interaction with the integration of artificial intelligence algorithms in the fields of medicine, education, industry and cultural heritage. Applications of artificial intelligence in medicine and industry [&hellip;]","og_url":"https:\/\/www.paneurouni.com\/en\/science\/priority-areas-of-research-at-peu\/faculty-of-informatics\/","og_site_name":"PEU","article_publisher":"https:\/\/www.facebook.com\/PaneuropskaVS\/","article_modified_time":"2026-04-13T07:57:19+00:00","twitter_card":"summary_large_image","twitter_site":"@paneuropska_vs","twitter_misc":{"Est. reading time":"1 minute"},"schema":{"@context":"https:\/\/schema.org","@graph":[{"@type":"WebPage","@id":"https:\/\/www.paneurouni.com\/en\/science\/priority-areas-of-research-at-peu\/faculty-of-informatics\/","url":"https:\/\/www.paneurouni.com\/en\/science\/priority-areas-of-research-at-peu\/faculty-of-informatics\/","name":"Faculty of Informatics | PEU","isPartOf":{"@id":"https:\/\/www.paneurouni.com\/en\/#website"},"datePublished":"2026-03-05T16:04:55+00:00","dateModified":"2026-04-13T07:57:19+00:00","breadcrumb":{"@id":"https:\/\/www.paneurouni.com\/en\/science\/priority-areas-of-research-at-peu\/faculty-of-informatics\/#breadcrumb"},"inLanguage":"en-US","potentialAction":[{"@type":"ReadAction","target":["https:\/\/www.paneurouni.com\/en\/science\/priority-areas-of-research-at-peu\/faculty-of-informatics\/"]}]},{"@type":"BreadcrumbList","@id":"https:\/\/www.paneurouni.com\/en\/science\/priority-areas-of-research-at-peu\/faculty-of-informatics\/#breadcrumb","itemListElement":[{"@type":"ListItem","position":1,"name":"Domovsk\u00e1 str\u00e1nka","item":"https:\/\/www.paneurouni.com\/en\/"},{"@type":"ListItem","position":2,"name":"Science","item":"https:\/\/www.paneurouni.com\/en\/science\/"},{"@type":"ListItem","position":3,"name":"Priority areas of research at PEU","item":"https:\/\/www.paneurouni.com\/en\/science\/priority-areas-of-research-at-peu\/"},{"@type":"ListItem","position":4,"name":"Faculty of Informatics"}]},{"@type":"WebSite","@id":"https:\/\/www.paneurouni.com\/en\/#website","url":"https:\/\/www.paneurouni.com\/en\/","name":"Paneur\u00f3pska V\u0160","description":"Paneur\u00f3pska Vysok\u00e1 \u0160kola v Bratislave","publisher":{"@id":"https:\/\/www.paneurouni.com\/en\/#organization"},"potentialAction":[{"@type":"SearchAction","target":{"@type":"EntryPoint","urlTemplate":"https:\/\/www.paneurouni.com\/en\/?s={search_term_string}"},"query-input":{"@type":"PropertyValueSpecification","valueRequired":true,"valueName":"search_term_string"}}],"inLanguage":"en-US"},{"@type":"Organization","@id":"https:\/\/www.paneurouni.com\/en\/#organization","name":"Paneur\u00f3pska V\u0160","url":"https:\/\/www.paneurouni.com\/en\/","logo":{"@type":"ImageObject","inLanguage":"en-US","@id":"https:\/\/www.paneurouni.com\/en\/#\/schema\/logo\/image\/","url":"https:\/\/www.paneurouni.com\/en\/wp-content\/uploads\/2023\/03\/pevs-logo-1.svg","contentUrl":"https:\/\/www.paneurouni.com\/en\/wp-content\/uploads\/2023\/03\/pevs-logo-1.svg","width":293,"height":70,"caption":"Paneur\u00f3pska V\u0160"},"image":{"@id":"https:\/\/www.paneurouni.com\/en\/#\/schema\/logo\/image\/"},"sameAs":["https:\/\/www.facebook.com\/PaneuropskaVS\/","https:\/\/x.com\/paneuropska_vs","https:\/\/www.instagram.com\/paneuropska_vysoka_skola\/","https:\/\/www.youtube.com\/channel\/UCc8tUvmjlxAIYtplmv-G2MQ"]}]}},"_links":{"self":[{"href":"https:\/\/www.paneurouni.com\/en\/wp-json\/wp\/v2\/pages\/91854","targetHints":{"allow":["GET"]}}],"collection":[{"href":"https:\/\/www.paneurouni.com\/en\/wp-json\/wp\/v2\/pages"}],"about":[{"href":"https:\/\/www.paneurouni.com\/en\/wp-json\/wp\/v2\/types\/page"}],"author":[{"embeddable":true,"href":"https:\/\/www.paneurouni.com\/en\/wp-json\/wp\/v2\/users\/8"}],"replies":[{"embeddable":true,"href":"https:\/\/www.paneurouni.com\/en\/wp-json\/wp\/v2\/comments?post=91854"}],"version-history":[{"count":3,"href":"https:\/\/www.paneurouni.com\/en\/wp-json\/wp\/v2\/pages\/91854\/revisions"}],"predecessor-version":[{"id":92749,"href":"https:\/\/www.paneurouni.com\/en\/wp-json\/wp\/v2\/pages\/91854\/revisions\/92749"}],"up":[{"embeddable":true,"href":"https:\/\/www.paneurouni.com\/en\/wp-json\/wp\/v2\/pages\/91786"}],"wp:attachment":[{"href":"https:\/\/www.paneurouni.com\/en\/wp-json\/wp\/v2\/media?parent=91854"}],"wp:term":[{"taxonomy":"post_tag","embeddable":true,"href":"https:\/\/www.paneurouni.com\/en\/wp-json\/wp\/v2\/tags?post=91854"},{"taxonomy":"typ-stranky","embeddable":true,"href":"https:\/\/www.paneurouni.com\/en\/wp-json\/wp\/v2\/typ-stranky?post=91854"}],"curies":[{"name":"wp","href":"https:\/\/api.w.org\/{rel}","templated":true}]}}