{"id":92885,"date":"2026-04-17T17:48:40","date_gmt":"2026-04-17T15:48:40","guid":{"rendered":"https:\/\/www.paneurouni.com\/en\/?page_id=92885"},"modified":"2026-04-17T18:12:06","modified_gmt":"2026-04-17T16:12:06","slug":"where-to-find-us","status":"publish","type":"page","link":"https:\/\/www.paneurouni.com\/en\/about-us\/where-to-find-us\/","title":{"rendered":"Where to find us"},"content":{"rendered":"\t\t<div data-elementor-type=\"wp-page\" data-elementor-id=\"92885\" class=\"elementor elementor-92885\" data-elementor-post-type=\"page\">\n\t\t\t\t<div class=\"elementor-element elementor-element-740ffdb e-grid e-con-full e-con e-parent\" data-id=\"740ffdb\" data-element_type=\"container\" data-e-type=\"container\">\n\t\t<div class=\"elementor-element elementor-element-ad33030 e-flex e-con-boxed e-con e-child\" data-id=\"ad33030\" data-element_type=\"container\" data-e-type=\"container\">\n\t\t\t\t\t<div class=\"e-con-inner\">\n\t\t<div class=\"elementor-element elementor-element-90548fc e-grid e-con-full e-con e-child\" data-id=\"90548fc\" data-element_type=\"container\" data-e-type=\"container\">\n\t\t\t\t<div class=\"elementor-element elementor-element-827427b elementor-widget elementor-widget-text-editor\" data-id=\"827427b\" data-element_type=\"widget\" data-e-type=\"widget\" data-widget_type=\"text-editor.default\">\n\t\t\t\t<div class=\"elementor-widget-container\">\n\t\t\t\t\t\t\t\t\t<div class=\"col-md-4\"><p><strong>\u0420an-European university<\/strong><br \/>Tom\u00e1\u0161ikova 20<br \/>821 02 BRATISLAVA<br \/>Slovak republic<\/p><ul><li>Rectorate<\/li><li>Faculty of Law<\/li><li>Faculty of Psychology<\/li><li>Library<\/li><\/ul><\/div>\t\t\t\t\t\t\t\t<\/div>\n\t\t\t\t<\/div>\n\t\t\t\t<div class=\"elementor-element elementor-element-25a5f73 elementor-widget elementor-widget-google_maps\" data-id=\"25a5f73\" data-element_type=\"widget\" data-e-type=\"widget\" data-widget_type=\"google_maps.default\">\n\t\t\t\t<div class=\"elementor-widget-container\">\n\t\t\t\t\t\t\t<div class=\"elementor-custom-embed\">\n\t\t\t<iframe loading=\"lazy\"\n\t\t\t\t\tsrc=\"https:\/\/maps.google.com\/maps?q=Tom%C3%A1%C5%A1ikova%2020%2C%20Bratislava&#038;t=m&#038;z=15&#038;output=embed&#038;iwloc=near\"\n\t\t\t\t\ttitle=\"Tom\u00e1\u0161ikova 20, Bratislava\"\n\t\t\t\t\taria-label=\"Tom\u00e1\u0161ikova 20, Bratislava\"\n\t\t\t><\/iframe>\n\t\t<\/div>\n\t\t\t\t\t\t<\/div>\n\t\t\t\t<\/div>\n\t\t\t\t<div class=\"elementor-element elementor-element-8e5b825 elementor-widget elementor-widget-text-editor\" data-id=\"8e5b825\" data-element_type=\"widget\" data-e-type=\"widget\" data-widget_type=\"text-editor.default\">\n\t\t\t\t<div class=\"elementor-widget-container\">\n\t\t\t\t\t\t\t\t\t<div class=\"row\" style=\"margin-bottom: 30px;\"><div class=\"col-md-4\"><p><strong>\u0420an-European university<\/strong><br \/>Temat\u00ednska 10<br \/>851 05 BRATISLAVA<br \/>Slovak republic<\/p><ul><li>Faculty of Economics and Entrepreneurship<\/li><li>Faculty of Media<\/li><li>Faculty of Informatics<\/li><\/ul><\/div><div class=\"col-md-8\">\u00a0<\/div><\/div>\t\t\t\t\t\t\t\t<\/div>\n\t\t\t\t<\/div>\n\t\t\t\t<div class=\"elementor-element elementor-element-5227be9 elementor-widget elementor-widget-google_maps\" data-id=\"5227be9\" data-element_type=\"widget\" data-e-type=\"widget\" data-widget_type=\"google_maps.default\">\n\t\t\t\t<div class=\"elementor-widget-container\">\n\t\t\t\t\t\t\t<div class=\"elementor-custom-embed\">\n\t\t\t<iframe loading=\"lazy\"\n\t\t\t\t\tsrc=\"https:\/\/maps.google.com\/maps?q=Temat%C3%ADnska%203246%2F10%2C%20851%2005%20Petr%C5%BEalka&#038;t=m&#038;z=16&#038;output=embed&#038;iwloc=near\"\n\t\t\t\t\ttitle=\"Temat\u00ednska 3246\/10, 851 05 Petr\u017ealka\"\n\t\t\t\t\taria-label=\"Temat\u00ednska 3246\/10, 851 05 Petr\u017ealka\"\n\t\t\t><\/iframe>\n\t\t<\/div>\n\t\t\t\t\t\t<\/div>\n\t\t\t\t<\/div>\n\t\t\t\t<\/div>\n\t\t\t\t\t<\/div>\n\t\t\t\t<\/div>\n\t\t<div class=\"elementor-element elementor-element-e9f1257 e-grid e-con-boxed e-con e-child\" data-id=\"e9f1257\" data-element_type=\"container\" data-e-type=\"container\">\n\t\t\t\t\t<div class=\"e-con-inner\">\n\t\t<div data-dce-background-color=\"#F2F3F5\" class=\"elementor-element elementor-element-da25483 e-con-full e-flex e-con e-child\" data-id=\"da25483\" data-element_type=\"container\" data-e-type=\"container\" data-settings=\"{&quot;background_background&quot;:&quot;classic&quot;}\">\n\t\t\t\t<div class=\"elementor-element elementor-element-acf9756 elementor-widget elementor-widget-text-editor\" data-id=\"acf9756\" data-element_type=\"widget\" data-e-type=\"widget\" data-widget_type=\"text-editor.default\">\n\t\t\t\t<div class=\"elementor-widget-container\">\n\t\t\t\t\t\t\t\t\t<h5><span data-olk-copy-source=\"MessageBody\">Headquarters<\/span><\/h5><div><p><strong>Paneur\u00f3pska vysok\u00e1 \u0161kola n.o.<\/strong><br \/>Tom\u00e1\u0161ikova 20<br \/>820 09 Bratislava<br \/>Slovakia<\/p><p><br \/><span data-olk-copy-source=\"MessageBody\">Company ID<\/span>: 36 077 429<br \/><span data-olk-copy-source=\"MessageBody\">Tax ID<\/span>: 2021766582<br \/>VAT ID: SK7120000118<\/p><p><span data-olk-copy-source=\"MessageBody\">Office Hours<\/span><br \/>Monday:\u00a0 7:00 \u2013 13:45<br \/>Wednesday:\u00a0 7:00 \u2013 13:45<br \/>Friday:\u00a0 7:00 \u2013 13:45<\/p><\/div>\t\t\t\t\t\t\t\t<\/div>\n\t\t\t\t<\/div>\n\t\t\t\t<\/div>\n\t\t<div data-dce-background-color=\"#F2F3F5\" class=\"elementor-element elementor-element-e5b2ede e-con-full e-flex e-con e-child\" data-id=\"e5b2ede\" data-element_type=\"container\" data-e-type=\"container\" data-settings=\"{&quot;background_background&quot;:&quot;classic&quot;}\">\n\t\t\t\t<div class=\"elementor-element elementor-element-63ee883 elementor-widget elementor-widget-text-editor\" data-id=\"63ee883\" data-element_type=\"widget\" data-e-type=\"widget\" data-widget_type=\"text-editor.default\">\n\t\t\t\t<div class=\"elementor-widget-container\">\n\t\t\t\t\t\t\t\t\t<h5><span data-olk-copy-source=\"MessageBody\">Registry<\/span><\/h5><div><p><strong>Paneur\u00f3pska vysok\u00e1 \u0161kola n.o.<\/strong><br \/>Tom\u00e1\u0161ikova 20<br \/>820 09 Bratislava<br \/>Slovakia<\/p><p>\u00a0<\/p><p><strong>Office Hours<\/strong><br \/>Monday: 7:00 \u2013 13:45<br \/>Wednesday: 7:00 \u2013 13:45<br \/>Friday: 7:00 \u2013 13:45<\/p><\/div>\t\t\t\t\t\t\t\t<\/div>\n\t\t\t\t<\/div>\n\t\t\t\t<\/div>\n\t\t<div data-dce-background-color=\"#F2F3F5\" class=\"elementor-element elementor-element-1441836 e-con-full e-flex e-con e-child\" data-id=\"1441836\" data-element_type=\"container\" data-e-type=\"container\" data-settings=\"{&quot;background_background&quot;:&quot;classic&quot;}\">\n\t\t\t\t<div class=\"elementor-element elementor-element-5560274 elementor-widget elementor-widget-text-editor\" data-id=\"5560274\" data-element_type=\"widget\" data-e-type=\"widget\" data-widget_type=\"text-editor.default\">\n\t\t\t\t<div class=\"elementor-widget-container\">\n\t\t\t\t\t\t\t\t\t<h5><span data-olk-copy-source=\"MessageBody\">Mailing address<\/span><\/h5><div><p><strong>Paneur\u00f3pska vysok\u00e1 \u0161kola n.o.<\/strong><br \/>Tom\u00e1\u0161ikova 20<br \/>P.O.BOX 12<br \/>820 09 Bratislava<\/p><p><a href=\"mailto:rektorat@paneuroni.com\">rektorat@paneuroni.com<\/a><\/p><\/div>\t\t\t\t\t\t\t\t<\/div>\n\t\t\t\t<\/div>\n\t\t\t\t<\/div>\n\t\t\t\t\t<\/div>\n\t\t\t\t<\/div>\n\t\t\t\t<\/div>\n\t\t\t\t<\/div>\n\t\t","protected":false},"excerpt":{"rendered":"<p>\u0420an-European universityTom\u00e1\u0161ikova 20821 02 BRATISLAVASlovak republic Rectorate Faculty of Law Faculty of Psychology Library \u0420an-European universityTemat\u00ednska 10851 05 BRATISLAVASlovak republic Faculty of Economics and Entrepreneurship Faculty of Media Faculty of Informatics \u00a0 Headquarters Paneur\u00f3pska vysok\u00e1 \u0161kola n.o.Tom\u00e1\u0161ikova 20820 09 BratislavaSlovakia Company ID: 36 077 429Tax ID: 2021766582VAT ID: SK7120000118 Office HoursMonday:\u00a0 7:00 \u2013 13:45Wednesday:\u00a0 7:00 [&hellip;]<\/p>\n","protected":false},"author":8,"featured_media":0,"parent":90984,"menu_order":0,"comment_status":"closed","ping_status":"closed","template":"","meta":{"_acf_changed":false,"inline_featured_image":false,"footnotes":""},"tags":[],"typ-stranky":[159],"class_list":["post-92885","page","type-page","status-publish","hentry","typ-stranky-so-sidebarom"],"acf":[],"yoast_head":"<!-- This site is optimized with the Yoast SEO plugin v27.3 - https:\/\/yoast.com\/product\/yoast-seo-wordpress\/ -->\n<title>Where to find us | PEU<\/title>\n<meta name=\"robots\" content=\"index, follow, max-snippet:-1, max-image-preview:large, max-video-preview:-1\" \/>\n<link rel=\"canonical\" href=\"https:\/\/www.paneurouni.com\/en\/about-us\/where-to-find-us\/\" \/>\n<meta property=\"og:locale\" content=\"en_US\" \/>\n<meta property=\"og:type\" content=\"article\" \/>\n<meta property=\"og:title\" content=\"Where to find us | PEU\" \/>\n<meta property=\"og:description\" content=\"\u0420an-European universityTom\u00e1\u0161ikova 20821 02 BRATISLAVASlovak republic Rectorate Faculty of Law Faculty of Psychology Library \u0420an-European universityTemat\u00ednska 10851 05 BRATISLAVASlovak republic Faculty of Economics and Entrepreneurship Faculty of Media Faculty of Informatics \u00a0 Headquarters Paneur\u00f3pska vysok\u00e1 \u0161kola n.o.Tom\u00e1\u0161ikova 20820 09 BratislavaSlovakia Company ID: 36 077 429Tax ID: 2021766582VAT ID: SK7120000118 Office HoursMonday:\u00a0 7:00 \u2013 13:45Wednesday:\u00a0 7:00 [&hellip;]\" \/>\n<meta property=\"og:url\" content=\"https:\/\/www.paneurouni.com\/en\/about-us\/where-to-find-us\/\" \/>\n<meta property=\"og:site_name\" content=\"PEU\" \/>\n<meta property=\"article:publisher\" content=\"https:\/\/www.facebook.com\/PaneuropskaVS\/\" \/>\n<meta property=\"article:modified_time\" content=\"2026-04-17T16:12:06+00:00\" \/>\n<meta name=\"twitter:card\" content=\"summary_large_image\" \/>\n<meta name=\"twitter:site\" content=\"@paneuropska_vs\" \/>\n<meta name=\"twitter:label1\" content=\"Est. reading time\" \/>\n\t<meta name=\"twitter:data1\" content=\"1 minute\" \/>\n<!-- \/ Yoast SEO plugin. -->","yoast_head_json":{"title":"Where to find us | PEU","robots":{"index":"index","follow":"follow","max-snippet":"max-snippet:-1","max-image-preview":"max-image-preview:large","max-video-preview":"max-video-preview:-1"},"canonical":"https:\/\/www.paneurouni.com\/en\/about-us\/where-to-find-us\/","og_locale":"en_US","og_type":"article","og_title":"Where to find us | PEU","og_description":"\u0420an-European universityTom\u00e1\u0161ikova 20821 02 BRATISLAVASlovak republic Rectorate Faculty of Law Faculty of Psychology Library \u0420an-European universityTemat\u00ednska 10851 05 BRATISLAVASlovak republic Faculty of Economics and Entrepreneurship Faculty of Media Faculty of Informatics \u00a0 Headquarters Paneur\u00f3pska vysok\u00e1 \u0161kola n.o.Tom\u00e1\u0161ikova 20820 09 BratislavaSlovakia Company ID: 36 077 429Tax ID: 2021766582VAT ID: SK7120000118 Office HoursMonday:\u00a0 7:00 \u2013 13:45Wednesday:\u00a0 7:00 [&hellip;]","og_url":"https:\/\/www.paneurouni.com\/en\/about-us\/where-to-find-us\/","og_site_name":"PEU","article_publisher":"https:\/\/www.facebook.com\/PaneuropskaVS\/","article_modified_time":"2026-04-17T16:12:06+00:00","twitter_card":"summary_large_image","twitter_site":"@paneuropska_vs","twitter_misc":{"Est. reading time":"1 minute"},"schema":{"@context":"https:\/\/schema.org","@graph":[{"@type":"WebPage","@id":"https:\/\/www.paneurouni.com\/en\/about-us\/where-to-find-us\/","url":"https:\/\/www.paneurouni.com\/en\/about-us\/where-to-find-us\/","name":"Where to find us | PEU","isPartOf":{"@id":"https:\/\/www.paneurouni.com\/en\/#website"},"datePublished":"2026-04-17T15:48:40+00:00","dateModified":"2026-04-17T16:12:06+00:00","breadcrumb":{"@id":"https:\/\/www.paneurouni.com\/en\/about-us\/where-to-find-us\/#breadcrumb"},"inLanguage":"en-US","potentialAction":[{"@type":"ReadAction","target":["https:\/\/www.paneurouni.com\/en\/about-us\/where-to-find-us\/"]}]},{"@type":"BreadcrumbList","@id":"https:\/\/www.paneurouni.com\/en\/about-us\/where-to-find-us\/#breadcrumb","itemListElement":[{"@type":"ListItem","position":1,"name":"Domovsk\u00e1 str\u00e1nka","item":"https:\/\/www.paneurouni.com\/en\/"},{"@type":"ListItem","position":2,"name":"About Us","item":"https:\/\/www.paneurouni.com\/en\/about-us__trashed\/about-us\/"},{"@type":"ListItem","position":3,"name":"Where to find us"}]},{"@type":"WebSite","@id":"https:\/\/www.paneurouni.com\/en\/#website","url":"https:\/\/www.paneurouni.com\/en\/","name":"Paneur\u00f3pska V\u0160","description":"Paneur\u00f3pska Vysok\u00e1 \u0160kola v Bratislave","publisher":{"@id":"https:\/\/www.paneurouni.com\/en\/#organization"},"potentialAction":[{"@type":"SearchAction","target":{"@type":"EntryPoint","urlTemplate":"https:\/\/www.paneurouni.com\/en\/?s={search_term_string}"},"query-input":{"@type":"PropertyValueSpecification","valueRequired":true,"valueName":"search_term_string"}}],"inLanguage":"en-US"},{"@type":"Organization","@id":"https:\/\/www.paneurouni.com\/en\/#organization","name":"Paneur\u00f3pska V\u0160","url":"https:\/\/www.paneurouni.com\/en\/","logo":{"@type":"ImageObject","inLanguage":"en-US","@id":"https:\/\/www.paneurouni.com\/en\/#\/schema\/logo\/image\/","url":"https:\/\/www.paneurouni.com\/en\/wp-content\/uploads\/2023\/03\/pevs-logo-1.svg","contentUrl":"https:\/\/www.paneurouni.com\/en\/wp-content\/uploads\/2023\/03\/pevs-logo-1.svg","width":293,"height":70,"caption":"Paneur\u00f3pska V\u0160"},"image":{"@id":"https:\/\/www.paneurouni.com\/en\/#\/schema\/logo\/image\/"},"sameAs":["https:\/\/www.facebook.com\/PaneuropskaVS\/","https:\/\/x.com\/paneuropska_vs","https:\/\/www.instagram.com\/paneuropska_vysoka_skola\/","https:\/\/www.youtube.com\/channel\/UCc8tUvmjlxAIYtplmv-G2MQ"]}]}},"_links":{"self":[{"href":"https:\/\/www.paneurouni.com\/en\/wp-json\/wp\/v2\/pages\/92885","targetHints":{"allow":["GET"]}}],"collection":[{"href":"https:\/\/www.paneurouni.com\/en\/wp-json\/wp\/v2\/pages"}],"about":[{"href":"https:\/\/www.paneurouni.com\/en\/wp-json\/wp\/v2\/types\/page"}],"author":[{"embeddable":true,"href":"https:\/\/www.paneurouni.com\/en\/wp-json\/wp\/v2\/users\/8"}],"replies":[{"embeddable":true,"href":"https:\/\/www.paneurouni.com\/en\/wp-json\/wp\/v2\/comments?post=92885"}],"version-history":[{"count":3,"href":"https:\/\/www.paneurouni.com\/en\/wp-json\/wp\/v2\/pages\/92885\/revisions"}],"predecessor-version":[{"id":92906,"href":"https:\/\/www.paneurouni.com\/en\/wp-json\/wp\/v2\/pages\/92885\/revisions\/92906"}],"up":[{"embeddable":true,"href":"https:\/\/www.paneurouni.com\/en\/wp-json\/wp\/v2\/pages\/90984"}],"wp:attachment":[{"href":"https:\/\/www.paneurouni.com\/en\/wp-json\/wp\/v2\/media?parent=92885"}],"wp:term":[{"taxonomy":"post_tag","embeddable":true,"href":"https:\/\/www.paneurouni.com\/en\/wp-json\/wp\/v2\/tags?post=92885"},{"taxonomy":"typ-stranky","embeddable":true,"href":"https:\/\/www.paneurouni.com\/en\/wp-json\/wp\/v2\/typ-stranky?post=92885"}],"curies":[{"name":"wp","href":"https:\/\/api.w.org\/{rel}","templated":true}]}}