{"id":92945,"date":"2026-04-30T08:12:05","date_gmt":"2026-04-30T06:12:05","guid":{"rendered":"https:\/\/www.paneurouni.com\/en\/?page_id=92945"},"modified":"2026-04-30T08:17:30","modified_gmt":"2026-04-30T06:17:30","slug":"new-trends-in-thermal-phases-of-qcd","status":"publish","type":"page","link":"https:\/\/www.paneurouni.com\/en\/science\/scientific-conferences\/new-trends-in-thermal-phases-of-qcd\/","title":{"rendered":"New Trends in Thermal Phases of QCD"},"content":{"rendered":"\n<p style=\"font-size:25px\"><strong>Pan-European University, Tom\u00e1\u0161ikova 20, Bratislava, Slovakia May 7-11 2026<\/strong><\/p>\n\n\n\n<div style=\"height:30px\" aria-hidden=\"true\" class=\"wp-block-spacer\"><\/div>\n\n\n\n<p><strong>The Narrative:<\/strong>&nbsp;<\/p>\n\n\n\n<div style=\"height:10px\" aria-hidden=\"true\" class=\"wp-block-spacer\"><\/div>\n\n\n\n<p>The experimental discovery of near-perfect fluidity in hot strongly-interacting matter on one side, and key developments concerning the lattice treatment of chirality on the other, brought together a very focused group of researchers in the spring of 2023 with the aim to rethink the basics of thermal QCD in this light. The long-term goal of the ensuing series of workshops \u201cNew Trends in Thermal Phases of QCD\u201d is to promote and facilitate a focused effort to identify and understand, from the first principles, the nature of all thermal states existing in QCD.<\/p>\n\n\n\n<p>The third in this series of workshops will again bring together researchers working in the areas of infrared (IR) phase in&nbsp;QCD, Anderson-like localization in QCD, restoration of U<sub>A<\/sub>(1) anomaly in QCD and other related topics. In-depth open discussions concerning the current status of these efforts and setting future directions are planned.<\/p>\n\n\n\n<div style=\"height:30px\" aria-hidden=\"true\" class=\"wp-block-spacer\"><\/div>\n\n\n\n<p><strong>Workshop Program (pdf)<\/strong>&nbsp;\u2013 TBA<\/p>\n\n\n\n<div style=\"height:30px\" aria-hidden=\"true\" class=\"wp-block-spacer\"><\/div>\n\n\n\n<p><strong>International Advisory:&nbsp;<\/strong><\/p>\n\n\n\n<p>Andrei Alexandru, Massimo D\u00b4Elia, Tam\u00e1s Kov\u00e1cs<\/p>\n\n\n\n<div style=\"height:30px\" aria-hidden=\"true\" class=\"wp-block-spacer\"><\/div>\n\n\n\n<p><strong>Local Organizing Committee:<\/strong><\/p>\n\n\n\n<p>Michal Mut\u0148ansk\u00fd, Ivan Horv\u00e1th (Chair), Karol Niton<\/p>\n\n\n\n<div style=\"height:30px\" aria-hidden=\"true\" class=\"wp-block-spacer\"><\/div>\n\n\n\n<p><strong>Venue:&nbsp;<\/strong><\/p>\n\n\n\n<p>Pan-European University, Tom\u00e1\u0161ikova 20, Bratislava, Slovakia&nbsp;<a href=\"https:\/\/www.paneurouni.com\/en\/about-us\/where-to-find-us\/\" target=\"_blank\" rel=\"noreferrer noopener\">www.paneurouni.com<\/a><\/p>\n\n\n\n<div style=\"height:30px\" aria-hidden=\"true\" class=\"wp-block-spacer\"><\/div>\n\n\n\n<p><strong>Suggested Accommodation<\/strong>:<\/p>\n\n\n\n<p>HOTEL BRATISLAVA****&nbsp;<a href=\"https:\/\/www.hotelbratislava.sk\/about-us\/\" target=\"_blank\" rel=\"noreferrer noopener\">www.hotelbratislava.sk<\/a><\/p>\n\n\n\n<p>If you wish to stay in hotel Bratislava, please do not contact the hotel. Rather,&nbsp;inform Ivan Horv\u00e1th via email.<\/p>\n\n\n\n<div style=\"height:30px\" aria-hidden=\"true\" class=\"wp-block-spacer\"><\/div>\n\n\n\n<p><strong>Contact:<\/strong><\/p>\n\n\n\n<p>Ivan Horv\u00e1th,&nbsp;<a href=\"mailto:ihorv2@g.uky.edu\">ihorv2@g.uky.edu<\/a><\/p>\n\n\n\n<div style=\"height:30px\" aria-hidden=\"true\" class=\"wp-block-spacer\"><\/div>\n\n\n\n<p><br><strong>Confirmed Participants<\/strong>:<\/p>\n\n\n\n<p>Matteo Giordano<\/p>\n\n\n\n<p>Owe Philipsen<\/p>\n\n\n\n<p>Andrey Kotov<\/p>\n\n\n\n<p>Tam\u00e1s Kov\u00e1cs<\/p>\n\n\n\n<p>Lorentz von Smekal<\/p>\n\n\n\n<p>Robin Kehr<\/p>\n\n\n\n<p>Szabolcs Bors\u00e1nyi<\/p>\n\n\n\n<p>Roman Lietava<\/p>\n\n\n\n<p>Ivan Soler Calero<\/p>\n\n\n\n<p>Peter Markos<\/p>\n\n\n\n<p>Vladim\u00edr Balek<\/p>\n\n\n\n<p>Ivan Horv\u00e1th<\/p>\n\n\n\n<p>Ravi Shanker<\/p>\n","protected":false},"excerpt":{"rendered":"<p>Pan-European University, Tom\u00e1\u0161ikova 20, Bratislava, Slovakia May 7-11 2026 The Narrative:&nbsp; The experimental discovery of near-perfect fluidity in hot strongly-interacting matter on one side, and key developments concerning the lattice treatment of chirality on the other, brought together a very focused group of researchers in the spring of 2023 with the aim to rethink the [&hellip;]<\/p>\n","protected":false},"author":8,"featured_media":0,"parent":92941,"menu_order":0,"comment_status":"closed","ping_status":"closed","template":"","meta":{"_acf_changed":false,"inline_featured_image":false,"footnotes":""},"tags":[],"typ-stranky":[159],"class_list":["post-92945","page","type-page","status-publish","hentry","typ-stranky-so-sidebarom"],"acf":[],"yoast_head":"<!-- This site is optimized with the Yoast SEO plugin v27.3 - https:\/\/yoast.com\/product\/yoast-seo-wordpress\/ -->\n<title>New Trends in Thermal Phases of QCD | PEU<\/title>\n<meta name=\"robots\" content=\"index, follow, max-snippet:-1, max-image-preview:large, max-video-preview:-1\" \/>\n<link rel=\"canonical\" href=\"https:\/\/www.paneurouni.com\/en\/science\/scientific-conferences\/new-trends-in-thermal-phases-of-qcd\/\" \/>\n<meta property=\"og:locale\" content=\"en_US\" \/>\n<meta property=\"og:type\" content=\"article\" \/>\n<meta property=\"og:title\" content=\"New Trends in Thermal Phases of QCD | PEU\" \/>\n<meta property=\"og:description\" content=\"Pan-European University, Tom\u00e1\u0161ikova 20, Bratislava, Slovakia May 7-11 2026 The Narrative:&nbsp; The experimental discovery of near-perfect fluidity in hot strongly-interacting matter on one side, and key developments concerning the lattice treatment of chirality on the other, brought together a very focused group of researchers in the spring of 2023 with the aim to rethink the [&hellip;]\" \/>\n<meta property=\"og:url\" content=\"https:\/\/www.paneurouni.com\/en\/science\/scientific-conferences\/new-trends-in-thermal-phases-of-qcd\/\" \/>\n<meta property=\"og:site_name\" content=\"PEU\" \/>\n<meta property=\"article:publisher\" content=\"https:\/\/www.facebook.com\/PaneuropskaVS\/\" \/>\n<meta property=\"article:modified_time\" content=\"2026-04-30T06:17:30+00:00\" \/>\n<meta name=\"twitter:card\" content=\"summary_large_image\" \/>\n<meta name=\"twitter:site\" content=\"@paneuropska_vs\" \/>\n<meta name=\"twitter:label1\" content=\"Est. reading time\" \/>\n\t<meta name=\"twitter:data1\" content=\"2 minutes\" \/>\n<!-- \/ Yoast SEO plugin. -->","yoast_head_json":{"title":"New Trends in Thermal Phases of QCD | PEU","robots":{"index":"index","follow":"follow","max-snippet":"max-snippet:-1","max-image-preview":"max-image-preview:large","max-video-preview":"max-video-preview:-1"},"canonical":"https:\/\/www.paneurouni.com\/en\/science\/scientific-conferences\/new-trends-in-thermal-phases-of-qcd\/","og_locale":"en_US","og_type":"article","og_title":"New Trends in Thermal Phases of QCD | PEU","og_description":"Pan-European University, Tom\u00e1\u0161ikova 20, Bratislava, Slovakia May 7-11 2026 The Narrative:&nbsp; The experimental discovery of near-perfect fluidity in hot strongly-interacting matter on one side, and key developments concerning the lattice treatment of chirality on the other, brought together a very focused group of researchers in the spring of 2023 with the aim to rethink the [&hellip;]","og_url":"https:\/\/www.paneurouni.com\/en\/science\/scientific-conferences\/new-trends-in-thermal-phases-of-qcd\/","og_site_name":"PEU","article_publisher":"https:\/\/www.facebook.com\/PaneuropskaVS\/","article_modified_time":"2026-04-30T06:17:30+00:00","twitter_card":"summary_large_image","twitter_site":"@paneuropska_vs","twitter_misc":{"Est. reading time":"2 minutes"},"schema":{"@context":"https:\/\/schema.org","@graph":[{"@type":"WebPage","@id":"https:\/\/www.paneurouni.com\/en\/science\/scientific-conferences\/new-trends-in-thermal-phases-of-qcd\/","url":"https:\/\/www.paneurouni.com\/en\/science\/scientific-conferences\/new-trends-in-thermal-phases-of-qcd\/","name":"New Trends in Thermal Phases of QCD | PEU","isPartOf":{"@id":"https:\/\/www.paneurouni.com\/en\/#website"},"datePublished":"2026-04-30T06:12:05+00:00","dateModified":"2026-04-30T06:17:30+00:00","breadcrumb":{"@id":"https:\/\/www.paneurouni.com\/en\/science\/scientific-conferences\/new-trends-in-thermal-phases-of-qcd\/#breadcrumb"},"inLanguage":"en-US","potentialAction":[{"@type":"ReadAction","target":["https:\/\/www.paneurouni.com\/en\/science\/scientific-conferences\/new-trends-in-thermal-phases-of-qcd\/"]}]},{"@type":"BreadcrumbList","@id":"https:\/\/www.paneurouni.com\/en\/science\/scientific-conferences\/new-trends-in-thermal-phases-of-qcd\/#breadcrumb","itemListElement":[{"@type":"ListItem","position":1,"name":"Domovsk\u00e1 str\u00e1nka","item":"https:\/\/www.paneurouni.com\/en\/"},{"@type":"ListItem","position":2,"name":"Science","item":"https:\/\/www.paneurouni.com\/en\/science\/"},{"@type":"ListItem","position":3,"name":"Scientific Conferences","item":"https:\/\/www.paneurouni.com\/en\/science\/scientific-conferences\/"},{"@type":"ListItem","position":4,"name":"New Trends in Thermal Phases of QCD"}]},{"@type":"WebSite","@id":"https:\/\/www.paneurouni.com\/en\/#website","url":"https:\/\/www.paneurouni.com\/en\/","name":"Paneur\u00f3pska V\u0160","description":"Paneur\u00f3pska Vysok\u00e1 \u0160kola v Bratislave","publisher":{"@id":"https:\/\/www.paneurouni.com\/en\/#organization"},"potentialAction":[{"@type":"SearchAction","target":{"@type":"EntryPoint","urlTemplate":"https:\/\/www.paneurouni.com\/en\/?s={search_term_string}"},"query-input":{"@type":"PropertyValueSpecification","valueRequired":true,"valueName":"search_term_string"}}],"inLanguage":"en-US"},{"@type":"Organization","@id":"https:\/\/www.paneurouni.com\/en\/#organization","name":"Paneur\u00f3pska V\u0160","url":"https:\/\/www.paneurouni.com\/en\/","logo":{"@type":"ImageObject","inLanguage":"en-US","@id":"https:\/\/www.paneurouni.com\/en\/#\/schema\/logo\/image\/","url":"https:\/\/www.paneurouni.com\/en\/wp-content\/uploads\/2023\/03\/pevs-logo-1.svg","contentUrl":"https:\/\/www.paneurouni.com\/en\/wp-content\/uploads\/2023\/03\/pevs-logo-1.svg","width":293,"height":70,"caption":"Paneur\u00f3pska V\u0160"},"image":{"@id":"https:\/\/www.paneurouni.com\/en\/#\/schema\/logo\/image\/"},"sameAs":["https:\/\/www.facebook.com\/PaneuropskaVS\/","https:\/\/x.com\/paneuropska_vs","https:\/\/www.instagram.com\/paneuropska_vysoka_skola\/","https:\/\/www.youtube.com\/channel\/UCc8tUvmjlxAIYtplmv-G2MQ"]}]}},"_links":{"self":[{"href":"https:\/\/www.paneurouni.com\/en\/wp-json\/wp\/v2\/pages\/92945","targetHints":{"allow":["GET"]}}],"collection":[{"href":"https:\/\/www.paneurouni.com\/en\/wp-json\/wp\/v2\/pages"}],"about":[{"href":"https:\/\/www.paneurouni.com\/en\/wp-json\/wp\/v2\/types\/page"}],"author":[{"embeddable":true,"href":"https:\/\/www.paneurouni.com\/en\/wp-json\/wp\/v2\/users\/8"}],"replies":[{"embeddable":true,"href":"https:\/\/www.paneurouni.com\/en\/wp-json\/wp\/v2\/comments?post=92945"}],"version-history":[{"count":2,"href":"https:\/\/www.paneurouni.com\/en\/wp-json\/wp\/v2\/pages\/92945\/revisions"}],"predecessor-version":[{"id":92952,"href":"https:\/\/www.paneurouni.com\/en\/wp-json\/wp\/v2\/pages\/92945\/revisions\/92952"}],"up":[{"embeddable":true,"href":"https:\/\/www.paneurouni.com\/en\/wp-json\/wp\/v2\/pages\/92941"}],"wp:attachment":[{"href":"https:\/\/www.paneurouni.com\/en\/wp-json\/wp\/v2\/media?parent=92945"}],"wp:term":[{"taxonomy":"post_tag","embeddable":true,"href":"https:\/\/www.paneurouni.com\/en\/wp-json\/wp\/v2\/tags?post=92945"},{"taxonomy":"typ-stranky","embeddable":true,"href":"https:\/\/www.paneurouni.com\/en\/wp-json\/wp\/v2\/typ-stranky?post=92945"}],"curies":[{"name":"wp","href":"https:\/\/api.w.org\/{rel}","templated":true}]}}