{"id":93042,"date":"2026-05-13T16:14:30","date_gmt":"2026-05-13T14:14:30","guid":{"rendered":"https:\/\/www.paneurouni.com\/en\/?page_id=93042"},"modified":"2026-05-13T16:16:43","modified_gmt":"2026-05-13T14:16:43","slug":"institutional-coordinates","status":"publish","type":"page","link":"https:\/\/www.paneurouni.com\/en\/international-cooperation\/institutional-coordinates\/","title":{"rendered":"Institutional Coordinates"},"content":{"rendered":"\n<p><strong>Pan-European University<\/strong><\/p>\n\n\n\n<div style=\"height:30px\" aria-hidden=\"true\" class=\"wp-block-spacer\"><\/div>\n\n\n\n<p><strong>Erasmus+ Code:<\/strong> SK BRATISL08<\/p>\n\n\n\n<p><strong>PIC:<\/strong> 949587709<\/p>\n\n\n\n<p><strong>OID:<\/strong> E10103070<\/p>\n\n\n\n<div style=\"height:30px\" aria-hidden=\"true\" class=\"wp-block-spacer\"><\/div>\n\n\n\n<p><strong>Official postal address:<\/strong><\/p>\n\n\n\n<p>Tom\u00e1\u0161ikova 20<\/p>\n\n\n\n<p>82102 Bratislava<\/p>\n\n\n\n<p>Slovak Republic<\/p>\n","protected":false},"excerpt":{"rendered":"<p>Pan-European University Erasmus+ Code: SK BRATISL08 PIC: 949587709 OID: E10103070 Official postal address: Tom\u00e1\u0161ikova 20 82102 Bratislava Slovak Republic<\/p>\n","protected":false},"author":8,"featured_media":0,"parent":90894,"menu_order":0,"comment_status":"closed","ping_status":"closed","template":"","meta":{"_acf_changed":false,"inline_featured_image":false,"footnotes":""},"tags":[],"typ-stranky":[159],"class_list":["post-93042","page","type-page","status-publish","hentry","typ-stranky-so-sidebarom"],"acf":[],"yoast_head":"<!-- This site is optimized with the Yoast SEO plugin v27.3 - https:\/\/yoast.com\/product\/yoast-seo-wordpress\/ -->\n<title>Institutional Coordinates | PEU<\/title>\n<meta name=\"robots\" content=\"index, follow, max-snippet:-1, max-image-preview:large, max-video-preview:-1\" \/>\n<link rel=\"canonical\" href=\"https:\/\/www.paneurouni.com\/en\/international-cooperation\/institutional-coordinates\/\" \/>\n<meta property=\"og:locale\" content=\"en_US\" \/>\n<meta property=\"og:type\" content=\"article\" \/>\n<meta property=\"og:title\" content=\"Institutional Coordinates | PEU\" \/>\n<meta property=\"og:description\" content=\"Pan-European University Erasmus+ Code: SK BRATISL08 PIC: 949587709 OID: E10103070 Official postal address: Tom\u00e1\u0161ikova 20 82102 Bratislava Slovak Republic\" \/>\n<meta property=\"og:url\" content=\"https:\/\/www.paneurouni.com\/en\/international-cooperation\/institutional-coordinates\/\" \/>\n<meta property=\"og:site_name\" content=\"PEU\" \/>\n<meta property=\"article:publisher\" content=\"https:\/\/www.facebook.com\/PaneuropskaVS\/\" \/>\n<meta property=\"article:modified_time\" content=\"2026-05-13T14:16:43+00:00\" \/>\n<meta name=\"twitter:card\" content=\"summary_large_image\" \/>\n<meta name=\"twitter:site\" content=\"@paneuropska_vs\" \/>\n<meta name=\"twitter:label1\" content=\"Est. reading time\" \/>\n\t<meta name=\"twitter:data1\" content=\"1 minute\" \/>\n<!-- \/ Yoast SEO plugin. -->","yoast_head_json":{"title":"Institutional Coordinates | PEU","robots":{"index":"index","follow":"follow","max-snippet":"max-snippet:-1","max-image-preview":"max-image-preview:large","max-video-preview":"max-video-preview:-1"},"canonical":"https:\/\/www.paneurouni.com\/en\/international-cooperation\/institutional-coordinates\/","og_locale":"en_US","og_type":"article","og_title":"Institutional Coordinates | PEU","og_description":"Pan-European University Erasmus+ Code: SK BRATISL08 PIC: 949587709 OID: E10103070 Official postal address: Tom\u00e1\u0161ikova 20 82102 Bratislava Slovak Republic","og_url":"https:\/\/www.paneurouni.com\/en\/international-cooperation\/institutional-coordinates\/","og_site_name":"PEU","article_publisher":"https:\/\/www.facebook.com\/PaneuropskaVS\/","article_modified_time":"2026-05-13T14:16:43+00:00","twitter_card":"summary_large_image","twitter_site":"@paneuropska_vs","twitter_misc":{"Est. reading time":"1 minute"},"schema":{"@context":"https:\/\/schema.org","@graph":[{"@type":"WebPage","@id":"https:\/\/www.paneurouni.com\/en\/international-cooperation\/institutional-coordinates\/","url":"https:\/\/www.paneurouni.com\/en\/international-cooperation\/institutional-coordinates\/","name":"Institutional Coordinates | PEU","isPartOf":{"@id":"https:\/\/www.paneurouni.com\/en\/#website"},"datePublished":"2026-05-13T14:14:30+00:00","dateModified":"2026-05-13T14:16:43+00:00","breadcrumb":{"@id":"https:\/\/www.paneurouni.com\/en\/international-cooperation\/institutional-coordinates\/#breadcrumb"},"inLanguage":"en-US","potentialAction":[{"@type":"ReadAction","target":["https:\/\/www.paneurouni.com\/en\/international-cooperation\/institutional-coordinates\/"]}]},{"@type":"BreadcrumbList","@id":"https:\/\/www.paneurouni.com\/en\/international-cooperation\/institutional-coordinates\/#breadcrumb","itemListElement":[{"@type":"ListItem","position":1,"name":"Domovsk\u00e1 str\u00e1nka","item":"https:\/\/www.paneurouni.com\/en\/"},{"@type":"ListItem","position":2,"name":"International Cooperation","item":"https:\/\/www.paneurouni.com\/en\/international-cooperation\/"},{"@type":"ListItem","position":3,"name":"Institutional Coordinates"}]},{"@type":"WebSite","@id":"https:\/\/www.paneurouni.com\/en\/#website","url":"https:\/\/www.paneurouni.com\/en\/","name":"Paneur\u00f3pska V\u0160","description":"Paneur\u00f3pska Vysok\u00e1 \u0160kola v Bratislave","publisher":{"@id":"https:\/\/www.paneurouni.com\/en\/#organization"},"potentialAction":[{"@type":"SearchAction","target":{"@type":"EntryPoint","urlTemplate":"https:\/\/www.paneurouni.com\/en\/?s={search_term_string}"},"query-input":{"@type":"PropertyValueSpecification","valueRequired":true,"valueName":"search_term_string"}}],"inLanguage":"en-US"},{"@type":"Organization","@id":"https:\/\/www.paneurouni.com\/en\/#organization","name":"Paneur\u00f3pska V\u0160","url":"https:\/\/www.paneurouni.com\/en\/","logo":{"@type":"ImageObject","inLanguage":"en-US","@id":"https:\/\/www.paneurouni.com\/en\/#\/schema\/logo\/image\/","url":"https:\/\/www.paneurouni.com\/en\/wp-content\/uploads\/2023\/03\/pevs-logo-1.svg","contentUrl":"https:\/\/www.paneurouni.com\/en\/wp-content\/uploads\/2023\/03\/pevs-logo-1.svg","width":293,"height":70,"caption":"Paneur\u00f3pska V\u0160"},"image":{"@id":"https:\/\/www.paneurouni.com\/en\/#\/schema\/logo\/image\/"},"sameAs":["https:\/\/www.facebook.com\/PaneuropskaVS\/","https:\/\/x.com\/paneuropska_vs","https:\/\/www.instagram.com\/paneuropska_vysoka_skola\/","https:\/\/www.youtube.com\/channel\/UCc8tUvmjlxAIYtplmv-G2MQ"]}]}},"_links":{"self":[{"href":"https:\/\/www.paneurouni.com\/en\/wp-json\/wp\/v2\/pages\/93042","targetHints":{"allow":["GET"]}}],"collection":[{"href":"https:\/\/www.paneurouni.com\/en\/wp-json\/wp\/v2\/pages"}],"about":[{"href":"https:\/\/www.paneurouni.com\/en\/wp-json\/wp\/v2\/types\/page"}],"author":[{"embeddable":true,"href":"https:\/\/www.paneurouni.com\/en\/wp-json\/wp\/v2\/users\/8"}],"replies":[{"embeddable":true,"href":"https:\/\/www.paneurouni.com\/en\/wp-json\/wp\/v2\/comments?post=93042"}],"version-history":[{"count":2,"href":"https:\/\/www.paneurouni.com\/en\/wp-json\/wp\/v2\/pages\/93042\/revisions"}],"predecessor-version":[{"id":93045,"href":"https:\/\/www.paneurouni.com\/en\/wp-json\/wp\/v2\/pages\/93042\/revisions\/93045"}],"up":[{"embeddable":true,"href":"https:\/\/www.paneurouni.com\/en\/wp-json\/wp\/v2\/pages\/90894"}],"wp:attachment":[{"href":"https:\/\/www.paneurouni.com\/en\/wp-json\/wp\/v2\/media?parent=93042"}],"wp:term":[{"taxonomy":"post_tag","embeddable":true,"href":"https:\/\/www.paneurouni.com\/en\/wp-json\/wp\/v2\/tags?post=93042"},{"taxonomy":"typ-stranky","embeddable":true,"href":"https:\/\/www.paneurouni.com\/en\/wp-json\/wp\/v2\/typ-stranky?post=93042"}],"curies":[{"name":"wp","href":"https:\/\/api.w.org\/{rel}","templated":true}]}}