{"id":93071,"date":"2026-05-14T17:37:00","date_gmt":"2026-05-14T15:37:00","guid":{"rendered":"https:\/\/www.paneurouni.com\/en\/?page_id=93071"},"modified":"2026-05-14T17:45:32","modified_gmt":"2026-05-14T15:45:32","slug":"partner-universities","status":"publish","type":"page","link":"https:\/\/www.paneurouni.com\/en\/international-cooperation\/partner-universities\/","title":{"rendered":"Partner Universities"},"content":{"rendered":"\n<p class=\"has-medium-font-size\"><strong><u>List of Partner Universities<\/u><\/strong><\/p>\n\n\n\n<div style=\"height:30px\" aria-hidden=\"true\" class=\"wp-block-spacer\"><\/div>\n\n\n\n<p><strong>Albania<\/strong><\/p>\n\n\n\n<ul class=\"wp-block-list\">\n<li>\u201eLuarasi\u201c University<\/li>\n\n\n\n<li>Marin Barleti University<\/li>\n<\/ul>\n\n\n\n<div style=\"height:30px\" aria-hidden=\"true\" class=\"wp-block-spacer\"><\/div>\n\n\n\n<p><strong>Austria<\/strong><\/p>\n\n\n\n<ul class=\"wp-block-list\">\n<li>Universit\u00e4t Wien<\/li>\n<\/ul>\n\n\n\n<div style=\"height:30px\" aria-hidden=\"true\" class=\"wp-block-spacer\"><\/div>\n\n\n\n<p><strong>Azerbaijan<\/strong><\/p>\n\n\n\n<ul class=\"wp-block-list\">\n<li>Azerbaijan State University of Economics<\/li>\n\n\n\n<li>ADA University, Baku<\/li>\n<\/ul>\n\n\n\n<div style=\"height:30px\" aria-hidden=\"true\" class=\"wp-block-spacer\"><\/div>\n\n\n\n<p><strong>Belgium<\/strong><\/p>\n\n\n\n<ul class=\"wp-block-list\">\n<li>Haute \u00c9cole de la Province de Li\u00e8ge<\/li>\n<\/ul>\n\n\n\n<div style=\"height:30px\" aria-hidden=\"true\" class=\"wp-block-spacer\"><\/div>\n\n\n\n<p><strong>Bolivia<\/strong><\/p>\n\n\n\n<ul class=\"wp-block-list\">\n<li>Universidad Catolica Boliviana San Pablo (UCB)<\/li>\n<\/ul>\n\n\n\n<div style=\"height:30px\" aria-hidden=\"true\" class=\"wp-block-spacer\"><\/div>\n\n\n\n<p><strong>Bosnia and&nbsp;Herzegovina<\/strong><\/p>\n\n\n\n<ul class=\"wp-block-list\">\n<li>Panevropski Univerzitet Apeiron, Banja Luka<\/li>\n\n\n\n<li>Sarajevo School of Science and Technology<\/li>\n\n\n\n<li>Univerzitet Sinergija, Bijeljina<\/li>\n<\/ul>\n\n\n\n<div style=\"height:30px\" aria-hidden=\"true\" class=\"wp-block-spacer\"><\/div>\n\n\n\n<p><strong>Brazil<\/strong><\/p>\n\n\n\n<ul class=\"wp-block-list\">\n<li>Escola Superior de Propaganda e Marketing (ESPM)<\/li>\n<\/ul>\n\n\n\n<div style=\"height:30px\" aria-hidden=\"true\" class=\"wp-block-spacer\"><\/div>\n\n\n\n<p><strong>Cambodia<\/strong><\/p>\n\n\n\n<ul class=\"wp-block-list\">\n<li>National University of Management (NUM)<\/li>\n\n\n\n<li>Phnom Penh International University (PPIU)<\/li>\n<\/ul>\n\n\n\n<div style=\"height:30px\" aria-hidden=\"true\" class=\"wp-block-spacer\"><\/div>\n\n\n\n<p><strong>Cape Verde<\/strong><\/p>\n\n\n\n<ul class=\"wp-block-list\">\n<li>Universidade de Cabo Verde (Uni-CV)<\/li>\n<\/ul>\n\n\n\n<div style=\"height:30px\" aria-hidden=\"true\" class=\"wp-block-spacer\"><\/div>\n\n\n\n<p><strong>China, P.R.<\/strong><\/p>\n\n\n\n<ul class=\"wp-block-list\">\n<li>Beihang University, Beijing<\/li>\n\n\n\n<li>Zhejiang Wanli University (ZWU), Ningbo<\/li>\n<\/ul>\n\n\n\n<div style=\"height:30px\" aria-hidden=\"true\" class=\"wp-block-spacer\"><\/div>\n\n\n\n<p><strong>Colombia<\/strong><\/p>\n\n\n\n<ul class=\"wp-block-list\">\n<li>Corporacion Universitaria Minuto de Dios (Uniminuto)<\/li>\n\n\n\n<li>Universidad Antonio Nari\u00f1o (UAN)<\/li>\n\n\n\n<li>Universidad Catolica de Manizales (UCM)<\/li>\n\n\n\n<li>Universidad Nacional de Colombia<\/li>\n\n\n\n<li>Universidad Simon Bolivar, Barranquilla<\/li>\n<\/ul>\n\n\n\n<div style=\"height:30px\" aria-hidden=\"true\" class=\"wp-block-spacer\"><\/div>\n\n\n\n<p><strong>Croatia<\/strong><\/p>\n\n\n\n<ul class=\"wp-block-list\">\n<li>University of Rijeka<\/li>\n<\/ul>\n\n\n\n<div style=\"height:30px\" aria-hidden=\"true\" class=\"wp-block-spacer\"><\/div>\n\n\n\n<p><strong>Cyprus<\/strong><\/p>\n\n\n\n<ul class=\"wp-block-list\">\n<li>Casa College Nicosia<\/li>\n\n\n\n<li>European University Cyprus<\/li>\n\n\n\n<li>Open University of Cyprus<\/li>\n<\/ul>\n\n\n\n<div style=\"height:30px\" aria-hidden=\"true\" class=\"wp-block-spacer\"><\/div>\n\n\n\n<p><strong>Czech Republic<\/strong><\/p>\n\n\n\n<ul class=\"wp-block-list\">\n<li>Ostravsk\u00e1 univerzita<\/li>\n\n\n\n<li>Panevropsk\u00e1 univerzita<\/li>\n\n\n\n<li>Slezsk\u00e1 univerzita v Opav\u011b<\/li>\n\n\n\n<li>University College Prague<\/li>\n\n\n\n<li>Univerzita Jana Amose Komensk\u00e9ho v&nbsp;Praze<\/li>\n\n\n\n<li>Univerzita Karlova<\/li>\n\n\n\n<li>Univerzita Palack\u00e9ho, Olomouc<\/li>\n\n\n\n<li>Univerzita Tom\u00e1\u0161e Bati ve Zl\u00edn\u011b<\/li>\n\n\n\n<li>Vysok\u00e1 \u0161kola Ambis<\/li>\n\n\n\n<li>Vysok\u00e1 \u0161kola finan\u010dn\u00ed a spr\u00e1vn\u00ed<\/li>\n<\/ul>\n\n\n\n<div style=\"height:30px\" aria-hidden=\"true\" class=\"wp-block-spacer\"><\/div>\n\n\n\n<p><strong>Dominican Republic<\/strong><\/p>\n\n\n\n<ul class=\"wp-block-list\">\n<li>Instituto Tecnologico de Santo Domingo (INTEC)<\/li>\n<\/ul>\n\n\n\n<div style=\"height:30px\" aria-hidden=\"true\" class=\"wp-block-spacer\"><\/div>\n\n\n\n<p><strong>Estonia<\/strong><\/p>\n\n\n\n<ul class=\"wp-block-list\">\n<li>Tallinn University of Technology<\/li>\n<\/ul>\n\n\n\n<div style=\"height:30px\" aria-hidden=\"true\" class=\"wp-block-spacer\"><\/div>\n\n\n\n<p><strong>France<\/strong><\/p>\n\n\n\n<ul class=\"wp-block-list\">\n<li>\u00c9cole Superieure de Commerce d\u00b4Amiens<\/li>\n\n\n\n<li>ISEP<\/li>\n\n\n\n<li>Universit\u00e9 C\u00f4te d\u2019Azur<\/li>\n\n\n\n<li>Universit\u00e9 de Cergy-Pontoise<\/li>\n\n\n\n<li>Universit\u00e9 de Rouen<\/li>\n\n\n\n<li>Universit\u00e9 du Havre, Le Havre<\/li>\n<\/ul>\n\n\n\n<div style=\"height:30px\" aria-hidden=\"true\" class=\"wp-block-spacer\"><\/div>\n\n\n\n<p><strong>Georgia<\/strong><\/p>\n\n\n\n<ul class=\"wp-block-list\">\n<li>Akaki Tsereteli State University, Kutaisi<\/li>\n\n\n\n<li>Grigol Robakidze University, Tbilisi<\/li>\n\n\n\n<li>Shota Rustaveli State University, Batumi<\/li>\n<\/ul>\n\n\n\n<div style=\"height:30px\" aria-hidden=\"true\" class=\"wp-block-spacer\"><\/div>\n\n\n\n<p><strong>Germany<\/strong><\/p>\n\n\n\n<ul class=\"wp-block-list\">\n<li>Fachhochschule Dresden<\/li>\n\n\n\n<li>Gottfried Wilhelm Leibniz Universit\u00e4t Hannover<\/li>\n\n\n\n<li>Hochschule f\u00fcr Angewandte Wissenschaften Kiel<\/li>\n\n\n\n<li>Hochschule Hof<\/li>\n\n\n\n<li>Universit\u00e4t des Saarlandes, Saarbr\u00fccken<\/li>\n\n\n\n<li>Universit\u00e4t Leipzig<\/li>\n<\/ul>\n\n\n\n<div style=\"height:30px\" aria-hidden=\"true\" class=\"wp-block-spacer\"><\/div>\n\n\n\n<p><strong>Greece<\/strong><\/p>\n\n\n\n<ul class=\"wp-block-list\">\n<li>National and Kapodistrian University of Athens<\/li>\n<\/ul>\n\n\n\n<div style=\"height:30px\" aria-hidden=\"true\" class=\"wp-block-spacer\"><\/div>\n\n\n\n<p><strong>Honduras<\/strong><\/p>\n\n\n\n<ul class=\"wp-block-list\">\n<li>Universidad Tecnologica de Honduras (UTH)<\/li>\n<\/ul>\n\n\n\n<div style=\"height:30px\" aria-hidden=\"true\" class=\"wp-block-spacer\"><\/div>\n\n\n\n<p><strong>Hungary<\/strong><\/p>\n\n\n\n<ul class=\"wp-block-list\">\n<li>Edutus Egyetem<\/li>\n\n\n\n<li>Milton Friedman Egyetem<\/li>\n\n\n\n<li>Neumann J\u00e1nos Egyetem<\/li>\n\n\n\n<li>\u00d3buda University<\/li>\n\n\n\n<li>Sz\u00e9chenyi Istv\u00e1n University<\/li>\n\n\n\n<li>University of P\u00e9cs<\/li>\n<\/ul>\n\n\n\n<div style=\"height:30px\" aria-hidden=\"true\" class=\"wp-block-spacer\"><\/div>\n\n\n\n<p><strong>Indonesia<\/strong><\/p>\n\n\n\n<ul class=\"wp-block-list\">\n<li>Atma Jaya Catholic University, Jakarta<\/li>\n\n\n\n<li>BINUS University, Jakarta<\/li>\n\n\n\n<li>Ubaya Universitas, Surabaya<\/li>\n\n\n\n<li>Universitas Multimedia Nusantara, Jakarta<\/li>\n<\/ul>\n\n\n\n<div style=\"height:30px\" aria-hidden=\"true\" class=\"wp-block-spacer\"><\/div>\n\n\n\n<p><strong>Italy<\/strong><\/p>\n\n\n\n<ul class=\"wp-block-list\">\n<li>Universit\u00e1 degli Studi dell\u00b4Insubria<\/li>\n\n\n\n<li>Universit\u00e1 degli Studi di Messina<\/li>\n\n\n\n<li>Universit\u00e1 degli Studi di Napoli Federico II.<\/li>\n\n\n\n<li>Universit\u00e1 degli Studi di Palermo<\/li>\n\n\n\n<li>Universit\u00e1 degli Studi di Roma \u201eLa Sapienza\u201c<\/li>\n\n\n\n<li>Universit\u00e1 degli Studi di Salerno<\/li>\n\n\n\n<li>Universit\u00e1 degli Studi \u201eG. d\u00b4Annunzio\u201c Chieti &#8211; Pescara<\/li>\n<\/ul>\n\n\n\n<div style=\"height:30px\" aria-hidden=\"true\" class=\"wp-block-spacer\"><\/div>\n\n\n\n<p><strong>Kazakhstan<\/strong><\/p>\n\n\n\n<ul class=\"wp-block-list\">\n<li>Karaganda Buketov University<\/li>\n<\/ul>\n\n\n\n<div style=\"height:30px\" aria-hidden=\"true\" class=\"wp-block-spacer\"><\/div>\n\n\n\n<p><strong>Kyrgyzstan<\/strong><\/p>\n\n\n\n<ul class=\"wp-block-list\">\n<li>Consortium IUK (International University of Kyrgyzstan)<\/li>\n<\/ul>\n\n\n\n<div style=\"height:30px\" aria-hidden=\"true\" class=\"wp-block-spacer\"><\/div>\n\n\n\n<p><strong>Latvia<\/strong><\/p>\n\n\n\n<ul class=\"wp-block-list\">\n<li>Rezekne Academy of Technologies<\/li>\n\n\n\n<li>University of Latvia<\/li>\n<\/ul>\n\n\n\n<div style=\"height:30px\" aria-hidden=\"true\" class=\"wp-block-spacer\"><\/div>\n\n\n\n<p><strong>Lithuania<\/strong><\/p>\n\n\n\n<ul class=\"wp-block-list\">\n<li>Lithuania Business University of Applied Sciences<\/li>\n\n\n\n<li>Mykolas Romeris University, Vilnius<\/li>\n<\/ul>\n\n\n\n<div style=\"height:30px\" aria-hidden=\"true\" class=\"wp-block-spacer\"><\/div>\n\n\n\n<p><strong>Malta<\/strong><\/p>\n\n\n\n<ul class=\"wp-block-list\">\n<li>Malta College of Arts, Science and Technology<\/li>\n<\/ul>\n\n\n\n<div style=\"height:30px\" aria-hidden=\"true\" class=\"wp-block-spacer\"><\/div>\n\n\n\n<p><strong>Malaysia<\/strong><\/p>\n\n\n\n<ul class=\"wp-block-list\">\n<li>INTI International University<\/li>\n\n\n\n<li>Multimedia University (MMU)<\/li>\n\n\n\n<li>SEGi University<\/li>\n<\/ul>\n\n\n\n<div style=\"height:30px\" aria-hidden=\"true\" class=\"wp-block-spacer\"><\/div>\n\n\n\n<p><strong>Mexico<\/strong><\/p>\n\n\n\n<ul class=\"wp-block-list\">\n<li>Universidad Anahuac Xalapa<\/li>\n\n\n\n<li>Universidad Autonoma de Chiapas (UNACH)<\/li>\n\n\n\n<li>Universidad Autonoma de Chihuahua (UACH)<\/li>\n\n\n\n<li>Universidad Autonoma de Guerrero (UAGro)<\/li>\n\n\n\n<li>Universidad de Guadalajara (UDG)<\/li>\n\n\n\n<li>Universidad de Monterrey (UDEM)<\/li>\n\n\n\n<li>Universidad Popular Autonoma del Estado de Puebla (UPAEP)<\/li>\n<\/ul>\n\n\n\n<div style=\"height:30px\" aria-hidden=\"true\" class=\"wp-block-spacer\"><\/div>\n\n\n\n<p><strong>Montenegro<\/strong><\/p>\n\n\n\n<ul class=\"wp-block-list\">\n<li>Univerzitet Adriatik, Bar, Tivat<\/li>\n<\/ul>\n\n\n\n<div style=\"height:30px\" aria-hidden=\"true\" class=\"wp-block-spacer\"><\/div>\n\n\n\n<p><strong>North Macedonia<\/strong><\/p>\n\n\n\n<ul class=\"wp-block-list\">\n<li>Ss. Cyril and Methodius University, Skopje<\/li>\n<\/ul>\n\n\n\n<div style=\"height:30px\" aria-hidden=\"true\" class=\"wp-block-spacer\"><\/div>\n\n\n\n<p><strong>Panama<\/strong><\/p>\n\n\n\n<ul class=\"wp-block-list\">\n<li>ADEN University<\/li>\n<\/ul>\n\n\n\n<div style=\"height:30px\" aria-hidden=\"true\" class=\"wp-block-spacer\"><\/div>\n\n\n\n<p><strong>Peru<\/strong><\/p>\n\n\n\n<ul class=\"wp-block-list\">\n<li>Universidad Peruana de Ciencias Aplicadas (UPC)<\/li>\n<\/ul>\n\n\n\n<div style=\"height:30px\" aria-hidden=\"true\" class=\"wp-block-spacer\"><\/div>\n\n\n\n<p><strong>Philippines<\/strong><\/p>\n\n\n\n<ul class=\"wp-block-list\">\n<li>Centro Escolar University, Manila<\/li>\n\n\n\n<li>Davao Oriental State University, City of Mati<\/li>\n\n\n\n<li>World Citi Colleges (WCC), Quezon City<\/li>\n<\/ul>\n\n\n\n<div style=\"height:30px\" aria-hidden=\"true\" class=\"wp-block-spacer\"><\/div>\n\n\n\n<p><strong>Poland<\/strong><\/p>\n\n\n\n<ul class=\"wp-block-list\">\n<li>Cardinal Stefan Wyszy\u0148ski University, Warsaw<\/li>\n\n\n\n<li>Krakowska Akademia<\/li>\n\n\n\n<li>University of Information Technology and Management, Rzesz\u00f3w<\/li>\n\n\n\n<li>Uniwersytet Radomski im. Kazimierza Pulaskiego<\/li>\n\n\n\n<li>Uniwersytet Rzeszowski<\/li>\n\n\n\n<li>Uniwersytet Wroc\u0142awski<\/li>\n\n\n\n<li>Wroclaw University of Economics and Business<\/li>\n<\/ul>\n\n\n\n<div style=\"height:30px\" aria-hidden=\"true\" class=\"wp-block-spacer\"><\/div>\n\n\n\n<p><strong>Portugal<\/strong><\/p>\n\n\n\n<ul class=\"wp-block-list\">\n<li>ISAG Porto<\/li>\n\n\n\n<li>Instituto Polit\u00e9cnico de Leiria<\/li>\n\n\n\n<li>Instituto Polit\u00e9cnico de Lisboa<\/li>\n\n\n\n<li>Universidade de Lisboa<\/li>\n\n\n\n<li>Universidade de Tr\u00e1s-os-Montes e Alto Douro<\/li>\n\n\n\n<li>Universidade do Algarve<\/li>\n\n\n\n<li>Universidade Lus\u00f3fona<\/li>\n<\/ul>\n\n\n\n<div style=\"height:30px\" aria-hidden=\"true\" class=\"wp-block-spacer\"><\/div>\n\n\n\n<p><strong>Romania<\/strong><\/p>\n\n\n\n<ul class=\"wp-block-list\">\n<li>Romanian-American University<\/li>\n\n\n\n<li>Universitatea \u201eDun\u0103rea de Jos\u201c din Galati<\/li>\n\n\n\n<li>University of Oradea<\/li>\n<\/ul>\n\n\n\n<div style=\"height:30px\" aria-hidden=\"true\" class=\"wp-block-spacer\"><\/div>\n\n\n\n<p><strong>Serbia<\/strong><\/p>\n\n\n\n<ul class=\"wp-block-list\">\n<li>Univerzitet Privredna Akademija u&nbsp;Novom Sadu<\/li>\n<\/ul>\n\n\n\n<div style=\"height:30px\" aria-hidden=\"true\" class=\"wp-block-spacer\"><\/div>\n\n\n\n<p><strong>Slovenia<\/strong><\/p>\n\n\n\n<ul class=\"wp-block-list\">\n<li>Euro-Mediterranean University (EMUNI)<\/li>\n\n\n\n<li>Faculty of Organisation Studies in Novo Mesto<\/li>\n\n\n\n<li>Univerza v&nbsp;Mariboru<\/li>\n<\/ul>\n\n\n\n<div style=\"height:30px\" aria-hidden=\"true\" class=\"wp-block-spacer\"><\/div>\n\n\n\n<p><strong>South Korea<\/strong><\/p>\n\n\n\n<ul class=\"wp-block-list\">\n<li>Myongji University<\/li>\n<\/ul>\n\n\n\n<div style=\"height:30px\" aria-hidden=\"true\" class=\"wp-block-spacer\"><\/div>\n\n\n\n<p><strong>Spain<\/strong><\/p>\n\n\n\n<ul class=\"wp-block-list\">\n<li>Universidad Castilla-La Mancha<\/li>\n\n\n\n<li>Universidad Complutense de Madrid<\/li>\n\n\n\n<li>Universidade da Coru\u00f1a<\/li>\n\n\n\n<li>Universidad de Barcelona<\/li>\n\n\n\n<li>Universidad de Burgos<\/li>\n\n\n\n<li>Universidad de M\u00e1laga<\/li>\n\n\n\n<li>Universidad de Oviedo<\/li>\n\n\n\n<li>Universidad de Zaragoza<\/li>\n\n\n\n<li>Universidad Fernando Pessoa Canarias<\/li>\n\n\n\n<li>Universidad Loyola<\/li>\n\n\n\n<li>Universitat de les Illes Balears<\/li>\n\n\n\n<li>Universitat de Lleida<\/li>\n<\/ul>\n\n\n\n<div style=\"height:30px\" aria-hidden=\"true\" class=\"wp-block-spacer\"><\/div>\n\n\n\n<p><strong>Switzerland<\/strong><\/p>\n\n\n\n<ul class=\"wp-block-list\">\n<li>Universit\u00e9 de Fribourg<\/li>\n<\/ul>\n\n\n\n<div style=\"height:30px\" aria-hidden=\"true\" class=\"wp-block-spacer\"><\/div>\n\n\n\n<p><strong>Taiwan<\/strong><\/p>\n\n\n\n<ul class=\"wp-block-list\">\n<li>Fu Jen Catholic University (FJU)<\/li>\n\n\n\n<li>National Taipei University (NTSU)<\/li>\n\n\n\n<li>National Taipei University of Business (NTUB)<\/li>\n\n\n\n<li>Shih Hsin University (SHU)<\/li>\n\n\n\n<li>University of Taipei (UT)<\/li>\n<\/ul>\n\n\n\n<div style=\"height:30px\" aria-hidden=\"true\" class=\"wp-block-spacer\"><\/div>\n\n\n\n<p><strong>Thailand<\/strong><\/p>\n\n\n\n<ul class=\"wp-block-list\">\n<li>King Mongkut\u2019s Institute of Technology Ladkrabang (KMITL), Bangkok<\/li>\n\n\n\n<li>Walailak University, Nakhon Si Thammarat<\/li>\n<\/ul>\n\n\n\n<div style=\"height:30px\" aria-hidden=\"true\" class=\"wp-block-spacer\"><\/div>\n\n\n\n<p><strong>T<\/strong><strong>\u00fcrkiye<\/strong><\/p>\n\n\n\n<ul class=\"wp-block-list\">\n<li>Ankara Yildirim Beyazit University<\/li>\n\n\n\n<li>Antalya Bilim University<\/li>\n\n\n\n<li>Fenerbahce University<\/li>\n\n\n\n<li>Istanbul Aydin University<\/li>\n\n\n\n<li>Istanbul Gelisim University<\/li>\n\n\n\n<li>Istanbul Topkapi University<\/li>\n\n\n\n<li>Marmara University<\/li>\n\n\n\n<li>Pamukkale \u00dcniversitesi<\/li>\n\n\n\n<li>Social Sciences University of Ankara<\/li>\n\n\n\n<li>TED University<\/li>\n\n\n\n<li>\u00dcsk\u00fcdar University, Istanbul<\/li>\n\n\n\n<li>Yasar University, Izmir<\/li>\n<\/ul>\n","protected":false},"excerpt":{"rendered":"<p>List of Partner Universities Albania Austria Azerbaijan Belgium Bolivia Bosnia and&nbsp;Herzegovina Brazil Cambodia Cape Verde China, P.R. Colombia Croatia Cyprus Czech Republic Dominican Republic Estonia France Georgia Germany Greece Honduras Hungary Indonesia Italy Kazakhstan Kyrgyzstan Latvia Lithuania Malta Malaysia Mexico Montenegro North Macedonia Panama Peru Philippines Poland Portugal Romania Serbia Slovenia South Korea Spain Switzerland [&hellip;]<\/p>\n","protected":false},"author":8,"featured_media":0,"parent":90894,"menu_order":0,"comment_status":"closed","ping_status":"closed","template":"","meta":{"_acf_changed":false,"inline_featured_image":false,"footnotes":""},"tags":[],"typ-stranky":[159],"class_list":["post-93071","page","type-page","status-publish","hentry","typ-stranky-so-sidebarom"],"acf":[],"yoast_head":"<!-- This site is optimized with the Yoast SEO plugin v27.3 - https:\/\/yoast.com\/product\/yoast-seo-wordpress\/ -->\n<title>Partner Universities | PEU<\/title>\n<meta name=\"robots\" content=\"index, follow, max-snippet:-1, max-image-preview:large, max-video-preview:-1\" \/>\n<link rel=\"canonical\" href=\"https:\/\/www.paneurouni.com\/en\/international-cooperation\/partner-universities\/\" \/>\n<meta property=\"og:locale\" content=\"en_US\" \/>\n<meta property=\"og:type\" content=\"article\" \/>\n<meta property=\"og:title\" content=\"Partner Universities | PEU\" \/>\n<meta property=\"og:description\" content=\"List of Partner Universities Albania Austria Azerbaijan Belgium Bolivia Bosnia and&nbsp;Herzegovina Brazil Cambodia Cape Verde China, P.R. Colombia Croatia Cyprus Czech Republic Dominican Republic Estonia France Georgia Germany Greece Honduras Hungary Indonesia Italy Kazakhstan Kyrgyzstan Latvia Lithuania Malta Malaysia Mexico Montenegro North Macedonia Panama Peru Philippines Poland Portugal Romania Serbia Slovenia South Korea Spain Switzerland [&hellip;]\" \/>\n<meta property=\"og:url\" content=\"https:\/\/www.paneurouni.com\/en\/international-cooperation\/partner-universities\/\" \/>\n<meta property=\"og:site_name\" content=\"PEU\" \/>\n<meta property=\"article:publisher\" content=\"https:\/\/www.facebook.com\/PaneuropskaVS\/\" \/>\n<meta property=\"article:modified_time\" content=\"2026-05-14T15:45:32+00:00\" \/>\n<meta name=\"twitter:card\" content=\"summary_large_image\" \/>\n<meta name=\"twitter:site\" content=\"@paneuropska_vs\" \/>\n<meta name=\"twitter:label1\" content=\"Est. reading time\" \/>\n\t<meta name=\"twitter:data1\" content=\"3 minutes\" \/>\n<!-- \/ Yoast SEO plugin. -->","yoast_head_json":{"title":"Partner Universities | PEU","robots":{"index":"index","follow":"follow","max-snippet":"max-snippet:-1","max-image-preview":"max-image-preview:large","max-video-preview":"max-video-preview:-1"},"canonical":"https:\/\/www.paneurouni.com\/en\/international-cooperation\/partner-universities\/","og_locale":"en_US","og_type":"article","og_title":"Partner Universities | PEU","og_description":"List of Partner Universities Albania Austria Azerbaijan Belgium Bolivia Bosnia and&nbsp;Herzegovina Brazil Cambodia Cape Verde China, P.R. Colombia Croatia Cyprus Czech Republic Dominican Republic Estonia France Georgia Germany Greece Honduras Hungary Indonesia Italy Kazakhstan Kyrgyzstan Latvia Lithuania Malta Malaysia Mexico Montenegro North Macedonia Panama Peru Philippines Poland Portugal Romania Serbia Slovenia South Korea Spain Switzerland [&hellip;]","og_url":"https:\/\/www.paneurouni.com\/en\/international-cooperation\/partner-universities\/","og_site_name":"PEU","article_publisher":"https:\/\/www.facebook.com\/PaneuropskaVS\/","article_modified_time":"2026-05-14T15:45:32+00:00","twitter_card":"summary_large_image","twitter_site":"@paneuropska_vs","twitter_misc":{"Est. reading time":"3 minutes"},"schema":{"@context":"https:\/\/schema.org","@graph":[{"@type":"WebPage","@id":"https:\/\/www.paneurouni.com\/en\/international-cooperation\/partner-universities\/","url":"https:\/\/www.paneurouni.com\/en\/international-cooperation\/partner-universities\/","name":"Partner Universities | PEU","isPartOf":{"@id":"https:\/\/www.paneurouni.com\/en\/#website"},"datePublished":"2026-05-14T15:37:00+00:00","dateModified":"2026-05-14T15:45:32+00:00","breadcrumb":{"@id":"https:\/\/www.paneurouni.com\/en\/international-cooperation\/partner-universities\/#breadcrumb"},"inLanguage":"en-US","potentialAction":[{"@type":"ReadAction","target":["https:\/\/www.paneurouni.com\/en\/international-cooperation\/partner-universities\/"]}]},{"@type":"BreadcrumbList","@id":"https:\/\/www.paneurouni.com\/en\/international-cooperation\/partner-universities\/#breadcrumb","itemListElement":[{"@type":"ListItem","position":1,"name":"Domovsk\u00e1 str\u00e1nka","item":"https:\/\/www.paneurouni.com\/en\/"},{"@type":"ListItem","position":2,"name":"International Cooperation","item":"https:\/\/www.paneurouni.com\/en\/international-cooperation\/"},{"@type":"ListItem","position":3,"name":"Partner Universities"}]},{"@type":"WebSite","@id":"https:\/\/www.paneurouni.com\/en\/#website","url":"https:\/\/www.paneurouni.com\/en\/","name":"Paneur\u00f3pska V\u0160","description":"Paneur\u00f3pska Vysok\u00e1 \u0160kola v Bratislave","publisher":{"@id":"https:\/\/www.paneurouni.com\/en\/#organization"},"potentialAction":[{"@type":"SearchAction","target":{"@type":"EntryPoint","urlTemplate":"https:\/\/www.paneurouni.com\/en\/?s={search_term_string}"},"query-input":{"@type":"PropertyValueSpecification","valueRequired":true,"valueName":"search_term_string"}}],"inLanguage":"en-US"},{"@type":"Organization","@id":"https:\/\/www.paneurouni.com\/en\/#organization","name":"Paneur\u00f3pska V\u0160","url":"https:\/\/www.paneurouni.com\/en\/","logo":{"@type":"ImageObject","inLanguage":"en-US","@id":"https:\/\/www.paneurouni.com\/en\/#\/schema\/logo\/image\/","url":"https:\/\/www.paneurouni.com\/en\/wp-content\/uploads\/2023\/03\/pevs-logo-1.svg","contentUrl":"https:\/\/www.paneurouni.com\/en\/wp-content\/uploads\/2023\/03\/pevs-logo-1.svg","width":293,"height":70,"caption":"Paneur\u00f3pska V\u0160"},"image":{"@id":"https:\/\/www.paneurouni.com\/en\/#\/schema\/logo\/image\/"},"sameAs":["https:\/\/www.facebook.com\/PaneuropskaVS\/","https:\/\/x.com\/paneuropska_vs","https:\/\/www.instagram.com\/paneuropska_vysoka_skola\/","https:\/\/www.youtube.com\/channel\/UCc8tUvmjlxAIYtplmv-G2MQ"]}]}},"_links":{"self":[{"href":"https:\/\/www.paneurouni.com\/en\/wp-json\/wp\/v2\/pages\/93071","targetHints":{"allow":["GET"]}}],"collection":[{"href":"https:\/\/www.paneurouni.com\/en\/wp-json\/wp\/v2\/pages"}],"about":[{"href":"https:\/\/www.paneurouni.com\/en\/wp-json\/wp\/v2\/types\/page"}],"author":[{"embeddable":true,"href":"https:\/\/www.paneurouni.com\/en\/wp-json\/wp\/v2\/users\/8"}],"replies":[{"embeddable":true,"href":"https:\/\/www.paneurouni.com\/en\/wp-json\/wp\/v2\/comments?post=93071"}],"version-history":[{"count":2,"href":"https:\/\/www.paneurouni.com\/en\/wp-json\/wp\/v2\/pages\/93071\/revisions"}],"predecessor-version":[{"id":93077,"href":"https:\/\/www.paneurouni.com\/en\/wp-json\/wp\/v2\/pages\/93071\/revisions\/93077"}],"up":[{"embeddable":true,"href":"https:\/\/www.paneurouni.com\/en\/wp-json\/wp\/v2\/pages\/90894"}],"wp:attachment":[{"href":"https:\/\/www.paneurouni.com\/en\/wp-json\/wp\/v2\/media?parent=93071"}],"wp:term":[{"taxonomy":"post_tag","embeddable":true,"href":"https:\/\/www.paneurouni.com\/en\/wp-json\/wp\/v2\/tags?post=93071"},{"taxonomy":"typ-stranky","embeddable":true,"href":"https:\/\/www.paneurouni.com\/en\/wp-json\/wp\/v2\/typ-stranky?post=93071"}],"curies":[{"name":"wp","href":"https:\/\/api.w.org\/{rel}","templated":true}]}}